{"id":17,"date":"2023-11-02T08:34:14","date_gmt":"2023-11-02T06:34:14","guid":{"rendered":"https:\/\/blogi.eoppimispalvelut.fi\/lapinrajapintakurssit\/?page_id=17"},"modified":"2024-08-06T13:20:47","modified_gmt":"2024-08-06T10:20:47","slug":"tiedolla-johtaminen","status":"publish","type":"page","link":"https:\/\/blogi.eoppimispalvelut.fi\/lapinyhdyspintakurssit\/tiedolla-johtaminen\/","title":{"rendered":"Tiedolla johtaminen"},"content":{"rendered":"[et_pb_section fb_built=&#8221;1&#8243; admin_label=&#8221;section&#8221; _builder_version=&#8221;4.20.4&#8243; global_colors_info=&#8221;{}&#8221;][et_pb_row column_structure=&#8221;1_3,1_3,1_3&#8243; _builder_version=&#8221;4.20.4&#8243; _module_preset=&#8221;default&#8221; global_colors_info=&#8221;{}&#8221;][et_pb_column type=&#8221;1_3&#8243; _builder_version=&#8221;4.20.4&#8243; _module_preset=&#8221;default&#8221; global_colors_info=&#8221;{}&#8221;][et_pb_text _builder_version=&#8221;4.20.4&#8243; _module_preset=&#8221;default&#8221; global_colors_info=&#8221;{}&#8221;]<p style=\"text-align: left\"><img loading=\"lazy\" decoding=\"async\" src=\"https:\/\/blogi.eoppimispalvelut.fi\/lapinyhdyspintakurssit\/files\/2023\/12\/Sieppaa-300x97.jpg\" width=\"300\" height=\"97\" alt=\"\" class=\"wp-image-150 alignnone size-medium\" srcset=\"https:\/\/blogi.eoppimispalvelut.fi\/lapinyhdyspintakurssit\/files\/2023\/12\/Sieppaa-300x97.jpg 300w, https:\/\/blogi.eoppimispalvelut.fi\/lapinyhdyspintakurssit\/files\/2023\/12\/Sieppaa.jpg 376w\" sizes=\"(max-width: 300px) 100vw, 300px\" \/><\/p>[\/et_pb_text][\/et_pb_column][et_pb_column type=&#8221;1_3&#8243; _builder_version=&#8221;4.20.4&#8243; _module_preset=&#8221;default&#8221; global_colors_info=&#8221;{}&#8221;][et_pb_image src=&#8221;https:\/\/blogi.eoppimispalvelut.fi\/lapinyhdyspintakurssit\/files\/2024\/01\/VASA2-logo.jpg&#8221; title_text=&#8221;VASA2 logo&#8221; align=&#8221;center&#8221; _builder_version=&#8221;4.20.4&#8243; _module_preset=&#8221;default&#8221; global_colors_info=&#8221;{}&#8221;][\/et_pb_image][\/et_pb_column][et_pb_column type=&#8221;1_3&#8243; _builder_version=&#8221;4.20.4&#8243; _module_preset=&#8221;default&#8221; global_colors_info=&#8221;{}&#8221;][et_pb_image src=&#8221;https:\/\/blogi.eoppimispalvelut.fi\/lapinyhdyspintakurssit\/files\/2023\/12\/Lapin-AMK-logo-1.jpg&#8221; title_text=&#8221;Lapin AMK logo&#8221; align=&#8221;right&#8221; _builder_version=&#8221;4.20.4&#8243; _module_preset=&#8221;default&#8221; global_colors_info=&#8221;{}&#8221;][\/et_pb_image][\/et_pb_column][\/et_pb_row][et_pb_row admin_label=&#8221;row&#8221; _builder_version=&#8221;4.16&#8243; background_size=&#8221;initial&#8221; background_position=&#8221;top_left&#8221; background_repeat=&#8221;repeat&#8221; global_colors_info=&#8221;{}&#8221;][et_pb_column type=&#8221;4_4&#8243; _builder_version=&#8221;4.16&#8243; custom_padding=&#8221;|||&#8221; global_colors_info=&#8221;{}&#8221; custom_padding__hover=&#8221;|||&#8221;][et_pb_text admin_label=&#8221;Text&#8221; _builder_version=&#8221;4.20.4&#8243; background_size=&#8221;initial&#8221; background_position=&#8221;top_left&#8221; background_repeat=&#8221;repeat&#8221; global_colors_info=&#8221;{}&#8221;]<p style=\"text-align: center\"><\/p>[\/et_pb_text][et_pb_text _builder_version=&#8221;4.24.3&#8243; _module_preset=&#8221;default&#8221; text_font_size=&#8221;40px&#8221; hover_enabled=&#8221;0&#8243; global_colors_info=&#8221;{}&#8221; sticky_enabled=&#8221;0&#8243;]<h1 style=\"text-align: left\">TIEDOLLA JOHTAMINEN<\/h1>[\/et_pb_text][\/et_pb_column][\/et_pb_row][et_pb_row column_structure=&#8221;1_2,1_2&#8243; _builder_version=&#8221;4.20.4&#8243; _module_preset=&#8221;default&#8221; custom_padding=&#8221;26px|||||&#8221; global_colors_info=&#8221;{}&#8221;][et_pb_column type=&#8221;1_2&#8243; _builder_version=&#8221;4.20.4&#8243; _module_preset=&#8221;default&#8221; global_colors_info=&#8221;{}&#8221;][et_pb_text _builder_version=&#8221;4.20.4&#8243; _module_preset=&#8221;default&#8221; custom_margin=&#8221;||0px||false|false&#8221; custom_padding=&#8221;||0px||false|false&#8221; global_colors_info=&#8221;{}&#8221;]<p style=\"text-align: justify\"><span class=\"normaltextrun\">\u00a0<\/span><\/p>\n<p style=\"text-align: justify\"><span class=\"normaltextrun\">Tiedolla johtaminen on laadukkaaseen tietoon perustuvaa p\u00e4\u00e4t\u00f6ksentekoa. <\/span><span class=\"normaltextrun\">Tiedolla johtamista tarvitaan erityisesti siell\u00e4, miss\u00e4 kokonaisuudet ovat liian laajoja pelk\u00e4st\u00e4\u00e4n tilanteen perusteella johdettaviksi. Toisaalta tietoyhteiskunnassa toimittaessa tiedolla johtamisen voidaan ajatella liittyv\u00e4n l\u00e4hes kaikkeen ty\u00f6h\u00f6n.<br \/><\/span><\/p>\n<p style=\"text-align: justify\"><span class=\"normaltextrun\">Tiedolla johtamisen prosessi voidaan jakaa tietojen hankkimiseen, analysointiin ja p\u00e4\u00e4t\u00f6ksentekoon. \u00a0 <\/span><\/p>\n<p style=\"text-align: justify\"><span class=\"normaltextrun\">Tiedolla johtaminen auttaa monen toimijan v\u00e4lisess\u00e4 yhteisty\u00f6ss\u00e4. Yhteinen ymm\u00e4rrys faktoista helpottaa tavoitteiden saavuttamista. <\/span><span class=\"normaltextrun\">Tiedolla johtamisesta on apua voimavarojen oikeassa kohdistamisessa ja resurssien k\u00e4yt\u00f6ss\u00e4, mik\u00e4 on t\u00e4rke\u00e4\u00e4 esimerkiksi sote-palvelujen j\u00e4rjest\u00e4misess\u00e4. <\/span><\/p>\n<p>&nbsp;<\/p>[\/et_pb_text][\/et_pb_column][et_pb_column type=&#8221;1_2&#8243; _builder_version=&#8221;4.20.4&#8243; _module_preset=&#8221;default&#8221; global_colors_info=&#8221;{}&#8221;][et_pb_image src=&#8221;https:\/\/blogi.eoppimispalvelut.fi\/lapinyhdyspintakurssit\/files\/2023\/12\/tiedolla-johtaminen-2-scaled-1.jpeg&#8221; title_text=&#8221;Internet business technology concept for privacy and data protec&#8221; _builder_version=&#8221;4.20.4&#8243; _module_preset=&#8221;default&#8221; custom_margin=&#8221;12px||||false|false&#8221; global_colors_info=&#8221;{}&#8221;][\/et_pb_image][\/et_pb_column][\/et_pb_row][et_pb_row column_structure=&#8221;1_2,1_2&#8243; _builder_version=&#8221;4.20.4&#8243; _module_preset=&#8221;default&#8221; custom_margin=&#8221;-25px||||false|false&#8221; global_colors_info=&#8221;{}&#8221;][et_pb_column type=&#8221;1_2&#8243; _builder_version=&#8221;4.20.4&#8243; _module_preset=&#8221;default&#8221; global_colors_info=&#8221;{}&#8221;][et_pb_image src=&#8221;https:\/\/blogi.eoppimispalvelut.fi\/lapinyhdyspintakurssit\/files\/2024\/02\/Tijo_sitaatti_sievers.png&#8221; title_text=&#8221;Tijo_sitaatti_sievers&#8221; _builder_version=&#8221;4.20.4&#8243; _module_preset=&#8221;default&#8221; global_colors_info=&#8221;{}&#8221;][\/et_pb_image][\/et_pb_column][et_pb_column type=&#8221;1_2&#8243; _builder_version=&#8221;4.20.4&#8243; _module_preset=&#8221;default&#8221; global_colors_info=&#8221;{}&#8221;][et_pb_image src=&#8221;https:\/\/blogi.eoppimispalvelut.fi\/lapinyhdyspintakurssit\/files\/2024\/02\/Tijo_sitaatti_haikio.png&#8221; title_text=&#8221;Tijo_sitaatti_haikio&#8221; _builder_version=&#8221;4.20.4&#8243; _module_preset=&#8221;default&#8221; global_colors_info=&#8221;{}&#8221;][\/et_pb_image][\/et_pb_column][\/et_pb_row][et_pb_row _builder_version=&#8221;4.20.4&#8243; _module_preset=&#8221;default&#8221; global_colors_info=&#8221;{}&#8221;][et_pb_column type=&#8221;4_4&#8243; _builder_version=&#8221;4.20.4&#8243; _module_preset=&#8221;default&#8221; global_colors_info=&#8221;{}&#8221;][et_pb_text _builder_version=&#8221;4.24.3&#8243; _module_preset=&#8221;default&#8221; text_font=&#8221;|800|||||||&#8221; text_text_color=&#8221;#00B7E0&#8243; text_font_size=&#8221;35px&#8221; header_text_color=&#8221;#38A5FF&#8221; custom_padding=&#8221;||0px|||&#8221; hover_enabled=&#8221;0&#8243; text_text_color_tablet=&#8221;#00B7E0&#8243; text_text_color_phone=&#8221;#00B7E0&#8243; text_text_color_last_edited=&#8221;on|desktop&#8221; global_colors_info=&#8221;{}&#8221; text_text_color__hover_enabled=&#8221;on|desktop&#8221; text_text_color__hover=&#8221;#00B7E0&#8243; sticky_enabled=&#8221;0&#8243;]<h1><b>PERUSASIAT HALTUUN TIEDOLLA JOHTAMISESTA<\/b><\/h1>[\/et_pb_text][\/et_pb_column][\/et_pb_row][et_pb_row _builder_version=&#8221;4.20.4&#8243; _module_preset=&#8221;default&#8221; global_colors_info=&#8221;{}&#8221;][et_pb_column type=&#8221;4_4&#8243; _builder_version=&#8221;4.20.4&#8243; _module_preset=&#8221;default&#8221; global_colors_info=&#8221;{}&#8221;][et_pb_text _builder_version=&#8221;4.20.4&#8243; _module_preset=&#8221;default&#8221; global_colors_info=&#8221;{}&#8221;]<p><span><div class=\"h5p-iframe-wrapper\"><iframe id=\"h5p-iframe-3\" class=\"h5p-iframe\" data-content-id=\"3\" style=\"height:1px\" src=\"about:blank\" frameBorder=\"0\" scrolling=\"no\" title=\"Dia 1. Tiedolla johtaminen\"><\/iframe><\/div><\/span><\/p>[\/et_pb_text][\/et_pb_column][\/et_pb_row][et_pb_row column_structure=&#8221;1_3,1_3,1_3&#8243; _builder_version=&#8221;4.20.4&#8243; _module_preset=&#8221;default&#8221; min_height=&#8221;46px&#8221; custom_margin=&#8221;|auto|0px|auto|false|false&#8221; custom_padding=&#8221;||1px|||&#8221; global_colors_info=&#8221;{}&#8221;][et_pb_column type=&#8221;1_3&#8243; _builder_version=&#8221;4.20.4&#8243; _module_preset=&#8221;default&#8221; global_colors_info=&#8221;{}&#8221;][et_pb_video src=&#8221;https:\/\/www.youtube.com\/watch?v=xbUXjsNQEAM&#8221; _builder_version=&#8221;4.24.3&#8243; _module_preset=&#8221;default&#8221; global_colors_info=&#8221;{}&#8221;][\/et_pb_video][\/et_pb_column][et_pb_column type=&#8221;1_3&#8243; _builder_version=&#8221;4.20.4&#8243; _module_preset=&#8221;default&#8221; global_colors_info=&#8221;{}&#8221;][et_pb_video src=&#8221;https:\/\/www.youtube.com\/watch?v=46OC8ty8FQM&#8221; _builder_version=&#8221;4.20.4&#8243; _module_preset=&#8221;default&#8221; global_colors_info=&#8221;{}&#8221;][\/et_pb_video][\/et_pb_column][et_pb_column type=&#8221;1_3&#8243; _builder_version=&#8221;4.20.4&#8243; _module_preset=&#8221;default&#8221; global_colors_info=&#8221;{}&#8221;][et_pb_video src=&#8221;https:\/\/www.youtube.com\/watch?v=1U6TPV88zU4&#8243; _builder_version=&#8221;4.20.4&#8243; _module_preset=&#8221;default&#8221; global_colors_info=&#8221;{}&#8221;][\/et_pb_video][\/et_pb_column][\/et_pb_row][et_pb_row column_structure=&#8221;1_3,1_3,1_3&#8243; _builder_version=&#8221;4.20.4&#8243; _module_preset=&#8221;default&#8221; global_colors_info=&#8221;{}&#8221;][et_pb_column type=&#8221;1_3&#8243; _builder_version=&#8221;4.20.4&#8243; _module_preset=&#8221;default&#8221; global_colors_info=&#8221;{}&#8221;][et_pb_text _builder_version=&#8221;4.20.4&#8243; _module_preset=&#8221;default&#8221; global_colors_info=&#8221;{}&#8221;]<p><strong>MIT\u00c4 TIEDOLLA JOHTAMINEN TARKOITTAA?<\/strong><\/p>\n<p>Heli V\u00e4\u00e4t\u00e4j\u00e4, Yliopettaja<br \/>Lapin ammattikorkeakoulu<\/p>\n<p>Videon pituus 6,57 min.<br \/>Videon tuotanto: Lapin ammattikorkeakoulu<\/p>[\/et_pb_text][et_pb_text _builder_version=&#8221;4.20.4&#8243; _module_preset=&#8221;default&#8221; global_colors_info=&#8221;{}&#8221;][\/et_pb_text][\/et_pb_column][et_pb_column type=&#8221;1_3&#8243; _builder_version=&#8221;4.20.4&#8243; _module_preset=&#8221;default&#8221; global_colors_info=&#8221;{}&#8221;][et_pb_text _builder_version=&#8221;4.20.4&#8243; _module_preset=&#8221;default&#8221; global_colors_info=&#8221;{}&#8221;]<p><strong>TIEDOLLA JOHTAMISEN (TIJO) K\u00c4SITTEET<\/strong><\/p>\n<p>Mira Alhonsuo, Yliopettaja<br \/>Lapin ammattikorkeakoulu<\/p>\n<p>Videon pituus 13,50 min.<br \/>Videon tuotanto: Lapin ammattikorkeakoulu<\/p>[\/et_pb_text][\/et_pb_column][et_pb_column type=&#8221;1_3&#8243; _builder_version=&#8221;4.20.4&#8243; _module_preset=&#8221;default&#8221; global_colors_info=&#8221;{}&#8221;][et_pb_text _builder_version=&#8221;4.20.4&#8243; _module_preset=&#8221;default&#8221; global_colors_info=&#8221;{}&#8221;]<p><strong>TIEDOLLA JOHTAMINEN SOTE-ALALLA<\/strong><\/p>\n<p>Mikko Huovila, Erityisasiantuntija<br \/>sosiaali- ja terveysministeri\u00f6<\/p>\n<p>Harri Laihonen, Professori<br \/>It\u00e4-Suomen yliopisto<\/p>\n<p>Videon pituus 28,50 min.<br \/>Videon tuotanto: Gofore<\/p>[\/et_pb_text][\/et_pb_column][\/et_pb_row][et_pb_row _builder_version=&#8221;4.20.4&#8243; _module_preset=&#8221;default&#8221; custom_margin=&#8221;||0px||false|false&#8221; custom_padding=&#8221;||0px||false|false&#8221; global_colors_info=&#8221;{}&#8221;][et_pb_column type=&#8221;4_4&#8243; _builder_version=&#8221;4.20.4&#8243; _module_preset=&#8221;default&#8221; global_colors_info=&#8221;{}&#8221;][et_pb_text _builder_version=&#8221;4.20.4&#8243; _module_preset=&#8221;default&#8221; text_text_color=&#8221;#00B7E0&#8243; text_font_size=&#8221;37px&#8221; global_colors_info=&#8221;{}&#8221;]<h2><strong>MIT\u00c4 J\u00c4I MIELEEN? TESTAA TIETOSI.<\/strong><\/h2>[\/et_pb_text][\/et_pb_column][\/et_pb_row][et_pb_row _builder_version=&#8221;4.20.4&#8243; _module_preset=&#8221;default&#8221; background_color=&#8221;#FFFFFF&#8221; min_height=&#8221;276px&#8221; global_colors_info=&#8221;{}&#8221;][et_pb_column type=&#8221;4_4&#8243; _builder_version=&#8221;4.20.4&#8243; _module_preset=&#8221;default&#8221; global_colors_info=&#8221;{}&#8221;][et_pb_text _builder_version=&#8221;4.20.4&#8243; _module_preset=&#8221;default&#8221; global_colors_info=&#8221;{}&#8221;]<h4><\/h4>\n<p><span><div class=\"h5p-iframe-wrapper\"><iframe id=\"h5p-iframe-4\" class=\"h5p-iframe\" data-content-id=\"4\" style=\"height:1px\" src=\"about:blank\" frameBorder=\"0\" scrolling=\"no\" title=\"Testikyselyn Vasa tiedolla johtaminen\"><\/iframe><\/div><\/span><\/p>[\/et_pb_text][\/et_pb_column][\/et_pb_row][et_pb_row _builder_version=&#8221;4.20.4&#8243; _module_preset=&#8221;default&#8221; global_colors_info=&#8221;{}&#8221;][et_pb_column type=&#8221;4_4&#8243; _builder_version=&#8221;4.20.4&#8243; _module_preset=&#8221;default&#8221; global_colors_info=&#8221;{}&#8221;][et_pb_text _builder_version=&#8221;4.20.4&#8243; _module_preset=&#8221;default&#8221; global_colors_info=&#8221;{}&#8221;]<h3 style=\"text-align: center\"><strong>TUTUSTU\u00a0 AIHEESEEN LIS\u00c4\u00c4<\/strong><\/h3>[\/et_pb_text][\/et_pb_column][\/et_pb_row][et_pb_row column_structure=&#8221;1_3,1_3,1_3&#8243; _builder_version=&#8221;4.20.4&#8243; _module_preset=&#8221;default&#8221; global_colors_info=&#8221;{}&#8221;][et_pb_column type=&#8221;1_3&#8243; _builder_version=&#8221;4.20.4&#8243; _module_preset=&#8221;default&#8221; global_colors_info=&#8221;{}&#8221;][et_pb_text _builder_version=&#8221;4.20.4&#8243; _module_preset=&#8221;default&#8221; global_colors_info=&#8221;{}&#8221;]<p><strong>TIEDOLLA JOHTAMINEN KUNNISSA<\/strong><\/p>[\/et_pb_text][et_pb_text _builder_version=&#8221;4.20.4&#8243; _module_preset=&#8221;default&#8221; global_colors_info=&#8221;{}&#8221;]<p><span data-contrast=\"auto\">Skenaarioty\u00f6. Talouden ennustaminen ja talouden johtaminen. Henkil\u00f6st\u00f6johtaminen. Ennakointi.\u00a0<\/span><span data-ccp-props=\"{&quot;201341983&quot;:0,&quot;335559739&quot;:160,&quot;335559740&quot;:259}\">\u00a0<\/span><\/p>\n<p><a href=\"https:\/\/lapinluotsi.fi\/raportit-ja-julkaisut\/\"><span data-contrast=\"none\">https:\/\/lapinluotsi.fi\/raportit-ja-julkaisut\/<\/span><\/a><span data-ccp-props=\"{&quot;201341983&quot;:0,&quot;335559739&quot;:160,&quot;335559740&quot;:259}\">\u00a0<\/span><\/p>[\/et_pb_text][\/et_pb_column][et_pb_column type=&#8221;1_3&#8243; _builder_version=&#8221;4.20.4&#8243; _module_preset=&#8221;default&#8221; global_colors_info=&#8221;{}&#8221;][et_pb_text _builder_version=&#8221;4.20.4&#8243; _module_preset=&#8221;default&#8221; custom_margin=&#8221;||6px||false|false&#8221; custom_padding=&#8221;||0px||false|false&#8221; global_colors_info=&#8221;{}&#8221;]<p><strong>TIEDOLLA JOHTAMINEN SOSIAALI- JA TERVEYSALALLA<\/strong><\/p>[\/et_pb_text][et_pb_text _builder_version=&#8221;4.20.4&#8243; _module_preset=&#8221;default&#8221; min_height=&#8221;304px&#8221; custom_margin=&#8221;||0px||false|false&#8221; custom_padding=&#8221;0px||0px||false|false&#8221; global_colors_info=&#8221;{}&#8221;]<p><span data-contrast=\"auto\">Sote-uudistus ja tiedolla johtaminen. Rakenteita tiedolla johtamiselle.\u00a0<\/span><span data-ccp-props=\"{&quot;201341983&quot;:0,&quot;335559739&quot;:160,&quot;335559740&quot;:259}\">\u00a0<\/span><\/p>\n<p><a href=\"https:\/\/stm.fi\/-\/\/16650278\/hyvinvointialueiden-uusi-aika-alkaa-tiedolla-johtaen\"><span data-contrast=\"none\">https:\/\/stm.fi\/-\/\/16650278\/hyvinvointialueiden-uusi-aika-alkaa-tiedolla-johtaen<\/span><\/a><span data-ccp-props=\"{&quot;201341983&quot;:0,&quot;335559739&quot;:160,&quot;335559740&quot;:259}\">\u00a0<\/span><\/p>\n<p><span data-contrast=\"auto\">Sosiaali- ja terveyspalveluiden strategisen johtamisen malli.\u00a0 (Osa sis\u00e4ll\u00f6st\u00e4 voi olla vanhentunutta.)<\/span><span data-ccp-props=\"{&quot;201341983&quot;:0,&quot;335559739&quot;:160,&quot;335559740&quot;:259}\">\u00a0<\/span><\/p>\n<p><a href=\"https:\/\/www.sitra.fi\/aiheet\/tiedolla-johtaminen\/#ajankohtaista\"><span data-contrast=\"none\">https:\/\/www.sitra.fi\/aiheet\/tiedolla-johtaminen\/#ajankohtaista<\/span><\/a><span data-ccp-props=\"{&quot;201341983&quot;:0,&quot;335559739&quot;:160,&quot;335559740&quot;:259}\">\u00a0<\/span><\/p>[\/et_pb_text][\/et_pb_column][et_pb_column type=&#8221;1_3&#8243; _builder_version=&#8221;4.20.4&#8243; _module_preset=&#8221;default&#8221; global_colors_info=&#8221;{}&#8221;][et_pb_text _builder_version=&#8221;4.20.4&#8243; _module_preset=&#8221;default&#8221; global_colors_info=&#8221;{}&#8221;]<p><strong>YLEIST\u00c4 TIEDOLLA JOHTAMISESTA<\/strong><\/p>[\/et_pb_text][et_pb_text _builder_version=&#8221;4.20.4&#8243; _module_preset=&#8221;default&#8221; global_colors_info=&#8221;{}&#8221;]<p><span data-contrast=\"auto\">Tiedolla johtamisen m\u00e4\u00e4ritelmi\u00e4. Tiedolla johtaminen liiketoiminnassa.\u00a0<\/span><span data-ccp-props=\"{&quot;201341983&quot;:0,&quot;335559739&quot;:160,&quot;335559740&quot;:259}\">\u00a0<\/span><\/p>\n<p><a href=\"https:\/\/www.advian.fi\/mita-on-tiedolla-johtaminen\"><span data-contrast=\"none\">https:\/\/www.advian.fi\/mita-on-tiedolla-johtaminen<\/span><\/a><span data-ccp-props=\"{&quot;201341983&quot;:0,&quot;335559739&quot;:160,&quot;335559740&quot;:259}\">\u00a0<\/span><\/p>\n<p><span data-contrast=\"auto\">Data tiedolla johtamisessa. K\u00e4sitteit\u00e4.\u00a0<\/span><span data-ccp-props=\"{&quot;201341983&quot;:0,&quot;335559739&quot;:160,&quot;335559740&quot;:259}\">\u00a0<\/span><\/p>\n<p><a href=\"https:\/\/www.slideshare.net\/TimoHalima\/aaltoyliopisto-tiedolla-johtaminen-timo-halima-luento-lukukausi-2015\"><span data-contrast=\"none\">https:\/\/www.slideshare.net\/TimoHalima\/aaltoyliopisto-tiedolla-johtaminen-timo-halima-luento-lukukausi-2015<\/span><\/a><span data-ccp-props=\"{&quot;201341983&quot;:0,&quot;335559739&quot;:160,&quot;335559740&quot;:259}\">\u00a0<\/span><\/p>\n<p><span data-contrast=\"auto\">Tiedolla johtaminen, digitalisaatio ja ty\u00f6n muutos.\u00a0<\/span><span data-ccp-props=\"{&quot;201341983&quot;:0,&quot;335559739&quot;:160,&quot;335559740&quot;:259}\">\u00a0<\/span><\/p>\n<p><a href=\"https:\/\/www.theseus.fi\/bitstream\/handle\/10024\/355211\/B%2024%202020%20Tihinen.pdf?sequence=5&amp;isAllowed=y\"><span data-contrast=\"none\">https:\/\/www.theseus.fi\/bitstream\/handle\/10024\/355211\/B%2024%202020%20Tihinen.pdf?sequence=5&amp;isAllowed=y<\/span><\/a><span data-ccp-props=\"{&quot;201341983&quot;:0,&quot;335559739&quot;:160,&quot;335559740&quot;:259}\">\u00a0<\/span><\/p>[\/et_pb_text][\/et_pb_column][\/et_pb_row][et_pb_row _builder_version=&#8221;4.20.4&#8243; _module_preset=&#8221;default&#8221; custom_margin=&#8221;-25px||||false|false&#8221; custom_padding=&#8221;27px|||||&#8221; global_colors_info=&#8221;{}&#8221;][et_pb_column type=&#8221;4_4&#8243; _builder_version=&#8221;4.20.4&#8243; _module_preset=&#8221;default&#8221; global_colors_info=&#8221;{}&#8221;][et_pb_text _builder_version=&#8221;4.20.4&#8243; _module_preset=&#8221;default&#8221; global_colors_info=&#8221;{}&#8221;]<p style=\"text-align: left\">Teeman sis\u00e4ll\u00f6n ovat tuottaneet Lapin ammattikorkeakoulun asiantuntijat Milla Hirvaskari ja Pasi Satokangas.<\/p>[\/et_pb_text][\/et_pb_column][\/et_pb_row][\/et_pb_section][et_pb_section fb_built=&#8221;1&#8243; _builder_version=&#8221;4.20.4&#8243; _module_preset=&#8221;default&#8221; global_colors_info=&#8221;{}&#8221;][et_pb_row _builder_version=&#8221;4.20.4&#8243; _module_preset=&#8221;default&#8221; global_colors_info=&#8221;{}&#8221;][et_pb_column type=&#8221;4_4&#8243; _builder_version=&#8221;4.20.4&#8243; _module_preset=&#8221;default&#8221; global_colors_info=&#8221;{}&#8221;][et_pb_image _builder_version=&#8221;4.20.4&#8243; _module_preset=&#8221;default&#8221; global_colors_info=&#8221;{}&#8221;][\/et_pb_image][\/et_pb_column][\/et_pb_row][\/et_pb_section][et_pb_section fb_built=&#8221;1&#8243; _builder_version=&#8221;4.20.4&#8243; _module_preset=&#8221;default&#8221; global_colors_info=&#8221;{}&#8221;][et_pb_row _builder_version=&#8221;4.20.4&#8243; _module_preset=&#8221;default&#8221; global_colors_info=&#8221;{}&#8221;][et_pb_column type=&#8221;4_4&#8243; _builder_version=&#8221;4.20.4&#8243; _module_preset=&#8221;default&#8221; global_colors_info=&#8221;{}&#8221;][et_pb_image _builder_version=&#8221;4.20.4&#8243; _module_preset=&#8221;default&#8221; global_colors_info=&#8221;{}&#8221;][\/et_pb_image][\/et_pb_column][\/et_pb_row][\/et_pb_section]","protected":false},"excerpt":{"rendered":"<p>TIEDOLLA JOHTAMINEN\u00a0 Tiedolla johtaminen on laadukkaaseen tietoon perustuvaa p\u00e4\u00e4t\u00f6ksentekoa. Tiedolla johtamista tarvitaan erityisesti siell\u00e4, miss\u00e4 kokonaisuudet ovat liian laajoja pelk\u00e4st\u00e4\u00e4n tilanteen perusteella johdettaviksi. Toisaalta tietoyhteiskunnassa toimittaessa tiedolla johtamisen voidaan ajatella liittyv\u00e4n l\u00e4hes kaikkeen ty\u00f6h\u00f6n. Tiedolla johtamisen prosessi voidaan jakaa tietojen hankkimiseen, analysointiin ja p\u00e4\u00e4t\u00f6ksentekoon. \u00a0 Tiedolla johtaminen auttaa monen toimijan v\u00e4lisess\u00e4 yhteisty\u00f6ss\u00e4. Yhteinen ymm\u00e4rrys faktoista [&hellip;]<\/p>\n","protected":false},"author":31,"featured_media":0,"parent":0,"menu_order":0,"comment_status":"closed","ping_status":"closed","template":"","meta":{"_et_pb_use_builder":"on","_et_pb_old_content":"<!-- wp:divi\/placeholder \/-->","_et_gb_content_width":"","footnotes":""},"class_list":["post-17","page","type-page","status-publish","hentry"],"_links":{"self":[{"href":"https:\/\/blogi.eoppimispalvelut.fi\/lapinyhdyspintakurssit\/wp-json\/wp\/v2\/pages\/17","targetHints":{"allow":["GET"]}}],"collection":[{"href":"https:\/\/blogi.eoppimispalvelut.fi\/lapinyhdyspintakurssit\/wp-json\/wp\/v2\/pages"}],"about":[{"href":"https:\/\/blogi.eoppimispalvelut.fi\/lapinyhdyspintakurssit\/wp-json\/wp\/v2\/types\/page"}],"author":[{"embeddable":true,"href":"https:\/\/blogi.eoppimispalvelut.fi\/lapinyhdyspintakurssit\/wp-json\/wp\/v2\/users\/31"}],"replies":[{"embeddable":true,"href":"https:\/\/blogi.eoppimispalvelut.fi\/lapinyhdyspintakurssit\/wp-json\/wp\/v2\/comments?post=17"}],"version-history":[{"count":4,"href":"https:\/\/blogi.eoppimispalvelut.fi\/lapinyhdyspintakurssit\/wp-json\/wp\/v2\/pages\/17\/revisions"}],"predecessor-version":[{"id":865,"href":"https:\/\/blogi.eoppimispalvelut.fi\/lapinyhdyspintakurssit\/wp-json\/wp\/v2\/pages\/17\/revisions\/865"}],"wp:attachment":[{"href":"https:\/\/blogi.eoppimispalvelut.fi\/lapinyhdyspintakurssit\/wp-json\/wp\/v2\/media?parent=17"}],"curies":[{"name":"wp","href":"https:\/\/api.w.org\/{rel}","templated":true}]}}