{"id":23,"date":"2023-11-02T08:35:50","date_gmt":"2023-11-02T06:35:50","guid":{"rendered":"https:\/\/blogi.eoppimispalvelut.fi\/lapinrajapintakurssit\/?page_id=23"},"modified":"2023-11-02T08:35:50","modified_gmt":"2023-11-02T06:35:50","slug":"tietoa-hankkeesta","status":"publish","type":"page","link":"https:\/\/blogi.eoppimispalvelut.fi\/lapinyhdyspintakurssit\/tietoa-hankkeesta\/","title":{"rendered":"Tietoa hankkeesta"},"content":{"rendered":"<p>[et_pb_section fb_built=&#8221;1&#8243; _builder_version=&#8221;4.20.4&#8243; _module_preset=&#8221;default&#8221; global_colors_info=&#8221;{}&#8221;][et_pb_row column_structure=&#8221;1_2,1_2&#8243; _builder_version=&#8221;4.20.4&#8243; _module_preset=&#8221;default&#8221; global_colors_info=&#8221;{}&#8221;][et_pb_column type=&#8221;1_2&#8243; _builder_version=&#8221;4.20.4&#8243; _module_preset=&#8221;default&#8221; global_colors_info=&#8221;{}&#8221;][et_pb_text _builder_version=&#8221;4.20.4&#8243; _module_preset=&#8221;default&#8221; global_colors_info=&#8221;{}&#8221;]<\/p>\n<p><img loading=\"lazy\" decoding=\"async\" src=\"https:\/\/blogi.eoppimispalvelut.fi\/lapinyhdyspintakurssit\/files\/2024\/01\/FI-Euroopan-unionin-rahoittama_POS-300x75.png\" width=\"300\" height=\"75\" alt=\"\" class=\"wp-image-168 alignnone size-medium\" \/><\/p>\n<p>[\/et_pb_text][\/et_pb_column][et_pb_column type=&#8221;1_2&#8243; _builder_version=&#8221;4.20.4&#8243; _module_preset=&#8221;default&#8221; global_colors_info=&#8221;{}&#8221;][et_pb_image src=&#8221;https:\/\/blogi.eoppimispalvelut.fi\/lapinyhdyspintakurssit\/files\/2024\/01\/VASA2-logo.jpg&#8221; title_text=&#8221;VASA2 logo&#8221; align=&#8221;right&#8221; _builder_version=&#8221;4.20.4&#8243; _module_preset=&#8221;default&#8221; global_colors_info=&#8221;{}&#8221;][\/et_pb_image][\/et_pb_column][\/et_pb_row][et_pb_row _builder_version=&#8221;4.20.4&#8243; _module_preset=&#8221;default&#8221; global_colors_info=&#8221;{}&#8221;][et_pb_column type=&#8221;4_4&#8243; _builder_version=&#8221;4.20.4&#8243; _module_preset=&#8221;default&#8221; global_colors_info=&#8221;{}&#8221;][et_pb_text _builder_version=&#8221;4.20.4&#8243; _module_preset=&#8221;default&#8221; global_colors_info=&#8221;{}&#8221;]<\/p>\n<h1 style=\"text-align: left\"><span>VASA2 -Vahva sote Lapin hyvinvointialueelle<\/span><\/h1>\n<p>[\/et_pb_text][\/et_pb_column][\/et_pb_row][et_pb_row _builder_version=&#8221;4.20.4&#8243; _module_preset=&#8221;default&#8221; global_colors_info=&#8221;{}&#8221;][et_pb_column type=&#8221;4_4&#8243; _builder_version=&#8221;4.20.4&#8243; _module_preset=&#8221;default&#8221; global_colors_info=&#8221;{}&#8221;][et_pb_text _builder_version=&#8221;4.20.4&#8243; _module_preset=&#8221;default&#8221; hover_enabled=&#8221;0&#8243; global_colors_info=&#8221;{}&#8221; sticky_enabled=&#8221;0&#8243;]<\/p>\n<p style=\"text-align: left\">VASA 2 -Vahva sote Lapin hyvinvointialueelle -hankkeen toimenpiteill\u00e4 kehitet\u00e4\u00e4\u00e4n Lapin hyvinvointialueen sote-palvelujen saatavuutta ja hoitoon p\u00e4\u00e4sy\u00e4. Hankkeen toimenpiteist\u00e4 hy\u00f6tyv\u00e4t lappilaiset palveluiden k\u00e4ytt\u00e4j\u00e4t.<\/p>\n<p><strong>Hankkeen p\u00e4\u00e4tavoitteet:<\/strong><\/p>\n<p><strong>1.<\/strong> Sopia, rakentaa ja mallintaa heikoimmassa ja haavoittuvassa asemassa olevien asiakas- ja potilasryhmien hoito- ja palveluketjut sek\u00e4 ennalta ehk\u00e4isev\u00e4t toimintamallit hyvinvointialueen strategian ja uuden organisaation toiminnan tueksi.<\/p>\n<p><strong>2.<\/strong> Kehitt\u00e4\u00e4 heikoimmassa ja haavoittuvassa asemassa olevien asiakas- ja potilasryhmien palveluita niin, ett\u00e4 hoitoon ja palvelun piiriin p\u00e4\u00e4sy nopeutuu ja pandemian aikana muodostunut hoito-, kuntoutus- ja palveluvelka korjaantuu sek\u00e4 turvataan hoidon ja palveluiden jatkuvuus.<\/p>\n<p><strong>3.<\/strong> Ottaa k\u00e4ytt\u00f6\u00f6n, kehitt\u00e4\u00e4 ja laajentaa jo k\u00e4yt\u00f6ss\u00e4 olevia monikanavaisia matalan kynnyksen digitaalisia palveluita.<\/p>\n<p>Kehitt\u00e4mistoiminta jakaantuu eri toimenpidekokonaisuuksiin eli <a href=\"https:\/\/ekollega.fi\/vasa2\">investointeihin<\/a>. Eri investointikohtaisista tavoitteista, toimenpiteist\u00e4 ja etenemisest\u00e4 voi tutustua tarkemmin investointien omilta sivuilta. Koulutussivusto on osa <a href=\"https:\/\/ekollega.fi\/vasa2-investointi-2\">Investointi 2:<\/a> Hytetu-palvelukonsepti kokonaisuutta.<\/p>\n<p><strong><\/strong><\/p>\n<p><strong>Hankeaika:\u00a0<\/strong> <span>1.1.2023 &#8211; 30.6.2025<\/span><\/p>\n<p><strong>Rahoitus<\/strong>: NextGeneretion EU, S<span>osiaali- ja terveysministeri\u00f6<\/span><\/p>\n<p><span><strong>Toteuttajat:<\/strong> <\/span><span>Hanketta hallinnoi Lapin hyvinvointialueen Pohjois-Suomen sosiaalialan osaamiskeskus. Lapin AMK, Lapin yliopisto ja Lapin sosiaali- ja terveysturvayhdistys ry toimivat hankkeen osatoteuttajina.<\/span><\/p>\n<p><span><strong>Hankesivut ja yhteystiedot: <a href=\"https:\/\/ekollega.fi\/vasa2\">VASA2\u00a0<\/a><\/strong><\/span><\/p>\n<p><span><\/span><\/p>\n<p>[\/et_pb_text][\/et_pb_column][\/et_pb_row][et_pb_row _builder_version=&#8221;4.20.4&#8243; _module_preset=&#8221;default&#8221; global_colors_info=&#8221;{}&#8221;][et_pb_column type=&#8221;4_4&#8243; _builder_version=&#8221;4.20.4&#8243; _module_preset=&#8221;default&#8221; global_colors_info=&#8221;{}&#8221;][et_pb_image src=&#8221;https:\/\/blogi.eoppimispalvelut.fi\/lapinyhdyspintakurssit\/files\/2024\/01\/Logorivi.jpeg.png&#8221; title_text=&#8221;Logorivi.jpeg&#8221; _builder_version=&#8221;4.20.4&#8243; _module_preset=&#8221;default&#8221; global_colors_info=&#8221;{}&#8221;][\/et_pb_image][\/et_pb_column][\/et_pb_row][\/et_pb_section]<\/p>\n","protected":false},"excerpt":{"rendered":"<p>VASA2 -Vahva sote Lapin hyvinvointialueelleVASA 2 -Vahva sote Lapin hyvinvointialueelle -hankkeen toimenpiteill\u00e4 kehitet\u00e4\u00e4\u00e4n Lapin hyvinvointialueen sote-palvelujen saatavuutta ja hoitoon p\u00e4\u00e4sy\u00e4. Hankkeen toimenpiteist\u00e4 hy\u00f6tyv\u00e4t lappilaiset palveluiden k\u00e4ytt\u00e4j\u00e4t. Hankkeen p\u00e4\u00e4tavoitteet: 1. Sopia, rakentaa ja mallintaa heikoimmassa ja haavoittuvassa asemassa olevien asiakas- ja potilasryhmien hoito- ja palveluketjut sek\u00e4 ennalta ehk\u00e4isev\u00e4t toimintamallit hyvinvointialueen strategian ja uuden organisaation toiminnan tueksi. [&hellip;]<\/p>\n","protected":false},"author":31,"featured_media":0,"parent":0,"menu_order":0,"comment_status":"closed","ping_status":"closed","template":"","meta":{"_et_pb_use_builder":"on","_et_pb_old_content":"","_et_gb_content_width":"","footnotes":""},"class_list":["post-23","page","type-page","status-publish","hentry"],"_links":{"self":[{"href":"https:\/\/blogi.eoppimispalvelut.fi\/lapinyhdyspintakurssit\/wp-json\/wp\/v2\/pages\/23","targetHints":{"allow":["GET"]}}],"collection":[{"href":"https:\/\/blogi.eoppimispalvelut.fi\/lapinyhdyspintakurssit\/wp-json\/wp\/v2\/pages"}],"about":[{"href":"https:\/\/blogi.eoppimispalvelut.fi\/lapinyhdyspintakurssit\/wp-json\/wp\/v2\/types\/page"}],"author":[{"embeddable":true,"href":"https:\/\/blogi.eoppimispalvelut.fi\/lapinyhdyspintakurssit\/wp-json\/wp\/v2\/users\/31"}],"replies":[{"embeddable":true,"href":"https:\/\/blogi.eoppimispalvelut.fi\/lapinyhdyspintakurssit\/wp-json\/wp\/v2\/comments?post=23"}],"version-history":[{"count":0,"href":"https:\/\/blogi.eoppimispalvelut.fi\/lapinyhdyspintakurssit\/wp-json\/wp\/v2\/pages\/23\/revisions"}],"wp:attachment":[{"href":"https:\/\/blogi.eoppimispalvelut.fi\/lapinyhdyspintakurssit\/wp-json\/wp\/v2\/media?parent=23"}],"curies":[{"name":"wp","href":"https:\/\/api.w.org\/{rel}","templated":true}]}}