{"id":36,"date":"2023-11-02T08:46:31","date_gmt":"2023-11-02T06:46:31","guid":{"rendered":"https:\/\/blogi.eoppimispalvelut.fi\/lapinrajapintakurssit\/?page_id=36"},"modified":"2025-01-30T14:01:14","modified_gmt":"2025-01-30T12:01:14","slug":"etusivu-2","status":"publish","type":"page","link":"https:\/\/blogi.eoppimispalvelut.fi\/lapinyhdyspintakurssit\/","title":{"rendered":"Etusivu"},"content":{"rendered":"<p>[et_pb_section fb_built=&#8221;1&#8243; _builder_version=&#8221;4.20.4&#8243; _module_preset=&#8221;default&#8221; global_colors_info=&#8221;{}&#8221;][et_pb_row column_structure=&#8221;1_3,1_3,1_3&#8243; _builder_version=&#8221;4.20.4&#8243; _module_preset=&#8221;default&#8221; custom_padding=&#8221;||0px||false|false&#8221; global_colors_info=&#8221;{}&#8221;][et_pb_column type=&#8221;1_3&#8243; _builder_version=&#8221;4.20.4&#8243; _module_preset=&#8221;default&#8221; global_colors_info=&#8221;{}&#8221;][et_pb_image src=&#8221;https:\/\/blogi.eoppimispalvelut.fi\/lapinyhdyspintakurssit\/files\/2023\/12\/Sieppaa.jpg&#8221; title_text=&#8221;Sieppaa&#8221; _builder_version=&#8221;4.20.4&#8243; _module_preset=&#8221;default&#8221; custom_margin=&#8221;|1px|||false|false&#8221; custom_padding=&#8221;|35px|||false|false&#8221; global_colors_info=&#8221;{}&#8221;][\/et_pb_image][\/et_pb_column][et_pb_column type=&#8221;1_3&#8243; _builder_version=&#8221;4.20.4&#8243; _module_preset=&#8221;default&#8221; global_colors_info=&#8221;{}&#8221;][et_pb_image src=&#8221;https:\/\/blogi.eoppimispalvelut.fi\/lapinyhdyspintakurssit\/files\/2024\/01\/VASA2-logo.jpg&#8221; title_text=&#8221;VASA2 logo&#8221; align=&#8221;center&#8221; _builder_version=&#8221;4.20.4&#8243; _module_preset=&#8221;default&#8221; global_colors_info=&#8221;{}&#8221;][\/et_pb_image][\/et_pb_column][et_pb_column type=&#8221;1_3&#8243; _builder_version=&#8221;4.20.4&#8243; _module_preset=&#8221;default&#8221; global_colors_info=&#8221;{}&#8221;][et_pb_image src=&#8221;https:\/\/blogi.eoppimispalvelut.fi\/lapinyhdyspintakurssit\/files\/2023\/12\/Lapin-AMK-logo-1.jpg&#8221; title_text=&#8221;Lapin AMK logo&#8221; align=&#8221;right&#8221; _builder_version=&#8221;4.20.4&#8243; _module_preset=&#8221;default&#8221; global_colors_info=&#8221;{}&#8221;][\/et_pb_image][\/et_pb_column][\/et_pb_row][et_pb_row _builder_version=&#8221;4.20.4&#8243; _module_preset=&#8221;default&#8221; global_colors_info=&#8221;{}&#8221;][et_pb_column type=&#8221;4_4&#8243; _builder_version=&#8221;4.20.4&#8243; _module_preset=&#8221;default&#8221; global_colors_info=&#8221;{}&#8221;][et_pb_image src=&#8221;https:\/\/blogi.eoppimispalvelut.fi\/lapinyhdyspintakurssit\/files\/2024\/02\/Kesa_vasanmerkkuu11_LapinMateriaalipankki_TerhiTuovinen-3-scaled-e1708681485789.jpg&#8221; title_text=&#8221;Kesa_vasanmerkkuu11_LapinMateriaalipankki_TerhiTuovinen-3-scaled-e1708681485789&#8243; _builder_version=&#8221;4.20.4&#8243; _module_preset=&#8221;default&#8221; global_colors_info=&#8221;{}&#8221;][\/et_pb_image][\/et_pb_column][\/et_pb_row][et_pb_row _builder_version=&#8221;4.20.4&#8243; _module_preset=&#8221;default&#8221; custom_margin=&#8221;-49px||||false|false&#8221; global_colors_info=&#8221;{}&#8221;][et_pb_column type=&#8221;4_4&#8243; _builder_version=&#8221;4.20.4&#8243; _module_preset=&#8221;default&#8221; global_colors_info=&#8221;{}&#8221;][et_pb_text _builder_version=&#8221;4.20.4&#8243; _module_preset=&#8221;default&#8221; global_colors_info=&#8221;{}&#8221;]<\/p>\n<p>Kuva: Lapin materiaalipankki, kuvaaja: Terhi Tuovinen<\/p>\n<p>&nbsp;<\/p>\n<p>[\/et_pb_text][\/et_pb_column][\/et_pb_row][et_pb_row _builder_version=&#8221;4.20.4&#8243; _module_preset=&#8221;default&#8221; min_height=&#8221;98.4px&#8221; custom_margin=&#8221;-49px||||false|false&#8221; global_colors_info=&#8221;{}&#8221;][et_pb_column type=&#8221;4_4&#8243; _builder_version=&#8221;4.20.4&#8243; _module_preset=&#8221;default&#8221; global_colors_info=&#8221;{}&#8221;][et_pb_text _builder_version=&#8221;4.20.4&#8243; _module_preset=&#8221;default&#8221; text_font_size=&#8221;67px&#8221; text_orientation=&#8221;center&#8221; min_height=&#8221;41.4px&#8221; custom_margin_tablet=&#8221;&#8221; custom_margin_phone=&#8221;1px||3px||false|false&#8221; custom_margin_last_edited=&#8221;on|phone&#8221; global_colors_info=&#8221;{}&#8221;]<\/p>\n<h1 style=\"text-align: center\">TEHEM\u00c4 YHESS\u00c4 HYVINVOINTIA JA ARJEN TURVALLISUUTTA<\/h1>\n<p>[\/et_pb_text][\/et_pb_column][\/et_pb_row][et_pb_row _builder_version=&#8221;4.24.3&#8243; _module_preset=&#8221;default&#8221; global_colors_info=&#8221;{}&#8221;][et_pb_column type=&#8221;4_4&#8243; _builder_version=&#8221;4.24.3&#8243; _module_preset=&#8221;default&#8221; global_colors_info=&#8221;{}&#8221;][et_pb_text _builder_version=&#8221;4.24.3&#8243; _module_preset=&#8221;default&#8221; global_colors_info=&#8221;{}&#8221;]<\/p>\n<h2 style=\"text-align: center\"><span>Tutustu tietopaketteihin \u2013 n\u00e4ist\u00e4 voipi hyvinkin olla sinulle hy\u00f6ty\u00e4.<\/span><\/h2>\n<p>[\/et_pb_text][\/et_pb_column][\/et_pb_row][et_pb_row _builder_version=&#8221;4.20.4&#8243; _module_preset=&#8221;default&#8221; global_colors_info=&#8221;{}&#8221;][et_pb_column type=&#8221;4_4&#8243; _builder_version=&#8221;4.20.4&#8243; _module_preset=&#8221;default&#8221; global_colors_info=&#8221;{}&#8221;][et_pb_text _builder_version=&#8221;4.24.3&#8243; _module_preset=&#8221;default&#8221; global_colors_info=&#8221;{}&#8221;]<\/p>\n<p style=\"text-align: justify\"><span data-contrast=\"none\">Teemme yhteisty\u00f6t\u00e4 uudessa tilanteessa hyvinvointialueiden aloitettua toimintansa vuoden 2023 alussa. Edelt\u00e4v\u00e4n vuoden esiselvityshankkeessa Lapin yhdyspinnan toimijoilta, kuten kunnilta, j\u00e4rjest\u00f6ilt\u00e4, viranomaisilta, yrityksilt\u00e4, seurakunnilta ja oppilaitoksilta ker\u00e4ttiin toiveita ja odotuksia 27 haastattelussa ja viidess\u00e4 ty\u00f6pajassa. Yksi toivomus oli osaamisen vahvistaminen teemoissa, joita toimijat tarvitsevat hyvinvoinnin ja arjen turvallisuuden edist\u00e4miseksi monitoimijaisissa verkostoissa. <\/span><span data-ccp-props=\"{&quot;134233117&quot;:false,&quot;134233118&quot;:false,&quot;201341983&quot;:0,&quot;335559738&quot;:0,&quot;335559739&quot;:0,&quot;335559740&quot;:240}\">\u00a0<\/span><\/p>\n<p style=\"text-align: justify\"><span data-contrast=\"none\">T\u00e4m\u00e4 sivusto on tarkoitettu kaikille yhdyspinnalla ty\u00f6t\u00e4 tekeville. Sivusto tarjoaa k\u00e4yt\u00e4nn\u00f6nl\u00e4heist\u00e4 perustietoa kuudesta teemasta. Kaikissa teemoissa on samanlainen rakenne:<\/span><span data-ccp-props=\"{&quot;134233117&quot;:false,&quot;134233118&quot;:false,&quot;201341983&quot;:0,&quot;335559738&quot;:0,&quot;335559739&quot;:0,&quot;335559740&quot;:240}\"><br \/>1) Johdatus teemaan<br \/>2) N\u00e4k\u00f6kulmia toimijoilta<br \/>3) Dia-<\/span><span data-contrast=\"none\">esitys: perustietoa aiheesta<br \/>4) V<\/span><span data-contrast=\"none\">ideot: asiantuntijoiden n\u00e4kemyksi\u00e4<br \/>5) Testi<br \/>6) Lis\u00e4materiaalia<\/span><\/p>\n<p><span data-contrast=\"none\">Toivomme iloisia oppimisen hetki\u00e4!\u00a0<\/span><span data-ccp-props=\"{&quot;134233117&quot;:false,&quot;134233118&quot;:false,&quot;201341983&quot;:0,&quot;335559738&quot;:0,&quot;335559739&quot;:0,&quot;335559740&quot;:240}\">\u00a0<\/span><\/p>\n<p style=\"text-align: center\">\n<p>[\/et_pb_text][\/et_pb_column][\/et_pb_row][et_pb_row column_structure=&#8221;1_3,1_3,1_3&#8243; _builder_version=&#8221;4.20.4&#8243; _module_preset=&#8221;default&#8221; min_height=&#8221;188.8px&#8221; custom_margin=&#8221;||||false|false&#8221; hover_enabled=&#8221;0&#8243; global_colors_info=&#8221;{}&#8221; sticky_enabled=&#8221;0&#8243;][et_pb_column type=&#8221;1_3&#8243; _builder_version=&#8221;4.20.4&#8243; _module_preset=&#8221;default&#8221; global_colors_info=&#8221;{}&#8221;][et_pb_text _builder_version=&#8221;4.24.3&#8243; _module_preset=&#8221;default&#8221; custom_margin=&#8221;||12px||false|false&#8221; custom_padding=&#8221;|7px|12px|7px|false|false&#8221; link_option_url=&#8221;https:\/\/blogi.eoppimispalvelut.fi\/lapinyhdyspintakurssit\/tiedolla-johtaminen\/?et_fb=1&amp;PageSpeed=off&#8221; box_shadow_style=&#8221;preset2&#8243; global_colors_info=&#8221;{}&#8221;]<\/p>\n<p style=\"text-align: justify\"><img loading=\"lazy\" decoding=\"async\" src=\"https:\/\/blogi.eoppimispalvelut.fi\/lapinrajapintakurssit\/files\/2023\/12\/tiedolla-johtaminen-2-300x200.jpeg\" width=\"345\" height=\"230\" alt=\"\" class=\"wp-image-99 size-medium\" \/><\/p>\n<p style=\"text-align: center\"><strong>TIEDOLLA JOHTAMINEN<\/strong><\/p>\n<p style=\"text-align: justify\">Tiedolla johtaminen on oikeaan tietoon perustuvaa p\u00e4\u00e4t\u00f6ksentekoa. P\u00e4\u00e4t\u00f6ksenteon tueksi ker\u00e4t\u00e4\u00e4n, analysoidaan ja hy\u00f6dynnet\u00e4\u00e4n tietoa. Tiedolla johtamisen tavoitteena on tehokkuuden ja p\u00e4\u00e4t\u00f6ksenteon parantaminen.<\/p>\n<p style=\"text-align: justify\">[\/et_pb_text][\/et_pb_column][et_pb_column type=&#8221;1_3&#8243; _builder_version=&#8221;4.20.4&#8243; _module_preset=&#8221;default&#8221; global_colors_info=&#8221;{}&#8221;][et_pb_text _builder_version=&#8221;4.24.3&#8243; _module_preset=&#8221;default&#8221; text_orientation=&#8221;center&#8221; custom_margin=&#8221;||10px||false|false&#8221; custom_padding=&#8221;|7px|28px|7px|false|false&#8221; link_option_url=&#8221;https:\/\/blogi.eoppimispalvelut.fi\/lapinyhdyspintakurssit\/palvelumuotoilulla-tuloksiin\/&#8221; hover_enabled=&#8221;0&#8243; box_shadow_style=&#8221;preset1&#8243; global_colors_info=&#8221;{}&#8221; sticky_enabled=&#8221;0&#8243;]<\/p>\n<p style=\"text-align: center\"><img loading=\"lazy\" decoding=\"async\" src=\"https:\/\/blogi.eoppimispalvelut.fi\/lapinrajapintakurssit\/files\/2023\/12\/AdobeStock_300687105-300x200.jpeg\" width=\"332\" height=\"221\" alt=\"\" class=\"wp-image-132 size-medium\" \/><\/p>\n<p><strong>PALVELUMUOTOILULLA TULOKSIIN<\/strong><\/p>\n<p style=\"text-align: justify\"><span><span class=\"NormalTextRun SpellingErrorV2Themed SCXW208278154 BCX8\">Palvelumuotoilu on l\u00e4hestymistapa, jossa\u00a0 palveluita kehitet\u00e4\u00e4n asiakasl\u00e4ht\u00f6isesti. Palvelumuotoilussa korostuu palvelutapahtuman tarkasteleminen asiakkaan n\u00e4k\u00f6kulmasta.<\/span><\/span><\/p>\n<p>[\/et_pb_text][\/et_pb_column][et_pb_column type=&#8221;1_3&#8243; _builder_version=&#8221;4.20.4&#8243; _module_preset=&#8221;default&#8221; global_colors_info=&#8221;{}&#8221;][et_pb_text _builder_version=&#8221;4.24.3&#8243; _module_preset=&#8221;default&#8221; custom_margin=&#8221;||0px||false|false&#8221; custom_padding=&#8221;|13px|10px|7px|false|false&#8221; link_option_url=&#8221;https:\/\/blogi.eoppimispalvelut.fi\/lapinyhdyspintakurssit\/osallistaminen-ja-yhteisovaikuttaminen\/&#8221; box_shadow_style=&#8221;preset1&#8243; global_colors_info=&#8221;{}&#8221;]<\/p>\n<p><img loading=\"lazy\" decoding=\"async\" src=\"https:\/\/blogi.eoppimispalvelut.fi\/lapinyhdyspintakurssit\/files\/2024\/02\/AdobeStock_442934125-scaled-1-300x200.jpeg\" width=\"300\" height=\"200\" alt=\"\" class=\"wp-image-438 alignnone size-medium\" \/><\/p>\n<p style=\"text-align: center\"><strong>OSALLISUUS JA YHTEIS\u00d6VAIKUTTAVUUS<\/strong><\/p>\n<p style=\"text-align: justify\">Osallisuudella tarkoitetaan ihmisten\u00a0 mahdollisuuksia vaikuttaa itse\u00e4\u00e4n koskeviin\u00a0 asiohin sek\u00e4 yhteiskunnalliseen p\u00e4\u00e4t\u00f6ksentekoon. Yhteis\u00f6vaikuttavuus puolestaan on monimutkaisten ongelmien ratkomista monitoimijaisella yhteisty\u00f6ll\u00e4.<\/p>\n<p>[\/et_pb_text][\/et_pb_column][\/et_pb_row][et_pb_row column_structure=&#8221;1_3,1_3,1_3&#8243; _builder_version=&#8221;4.20.4&#8243; _module_preset=&#8221;default&#8221; global_colors_info=&#8221;{}&#8221;][et_pb_column type=&#8221;1_3&#8243; _builder_version=&#8221;4.20.4&#8243; _module_preset=&#8221;default&#8221; global_colors_info=&#8221;{}&#8221;][et_pb_text _builder_version=&#8221;4.24.3&#8243; _module_preset=&#8221;default&#8221; custom_padding=&#8221;|7px||7px|false|false&#8221; filter_hue_rotate=&#8221;23deg&#8221; link_option_url=&#8221;https:\/\/blogi.eoppimispalvelut.fi\/lapinyhdyspintakurssit\/ennakointi-oman-tyon-tukena\/&#8221; hover_enabled=&#8221;0&#8243; box_shadow_style=&#8221;preset1&#8243; global_colors_info=&#8221;{}&#8221; sticky_enabled=&#8221;0&#8243;]<\/p>\n<p style=\"text-align: center\"><img loading=\"lazy\" decoding=\"async\" src=\"https:\/\/blogi.eoppimispalvelut.fi\/lapinyhdyspintakurssit\/files\/2024\/04\/AdobeStock_147222645_Preview-300x225.jpeg\" width=\"300\" height=\"225\" alt=\"\" class=\"wp-image-623 alignnone size-medium\" \/><\/p>\n<p style=\"text-align: center\"><strong>ENNAKOINTI OMAN TY\u00d6N TUKENA<\/strong><\/p>\n<p style=\"text-align: justify\"><span data-contrast=\"auto\">Ennakointi on tulevaan varautumista. Ennakoimalla pyrit\u00e4\u00e4n tunnistamaan tulevia kehityskulkuja ja varautumaan niihin. <\/span><span data-contrast=\"auto\">Ennakointia tarvitaan esimerkiksi julkisten palvelujen tuottamisessa, kun pyrit\u00e4\u00e4n suunnittelemaan vastaamista erilaisiin palvelutarpeisiin.\u00a0<\/span><span data-ccp-props=\"{&quot;134233117&quot;:true,&quot;134233118&quot;:true,&quot;201341983&quot;:0,&quot;335559739&quot;:160,&quot;335559740&quot;:240}\">\u00a0<\/span><\/p>\n<p>[\/et_pb_text][\/et_pb_column][et_pb_column type=&#8221;1_3&#8243; _builder_version=&#8221;4.20.4&#8243; _module_preset=&#8221;default&#8221; global_colors_info=&#8221;{}&#8221;][et_pb_text _builder_version=&#8221;4.24.3&#8243; _module_preset=&#8221;default&#8221; min_height=&#8221;451.1px&#8221; custom_margin=&#8221;|0px|6px||false|false&#8221; custom_padding=&#8221;|7px|0px|7px|false|false&#8221; link_option_url=&#8221;https:\/\/blogi.eoppimispalvelut.fi\/lapinyhdyspintakurssit\/verkostoissa-toimiminen\/&#8221; box_shadow_style=&#8221;preset1&#8243; global_colors_info=&#8221;{}&#8221;]<\/p>\n<p style=\"text-align: center\"><img loading=\"lazy\" decoding=\"async\" src=\"https:\/\/blogi.eoppimispalvelut.fi\/lapinyhdyspintakurssit\/files\/2024\/06\/AdobeStock_123099744-300x225.jpeg\" width=\"300\" height=\"225\" alt=\"\" class=\"wp-image-855 size-medium\" style=\"margin-left: auto;margin-right: auto\" \/>\u00a0<br \/><strong><\/strong><strong>VERKOSTOISSA TOIMIMINEN<\/strong><\/p>\n<p style=\"text-align: justify\"><span>Verkostoissa toiminen tarkoittaa yhteisty\u00f6t\u00e4 eri toimijoiden, kuten yksil\u00f6iden, organisaatioiden tai intressiryhmien, v\u00e4lill\u00e4.\u00a0 Yhteisty\u00f6 perustuu tiedon ja resurssien jakamiseen, tavoitteena saavuttaa synergiaetuja.<\/span><\/p>\n<p style=\"text-align: center\">\n<p>[\/et_pb_text][\/et_pb_column][et_pb_column type=&#8221;1_3&#8243; _builder_version=&#8221;4.20.4&#8243; _module_preset=&#8221;default&#8221; global_colors_info=&#8221;{}&#8221;][et_pb_text _builder_version=&#8221;4.24.3&#8243; _module_preset=&#8221;default&#8221; custom_margin=&#8221;||1px||false|false&#8221; custom_padding=&#8221;|7px|25px|7px|false|false&#8221; link_option_url=&#8221;https:\/\/blogi.eoppimispalvelut.fi\/lapinyhdyspintakurssit\/verkostojen-johtaminen\/&#8221; box_shadow_style=&#8221;preset1&#8243; global_colors_info=&#8221;{}&#8221;]<\/p>\n<p style=\"text-align: center\"><img loading=\"lazy\" decoding=\"async\" src=\"https:\/\/blogi.eoppimispalvelut.fi\/lapinyhdyspintakurssit\/files\/2024\/06\/muokattu-kuva-verkostojen-johtaminen-300x225.jpg\" width=\"300\" height=\"225\" alt=\"\" class=\"wp-image-811 alignnone size-medium\" \/><\/p>\n<p style=\"text-align: center\"><strong>VERKOSTOJEN JOHTAMINEN<\/strong><\/p>\n<p style=\"text-align: justify\">Verkostojen johtaminen on toimintaa, jolla taataan verkostoyhteisty\u00f6st\u00e4 saatava hy\u00f6ty. Vallan sijaan verkostojen p\u00e4\u00e4t\u00f6ksenteko nojaa yhteisymm\u00e4rrykseen, ja vastuu toiminnasta on jaettu kaikkien toimijoiden kesken. Johtajan rooli on mahdollistaa verkoston toiminta.<\/p>\n<p>[\/et_pb_text][\/et_pb_column][\/et_pb_row][et_pb_row _builder_version=&#8221;4.27.4&#8243; _module_preset=&#8221;default&#8221; hover_enabled=&#8221;0&#8243; global_colors_info=&#8221;{}&#8221; sticky_enabled=&#8221;0&#8243; custom_padding=&#8221;0px|||||&#8221;][et_pb_column type=&#8221;4_4&#8243; _builder_version=&#8221;4.27.2&#8243; _module_preset=&#8221;default&#8221; hover_enabled=&#8221;0&#8243; global_colors_info=&#8221;{}&#8221; sticky_enabled=&#8221;0&#8243;][et_pb_text _builder_version=&#8221;4.27.4&#8243; _module_preset=&#8221;default&#8221; hover_enabled=&#8221;0&#8243; sticky_enabled=&#8221;0&#8243; custom_padding=&#8221;13px|||||&#8221;]<\/p>\n<h2><span>Yhteisty\u00f6-Tuokio<\/span><\/h2>\n<p>Malli on luotu monitoimijaisen yhteisty\u00f6n arvioimiseksi ja kehitt\u00e4miseksi. Tutustu arviointiv\u00e4lineeseen t\u00e4\u00e4ll\u00e4: <a href=\"http:\/\/www.ulapland.fi\/tuokio\">www.ulapland.fi\/tuokio<\/a><span><\/span><\/p>\n<p>[\/et_pb_text][\/et_pb_column][\/et_pb_row][et_pb_row _builder_version=&#8221;4.20.4&#8243; _module_preset=&#8221;default&#8221; custom_padding=&#8221;25px|||||&#8221; global_colors_info=&#8221;{}&#8221;][et_pb_column type=&#8221;4_4&#8243; _builder_version=&#8221;4.20.4&#8243; _module_preset=&#8221;default&#8221; global_colors_info=&#8221;{}&#8221;][et_pb_image src=&#8221;https:\/\/blogi.eoppimispalvelut.fi\/lapinyhdyspintakurssit\/files\/2024\/01\/Logorivi.jpeg.png&#8221; title_text=&#8221;Logorivi.jpeg&#8221; _builder_version=&#8221;4.20.4&#8243; _module_preset=&#8221;default&#8221; global_colors_info=&#8221;{}&#8221;][\/et_pb_image][et_pb_text _builder_version=&#8221;4.27.2&#8243; _module_preset=&#8221;default&#8221; hover_enabled=&#8221;0&#8243; global_colors_info=&#8221;{}&#8221; sticky_enabled=&#8221;0&#8243;]<\/p>\n<p><a href=\"https:\/\/blogi.eoppimispalvelut.fi\/lapinyhdyspintakurssit\/saavutettavuusseloste\/\"><strong>SAAVUTETTAVUUSSELOSTE<\/strong><\/a><\/p>\n<p>[\/et_pb_text][\/et_pb_column][\/et_pb_row][\/et_pb_section]<\/p>\n","protected":false},"excerpt":{"rendered":"<p>Kuva: Lapin materiaalipankki, kuvaaja: Terhi Tuovinen &nbsp;TEHEM\u00c4 YHESS\u00c4 HYVINVOINTIA JA ARJEN TURVALLISUUTTATutustu tietopaketteihin \u2013 n\u00e4ist\u00e4 voipi hyvinkin olla sinulle hy\u00f6ty\u00e4.Teemme yhteisty\u00f6t\u00e4 uudessa tilanteessa hyvinvointialueiden aloitettua toimintansa vuoden 2023 alussa. Edelt\u00e4v\u00e4n vuoden esiselvityshankkeessa Lapin yhdyspinnan toimijoilta, kuten kunnilta, j\u00e4rjest\u00f6ilt\u00e4, viranomaisilta, yrityksilt\u00e4, seurakunnilta ja oppilaitoksilta ker\u00e4ttiin toiveita ja odotuksia 27 haastattelussa ja viidess\u00e4 ty\u00f6pajassa. Yksi toivomus oli [&hellip;]<\/p>\n","protected":false},"author":31,"featured_media":0,"parent":0,"menu_order":0,"comment_status":"closed","ping_status":"closed","template":"","meta":{"_et_pb_use_builder":"on","_et_pb_old_content":"","_et_gb_content_width":"","footnotes":""},"class_list":["post-36","page","type-page","status-publish","hentry"],"_links":{"self":[{"href":"https:\/\/blogi.eoppimispalvelut.fi\/lapinyhdyspintakurssit\/wp-json\/wp\/v2\/pages\/36","targetHints":{"allow":["GET"]}}],"collection":[{"href":"https:\/\/blogi.eoppimispalvelut.fi\/lapinyhdyspintakurssit\/wp-json\/wp\/v2\/pages"}],"about":[{"href":"https:\/\/blogi.eoppimispalvelut.fi\/lapinyhdyspintakurssit\/wp-json\/wp\/v2\/types\/page"}],"author":[{"embeddable":true,"href":"https:\/\/blogi.eoppimispalvelut.fi\/lapinyhdyspintakurssit\/wp-json\/wp\/v2\/users\/31"}],"replies":[{"embeddable":true,"href":"https:\/\/blogi.eoppimispalvelut.fi\/lapinyhdyspintakurssit\/wp-json\/wp\/v2\/comments?post=36"}],"version-history":[{"count":53,"href":"https:\/\/blogi.eoppimispalvelut.fi\/lapinyhdyspintakurssit\/wp-json\/wp\/v2\/pages\/36\/revisions"}],"predecessor-version":[{"id":905,"href":"https:\/\/blogi.eoppimispalvelut.fi\/lapinyhdyspintakurssit\/wp-json\/wp\/v2\/pages\/36\/revisions\/905"}],"wp:attachment":[{"href":"https:\/\/blogi.eoppimispalvelut.fi\/lapinyhdyspintakurssit\/wp-json\/wp\/v2\/media?parent=36"}],"curies":[{"name":"wp","href":"https:\/\/api.w.org\/{rel}","templated":true}]}}