{"id":2,"date":"2018-10-03T11:16:49","date_gmt":"2018-10-03T08:16:49","guid":{"rendered":"https:\/\/blogi.eoppimispalvelut.fi\/lapistakasin\/?page_id=2"},"modified":"2021-06-21T12:23:08","modified_gmt":"2021-06-21T09:23:08","slug":"etusivu","status":"publish","type":"page","link":"https:\/\/blogi.eoppimispalvelut.fi\/lapistakasin\/","title":{"rendered":"ETUSIVU"},"content":{"rendered":"<p>Lapin matkailijam\u00e4\u00e4r\u00e4t ovat kasvussa, mik\u00e4 luo matkailualalle uusia osaamistarpeita. T\u00e4m\u00e4n p\u00e4iv\u00e4n matkailija on eritt\u00e4in laatutietoinen. H\u00e4n on kiinnostunut vastuullisuudesta, paikallisesta kulttuurista ja uusista kokemuksista. H\u00e4n tutustuu mielell\u00e4\u00e4n paikallisiin k\u00e4sity\u00f6taitoihin ja designiin. K\u00e4sity\u00f6matkailussa on potentiaalia vastata laatutietoisten matkailijoiden tarpeisiin. K\u00e4sit\u00f6iden avulla voimme tarjota matkailijalle tekemist\u00e4, n\u00e4kemist\u00e4, tuntemista \u2013 sek\u00e4 erityisesti kokemista ja oppimista.<\/p>\n<p>Lapista k\u00e4sin -hankkeessa olemme tarjonneet k\u00e4sity\u00f6yritt\u00e4jille ja muille k\u00e4sit\u00f6iden tekij\u00f6ille mahdollisuuden oman osaamisensa lis\u00e4\u00e4miseen <a href=\"https:\/\/blogi.eoppimispalvelut.fi\/lapistakasin\/valmennusohjelma-2\/\">t\u00e4ydennyskoulutuksen avulla.<\/a> T\u00e4ydennyskoulutus alkoi lokakuussa 2019 ja p\u00e4\u00e4ttyi kev\u00e4\u00e4ll\u00e4 2021. Puolentoista vuoden aikana olemme yhdess\u00e4 24 opiskelijan kanssa k\u00e4yneet koulutuksessa l\u00e4pi\u00a0 miten k\u00e4sity\u00f6tuotteita ja -palveluita voi kehitt\u00e4\u00e4 matkailuelinkeinoon soveltuviksi. Olemme tutustuneet matkailun toimintakentt\u00e4\u00e4n, t\u00e4ydent\u00e4neet opiskelijoiden matkailuosaamista sek\u00e4 pohtineet tuotteistamista ja tuotteiden onnistunutta kohdentamista. Lis\u00e4ksi olemme ideoineet yhdess\u00e4 uusia matkailupalveluita ja matkamuistoja.<\/p>\n<p>Kokemukset ja opit on koottu hankkeen tuottamaan julkaisuun <a href=\"http:\/\/urn.fi\/URN:ISBN:978-952-337-262-7\" target=\"_blank\" rel=\"noopener\">&#8220;K\u00e4sity\u00f6matkailun polulla &#8211; Miten teet luovuudesta el\u00e4myksen&#8221;<\/a>.\u00a0 Julkaisu on tarkoitettu k\u00e4sity\u00f6yritt\u00e4jille ja yritt\u00e4jiksi suuntaaville omien palveluiden tuotteistamisen tueksi. K\u00e4sikirja koostuu useista matkailun ja luovan alojen asiantuntijapuheenvuoroista, harjoituksista ja kokemuspuheenvuoroista, jotka auttavat k\u00e4sity\u00f6matkailutuotteen kehitt\u00e4misess\u00e4. Tutustu k\u00e4sikirjaan\u00a0<a href=\"http:\/\/urn.fi\/URN:ISBN:978-952-337-262-7\" target=\"_blank\" rel=\"noopener\">t\u00e4st\u00e4 linkist\u00e4!<\/a><\/p>\n<p><strong>Hanke on p\u00e4\u00e4ttynyt 30.6.2021. N\u00e4ilt\u00e4 sivuilta l\u00f6yd\u00e4t hankkeeseen liittyv\u00e4\u00e4 materiaalia ja tuloksia. Mik\u00e4li haluat lis\u00e4tietoja hankkeesta ja t\u00e4ydennyskoulutusohjelmastamme, ota yhteytt\u00e4 Piia Kilpimaa ja\/tai Outi Kugapi etunimi.sukunimi(at)ulapland.fi.<\/strong><\/p>\n","protected":false},"excerpt":{"rendered":"<p>Lapin matkailijam\u00e4\u00e4r\u00e4t ovat kasvussa, mik\u00e4 luo matkailualalle uusia osaamistarpeita. T\u00e4m\u00e4n p\u00e4iv\u00e4n matkailija on eritt\u00e4in laatutietoinen. H\u00e4n on kiinnostunut vastuullisuudesta, paikallisesta kulttuurista ja uusista kokemuksista. H\u00e4n tutustuu mielell\u00e4\u00e4n paikallisiin k\u00e4sity\u00f6taitoihin ja designiin. K\u00e4sity\u00f6matkailussa on potentiaalia vastata laatutietoisten matkailijoiden tarpeisiin. K\u00e4sit\u00f6iden avulla voimme tarjota matkailijalle tekemist\u00e4, n\u00e4kemist\u00e4, tuntemista \u2013 sek\u00e4 erityisesti kokemista ja oppimista. Lapista k\u00e4sin -hankkeessa &hellip; <\/p>\n<p><a class=\"more-link btn\" href=\"https:\/\/blogi.eoppimispalvelut.fi\/lapistakasin\/\">Jatka lukemista<\/a><\/p>\n","protected":false},"author":3256,"featured_media":0,"parent":0,"menu_order":1,"comment_status":"closed","ping_status":"closed","template":"","meta":{"footnotes":""},"class_list":["post-2","page","type-page","status-publish","hentry","nodate","item-wrap"],"_links":{"self":[{"href":"https:\/\/blogi.eoppimispalvelut.fi\/lapistakasin\/wp-json\/wp\/v2\/pages\/2","targetHints":{"allow":["GET"]}}],"collection":[{"href":"https:\/\/blogi.eoppimispalvelut.fi\/lapistakasin\/wp-json\/wp\/v2\/pages"}],"about":[{"href":"https:\/\/blogi.eoppimispalvelut.fi\/lapistakasin\/wp-json\/wp\/v2\/types\/page"}],"author":[{"embeddable":true,"href":"https:\/\/blogi.eoppimispalvelut.fi\/lapistakasin\/wp-json\/wp\/v2\/users\/3256"}],"replies":[{"embeddable":true,"href":"https:\/\/blogi.eoppimispalvelut.fi\/lapistakasin\/wp-json\/wp\/v2\/comments?post=2"}],"version-history":[{"count":17,"href":"https:\/\/blogi.eoppimispalvelut.fi\/lapistakasin\/wp-json\/wp\/v2\/pages\/2\/revisions"}],"predecessor-version":[{"id":1159,"href":"https:\/\/blogi.eoppimispalvelut.fi\/lapistakasin\/wp-json\/wp\/v2\/pages\/2\/revisions\/1159"}],"wp:attachment":[{"href":"https:\/\/blogi.eoppimispalvelut.fi\/lapistakasin\/wp-json\/wp\/v2\/media?parent=2"}],"curies":[{"name":"wp","href":"https:\/\/api.w.org\/{rel}","templated":true}]}}