{"id":25,"date":"2018-10-04T10:22:12","date_gmt":"2018-10-04T07:22:12","guid":{"rendered":"https:\/\/blogi.eoppimispalvelut.fi\/lapistakasin\/?page_id=25"},"modified":"2021-06-21T12:17:17","modified_gmt":"2021-06-21T09:17:17","slug":"valmennusohjelma-2","status":"publish","type":"page","link":"https:\/\/blogi.eoppimispalvelut.fi\/lapistakasin\/valmennusohjelma-2\/","title":{"rendered":"T\u00c4YDENNYSKOULUTUSOHJELMA"},"content":{"rendered":"<h3 style=\"text-align: center\"><b>Lapista k\u00e4sin <\/b><\/h3>\n<h3 style=\"text-align: center\"><b>T\u00e4ydennyskoulutusohjelma k\u00e4sity\u00f6yritt\u00e4jille 2019-2021, 15op<\/b><\/h3>\n<p>&nbsp;<\/p>\n<p>Lapista k\u00e4sin -t\u00e4ydennyskoulutusohjelmassa saat valmiuksia k\u00e4sity\u00f6tuotteiden ja -palvelujen tuottamiseen matkailusektorille, p\u00e4\u00e4set verkostoitumaan muiden Lapissa toimivien k\u00e4sity\u00f6l\u00e4isten, muotoilijoiden ja taiteilijoiden kanssa sek\u00e4 kehitt\u00e4m\u00e4\u00e4n pitk\u00e4j\u00e4nteisesti omaa k\u00e4sity\u00f6matkailutuotettasi tai -palveluasi. Koulutusohjelmassa asiantuntijoina toimivat Lapin yliopiston kouluttajat ja ohjaajat sek\u00e4 luovan alan ja matkailualan kokemusasiantuntijat. Hy\u00f6dynn\u00e4mme t\u00e4ydennyskoulutusohjelman teemoissa my\u00f6s muita alansa huippuasiantuntijoita.<\/p>\n<p>Koulutusohjelman opetusmenetelm\u00e4t ovat monimuotoisia, innovatiivisia ja osallistujien ammattitaitoa ja yrityksi\u00e4 kehitt\u00e4vi\u00e4. Oppimisteht\u00e4v\u00e4t r\u00e4\u00e4t\u00e4l\u00f6id\u00e4\u00e4n osallistujien omiin l\u00e4ht\u00f6kohtiin sopiviksi henkil\u00f6kohtaisissa tavoitekeskusteluissa. Koulutusohjelma toteutetaan joustavasti usealla eri paikkakunnalla Lapissa ja osallistujille mahdollistetaan my\u00f6s et\u00e4osallistuminen.<\/p>\n<p>T\u00e4ydennyskoulutusohjelma on osallistujille ilmainen.<\/p>\n<p><strong>Hanke on p\u00e4\u00e4ttynyt 30.6.2021. Mik\u00e4li haluat lis\u00e4tietoja hankkeesta ja t\u00e4ydennyskoulutusohjelmastamme, ota yhteytt\u00e4 Piia Kilpimaa ja\/tai Outi Kugapi etunimi.sukunimi(at)ulapland.fi.<\/strong><\/p>\n<p>&nbsp;<\/p>\n<h4>Koulutusohjelman sis\u00e4lt\u00f6<\/h4>\n<p>Koulutusohjelma rakentuu kahdeksasta opintojaksosta, joiden sis\u00e4lt\u00f6jen kautta koulutukseen osallistujat kehitt\u00e4v\u00e4t omia tuotteitaan, palveluitaan ja osaamistaan siten, ett\u00e4 ne palvelevat my\u00f6s matkailualaa.<\/p>\n<p><a href=\"https:\/\/blogi.eoppimispalvelut.fi\/lapistakasin\/taydennyskoulutusohjelman-sisalto\/\">Klikkaa t\u00e4st\u00e4 itsesi t\u00e4ydennyskoulutusohjelman tarkempiin sis\u00e4lt\u00f6ihin.<\/a><\/p>\n<p>Koulutuksen sis\u00e4ll\u00f6t toteutetaan joustavasti ja opiskelijal\u00e4ht\u00f6isesti eri puolilla Lappia. Osallistuminen on mahdollista et\u00e4yhteydell\u00e4. Koulutusohjelman opetusmenetelm\u00e4t ovat monimuotoisia, innovatiivisia ja osallistujien ammattitaitoa ja yrityksi\u00e4 kehitt\u00e4vi\u00e4. Oppimisteht\u00e4v\u00e4t r\u00e4\u00e4t\u00e4l\u00f6id\u00e4\u00e4n opiskelijoiden l\u00e4ht\u00f6kohtiin sopiviksi henkil\u00f6kohtaisissa tavoitekeskusteluissa. T\u00e4m\u00e4 edesauttaa opiskelijaa saamaan konkreettisen hy\u00f6dyn opinnoista sek\u00e4 tukee opiskelijan yrityst\u00e4 ja sen kehitt\u00e4mist\u00e4 matkailun n\u00e4k\u00f6kulmasta. Jokaisesta teemasta kuullaan my\u00f6s yritysasiantuntijoita, jotka ovat kehitt\u00e4neet omaa yrityst\u00e4\u00e4n erityisesti kulloinkin k\u00e4sitelt\u00e4v\u00e4n\u00e4 olevan teeman n\u00e4k\u00f6kulmasta.<\/p>\n<p>&nbsp;<\/p>\n<h4>Kenelle<\/h4>\n<p>Koulutus on suunnattu lappilaisille k\u00e4sity\u00f6n tekij\u00f6ille, muotoilijoille ja taiteilijoille, jotka voivat olla kouluttautuneita tai itseoppineita k\u00e4sity\u00f6n tekij\u00f6it\u00e4, muotoilijoita tai taiteilijoita, ja joita kiinnostaa oman toiminnan laajentaminen matkailualalle. Koulutukseen voivat osallistua my\u00f6s korkeakouluopiskelijat ja k\u00e4sity\u00f6alan j\u00e4rjest\u00f6toimijat sek\u00e4 muut sidosryhmien edustajat, jotka kokevat hy\u00f6tyv\u00e4ns\u00e4 t\u00e4ydennyskoulutuksesta ja osaamisen lis\u00e4\u00e4misest\u00e4 k\u00e4sity\u00f6matkailualalla. Koulutukseen voivat osallistua yritt\u00e4j\u00e4t, yritt\u00e4j\u00e4ksi aikovat ja he, jotka pyrkiv\u00e4t ty\u00f6llistym\u00e4\u00e4n k\u00e4sity\u00f6- tai matkailuyritysten ty\u00f6ntekij\u00f6iksi.<\/p>\n<p>Haku t\u00e4ydennyskoulutukseen on p\u00e4\u00e4ttynyt 26.8.2019. Kaikille hakijoille on ilmoitettu henkil\u00f6kohtaisesti syyskuun alkupuolella, jolloin sovimme my\u00f6s henkil\u00f6kohtaisen tapaamisen HOPSin suunnitteluun valittujen opiskelijoiden kanssa.<\/p>\n<p>&nbsp;<\/p>\n<p>&nbsp;<\/p>\n<p><em>Pid\u00e4t\u00e4mme oikeudet aikataulu- ja sis\u00e4lt\u00f6muutoksiin.<\/em><\/p>\n","protected":false},"excerpt":{"rendered":"<p>Lapista k\u00e4sin T\u00e4ydennyskoulutusohjelma k\u00e4sity\u00f6yritt\u00e4jille 2019-2021, 15op &nbsp; Lapista k\u00e4sin -t\u00e4ydennyskoulutusohjelmassa saat valmiuksia k\u00e4sity\u00f6tuotteiden ja -palvelujen tuottamiseen matkailusektorille, p\u00e4\u00e4set verkostoitumaan muiden Lapissa toimivien k\u00e4sity\u00f6l\u00e4isten, muotoilijoiden ja taiteilijoiden kanssa sek\u00e4 kehitt\u00e4m\u00e4\u00e4n pitk\u00e4j\u00e4nteisesti omaa k\u00e4sity\u00f6matkailutuotettasi tai -palveluasi. Koulutusohjelmassa asiantuntijoina toimivat Lapin yliopiston kouluttajat ja ohjaajat sek\u00e4 luovan alan ja matkailualan kokemusasiantuntijat. Hy\u00f6dynn\u00e4mme t\u00e4ydennyskoulutusohjelman teemoissa my\u00f6s muita alansa huippuasiantuntijoita. &hellip; <\/p>\n<p><a class=\"more-link btn\" href=\"https:\/\/blogi.eoppimispalvelut.fi\/lapistakasin\/valmennusohjelma-2\/\">Jatka lukemista<\/a><\/p>\n","protected":false},"author":3256,"featured_media":0,"parent":0,"menu_order":0,"comment_status":"closed","ping_status":"closed","template":"","meta":{"footnotes":""},"class_list":["post-25","page","type-page","status-publish","hentry","nodate","item-wrap"],"_links":{"self":[{"href":"https:\/\/blogi.eoppimispalvelut.fi\/lapistakasin\/wp-json\/wp\/v2\/pages\/25","targetHints":{"allow":["GET"]}}],"collection":[{"href":"https:\/\/blogi.eoppimispalvelut.fi\/lapistakasin\/wp-json\/wp\/v2\/pages"}],"about":[{"href":"https:\/\/blogi.eoppimispalvelut.fi\/lapistakasin\/wp-json\/wp\/v2\/types\/page"}],"author":[{"embeddable":true,"href":"https:\/\/blogi.eoppimispalvelut.fi\/lapistakasin\/wp-json\/wp\/v2\/users\/3256"}],"replies":[{"embeddable":true,"href":"https:\/\/blogi.eoppimispalvelut.fi\/lapistakasin\/wp-json\/wp\/v2\/comments?post=25"}],"version-history":[{"count":26,"href":"https:\/\/blogi.eoppimispalvelut.fi\/lapistakasin\/wp-json\/wp\/v2\/pages\/25\/revisions"}],"predecessor-version":[{"id":1157,"href":"https:\/\/blogi.eoppimispalvelut.fi\/lapistakasin\/wp-json\/wp\/v2\/pages\/25\/revisions\/1157"}],"wp:attachment":[{"href":"https:\/\/blogi.eoppimispalvelut.fi\/lapistakasin\/wp-json\/wp\/v2\/media?parent=25"}],"curies":[{"name":"wp","href":"https:\/\/api.w.org\/{rel}","templated":true}]}}