{"id":27,"date":"2018-10-04T10:23:24","date_gmt":"2018-10-04T07:23:24","guid":{"rendered":"https:\/\/blogi.eoppimispalvelut.fi\/lapistakasin\/?page_id=27"},"modified":"2019-05-15T14:27:14","modified_gmt":"2019-05-15T11:27:14","slug":"hyodyllista-tietoa","status":"publish","type":"page","link":"https:\/\/blogi.eoppimispalvelut.fi\/lapistakasin\/hyodyllista-tietoa\/","title":{"rendered":"HY\u00d6DYLLIST\u00c4 TIETOA"},"content":{"rendered":"<p>&nbsp;<\/p>\n<p>T\u00e4ll\u00e4 sivulla jaamme erilaisia linkkej\u00e4, julkaisuja ja tieteellisi\u00e4 artikkeleita, eli tietoa, joka saattaisi kiinnostaa lukijaamme. Otamme vastaan my\u00f6s ehdotuksia julkaisuista ja linkeist\u00e4!<\/p>\n<p>&nbsp;<\/p>\n<hr \/>\n<p>&nbsp;<\/p>\n<h4>Tuotteistamisen ja markkinoinnin avuksi<\/h4>\n<p>&nbsp;<\/p>\n<p><a href=\"http:\/\/perfectlink.co.th\/download\/\" target=\"_blank\" rel=\"noopener noreferrer\">Creating Creative Tourism Toolkit<\/a>, 2018 (DASTA, Creative Tourism Network ja Perfect Link Consulting Group). T\u00e4m\u00e4 uusi ty\u00f6kirja on rakennettu avuksi k\u00e4sity\u00f6l\u00e4isille, taiteilijoille ja kaikkien luovien alojen yrityksille \/ henkil\u00f6ille. Ty\u00f6kirjan tavoitteena on parantaa yhteis\u00f6pohjaisen matkailun laatua, lis\u00e4t\u00e4 paikallista ylpeytt\u00e4 ja kulttuuriperinn\u00f6n s\u00e4il\u00f6mist\u00e4.<\/p>\n<p><a href=\"http:\/\/matkailu.luc.fi\/Tuotekehitys\/Etusivu\" target=\"_blank\" rel=\"noopener noreferrer\">Matkailun tuotekehitt\u00e4j\u00e4n k\u00e4sikirja<\/a>, 2010 (Garc\u00eda-Rosell, Kyl\u00e4nen, Pitk\u00e4nen, Tekoniemi-Selk\u00e4l\u00e4, Vanhala). K\u00e4sikirja on rakennettu auttamaan pieni\u00e4 yrityksi\u00e4 parantamaan tuotekehityst\u00e4 ja toteuttamaan sit\u00e4 kest\u00e4v\u00e4sti, ennakoivasti, verkostoituen ja profiloituen.<\/p>\n<p><a href=\"http:\/\/www.e-julkaisu.fi\/mek\/visit_finland-modernit_humanistit\/pdf\/MEK_Mohu_taitto_175x220_Final.pdf\" target=\"_blank\" rel=\"noopener noreferrer\">Modernit humanistit -ty\u00f6kirja<\/a>, 2014 (Visit Finland). Ty\u00f6kirjan tarkoituksena on selvitt\u00e4\u00e4 millaisia modernit humanistit matkailijana ja auttaa yritt\u00e4j\u00e4\u00e4 kohdentamaan palveluitaan juuri t\u00e4lle kohderyhm\u00e4lle.<\/p>\n<p><a href=\"http:\/\/www.visitfinland.fi\/wp-content\/uploads\/2013\/11\/CF_tyokaluja_toimijoiden_kayttoon_051113.pdf\" target=\"_blank\" rel=\"noopener noreferrer\">Ty\u00f6kaluja toimijoiden k\u00e4ytt\u00f6\u00f6n,<\/a> 2013 (Culture Finland). Erilaisia ty\u00f6kaluja kulttuurimatkailupalveluiden tekij\u00f6ille ja tuottajille.<\/p>\n<p>&nbsp;<\/p>\n<hr \/>\n<p>&nbsp;<\/p>\n<h4>Inspiraation l\u00e4hteit\u00e4<\/h4>\n<p>&nbsp;<\/p>\n<p><a href=\"https:\/\/julkaisut.metsa.fi\/julkaisut\/show\/2324\" target=\"_blank\" rel=\"noopener noreferrer\">Land of National parks &#8211; kest\u00e4v\u00e4n matkailun opas<\/a>, 2018 (Tr\u00e4skelin, Louekari, Oikarinen-M\u00e4enp\u00e4\u00e4, Tervo-Kankare). T\u00e4m\u00e4 opas antaa yritt\u00e4j\u00e4lle hyv\u00e4\u00e4 tietoa kest\u00e4v\u00e4n matkailun suunnitelman tekemiseen. Opas sis\u00e4lt\u00e4\u00e4 my\u00f6s esimerkkej\u00e4, joita lukija voi soveltaa omaan yritykseens\u00e4.<\/p>\n<p><a href=\"http:\/\/urn.fi\/URN:ISBN:978-952-337-094-4\" target=\"_blank\" rel=\"noopener noreferrer\">Ymp\u00e4rist\u00f6taidetta Lapin matkailuun<\/a>, 2018 (Jokela, Huhmarniemi, Haataja, Issakainen). Julkaisu kertoo monipuolisista mahdollisuuksista taiteen ja matkailun yhdist\u00e4miseen Lapin alueella. Ymp\u00e4rist\u00f6taidetta tulisi laajentaa monipuolisemmin matkailualalla.<\/p>\n<p><a href=\"http:\/\/urn.fi\/URN:ISBN:978-952-310-952-0\" target=\"_blank\" rel=\"noopener noreferrer\">Matkailututkimuksen avaink\u00e4sitteet<\/a>, 2018 (Edelheim, Ilola). Teos antaa raamit matkailun tutkimukseen sek\u00e4 antaa tutkijoille yhteiset k\u00e4sitteet. N\u00e4m\u00e4 auttavat ymm\u00e4rt\u00e4m\u00e4\u00e4n matkailua monipuolisemmin ja luo my\u00f6s yhteist\u00e4 ymm\u00e4ryst\u00e4.<\/p>\n<p>&nbsp;<\/p>\n<hr \/>\n<p>&nbsp;<\/p>\n<h4>Mielenkiintoisia verkkosivuja<\/h4>\n<p>&nbsp;<\/p>\n<p><a href=\"https:\/\/www.taito.fi\/\" target=\"_blank\" rel=\"noopener noreferrer\">Taitoj\u00e4rjest\u00f6.<\/a>\u00a0\u00a0Kohtaamisia k\u00e4sit\u00f6iden kanssa.<\/p>\n<p><a href=\"https:\/\/fi.doerz.com\/\" target=\"_blank\" rel=\"noopener noreferrer\">Doerz &#8211; New way of travelling<\/a>. El\u00e4myksi\u00e4 ja kokemuksia ja paikallisten kanssa puuhaamista.<\/p>\n<p><a href=\"http:\/\/www.metsa.fi\/kestava-luontomatkailu\" target=\"_blank\" rel=\"noopener noreferrer\">Mets\u00e4hallitus &#8211; kest\u00e4v\u00e4n matkailun periaatteet.<\/a><\/p>\n<p>&nbsp;<\/p>\n<hr \/>\n<p>&nbsp;<\/p>\n<h4>Tieteellisemp\u00e4\u00e4 luettavaa<\/h4>\n<p>&nbsp;<\/p>\n<p>H\u00e4rk\u00f6nen, E., Huhmarniemi, M. &amp; Jokela, T. (2018).\u00a0Crafting Sustainability: Handcraft in Contemporary Art and Cultural Sustainability in the Finnish Lapland. Sustainability, 10(6). https:\/\/www.mdpi.com\/2071-1050\/10\/6\/1907<\/p>\n<p>Prince, S. (2017). Craft-art in the Danish countryside: reconciling a lifestyle, livelihood and artistic career through rural tourism. <em>Journal of Tourism and Cultural Change, 15<\/em>(4), 339-358.<\/p>\n<p>Schilar, H. &amp; Keskitalo, E.C. (2018). Ethnic boundaries and boundary-making in handicrafts: Examples from northern Norway, Sweden and Finland. <em>Acta Borealia<\/em>, <em>35<\/em>, 29\u201348.<\/p>\n","protected":false},"excerpt":{"rendered":"<p>&nbsp; T\u00e4ll\u00e4 sivulla jaamme erilaisia linkkej\u00e4, julkaisuja ja tieteellisi\u00e4 artikkeleita, eli tietoa, joka saattaisi kiinnostaa lukijaamme. Otamme vastaan my\u00f6s ehdotuksia julkaisuista ja linkeist\u00e4! &nbsp; &nbsp; Tuotteistamisen ja markkinoinnin avuksi &nbsp; Creating Creative Tourism Toolkit, 2018 (DASTA, Creative Tourism Network ja Perfect Link Consulting Group). T\u00e4m\u00e4 uusi ty\u00f6kirja on rakennettu avuksi k\u00e4sity\u00f6l\u00e4isille, taiteilijoille ja kaikkien luovien &hellip; <\/p>\n<p><a class=\"more-link btn\" href=\"https:\/\/blogi.eoppimispalvelut.fi\/lapistakasin\/hyodyllista-tietoa\/\">Jatka lukemista<\/a><\/p>\n","protected":false},"author":3256,"featured_media":0,"parent":0,"menu_order":0,"comment_status":"closed","ping_status":"closed","template":"","meta":{"footnotes":""},"class_list":["post-27","page","type-page","status-publish","hentry","nodate","item-wrap"],"_links":{"self":[{"href":"https:\/\/blogi.eoppimispalvelut.fi\/lapistakasin\/wp-json\/wp\/v2\/pages\/27","targetHints":{"allow":["GET"]}}],"collection":[{"href":"https:\/\/blogi.eoppimispalvelut.fi\/lapistakasin\/wp-json\/wp\/v2\/pages"}],"about":[{"href":"https:\/\/blogi.eoppimispalvelut.fi\/lapistakasin\/wp-json\/wp\/v2\/types\/page"}],"author":[{"embeddable":true,"href":"https:\/\/blogi.eoppimispalvelut.fi\/lapistakasin\/wp-json\/wp\/v2\/users\/3256"}],"replies":[{"embeddable":true,"href":"https:\/\/blogi.eoppimispalvelut.fi\/lapistakasin\/wp-json\/wp\/v2\/comments?post=27"}],"version-history":[{"count":7,"href":"https:\/\/blogi.eoppimispalvelut.fi\/lapistakasin\/wp-json\/wp\/v2\/pages\/27\/revisions"}],"predecessor-version":[{"id":453,"href":"https:\/\/blogi.eoppimispalvelut.fi\/lapistakasin\/wp-json\/wp\/v2\/pages\/27\/revisions\/453"}],"wp:attachment":[{"href":"https:\/\/blogi.eoppimispalvelut.fi\/lapistakasin\/wp-json\/wp\/v2\/media?parent=27"}],"curies":[{"name":"wp","href":"https:\/\/api.w.org\/{rel}","templated":true}]}}