{"id":31,"date":"2018-10-04T10:25:04","date_gmt":"2018-10-04T07:25:04","guid":{"rendered":"https:\/\/blogi.eoppimispalvelut.fi\/lapistakasin\/?page_id=31"},"modified":"2020-02-03T13:00:02","modified_gmt":"2020-02-03T11:00:02","slug":"yhteystiedot","status":"publish","type":"page","link":"https:\/\/blogi.eoppimispalvelut.fi\/lapistakasin\/yhteystiedot\/","title":{"rendered":"YHTEYSTIEDOT"},"content":{"rendered":"<p><strong>Ota yhteytt\u00e4<\/strong><\/p>\n<p>&nbsp;<\/p>\n<p>Piia Kilpimaa, kehitt\u00e4misen asiantuntija ja projektip\u00e4\u00e4llikk\u00f6<br \/>\nLapin yliopisto \/ Koulutus- ja kehitt\u00e4mispalvelut<br \/>\np. 040 4844 424<br \/>\netunimi.sukunimi (at) ulapland.fi<\/p>\n<p>&nbsp;<\/p>\n<p>Outi Kugapi, projektisuunnittelija<br \/>\nLapin yliopisto \/ Matkailualan tutkimus- ja koulutusinstituutti<br \/>\np. 040 484 4050<br \/>\netunimi.sukunimi (at) ulapland.fi<\/p>\n<p>&nbsp;<\/p>\n<p>Laura Laivamaa, projektisuunnittelija<br \/>\nLapin yliopisto \/ Taiteiden tiedekunta<br \/>\np. 040 484 4334<br \/>\netunimi.sukunimi(at)ulapland.fi<\/p>\n<p>&nbsp;<\/p>\n<p>Linda Kuisma, projektisuunnittelija<br \/>\nLapin yliopisto \/ Koulutus- ja kehitt\u00e4mispalvelut<br \/>\np. 040 4844 147<br \/>\netunimi.sukunimi(at)ulapland.fi<\/p>\n","protected":false},"excerpt":{"rendered":"<p>Ota yhteytt\u00e4 &nbsp; Piia Kilpimaa, kehitt\u00e4misen asiantuntija ja projektip\u00e4\u00e4llikk\u00f6 Lapin yliopisto \/ Koulutus- ja kehitt\u00e4mispalvelut p. 040 4844 424 etunimi.sukunimi (at) ulapland.fi &nbsp; Outi Kugapi, projektisuunnittelija Lapin yliopisto \/ Matkailualan tutkimus- ja koulutusinstituutti p. 040 484 4050 etunimi.sukunimi (at) ulapland.fi &nbsp; Laura Laivamaa, projektisuunnittelija Lapin yliopisto \/ Taiteiden tiedekunta p. 040 484 4334 etunimi.sukunimi(at)ulapland.fi &nbsp; &hellip; <\/p>\n<p><a class=\"more-link btn\" href=\"https:\/\/blogi.eoppimispalvelut.fi\/lapistakasin\/yhteystiedot\/\">Jatka lukemista<\/a><\/p>\n","protected":false},"author":3256,"featured_media":0,"parent":0,"menu_order":0,"comment_status":"closed","ping_status":"closed","template":"","meta":{"footnotes":""},"class_list":["post-31","page","type-page","status-publish","hentry","nodate","item-wrap"],"_links":{"self":[{"href":"https:\/\/blogi.eoppimispalvelut.fi\/lapistakasin\/wp-json\/wp\/v2\/pages\/31","targetHints":{"allow":["GET"]}}],"collection":[{"href":"https:\/\/blogi.eoppimispalvelut.fi\/lapistakasin\/wp-json\/wp\/v2\/pages"}],"about":[{"href":"https:\/\/blogi.eoppimispalvelut.fi\/lapistakasin\/wp-json\/wp\/v2\/types\/page"}],"author":[{"embeddable":true,"href":"https:\/\/blogi.eoppimispalvelut.fi\/lapistakasin\/wp-json\/wp\/v2\/users\/3256"}],"replies":[{"embeddable":true,"href":"https:\/\/blogi.eoppimispalvelut.fi\/lapistakasin\/wp-json\/wp\/v2\/comments?post=31"}],"version-history":[{"count":6,"href":"https:\/\/blogi.eoppimispalvelut.fi\/lapistakasin\/wp-json\/wp\/v2\/pages\/31\/revisions"}],"predecessor-version":[{"id":832,"href":"https:\/\/blogi.eoppimispalvelut.fi\/lapistakasin\/wp-json\/wp\/v2\/pages\/31\/revisions\/832"}],"wp:attachment":[{"href":"https:\/\/blogi.eoppimispalvelut.fi\/lapistakasin\/wp-json\/wp\/v2\/media?parent=31"}],"curies":[{"name":"wp","href":"https:\/\/api.w.org\/{rel}","templated":true}]}}