{"id":473,"date":"2019-05-29T13:56:05","date_gmt":"2019-05-29T10:56:05","guid":{"rendered":"https:\/\/blogi.eoppimispalvelut.fi\/lapistakasin\/?page_id=473"},"modified":"2021-06-21T12:14:53","modified_gmt":"2021-06-21T09:14:53","slug":"taydennyskoulutusohjelman-sisalto","status":"publish","type":"page","link":"https:\/\/blogi.eoppimispalvelut.fi\/lapistakasin\/taydennyskoulutusohjelman-sisalto\/","title":{"rendered":"T\u00e4ydennyskoulutusohjelman sis\u00e4lt\u00f6"},"content":{"rendered":"<p>&nbsp;<\/p>\n<p>Koulutusohjelma rakentuu kahdeksasta opintojaksosta, joiden sis\u00e4lt\u00f6jen kautta koulutukseen osallistujat kehitt\u00e4v\u00e4t omia tuotteitaan, palveluitaan ja osaamistaan siten, ett\u00e4 ne palvelevat my\u00f6s matkailualaa.<\/p>\n<p>15 opintopisteen kokonaisuuteen sis\u00e4ltyv\u00e4t seuraavat opintojaksot:<\/p>\n<p style=\"padding-left: 40px\"><strong>Tavoitekeskustelut ja henkil\u00f6kohtaisen opintopolun (HOPS) suunnittelu, 1op<\/strong><br \/>\nAjankohta: Syyskuu 2019, keskustelut jatkuvat koko koulutusohjelman ajan.<\/p>\n<p style=\"padding-left: 40px\"><strong>Lapista k\u00e4sin -aloitusseminaari, 1op<\/strong><br \/>\nAjankohta: 5.-6.10.2019 (la-su) \/ Pyh\u00e4.<\/p>\n<p style=\"padding-left: 40px\"><strong>Tarinalla, hyv\u00e4ll\u00e4 tuotteella ja erottuvalla br\u00e4ndill\u00e4 k\u00e4sity\u00f6matkailun k\u00e4rkeen, 2op<\/strong><br \/>\nAjankohta: 14.11.2019 luennot +ty\u00f6paja tarinallistamisesta, Tornio, Per\u00e4pohjolan opisto. (verkkomahdollisuus). Torstai 23.1. luennot +ty\u00f6paja tuotteistamisesta, Rovaniemi, Lapin yliopisto. Tarinallistamisty\u00f6paja lis\u00e4ksi Inarissa Saamelaisalueen koulutuskeskuksen tiloissa torstai 13.2.2020.<\/p>\n<p style=\"padding-left: 40px\"><strong>Kyll\u00e4h\u00e4n mie teen ja myyn, mutta mihin hintaan? K\u00e4sity\u00f6matkailutuotteen alihankinta, hinnoittelu ja rahoitus, 3op<\/strong><br \/>\nAjankohta: 25.-26.4.2020 Levi<\/p>\n<p style=\"padding-left: 40px\"><strong>Mulla on huipputuote mutta ti\u00e4ksie siit\u00e4 mitt\u00e4\u00e4n? K\u00e4sity\u00f6matkailutuotteen markkinointi ja myynti, 3op<\/strong><br \/>\nAjankohta: 15.5.2020 Rovaniemi<\/p>\n<p style=\"padding-left: 40px\"><strong>Kohti konkretiaa -testausty\u00f6paja, 2op<\/strong><\/p>\n<p style=\"padding-left: 40px\"><strong>Oman matkailupalvelun\/-tuotteen kehitt\u00e4misprojekti, 3op<\/strong><br \/>\nAjankohta: Koko koulutuksen ajan.<\/p>\n<p style=\"padding-left: 40px\"><strong>Lapista k\u00e4sin -hankkeen p\u00e4\u00e4t\u00f6sseminaari, opintopisteet sis\u00e4ltyv\u00e4t oman matkailupalvelun\/tuotteen kehitt\u00e4misprojektiin<\/strong><br \/>\nAjankohta: Loka-marraskuu 2020 (tarkempi ajankohta ilmoitetaan my\u00f6hemmin)<\/p>\n<p>&nbsp;<\/p>\n<p>Lis\u00e4tietoja sis\u00e4ll\u00f6ist\u00e4 saat laittamalla s\u00e4hk\u00f6postia Piia Kilpimaalle ja\/tai Outi Kugapille etunimi.sukunimi(at)ulapland.fi<\/p>\n<p>&nbsp;<\/p>\n<p>Edell\u00e4 kuvattujen kurssien lis\u00e4ksi koulutukseen kuuluu my\u00f6s opintomatka ns. valinnaisina opintoina yhdess\u00e4 valittuun kohteeseen joko Suomessa tai l\u00e4hialueella.<\/p>\n<p>Koulutuksen sis\u00e4ll\u00f6t toteutetaan joustavasti ja opiskelijal\u00e4ht\u00f6isesti eri puolilla Lappia. Osallistuminen on mahdollista et\u00e4yhteydell\u00e4. Koulutusohjelman opetusmenetelm\u00e4t ovat monimuotoisia, innovatiivisia ja osallistujien ammattitaitoa ja yrityksi\u00e4 kehitt\u00e4vi\u00e4. Oppimisteht\u00e4v\u00e4t r\u00e4\u00e4t\u00e4l\u00f6id\u00e4\u00e4n opiskelijoiden l\u00e4ht\u00f6kohtiin sopiviksi henkil\u00f6kohtaisissa tavoitekeskusteluissa. T\u00e4m\u00e4 edesauttaa opiskelijaa saamaan konkreettisen hy\u00f6dyn opinnoista sek\u00e4 tukee opiskelijan yrityst\u00e4 ja sen kehitt\u00e4mist\u00e4 matkailun n\u00e4k\u00f6kulmasta. Jokaisesta teemasta kuullaan my\u00f6s yritysasiantuntijoita, jotka ovat kehitt\u00e4neet omaa yrityst\u00e4\u00e4n erityisesti kulloinkin k\u00e4sitelt\u00e4v\u00e4n\u00e4 olevan teeman n\u00e4k\u00f6kulmasta.<\/p>\n<p>&nbsp;<\/p>\n<p><em>Pid\u00e4t\u00e4mme oikeudet aikataulu- ja sis\u00e4lt\u00f6muutoksiin.<\/em><\/p>\n","protected":false},"excerpt":{"rendered":"<p>&nbsp; Koulutusohjelma rakentuu kahdeksasta opintojaksosta, joiden sis\u00e4lt\u00f6jen kautta koulutukseen osallistujat kehitt\u00e4v\u00e4t omia tuotteitaan, palveluitaan ja osaamistaan siten, ett\u00e4 ne palvelevat my\u00f6s matkailualaa. 15 opintopisteen kokonaisuuteen sis\u00e4ltyv\u00e4t seuraavat opintojaksot: Tavoitekeskustelut ja henkil\u00f6kohtaisen opintopolun (HOPS) suunnittelu, 1op Ajankohta: Syyskuu 2019, keskustelut jatkuvat koko koulutusohjelman ajan. Lapista k\u00e4sin -aloitusseminaari, 1op Ajankohta: 5.-6.10.2019 (la-su) \/ Pyh\u00e4. Tarinalla, hyv\u00e4ll\u00e4 tuotteella &hellip; <\/p>\n<p><a class=\"more-link btn\" href=\"https:\/\/blogi.eoppimispalvelut.fi\/lapistakasin\/taydennyskoulutusohjelman-sisalto\/\">Jatka lukemista<\/a><\/p>\n","protected":false},"author":3256,"featured_media":0,"parent":0,"menu_order":0,"comment_status":"closed","ping_status":"closed","template":"","meta":{"footnotes":""},"class_list":["post-473","page","type-page","status-publish","hentry","nodate","item-wrap"],"_links":{"self":[{"href":"https:\/\/blogi.eoppimispalvelut.fi\/lapistakasin\/wp-json\/wp\/v2\/pages\/473","targetHints":{"allow":["GET"]}}],"collection":[{"href":"https:\/\/blogi.eoppimispalvelut.fi\/lapistakasin\/wp-json\/wp\/v2\/pages"}],"about":[{"href":"https:\/\/blogi.eoppimispalvelut.fi\/lapistakasin\/wp-json\/wp\/v2\/types\/page"}],"author":[{"embeddable":true,"href":"https:\/\/blogi.eoppimispalvelut.fi\/lapistakasin\/wp-json\/wp\/v2\/users\/3256"}],"replies":[{"embeddable":true,"href":"https:\/\/blogi.eoppimispalvelut.fi\/lapistakasin\/wp-json\/wp\/v2\/comments?post=473"}],"version-history":[{"count":18,"href":"https:\/\/blogi.eoppimispalvelut.fi\/lapistakasin\/wp-json\/wp\/v2\/pages\/473\/revisions"}],"predecessor-version":[{"id":1156,"href":"https:\/\/blogi.eoppimispalvelut.fi\/lapistakasin\/wp-json\/wp\/v2\/pages\/473\/revisions\/1156"}],"wp:attachment":[{"href":"https:\/\/blogi.eoppimispalvelut.fi\/lapistakasin\/wp-json\/wp\/v2\/media?parent=473"}],"curies":[{"name":"wp","href":"https:\/\/api.w.org\/{rel}","templated":true}]}}