
{"id":22,"date":"2025-01-22T13:59:01","date_gmt":"2025-01-22T11:59:01","guid":{"rendered":"https:\/\/blogi.eoppimispalvelut.fi\/laplandsecure\/?page_id=22"},"modified":"2025-02-03T12:43:55","modified_gmt":"2025-02-03T10:43:55","slug":"etusivu","status":"publish","type":"page","link":"https:\/\/blogi.eoppimispalvelut.fi\/laplandsecure\/","title":{"rendered":""},"content":{"rendered":"\n<div class=\"wp-block-group\"><div class=\"wp-block-group__inner-container is-layout-constrained wp-block-group-is-layout-constrained\">\n<h2 class=\"wp-block-heading has-text-align-center\"><strong> LaplandSecure<\/strong><\/h2>\n\n\n\n<p class=\"has-text-align-center\">LaplandSecure on luotettava kumppanisi turvallisuuden kaikilla osa-alueilla. Tarjoamme r\u00e4\u00e4t\u00e4l\u00f6ityj\u00e4 turvallisuusratkaisuja, jotka suojaavat kotisi, yrityksesi ja tapahtumasi \u2013 Lapin karun kauniissa, mutta haastavassa ymp\u00e4rist\u00f6ss\u00e4.<\/p>\n\n\n\n<p class=\"has-text-align-center\"><strong>Palvelumme:<\/strong> <\/p>\n\n\n\n<p class=\"has-text-align-center\"><strong>H\u00e4lytysj\u00e4rjestelm\u00e4t ja valvonta:<\/strong> Modernit ja helposti hallittavat teknologiat.<\/p>\n\n\n\n<p class=\"has-text-align-center\"><strong>Yritysturvallisuus:<\/strong> R\u00e4\u00e4t\u00e4l\u00f6ityj\u00e4 ratkaisuja yrityksesi tarpeisiin, olipa kyse valvonnasta, kulunvalvonnasta tai riskienhallinnasta.<\/p>\n\n\n\n<p class=\"has-text-align-center\"><strong>Henkil\u00f6st\u00f6palvelut:<\/strong> Koulutettu ja luotettava turvahenkil\u00f6st\u00f6 kaikkiin tilanteisiin.<\/p>\n\n\n\n<p class=\"has-text-align-center\"><strong>Henkil\u00f6st\u00f6koulutus:<\/strong> Henkil\u00f6kunnalle koulutusta erilaisiin riskitilanteisiin<\/p>\n\n\n\n<p class=\"has-text-align-center\"><strong>Miksi valita LaplandSecure?<\/strong><br>\ud83d\udca1 Paikallinen asiantuntemus<br>\ud83c\udf0d Kest\u00e4vi\u00e4 ratkaisuja Lapin erityisolosuhteisiin<br>\ud83d\udc65 Yst\u00e4v\u00e4llinen ja ammattitaitoinen palvelu<\/p>\n\n\n\n<p class=\"has-text-align-center\">\u201dPohjoinen pit\u00e4\u00e4 \u2013 joka p\u00e4iv\u00e4, joka hetki.\u201d<\/p>\n\n\n\n<p class=\"has-text-align-center\"><strong>Ota yhteytt\u00e4 jo t\u00e4n\u00e4\u00e4n ja anna meid\u00e4n suojata se, mik\u00e4 on sinulle t\u00e4rkeint\u00e4.<\/strong><\/p>\n<\/div><\/div>\n\n\n\n<p><\/p>\n","protected":false},"excerpt":{"rendered":"<p>LaplandSecure LaplandSecure on luotettava kumppanisi turvallisuuden kaikilla osa-alueilla. Tarjoamme r\u00e4\u00e4t\u00e4l\u00f6ityj\u00e4 turvallisuusratkaisuja, jotka suojaavat kotisi, yrityksesi ja tapahtumasi \u2013 Lapin karun<\/p>\n<div class=\"read-button read_more_btn_text\"><a class=\"read_more\" href=\"https:\/\/blogi.eoppimispalvelut.fi\/laplandsecure\/\">Read Now<span class=\"arrow_readm\"> &#x25BA;<\/span><\/a><\/div>\n","protected":false},"author":48408,"featured_media":0,"parent":0,"menu_order":0,"comment_status":"closed","ping_status":"closed","template":"","meta":{"footnotes":""},"class_list":["post-22","page","type-page","status-publish","hentry"],"_links":{"self":[{"href":"https:\/\/blogi.eoppimispalvelut.fi\/laplandsecure\/wp-json\/wp\/v2\/pages\/22","targetHints":{"allow":["GET"]}}],"collection":[{"href":"https:\/\/blogi.eoppimispalvelut.fi\/laplandsecure\/wp-json\/wp\/v2\/pages"}],"about":[{"href":"https:\/\/blogi.eoppimispalvelut.fi\/laplandsecure\/wp-json\/wp\/v2\/types\/page"}],"author":[{"embeddable":true,"href":"https:\/\/blogi.eoppimispalvelut.fi\/laplandsecure\/wp-json\/wp\/v2\/users\/48408"}],"replies":[{"embeddable":true,"href":"https:\/\/blogi.eoppimispalvelut.fi\/laplandsecure\/wp-json\/wp\/v2\/comments?post=22"}],"version-history":[{"count":15,"href":"https:\/\/blogi.eoppimispalvelut.fi\/laplandsecure\/wp-json\/wp\/v2\/pages\/22\/revisions"}],"predecessor-version":[{"id":169,"href":"https:\/\/blogi.eoppimispalvelut.fi\/laplandsecure\/wp-json\/wp\/v2\/pages\/22\/revisions\/169"}],"wp:attachment":[{"href":"https:\/\/blogi.eoppimispalvelut.fi\/laplandsecure\/wp-json\/wp\/v2\/media?parent=22"}],"curies":[{"name":"wp","href":"https:\/\/api.w.org\/{rel}","templated":true}]}}