
{"id":24,"date":"2025-01-22T13:55:59","date_gmt":"2025-01-22T11:55:59","guid":{"rendered":"https:\/\/blogi.eoppimispalvelut.fi\/laplandsecure\/?page_id=24"},"modified":"2025-02-26T11:05:24","modified_gmt":"2025-02-26T09:05:24","slug":"tuotteet-ja-palvelut","status":"publish","type":"page","link":"https:\/\/blogi.eoppimispalvelut.fi\/laplandsecure\/tuotteet-ja-palvelut\/","title":{"rendered":"Tuotteet ja palvelut"},"content":{"rendered":"\n<div class=\"wp-block-buttons is-layout-flex wp-block-buttons-is-layout-flex\">\n<div class=\"wp-block-button is-style-outline is-style-outline--1\"><a class=\"wp-block-button__link wp-element-button\" href=\"https:\/\/blogi.eoppimispalvelut.fi\/laplandsecure\/tuotepaketit\/\">Tuotepaketit<\/a><\/div>\n\n\n\n<div class=\"wp-block-button is-style-outline is-style-outline--2\"><a class=\"wp-block-button__link wp-element-button\" href=\"https:\/\/blogi.eoppimispalvelut.fi\/laplandsecure\/palvelut\/\">Palvelut<\/a><\/div>\n<\/div>\n\n\n\n<p><\/p>\n\n\n\n<p>Unohda perinteiset turvakameroiden j\u00e4rjestelm\u00e4t! Meid\u00e4n \u00e4lyk\u00e4s valvontateknologia tuo sinulle entist\u00e4 tarkempaa, reaaliaikaista suojaa. Olipa kyseess\u00e4 murto, tulipalo tai muu uhka me varmistamme, ett\u00e4 apu on aina l\u00e4hell\u00e4si.<\/p>\n\n\n\n<p>Palveluihimme kuuluu kaikkien mahdollisten varusteiden lis\u00e4ksi et\u00e4valvontaa ja s\u00e4\u00e4nn\u00f6llisi\u00e4 tarkastuksia, joten yrityksenne tuotteet ja tilat ovat aina turvassa.<\/p>\n\n\n\n<p><\/p>\n\n\n\n<p><\/p>\n\n\n\n<p><\/p>\n\n\n\n<p>&#8221;Pohjoinen pit\u00e4\u00e4 &#8211; joka p\u00e4iv\u00e4, joka hetki.&#8221;<\/p>\n\n\n\n<p><\/p>\n\n\n\n<p><em>Tuotekuvat eiv\u00e4t v\u00e4ltt\u00e4m\u00e4tt\u00e4 vastaa todellisuutta. Kysy rohkeasti, jos ep\u00e4r\u00f6it jotain. \ud83d\ude0a<\/em><\/p>\n\n\n\n<p><\/p>\n","protected":false},"excerpt":{"rendered":"<p>Unohda perinteiset turvakameroiden j\u00e4rjestelm\u00e4t! Meid\u00e4n \u00e4lyk\u00e4s valvontateknologia tuo sinulle entist\u00e4 tarkempaa, reaaliaikaista suojaa. Olipa kyseess\u00e4 murto, tulipalo tai muu uhka<\/p>\n<div class=\"read-button read_more_btn_text\"><a class=\"read_more\" href=\"https:\/\/blogi.eoppimispalvelut.fi\/laplandsecure\/tuotteet-ja-palvelut\/\">Read Now<span class=\"arrow_readm\"> &#x25BA;<\/span><\/a><\/div>\n","protected":false},"author":48408,"featured_media":0,"parent":0,"menu_order":0,"comment_status":"closed","ping_status":"closed","template":"","meta":{"footnotes":""},"class_list":["post-24","page","type-page","status-publish","hentry"],"_links":{"self":[{"href":"https:\/\/blogi.eoppimispalvelut.fi\/laplandsecure\/wp-json\/wp\/v2\/pages\/24","targetHints":{"allow":["GET"]}}],"collection":[{"href":"https:\/\/blogi.eoppimispalvelut.fi\/laplandsecure\/wp-json\/wp\/v2\/pages"}],"about":[{"href":"https:\/\/blogi.eoppimispalvelut.fi\/laplandsecure\/wp-json\/wp\/v2\/types\/page"}],"author":[{"embeddable":true,"href":"https:\/\/blogi.eoppimispalvelut.fi\/laplandsecure\/wp-json\/wp\/v2\/users\/48408"}],"replies":[{"embeddable":true,"href":"https:\/\/blogi.eoppimispalvelut.fi\/laplandsecure\/wp-json\/wp\/v2\/comments?post=24"}],"version-history":[{"count":10,"href":"https:\/\/blogi.eoppimispalvelut.fi\/laplandsecure\/wp-json\/wp\/v2\/pages\/24\/revisions"}],"predecessor-version":[{"id":447,"href":"https:\/\/blogi.eoppimispalvelut.fi\/laplandsecure\/wp-json\/wp\/v2\/pages\/24\/revisions\/447"}],"wp:attachment":[{"href":"https:\/\/blogi.eoppimispalvelut.fi\/laplandsecure\/wp-json\/wp\/v2\/media?parent=24"}],"curies":[{"name":"wp","href":"https:\/\/api.w.org\/{rel}","templated":true}]}}