
{"id":243,"date":"2025-02-03T13:54:16","date_gmt":"2025-02-03T11:54:16","guid":{"rendered":"https:\/\/blogi.eoppimispalvelut.fi\/laplandsecure\/?page_id=243"},"modified":"2025-02-26T10:23:32","modified_gmt":"2025-02-26T08:23:32","slug":"ea-koulutukset","status":"publish","type":"page","link":"https:\/\/blogi.eoppimispalvelut.fi\/laplandsecure\/ea-koulutukset\/","title":{"rendered":"EA-Koulutukset"},"content":{"rendered":"\n<h2 class=\"wp-block-heading\">EA-1 Koulutus<\/h2>\n\n\n\n<p>Sis\u00e4lt\u00e4\u00e4 8 tunnin mittaisen ensi-apu 1 koulutuksen<\/p>\n\n\n\n<p>Hinta: 339,00\u20ac<\/p>\n\n\n\n<h2 class=\"wp-block-heading\">EA-2 Koulutus<\/h2>\n\n\n\n<p>Sis\u00e4lt\u00e4\u00e4 8 tunnin mittaisen ensi-apu 2 koulutuksen<\/p>\n\n\n\n<p>Hinta: 339,00\u20ac<\/p>\n","protected":false},"excerpt":{"rendered":"<p>EA-1 Koulutus Sis\u00e4lt\u00e4\u00e4 8 tunnin mittaisen ensi-apu 1 koulutuksen Hinta: 339,00\u20ac EA-2 Koulutus Sis\u00e4lt\u00e4\u00e4 8 tunnin mittaisen ensi-apu 2 koulutuksen<\/p>\n<div class=\"read-button read_more_btn_text\"><a class=\"read_more\" href=\"https:\/\/blogi.eoppimispalvelut.fi\/laplandsecure\/ea-koulutukset\/\">Read Now<span class=\"arrow_readm\"> &#x25BA;<\/span><\/a><\/div>\n","protected":false},"author":48408,"featured_media":0,"parent":0,"menu_order":0,"comment_status":"closed","ping_status":"closed","template":"","meta":{"footnotes":""},"class_list":["post-243","page","type-page","status-publish","hentry"],"_links":{"self":[{"href":"https:\/\/blogi.eoppimispalvelut.fi\/laplandsecure\/wp-json\/wp\/v2\/pages\/243","targetHints":{"allow":["GET"]}}],"collection":[{"href":"https:\/\/blogi.eoppimispalvelut.fi\/laplandsecure\/wp-json\/wp\/v2\/pages"}],"about":[{"href":"https:\/\/blogi.eoppimispalvelut.fi\/laplandsecure\/wp-json\/wp\/v2\/types\/page"}],"author":[{"embeddable":true,"href":"https:\/\/blogi.eoppimispalvelut.fi\/laplandsecure\/wp-json\/wp\/v2\/users\/48408"}],"replies":[{"embeddable":true,"href":"https:\/\/blogi.eoppimispalvelut.fi\/laplandsecure\/wp-json\/wp\/v2\/comments?post=243"}],"version-history":[{"count":3,"href":"https:\/\/blogi.eoppimispalvelut.fi\/laplandsecure\/wp-json\/wp\/v2\/pages\/243\/revisions"}],"predecessor-version":[{"id":432,"href":"https:\/\/blogi.eoppimispalvelut.fi\/laplandsecure\/wp-json\/wp\/v2\/pages\/243\/revisions\/432"}],"wp:attachment":[{"href":"https:\/\/blogi.eoppimispalvelut.fi\/laplandsecure\/wp-json\/wp\/v2\/media?parent=243"}],"curies":[{"name":"wp","href":"https:\/\/api.w.org\/{rel}","templated":true}]}}