
{"id":253,"date":"2025-02-03T13:55:48","date_gmt":"2025-02-03T11:55:48","guid":{"rendered":"https:\/\/blogi.eoppimispalvelut.fi\/laplandsecure\/?page_id=253"},"modified":"2025-02-26T10:23:51","modified_gmt":"2025-02-26T08:23:51","slug":"riskianalyysi","status":"publish","type":"page","link":"https:\/\/blogi.eoppimispalvelut.fi\/laplandsecure\/riskianalyysi\/","title":{"rendered":"Riskianalyysi"},"content":{"rendered":"\n<p>Sis\u00e4lt\u00e4\u00e4:<\/p>\n\n\n\n<ul class=\"wp-block-list\">\n<li>Riskien tunnistaminen&nbsp;\u2013 Mahdolliset vaaratilanteet ja uhkat. <\/li>\n\n\n\n<li>Riskien arviointi&nbsp;\u2013 Riskin todenn\u00e4k\u00f6isyys ja vaikutukset. <\/li>\n\n\n\n<li>Riskien priorisointi&nbsp;\u2013 Mitk\u00e4 riskit ovat kriittisimpi\u00e4 ja vaativat eniten huomiota. <\/li>\n\n\n\n<li>Riskien hallintakeinot&nbsp;\u2013 Toimenpiteet riskien v\u00e4hent\u00e4miseksi tai niiden hallitsemiseksi. <\/li>\n\n\n\n<li>Seuranta ja p\u00e4ivitys&nbsp;\u2013 Riskien jatkuva seuranta ja suunnitelman p\u00e4ivitt\u00e4minen.<\/li>\n<\/ul>\n\n\n\n<p>Hinta: 219,00\u20ac<\/p>\n\n\n\n<p><\/p>\n","protected":false},"excerpt":{"rendered":"<p>Sis\u00e4lt\u00e4\u00e4: Hinta: 219,00\u20ac<\/p>\n","protected":false},"author":48408,"featured_media":0,"parent":0,"menu_order":0,"comment_status":"closed","ping_status":"closed","template":"","meta":{"footnotes":""},"class_list":["post-253","page","type-page","status-publish","hentry"],"_links":{"self":[{"href":"https:\/\/blogi.eoppimispalvelut.fi\/laplandsecure\/wp-json\/wp\/v2\/pages\/253","targetHints":{"allow":["GET"]}}],"collection":[{"href":"https:\/\/blogi.eoppimispalvelut.fi\/laplandsecure\/wp-json\/wp\/v2\/pages"}],"about":[{"href":"https:\/\/blogi.eoppimispalvelut.fi\/laplandsecure\/wp-json\/wp\/v2\/types\/page"}],"author":[{"embeddable":true,"href":"https:\/\/blogi.eoppimispalvelut.fi\/laplandsecure\/wp-json\/wp\/v2\/users\/48408"}],"replies":[{"embeddable":true,"href":"https:\/\/blogi.eoppimispalvelut.fi\/laplandsecure\/wp-json\/wp\/v2\/comments?post=253"}],"version-history":[{"count":3,"href":"https:\/\/blogi.eoppimispalvelut.fi\/laplandsecure\/wp-json\/wp\/v2\/pages\/253\/revisions"}],"predecessor-version":[{"id":433,"href":"https:\/\/blogi.eoppimispalvelut.fi\/laplandsecure\/wp-json\/wp\/v2\/pages\/253\/revisions\/433"}],"wp:attachment":[{"href":"https:\/\/blogi.eoppimispalvelut.fi\/laplandsecure\/wp-json\/wp\/v2\/media?parent=253"}],"curies":[{"name":"wp","href":"https:\/\/api.w.org\/{rel}","templated":true}]}}