
{"id":26,"date":"2025-01-22T13:56:13","date_gmt":"2025-01-22T11:56:13","guid":{"rendered":"https:\/\/blogi.eoppimispalvelut.fi\/laplandsecure\/?page_id=26"},"modified":"2025-01-29T10:40:23","modified_gmt":"2025-01-29T08:40:23","slug":"ota-yhteytta","status":"publish","type":"page","link":"https:\/\/blogi.eoppimispalvelut.fi\/laplandsecure\/ota-yhteytta\/","title":{"rendered":"Ota yhteytt\u00e4"},"content":{"rendered":"\n<p>Arkisin meid\u00e4t tavoittaa niin puhelimitse kuin s\u00e4hk\u00f6postillakin. Voit my\u00f6s laittaa meille viesti\u00e4 lomakkeen kautta! <\/p>\n\n\n\n<p>Puhelinnumero: 0505678321<\/p>\n\n\n\n<p>S\u00e4hk\u00f6posti: laplandsecure@gmail.com<\/p>\n\n\n\n<p>Ota yhteytt\u00e4 matalalla kynnyksell\u00e4 ja kysy tarjousta!<\/p>\n","protected":false},"excerpt":{"rendered":"<p>Arkisin meid\u00e4t tavoittaa niin puhelimitse kuin s\u00e4hk\u00f6postillakin. Voit my\u00f6s laittaa meille viesti\u00e4 lomakkeen kautta! Puhelinnumero: 0505678321 S\u00e4hk\u00f6posti: laplandsecure@gmail.com Ota yhteytt\u00e4<\/p>\n<div class=\"read-button read_more_btn_text\"><a class=\"read_more\" href=\"https:\/\/blogi.eoppimispalvelut.fi\/laplandsecure\/ota-yhteytta\/\">Read Now<span class=\"arrow_readm\"> &#x25BA;<\/span><\/a><\/div>\n","protected":false},"author":48408,"featured_media":0,"parent":0,"menu_order":0,"comment_status":"closed","ping_status":"closed","template":"","meta":{"footnotes":""},"class_list":["post-26","page","type-page","status-publish","hentry"],"_links":{"self":[{"href":"https:\/\/blogi.eoppimispalvelut.fi\/laplandsecure\/wp-json\/wp\/v2\/pages\/26","targetHints":{"allow":["GET"]}}],"collection":[{"href":"https:\/\/blogi.eoppimispalvelut.fi\/laplandsecure\/wp-json\/wp\/v2\/pages"}],"about":[{"href":"https:\/\/blogi.eoppimispalvelut.fi\/laplandsecure\/wp-json\/wp\/v2\/types\/page"}],"author":[{"embeddable":true,"href":"https:\/\/blogi.eoppimispalvelut.fi\/laplandsecure\/wp-json\/wp\/v2\/users\/48408"}],"replies":[{"embeddable":true,"href":"https:\/\/blogi.eoppimispalvelut.fi\/laplandsecure\/wp-json\/wp\/v2\/comments?post=26"}],"version-history":[{"count":3,"href":"https:\/\/blogi.eoppimispalvelut.fi\/laplandsecure\/wp-json\/wp\/v2\/pages\/26\/revisions"}],"predecessor-version":[{"id":140,"href":"https:\/\/blogi.eoppimispalvelut.fi\/laplandsecure\/wp-json\/wp\/v2\/pages\/26\/revisions\/140"}],"wp:attachment":[{"href":"https:\/\/blogi.eoppimispalvelut.fi\/laplandsecure\/wp-json\/wp\/v2\/media?parent=26"}],"curies":[{"name":"wp","href":"https:\/\/api.w.org\/{rel}","templated":true}]}}