
{"id":272,"date":"2025-02-19T12:27:18","date_gmt":"2025-02-19T10:27:18","guid":{"rendered":"https:\/\/blogi.eoppimispalvelut.fi\/laplandsecure\/?page_id=272"},"modified":"2025-02-26T10:53:20","modified_gmt":"2025-02-26T08:53:20","slug":"tason-1-turvapaketti","status":"publish","type":"page","link":"https:\/\/blogi.eoppimispalvelut.fi\/laplandsecure\/tason-1-turvapaketti\/","title":{"rendered":"Tason 1 Turvapaketti"},"content":{"rendered":"\n<div class=\"wp-block-columns is-layout-flex wp-container-core-columns-is-layout-9d6595d7 wp-block-columns-is-layout-flex\">\n<div class=\"wp-block-column is-layout-flow wp-block-column-is-layout-flow\" style=\"flex-basis:66.66%\">\n<p>Sis\u00e4lt\u00e4\u00e4:<\/p>\n\n\n\n<ul class=\"wp-block-list\">\n<li>2 Tb Kovalevy<\/li>\n\n\n\n<li>22 in TFT-monitori<\/li>\n\n\n\n<li>Keskusyksikk\u00f6<\/li>\n\n\n\n<li>2 kpl Turvakamera sis\u00e4k\u00e4ytt\u00f6\u00f6n<\/li>\n\n\n\n<li>Turvakamera ulkok\u00e4ytt\u00f6\u00f6n<\/li>\n<\/ul>\n\n\n\n<p>Hinta alk.: 449,00\u20ac\/kk<\/p>\n<\/div>\n\n\n\n<div class=\"wp-block-column is-layout-flow wp-block-column-is-layout-flow\" style=\"flex-basis:33.33%\">\n<figure class=\"wp-block-image size-full\"><img loading=\"lazy\" decoding=\"async\" width=\"1024\" height=\"1024\" src=\"https:\/\/blogi.eoppimispalvelut.fi\/laplandsecure\/files\/2025\/02\/Tason-1-turvapaketti.jpg\" alt=\"\" class=\"wp-image-376\" srcset=\"https:\/\/blogi.eoppimispalvelut.fi\/laplandsecure\/files\/2025\/02\/Tason-1-turvapaketti.jpg 1024w, https:\/\/blogi.eoppimispalvelut.fi\/laplandsecure\/files\/2025\/02\/Tason-1-turvapaketti-900x900.jpg 900w, https:\/\/blogi.eoppimispalvelut.fi\/laplandsecure\/files\/2025\/02\/Tason-1-turvapaketti-120x120.jpg 120w, https:\/\/blogi.eoppimispalvelut.fi\/laplandsecure\/files\/2025\/02\/Tason-1-turvapaketti-768x768.jpg 768w, https:\/\/blogi.eoppimispalvelut.fi\/laplandsecure\/files\/2025\/02\/Tason-1-turvapaketti-162x162.jpg 162w\" sizes=\"auto, (max-width: 1024px) 100vw, 1024px\" \/><\/figure>\n<\/div>\n<\/div>\n\n\n\n<p><\/p>\n","protected":false},"excerpt":{"rendered":"<p>Sis\u00e4lt\u00e4\u00e4: Hinta alk.: 449,00\u20ac\/kk<\/p>\n","protected":false},"author":48408,"featured_media":0,"parent":0,"menu_order":0,"comment_status":"closed","ping_status":"closed","template":"","meta":{"footnotes":""},"class_list":["post-272","page","type-page","status-publish","hentry"],"_links":{"self":[{"href":"https:\/\/blogi.eoppimispalvelut.fi\/laplandsecure\/wp-json\/wp\/v2\/pages\/272","targetHints":{"allow":["GET"]}}],"collection":[{"href":"https:\/\/blogi.eoppimispalvelut.fi\/laplandsecure\/wp-json\/wp\/v2\/pages"}],"about":[{"href":"https:\/\/blogi.eoppimispalvelut.fi\/laplandsecure\/wp-json\/wp\/v2\/types\/page"}],"author":[{"embeddable":true,"href":"https:\/\/blogi.eoppimispalvelut.fi\/laplandsecure\/wp-json\/wp\/v2\/users\/48408"}],"replies":[{"embeddable":true,"href":"https:\/\/blogi.eoppimispalvelut.fi\/laplandsecure\/wp-json\/wp\/v2\/comments?post=272"}],"version-history":[{"count":8,"href":"https:\/\/blogi.eoppimispalvelut.fi\/laplandsecure\/wp-json\/wp\/v2\/pages\/272\/revisions"}],"predecessor-version":[{"id":439,"href":"https:\/\/blogi.eoppimispalvelut.fi\/laplandsecure\/wp-json\/wp\/v2\/pages\/272\/revisions\/439"}],"wp:attachment":[{"href":"https:\/\/blogi.eoppimispalvelut.fi\/laplandsecure\/wp-json\/wp\/v2\/media?parent=272"}],"curies":[{"name":"wp","href":"https:\/\/api.w.org\/{rel}","templated":true}]}}