
{"id":274,"date":"2025-02-19T12:28:50","date_gmt":"2025-02-19T10:28:50","guid":{"rendered":"https:\/\/blogi.eoppimispalvelut.fi\/laplandsecure\/?page_id=274"},"modified":"2025-02-26T10:55:51","modified_gmt":"2025-02-26T08:55:51","slug":"tason-2-turvapaketti","status":"publish","type":"page","link":"https:\/\/blogi.eoppimispalvelut.fi\/laplandsecure\/tason-2-turvapaketti\/","title":{"rendered":"Tason 2 Turvapaketti"},"content":{"rendered":"\n<div class=\"wp-block-columns is-layout-flex wp-container-core-columns-is-layout-9d6595d7 wp-block-columns-is-layout-flex\">\n<div class=\"wp-block-column is-layout-flow wp-block-column-is-layout-flow\">\n<p>Sis\u00e4lt\u00f6:<\/p>\n\n\n\n<ul class=\"wp-block-list\">\n<li>2Tb Kovalevy<\/li>\n\n\n\n<li>22 in TFT-monitori<\/li>\n\n\n\n<li>Keskusyksikk\u00f6<\/li>\n\n\n\n<li>2 kpl Turvakamera sis\u00e4k\u00e4ytt\u00f6\u00f6n<\/li>\n\n\n\n<li>Turvakamera ulkok\u00e4ytt\u00f6\u00f6n<\/li>\n\n\n\n<li>Liiketunnistin<\/li>\n\n\n\n<li>Kulkukortti<\/li>\n\n\n\n<li>Kulunvalvontalaite<\/li>\n\n\n\n<li>Yale Doorman \u00e4lylukko<\/li>\n<\/ul>\n\n\n\n<p>Hinta alk.: 899,00\u20ac\/kk<\/p>\n<\/div>\n\n\n\n<div class=\"wp-block-column is-layout-flow wp-block-column-is-layout-flow\"><div class=\"wp-block-image\">\n<figure class=\"aligncenter size-full\"><img loading=\"lazy\" decoding=\"async\" width=\"1120\" height=\"1120\" src=\"https:\/\/blogi.eoppimispalvelut.fi\/laplandsecure\/files\/2025\/02\/Create-a-product-image-featuring-a-hard-drive-monitor-central-processing-unit-three-surveillance-cameras-motion-detector-access-control-device-access-card-and-smart-lock.jpg\" alt=\"\" class=\"wp-image-399\" srcset=\"https:\/\/blogi.eoppimispalvelut.fi\/laplandsecure\/files\/2025\/02\/Create-a-product-image-featuring-a-hard-drive-monitor-central-processing-unit-three-surveillance-cameras-motion-detector-access-control-device-access-card-and-smart-lock.jpg 1120w, https:\/\/blogi.eoppimispalvelut.fi\/laplandsecure\/files\/2025\/02\/Create-a-product-image-featuring-a-hard-drive-monitor-central-processing-unit-three-surveillance-cameras-motion-detector-access-control-device-access-card-and-smart-lock-900x900.jpg 900w, https:\/\/blogi.eoppimispalvelut.fi\/laplandsecure\/files\/2025\/02\/Create-a-product-image-featuring-a-hard-drive-monitor-central-processing-unit-three-surveillance-cameras-motion-detector-access-control-device-access-card-and-smart-lock-120x120.jpg 120w, https:\/\/blogi.eoppimispalvelut.fi\/laplandsecure\/files\/2025\/02\/Create-a-product-image-featuring-a-hard-drive-monitor-central-processing-unit-three-surveillance-cameras-motion-detector-access-control-device-access-card-and-smart-lock-768x768.jpg 768w, https:\/\/blogi.eoppimispalvelut.fi\/laplandsecure\/files\/2025\/02\/Create-a-product-image-featuring-a-hard-drive-monitor-central-processing-unit-three-surveillance-cameras-motion-detector-access-control-device-access-card-and-smart-lock-162x162.jpg 162w\" sizes=\"auto, (max-width: 1120px) 100vw, 1120px\" \/><\/figure>\n<\/div><\/div>\n<\/div>\n","protected":false},"excerpt":{"rendered":"<p>Sis\u00e4lt\u00f6: Hinta alk.: 899,00\u20ac\/kk<\/p>\n","protected":false},"author":48408,"featured_media":0,"parent":0,"menu_order":0,"comment_status":"closed","ping_status":"closed","template":"","meta":{"footnotes":""},"class_list":["post-274","page","type-page","status-publish","hentry"],"_links":{"self":[{"href":"https:\/\/blogi.eoppimispalvelut.fi\/laplandsecure\/wp-json\/wp\/v2\/pages\/274","targetHints":{"allow":["GET"]}}],"collection":[{"href":"https:\/\/blogi.eoppimispalvelut.fi\/laplandsecure\/wp-json\/wp\/v2\/pages"}],"about":[{"href":"https:\/\/blogi.eoppimispalvelut.fi\/laplandsecure\/wp-json\/wp\/v2\/types\/page"}],"author":[{"embeddable":true,"href":"https:\/\/blogi.eoppimispalvelut.fi\/laplandsecure\/wp-json\/wp\/v2\/users\/48408"}],"replies":[{"embeddable":true,"href":"https:\/\/blogi.eoppimispalvelut.fi\/laplandsecure\/wp-json\/wp\/v2\/comments?post=274"}],"version-history":[{"count":10,"href":"https:\/\/blogi.eoppimispalvelut.fi\/laplandsecure\/wp-json\/wp\/v2\/pages\/274\/revisions"}],"predecessor-version":[{"id":440,"href":"https:\/\/blogi.eoppimispalvelut.fi\/laplandsecure\/wp-json\/wp\/v2\/pages\/274\/revisions\/440"}],"wp:attachment":[{"href":"https:\/\/blogi.eoppimispalvelut.fi\/laplandsecure\/wp-json\/wp\/v2\/media?parent=274"}],"curies":[{"name":"wp","href":"https:\/\/api.w.org\/{rel}","templated":true}]}}