
{"id":277,"date":"2025-02-19T12:30:49","date_gmt":"2025-02-19T10:30:49","guid":{"rendered":"https:\/\/blogi.eoppimispalvelut.fi\/laplandsecure\/?page_id=277"},"modified":"2025-02-26T10:52:11","modified_gmt":"2025-02-26T08:52:11","slug":"tason-3-turvapaketti","status":"publish","type":"page","link":"https:\/\/blogi.eoppimispalvelut.fi\/laplandsecure\/tason-3-turvapaketti\/","title":{"rendered":"Tason 3 Turvapaketti"},"content":{"rendered":"\n<div class=\"wp-block-columns is-layout-flex wp-container-core-columns-is-layout-9d6595d7 wp-block-columns-is-layout-flex\">\n<div class=\"wp-block-column is-layout-flow wp-block-column-is-layout-flow\">\n<p>Sis\u00e4lt\u00f6:<\/p>\n\n\n\n<ul class=\"wp-block-list\">\n<li>2 kp 22 in TFT-monitori<\/li>\n\n\n\n<li>2 kpl Keskusyksikk\u00f6<\/li>\n\n\n\n<li>4 kpl Turvakamera sis\u00e4k\u00e4ytt\u00f6\u00f6n<\/li>\n\n\n\n<li>2 kpl Turvakamera ulkok\u00e4ytt\u00f6\u00f6n<\/li>\n\n\n\n<li>2 kpl Liiketunnistin<\/li>\n\n\n\n<li>Ovipuhelin<\/li>\n\n\n\n<li>2 kpl H\u00e4t\u00e4tie kyltti 200x80mm<\/li>\n\n\n\n<li>Poistumisreitti kyltti<\/li>\n\n\n\n<li>Alueella tallentava (tarra)<\/li>\n\n\n\n<li>Kulkukortti (tarpeen mukaan)<\/li>\n\n\n\n<li>Kulunvalvontalaite<\/li>\n\n\n\n<li>Yale Doorman \u00c4lylukko<\/li>\n\n\n\n<li>Yleisavain lukkoon<\/li>\n\n\n\n<li>HHL-Rikosilmoitusj\u00e4rjestelm\u00e4<\/li>\n\n\n\n<li>Murtoh\u00e4lytin (oveen)<\/li>\n<\/ul>\n\n\n\n<p>Hinta alk.: 1699,00\u20ac\/kk<\/p>\n<\/div>\n\n\n\n<div class=\"wp-block-column is-layout-flow wp-block-column-is-layout-flow\"><div class=\"wp-block-image\">\n<figure class=\"aligncenter size-large\"><img loading=\"lazy\" decoding=\"async\" width=\"1280\" height=\"723\" src=\"https:\/\/blogi.eoppimispalvelut.fi\/laplandsecure\/files\/2025\/02\/Taso-3-1280x723.jpg\" alt=\"\" class=\"wp-image-401\" srcset=\"https:\/\/blogi.eoppimispalvelut.fi\/laplandsecure\/files\/2025\/02\/Taso-3-1280x723.jpg 1280w, https:\/\/blogi.eoppimispalvelut.fi\/laplandsecure\/files\/2025\/02\/Taso-3-900x509.jpg 900w, https:\/\/blogi.eoppimispalvelut.fi\/laplandsecure\/files\/2025\/02\/Taso-3-768x434.jpg 768w, https:\/\/blogi.eoppimispalvelut.fi\/laplandsecure\/files\/2025\/02\/Taso-3-262x148.jpg 262w, https:\/\/blogi.eoppimispalvelut.fi\/laplandsecure\/files\/2025\/02\/Taso-3.jpg 1472w\" sizes=\"auto, (max-width: 1280px) 100vw, 1280px\" \/><\/figure>\n<\/div><\/div>\n<\/div>\n","protected":false},"excerpt":{"rendered":"<p>Sis\u00e4lt\u00f6: Hinta alk.: 1699,00\u20ac\/kk<\/p>\n","protected":false},"author":48408,"featured_media":0,"parent":0,"menu_order":0,"comment_status":"closed","ping_status":"closed","template":"","meta":{"footnotes":""},"class_list":["post-277","page","type-page","status-publish","hentry"],"_links":{"self":[{"href":"https:\/\/blogi.eoppimispalvelut.fi\/laplandsecure\/wp-json\/wp\/v2\/pages\/277","targetHints":{"allow":["GET"]}}],"collection":[{"href":"https:\/\/blogi.eoppimispalvelut.fi\/laplandsecure\/wp-json\/wp\/v2\/pages"}],"about":[{"href":"https:\/\/blogi.eoppimispalvelut.fi\/laplandsecure\/wp-json\/wp\/v2\/types\/page"}],"author":[{"embeddable":true,"href":"https:\/\/blogi.eoppimispalvelut.fi\/laplandsecure\/wp-json\/wp\/v2\/users\/48408"}],"replies":[{"embeddable":true,"href":"https:\/\/blogi.eoppimispalvelut.fi\/laplandsecure\/wp-json\/wp\/v2\/comments?post=277"}],"version-history":[{"count":7,"href":"https:\/\/blogi.eoppimispalvelut.fi\/laplandsecure\/wp-json\/wp\/v2\/pages\/277\/revisions"}],"predecessor-version":[{"id":438,"href":"https:\/\/blogi.eoppimispalvelut.fi\/laplandsecure\/wp-json\/wp\/v2\/pages\/277\/revisions\/438"}],"wp:attachment":[{"href":"https:\/\/blogi.eoppimispalvelut.fi\/laplandsecure\/wp-json\/wp\/v2\/media?parent=277"}],"curies":[{"name":"wp","href":"https:\/\/api.w.org\/{rel}","templated":true}]}}