
{"id":29,"date":"2025-01-22T13:56:21","date_gmt":"2025-01-22T11:56:21","guid":{"rendered":"https:\/\/blogi.eoppimispalvelut.fi\/laplandsecure\/?page_id=29"},"modified":"2025-02-20T11:13:06","modified_gmt":"2025-02-20T09:13:06","slug":"meista","status":"publish","type":"page","link":"https:\/\/blogi.eoppimispalvelut.fi\/laplandsecure\/meista\/","title":{"rendered":"Meist\u00e4"},"content":{"rendered":"\n<p><\/p>\n\n\n\n<p>LaplandSecure on 2025 perustettu vartiointi- ja turvallisuusalan yritys. Yrityksemme toimii Napalaaksossa.<\/p>\n\n\n\n<p>Olemme yksi Lapin luotettavimmista turvallisuusalan yrityksist\u00e4, jonka asiakkaat arvostavat korkeatasoisia palveluja. Meilt\u00e4 saat asiantuntevaa ja luotettavaa palvelua, ja asiakastyytyv\u00e4isyys on meille t\u00e4rkeint\u00e4.<\/p>\n\n\n\n<figure class=\"wp-block-image size-large\"><img loading=\"lazy\" decoding=\"async\" width=\"1280\" height=\"854\" src=\"https:\/\/blogi.eoppimispalvelut.fi\/laplandsecure\/files\/2025\/01\/1-1280x854.png\" alt=\"\" class=\"wp-image-106\" srcset=\"https:\/\/blogi.eoppimispalvelut.fi\/laplandsecure\/files\/2025\/01\/1-1280x854.png 1280w, https:\/\/blogi.eoppimispalvelut.fi\/laplandsecure\/files\/2025\/01\/1-900x600.png 900w, https:\/\/blogi.eoppimispalvelut.fi\/laplandsecure\/files\/2025\/01\/1-768x512.png 768w, https:\/\/blogi.eoppimispalvelut.fi\/laplandsecure\/files\/2025\/01\/1-1536x1024.png 1536w, https:\/\/blogi.eoppimispalvelut.fi\/laplandsecure\/files\/2025\/01\/1-2048x1366.png 2048w, https:\/\/blogi.eoppimispalvelut.fi\/laplandsecure\/files\/2025\/01\/1-243x162.png 243w\" sizes=\"auto, (max-width: 1280px) 100vw, 1280px\" \/><\/figure>\n\n\n\n<h2 class=\"wp-block-heading\">Henkil\u00f6st\u00f6<\/h2>\n\n\n\n<p><strong>Milla Siira: <\/strong>toimitusjohtaja, osakas, hankintatiimi<\/p>\n\n\n\n<p><strong>Oula H\u00e4m\u00e4l\u00e4inen:<\/strong> hallituksen puheenjohtaja, osakas ja myynti &amp; markkinointi<\/p>\n\n\n\n<p><strong>Eemeli Moilanen:<\/strong> hallituksen j\u00e4sen, osakas, myynti &amp; markkinointi<\/p>\n\n\n\n<p><strong>Sam Dalili: <\/strong>hallituksen j\u00e4sen, osakas, myynti &amp; markkinointi<\/p>\n\n\n\n<p><strong>Eeva Illikainen:<\/strong> hallituksen j\u00e4sen, osakas, hankintatiimi<\/p>\n\n\n\n<p><strong>Oliver Simoanho:<\/strong> hallituksen j\u00e4sen, osakas, taloushallinto<\/p>\n\n\n\n<p><strong>Emma Lepp\u00e4lehti:<\/strong> osakas, ty\u00f6ntekij\u00e4, taloushallinto<\/p>\n\n\n\n<p><strong>Sanna S\u00e4rkel\u00e4:<\/strong> osakas, ty\u00f6ntekij\u00e4, taloushallinto<\/p>\n\n\n\n<figure class=\"wp-block-gallery has-nested-images columns-default is-cropped wp-block-gallery-1 is-layout-flex wp-block-gallery-is-layout-flex\">\n<figure class=\"wp-block-image size-large\"><img loading=\"lazy\" decoding=\"async\" width=\"1280\" height=\"717\" data-id=\"225\" src=\"https:\/\/blogi.eoppimispalvelut.fi\/laplandsecure\/files\/2025\/02\/ai-generated-8990242_1280.jpg\" alt=\"\" class=\"wp-image-225\" srcset=\"https:\/\/blogi.eoppimispalvelut.fi\/laplandsecure\/files\/2025\/02\/ai-generated-8990242_1280.jpg 1280w, https:\/\/blogi.eoppimispalvelut.fi\/laplandsecure\/files\/2025\/02\/ai-generated-8990242_1280-900x504.jpg 900w, https:\/\/blogi.eoppimispalvelut.fi\/laplandsecure\/files\/2025\/02\/ai-generated-8990242_1280-768x430.jpg 768w, https:\/\/blogi.eoppimispalvelut.fi\/laplandsecure\/files\/2025\/02\/ai-generated-8990242_1280-262x147.jpg 262w\" sizes=\"auto, (max-width: 1280px) 100vw, 1280px\" \/><\/figure>\n<\/figure>\n","protected":false},"excerpt":{"rendered":"<p>LaplandSecure on 2025 perustettu vartiointi- ja turvallisuusalan yritys. Yrityksemme toimii Napalaaksossa. Olemme yksi Lapin luotettavimmista turvallisuusalan yrityksist\u00e4, jonka asiakkaat arvostavat<\/p>\n<div class=\"read-button read_more_btn_text\"><a class=\"read_more\" href=\"https:\/\/blogi.eoppimispalvelut.fi\/laplandsecure\/meista\/\">Read Now<span class=\"arrow_readm\"> &#x25BA;<\/span><\/a><\/div>\n","protected":false},"author":48408,"featured_media":0,"parent":0,"menu_order":0,"comment_status":"closed","ping_status":"closed","template":"","meta":{"footnotes":""},"class_list":["post-29","page","type-page","status-publish","hentry"],"_links":{"self":[{"href":"https:\/\/blogi.eoppimispalvelut.fi\/laplandsecure\/wp-json\/wp\/v2\/pages\/29","targetHints":{"allow":["GET"]}}],"collection":[{"href":"https:\/\/blogi.eoppimispalvelut.fi\/laplandsecure\/wp-json\/wp\/v2\/pages"}],"about":[{"href":"https:\/\/blogi.eoppimispalvelut.fi\/laplandsecure\/wp-json\/wp\/v2\/types\/page"}],"author":[{"embeddable":true,"href":"https:\/\/blogi.eoppimispalvelut.fi\/laplandsecure\/wp-json\/wp\/v2\/users\/48408"}],"replies":[{"embeddable":true,"href":"https:\/\/blogi.eoppimispalvelut.fi\/laplandsecure\/wp-json\/wp\/v2\/comments?post=29"}],"version-history":[{"count":12,"href":"https:\/\/blogi.eoppimispalvelut.fi\/laplandsecure\/wp-json\/wp\/v2\/pages\/29\/revisions"}],"predecessor-version":[{"id":359,"href":"https:\/\/blogi.eoppimispalvelut.fi\/laplandsecure\/wp-json\/wp\/v2\/pages\/29\/revisions\/359"}],"wp:attachment":[{"href":"https:\/\/blogi.eoppimispalvelut.fi\/laplandsecure\/wp-json\/wp\/v2\/media?parent=29"}],"curies":[{"name":"wp","href":"https:\/\/api.w.org\/{rel}","templated":true}]}}