
{"id":305,"date":"2025-02-19T12:54:31","date_gmt":"2025-02-19T10:54:31","guid":{"rendered":"https:\/\/blogi.eoppimispalvelut.fi\/laplandsecure\/?page_id=305"},"modified":"2025-04-29T10:38:46","modified_gmt":"2025-04-29T07:38:46","slug":"paloturva-2","status":"publish","type":"page","link":"https:\/\/blogi.eoppimispalvelut.fi\/laplandsecure\/paloturva-2\/","title":{"rendered":"Paloturva 2"},"content":{"rendered":"\n<div class=\"wp-block-columns is-layout-flex wp-container-core-columns-is-layout-9d6595d7 wp-block-columns-is-layout-flex\">\n<div class=\"wp-block-column is-layout-flow wp-block-column-is-layout-flow\">\n<p>Sis\u00e4lt\u00f6:<\/p>\n\n\n\n<ul class=\"wp-block-list\">\n<li>2 kpl Langaton vesivuotoh\u00e4lytin<\/li>\n\n\n\n<li>2 kpl Langaton savutunnistin<\/li>\n\n\n\n<li>Optinen palovaroitin* (m\u00e4\u00e4r\u00e4ytyy toimiston koon mukaan)<\/li>\n\n\n\n<li>Palosireeni<\/li>\n\n\n\n<li>Sprinkleri 4kpl<\/li>\n\n\n\n<li>2 kpl Jauhesammutin<\/li>\n\n\n\n<li>2 kpl Sammutuspeite (120&#215;180 cm)<\/li>\n<\/ul>\n\n\n\n<p>Hinta alk.: 1549\u20ac<\/p>\n\n\n\n<p>Palovaroitinten m\u00e4\u00e4r\u00e4 lasketaan seuraavasti:<\/p>\n\n\n\n<ul class=\"wp-block-list\">\n<li>0 &#8211; 60 m^2 = 1 \u200b<\/li>\n\n\n\n<li>61 &#8211; 120 m^2 = 2\u200b<\/li>\n\n\n\n<li>121 &#8211; 180 m^2 = 3 \u200b<\/li>\n\n\n\n<li>181 &#8211; 240 m^2 = 4 \u200b<\/li>\n\n\n\n<li>241 &#8211; 300 m^2 = 5 \u200b<\/li>\n\n\n\n<li>301 &#8211; 360 m^2 = 6<\/li>\n<\/ul>\n\n\n\n<p>Ylim\u00e4\u00e4r\u00e4isen palovaroittimen hinta on 100 \u20ac\/kpl. T\u00e4m\u00e4 veloitetaan vain kerran.<\/p>\n<\/div>\n\n\n\n<div class=\"wp-block-column is-vertically-aligned-stretch is-layout-flow wp-block-column-is-layout-flow\"><div class=\"wp-block-image\">\n<figure class=\"aligncenter size-large\"><img loading=\"lazy\" decoding=\"async\" width=\"1280\" height=\"723\" src=\"https:\/\/blogi.eoppimispalvelut.fi\/laplandsecure\/files\/2025\/02\/extinguisher-4-springlers-and-fire-alarm-1-1280x723.jpg\" alt=\"\" class=\"wp-image-397\" srcset=\"https:\/\/blogi.eoppimispalvelut.fi\/laplandsecure\/files\/2025\/02\/extinguisher-4-springlers-and-fire-alarm-1-1280x723.jpg 1280w, https:\/\/blogi.eoppimispalvelut.fi\/laplandsecure\/files\/2025\/02\/extinguisher-4-springlers-and-fire-alarm-1-900x509.jpg 900w, https:\/\/blogi.eoppimispalvelut.fi\/laplandsecure\/files\/2025\/02\/extinguisher-4-springlers-and-fire-alarm-1-768x434.jpg 768w, https:\/\/blogi.eoppimispalvelut.fi\/laplandsecure\/files\/2025\/02\/extinguisher-4-springlers-and-fire-alarm-1-262x148.jpg 262w, https:\/\/blogi.eoppimispalvelut.fi\/laplandsecure\/files\/2025\/02\/extinguisher-4-springlers-and-fire-alarm-1.jpg 1472w\" sizes=\"auto, (max-width: 1280px) 100vw, 1280px\" \/><\/figure>\n<\/div><\/div>\n<\/div>\n","protected":false},"excerpt":{"rendered":"<p>Sis\u00e4lt\u00f6: Hinta alk.: 1549\u20ac Palovaroitinten m\u00e4\u00e4r\u00e4 lasketaan seuraavasti: Ylim\u00e4\u00e4r\u00e4isen palovaroittimen hinta on 100 \u20ac\/kpl. T\u00e4m\u00e4 veloitetaan vain kerran.<\/p>\n","protected":false},"author":48408,"featured_media":0,"parent":0,"menu_order":0,"comment_status":"closed","ping_status":"closed","template":"","meta":{"footnotes":""},"class_list":["post-305","page","type-page","status-publish","hentry"],"_links":{"self":[{"href":"https:\/\/blogi.eoppimispalvelut.fi\/laplandsecure\/wp-json\/wp\/v2\/pages\/305","targetHints":{"allow":["GET"]}}],"collection":[{"href":"https:\/\/blogi.eoppimispalvelut.fi\/laplandsecure\/wp-json\/wp\/v2\/pages"}],"about":[{"href":"https:\/\/blogi.eoppimispalvelut.fi\/laplandsecure\/wp-json\/wp\/v2\/types\/page"}],"author":[{"embeddable":true,"href":"https:\/\/blogi.eoppimispalvelut.fi\/laplandsecure\/wp-json\/wp\/v2\/users\/48408"}],"replies":[{"embeddable":true,"href":"https:\/\/blogi.eoppimispalvelut.fi\/laplandsecure\/wp-json\/wp\/v2\/comments?post=305"}],"version-history":[{"count":8,"href":"https:\/\/blogi.eoppimispalvelut.fi\/laplandsecure\/wp-json\/wp\/v2\/pages\/305\/revisions"}],"predecessor-version":[{"id":510,"href":"https:\/\/blogi.eoppimispalvelut.fi\/laplandsecure\/wp-json\/wp\/v2\/pages\/305\/revisions\/510"}],"wp:attachment":[{"href":"https:\/\/blogi.eoppimispalvelut.fi\/laplandsecure\/wp-json\/wp\/v2\/media?parent=305"}],"curies":[{"name":"wp","href":"https:\/\/api.w.org\/{rel}","templated":true}]}}