
{"id":318,"date":"2025-02-19T13:24:30","date_gmt":"2025-02-19T11:24:30","guid":{"rendered":"https:\/\/blogi.eoppimispalvelut.fi\/laplandsecure\/?page_id=318"},"modified":"2025-02-19T13:40:40","modified_gmt":"2025-02-19T11:40:40","slug":"vartiointikierrokset","status":"publish","type":"page","link":"https:\/\/blogi.eoppimispalvelut.fi\/laplandsecure\/vartiointikierrokset\/","title":{"rendered":"Vartiointikierrokset"},"content":{"rendered":"\n<h2 class=\"wp-block-heading\">Paketti 1<\/h2>\n\n\n\n<p>Sis\u00e4lt\u00e4\u00e4:<\/p>\n\n\n\n<ul class=\"wp-block-list\">\n<li>1 krt\/vrk vartijan kierros kiinteist\u00f6ll\u00e4<\/li>\n<\/ul>\n\n\n\n<p>Hinta: 650,00\u20ac\/kk<\/p>\n\n\n\n<h2 class=\"wp-block-heading\">Paketti 2<\/h2>\n\n\n\n<p>Sis\u00e4lt\u00e4\u00e4:<\/p>\n\n\n\n<ul class=\"wp-block-list\">\n<li>2 krt\/vrk vartijan kierros kiinteist\u00f6ll\u00e4<\/li>\n\n\n\n<li>H\u00e4t\u00e4p\u00e4ivystys 24\/7<\/li>\n<\/ul>\n\n\n\n<p>Hinta: 999,00\u20ac\/kk<\/p>\n","protected":false},"excerpt":{"rendered":"<p>Paketti 1 Sis\u00e4lt\u00e4\u00e4: Hinta: 650,00\u20ac\/kk Paketti 2 Sis\u00e4lt\u00e4\u00e4: Hinta: 999,00\u20ac\/kk<\/p>\n","protected":false},"author":48408,"featured_media":0,"parent":0,"menu_order":0,"comment_status":"closed","ping_status":"closed","template":"","meta":{"footnotes":""},"class_list":["post-318","page","type-page","status-publish","hentry"],"_links":{"self":[{"href":"https:\/\/blogi.eoppimispalvelut.fi\/laplandsecure\/wp-json\/wp\/v2\/pages\/318","targetHints":{"allow":["GET"]}}],"collection":[{"href":"https:\/\/blogi.eoppimispalvelut.fi\/laplandsecure\/wp-json\/wp\/v2\/pages"}],"about":[{"href":"https:\/\/blogi.eoppimispalvelut.fi\/laplandsecure\/wp-json\/wp\/v2\/types\/page"}],"author":[{"embeddable":true,"href":"https:\/\/blogi.eoppimispalvelut.fi\/laplandsecure\/wp-json\/wp\/v2\/users\/48408"}],"replies":[{"embeddable":true,"href":"https:\/\/blogi.eoppimispalvelut.fi\/laplandsecure\/wp-json\/wp\/v2\/comments?post=318"}],"version-history":[{"count":2,"href":"https:\/\/blogi.eoppimispalvelut.fi\/laplandsecure\/wp-json\/wp\/v2\/pages\/318\/revisions"}],"predecessor-version":[{"id":330,"href":"https:\/\/blogi.eoppimispalvelut.fi\/laplandsecure\/wp-json\/wp\/v2\/pages\/318\/revisions\/330"}],"wp:attachment":[{"href":"https:\/\/blogi.eoppimispalvelut.fi\/laplandsecure\/wp-json\/wp\/v2\/media?parent=318"}],"curies":[{"name":"wp","href":"https:\/\/api.w.org\/{rel}","templated":true}]}}