
{"id":323,"date":"2025-02-19T13:31:35","date_gmt":"2025-02-19T11:31:35","guid":{"rendered":"https:\/\/blogi.eoppimispalvelut.fi\/laplandsecure\/?page_id=323"},"modified":"2025-02-26T10:24:34","modified_gmt":"2025-02-26T08:24:34","slug":"turvallisuussuunnitelma-2","status":"publish","type":"page","link":"https:\/\/blogi.eoppimispalvelut.fi\/laplandsecure\/turvallisuussuunnitelma-2\/","title":{"rendered":"Turvallisuussuunnitelma"},"content":{"rendered":"\n<p>Sis\u00e4lt\u00e4\u00e4:<\/p>\n\n\n\n<ul class=\"wp-block-list\">\n<li>Tavoitteet ja toimenpiteet&nbsp;\u2013 Mit\u00e4 pyrit\u00e4\u00e4n saavuttamaan ja miten. <\/li>\n\n\n\n<li>Vastuu ja roolit&nbsp;\u2013 Kuka vastaa mist\u00e4kin. <\/li>\n\n\n\n<li>H\u00e4iri\u00f6- ja kriisitilanteet&nbsp;\u2013 Toiminta h\u00e4t\u00e4tilanteissa. <\/li>\n\n\n\n<li>Koulutus ja ohjeistukset&nbsp;\u2013 Henkil\u00f6st\u00f6n valmiudet. <\/li>\n\n\n\n<li>Tarkastus ja p\u00e4ivitys&nbsp;\u2013 Suunnitelman yll\u00e4pito.<\/li>\n<\/ul>\n\n\n\n<p>Hinta: 299,00\u20ac<\/p>\n\n\n\n<p><\/p>\n","protected":false},"excerpt":{"rendered":"<p>Sis\u00e4lt\u00e4\u00e4: Hinta: 299,00\u20ac<\/p>\n","protected":false},"author":48408,"featured_media":0,"parent":0,"menu_order":0,"comment_status":"closed","ping_status":"closed","template":"","meta":{"footnotes":""},"class_list":["post-323","page","type-page","status-publish","hentry"],"_links":{"self":[{"href":"https:\/\/blogi.eoppimispalvelut.fi\/laplandsecure\/wp-json\/wp\/v2\/pages\/323","targetHints":{"allow":["GET"]}}],"collection":[{"href":"https:\/\/blogi.eoppimispalvelut.fi\/laplandsecure\/wp-json\/wp\/v2\/pages"}],"about":[{"href":"https:\/\/blogi.eoppimispalvelut.fi\/laplandsecure\/wp-json\/wp\/v2\/types\/page"}],"author":[{"embeddable":true,"href":"https:\/\/blogi.eoppimispalvelut.fi\/laplandsecure\/wp-json\/wp\/v2\/users\/48408"}],"replies":[{"embeddable":true,"href":"https:\/\/blogi.eoppimispalvelut.fi\/laplandsecure\/wp-json\/wp\/v2\/comments?post=323"}],"version-history":[{"count":3,"href":"https:\/\/blogi.eoppimispalvelut.fi\/laplandsecure\/wp-json\/wp\/v2\/pages\/323\/revisions"}],"predecessor-version":[{"id":434,"href":"https:\/\/blogi.eoppimispalvelut.fi\/laplandsecure\/wp-json\/wp\/v2\/pages\/323\/revisions\/434"}],"wp:attachment":[{"href":"https:\/\/blogi.eoppimispalvelut.fi\/laplandsecure\/wp-json\/wp\/v2\/media?parent=323"}],"curies":[{"name":"wp","href":"https:\/\/api.w.org\/{rel}","templated":true}]}}