
{"id":349,"date":"2025-02-20T11:06:49","date_gmt":"2025-02-20T09:06:49","guid":{"rendered":"https:\/\/blogi.eoppimispalvelut.fi\/laplandsecure\/?page_id=349"},"modified":"2025-02-26T11:08:27","modified_gmt":"2025-02-26T09:08:27","slug":"in-english","status":"publish","type":"page","link":"https:\/\/blogi.eoppimispalvelut.fi\/laplandsecure\/in-english\/","title":{"rendered":"In English"},"content":{"rendered":"\n<p><strong>LaplandSecure<\/strong><\/p>\n\n\n\n<p>LaplandSecure is your trusted partner in all aspects of security. We provide tailored security solutions to protect your home, business, and events\u2014ensuring safety in Lapland\u2019s rugged yet breathtaking environment.<\/p>\n\n\n\n<h3 class=\"wp-block-heading\">Our Services:<\/h3>\n\n\n\n<p>\ud83d\udd39 <strong>Alarm Systems &amp; Surveillance<\/strong> \u2013 Modern and easy-to-manage technologies.<\/p>\n\n\n\n<p>\ud83d\udd39 <strong>Corporate Security<\/strong> \u2013 Customized solutions for your business, whether it\u2019s surveillance, access control, or risk management.<\/p>\n\n\n\n<p>\ud83d\udd39 <strong>Security Personnel<\/strong> \u2013 Trained and reliable security staff for every situation.<\/p>\n\n\n\n<p>\ud83d\udd39 <strong>Staff Training<\/strong> \u2013 Professional training for handling various risk scenarios.<\/p>\n\n\n\n<h3 class=\"wp-block-heading\">Why Choose LaplandSecure?<\/h3>\n\n\n\n<p>\ud83d\udca1 <strong>Local Expertise<\/strong><br>\ud83c\udf0d <strong>Sustainable Solutions for Lapland\u2019s Unique Conditions<\/strong><br>\ud83d\udc65 <strong>Friendly &amp; Professional Service<\/strong><\/p>\n\n\n\n<p><em>&#8221;The North stands\u2014every day, every moment.&#8221;<\/em><\/p>\n\n\n\n<p>Contact us today and let us protect what matters most to you!<\/p>\n\n\n\n<p><\/p>\n\n\n\n<p><strong>About Us<\/strong>&nbsp;<br>LaplandSecure is a security and guarding company founded in 2025. Our company operates in Napalaakso.&nbsp;<\/p>\n\n\n\n<p>We are one of the most trusted security companies in Lapland, known for our high-quality services. We provide expert and reliable service, with customer satisfaction being our top priority.&nbsp;<\/p>\n\n\n\n<p><\/p>\n\n\n\n<p><strong>Staff<\/strong>&nbsp;<\/p>\n\n\n\n<p><strong>Milla Siira<\/strong> \u2013 CEO, Stakeholder, Procurement Team&nbsp;<\/p>\n\n\n\n<p><strong>Oula H\u00e4m\u00e4l\u00e4inen<\/strong> \u2013 Chairman of the Board, Stakeholder, Sales &amp; Marketing&nbsp;<\/p>\n\n\n\n<p><strong>Eemeli Moilanen<\/strong> \u2013 Board Member, Stakeholder, Sales &amp; Marketing&nbsp;<\/p>\n\n\n\n<p><strong>Sam Dalili<\/strong> \u2013 Board Member, Stakeholder, Sales &amp; Marketing&nbsp;<\/p>\n\n\n\n<p><strong>Eeva Illikainen<\/strong> \u2013 Board Member, Stakeholder, Procurement Team&nbsp;<\/p>\n\n\n\n<p><strong>Oliver Simonaho<\/strong> \u2013 Board Member, Stakeholder, Financial Administration&nbsp;<\/p>\n\n\n\n<p><strong>Emma Lepp\u00e4lehti<\/strong> \u2013 Stakeholder, Employee, Financial Administration&nbsp;<\/p>\n\n\n\n<p><strong>Sanna S\u00e4rkel\u00e4<\/strong> \u2013 Stakeholder, Employee, Financial Administration&nbsp;<\/p>\n\n\n\n<p><\/p>\n\n\n\n<p><strong>Products and Services<\/strong>&nbsp;<\/p>\n\n\n\n<p>Forget traditional security camera systems! Our intelligent surveillance technology provides you with even more precise, real-time protection. Whether it&#8217;s a break-in, fire, or any other threat, we ensure that help is always within reach.&nbsp;<\/p>\n\n\n\n<p>In addition to providing all necessary security equipment, our services include remote monitoring and regular inspections, ensuring that your company&#8217;s assets and premises remain secure at all times.&nbsp;<\/p>\n\n\n\n<p><em>&#8221;The North stands \u2013 every day, every moment.&#8221;<\/em>&nbsp;<\/p>\n\n\n\n<p><\/p>\n\n\n\n<div class=\"wp-block-buttons is-content-justification-left is-layout-flex wp-container-core-buttons-is-layout-fdcfc74e wp-block-buttons-is-layout-flex\">\n<div class=\"wp-block-button is-style-fill\"><a class=\"wp-block-button__link wp-element-button\" href=\"https:\/\/blogi.eoppimispalvelut.fi\/laplandsecure\/products\/\"><strong><kbd>Products<\/kbd><\/strong><\/a><\/div>\n<\/div>\n\n\n\n<p><\/p>\n\n\n\n<p><strong>Contact Information<\/strong>&nbsp;<\/p>\n\n\n\n<p><strong>Email:<\/strong> <a href=\"mailto:laplandsecure@gmail.com\" target=\"_blank\" rel=\"noreferrer noopener\">laplandsecure@gmail.com<\/a>&nbsp;<\/p>\n\n\n\n<p><strong>Address:<\/strong> Rantakatu 6, 96400 Napalaakso&nbsp;<\/p>\n\n\n\n<p><strong>Business ID:<\/strong> 2766625-9&nbsp;<\/p>\n\n\n\n<p>Copyright \u00a9 2025 LaplandSecure. All Rights Reserved.&nbsp;<\/p>\n\n\n\n<p>LaplandSecure is an educational company operating within the virtual learning environment of Lapland University of Applied Sciences.&nbsp;<\/p>\n","protected":false},"excerpt":{"rendered":"<p>LaplandSecure LaplandSecure is your trusted partner in all aspects of security. We provide tailored security solutions to protect your home,<\/p>\n<div class=\"read-button read_more_btn_text\"><a class=\"read_more\" href=\"https:\/\/blogi.eoppimispalvelut.fi\/laplandsecure\/in-english\/\">Read Now<span class=\"arrow_readm\"> &#x25BA;<\/span><\/a><\/div>\n","protected":false},"author":48408,"featured_media":0,"parent":0,"menu_order":0,"comment_status":"closed","ping_status":"closed","template":"","meta":{"footnotes":""},"class_list":["post-349","page","type-page","status-publish","hentry"],"_links":{"self":[{"href":"https:\/\/blogi.eoppimispalvelut.fi\/laplandsecure\/wp-json\/wp\/v2\/pages\/349","targetHints":{"allow":["GET"]}}],"collection":[{"href":"https:\/\/blogi.eoppimispalvelut.fi\/laplandsecure\/wp-json\/wp\/v2\/pages"}],"about":[{"href":"https:\/\/blogi.eoppimispalvelut.fi\/laplandsecure\/wp-json\/wp\/v2\/types\/page"}],"author":[{"embeddable":true,"href":"https:\/\/blogi.eoppimispalvelut.fi\/laplandsecure\/wp-json\/wp\/v2\/users\/48408"}],"replies":[{"embeddable":true,"href":"https:\/\/blogi.eoppimispalvelut.fi\/laplandsecure\/wp-json\/wp\/v2\/comments?post=349"}],"version-history":[{"count":10,"href":"https:\/\/blogi.eoppimispalvelut.fi\/laplandsecure\/wp-json\/wp\/v2\/pages\/349\/revisions"}],"predecessor-version":[{"id":449,"href":"https:\/\/blogi.eoppimispalvelut.fi\/laplandsecure\/wp-json\/wp\/v2\/pages\/349\/revisions\/449"}],"wp:attachment":[{"href":"https:\/\/blogi.eoppimispalvelut.fi\/laplandsecure\/wp-json\/wp\/v2\/media?parent=349"}],"curies":[{"name":"wp","href":"https:\/\/api.w.org\/{rel}","templated":true}]}}