
{"id":478,"date":"2025-04-14T14:00:16","date_gmt":"2025-04-14T11:00:16","guid":{"rendered":"https:\/\/blogi.eoppimispalvelut.fi\/laplandsecure\/?page_id=478"},"modified":"2025-04-23T11:16:01","modified_gmt":"2025-04-23T08:16:01","slug":"tyoturvallisuuskoulutus","status":"publish","type":"page","link":"https:\/\/blogi.eoppimispalvelut.fi\/laplandsecure\/tyoturvallisuuskoulutus\/","title":{"rendered":"Ty\u00f6turvallisuuskoulutus"},"content":{"rendered":"\n<p>Koulutus sis\u00e4lt\u00e4\u00e4:<\/p>\n\n\n\n<ul class=\"wp-block-list\">\n<li>Yleiset turvallisuusasiat<\/li>\n\n\n\n<li>Ty\u00f6paikan riskit ja vaaratilanteet<\/li>\n\n\n\n<li>Toimialakohtaiset asiat<\/li>\n\n\n\n<li>K\u00e4yt\u00e4nn\u00f6n harjoitukset<\/li>\n\n\n\n<li>Toimintaohjeet ja raportointi<\/li>\n\n\n\n<li>Koulutuksesta saa ty\u00f6turvallisuuskortin<\/li>\n<\/ul>\n\n\n\n<p>Hinta 85 \u20ac\/ per henkil\u00f6<\/p>\n\n\n\n<p><\/p>\n","protected":false},"excerpt":{"rendered":"<p>Koulutus sis\u00e4lt\u00e4\u00e4: Hinta 85 \u20ac\/ per henkil\u00f6<\/p>\n","protected":false},"author":48408,"featured_media":0,"parent":0,"menu_order":0,"comment_status":"closed","ping_status":"closed","template":"","meta":{"footnotes":""},"class_list":["post-478","page","type-page","status-publish","hentry"],"_links":{"self":[{"href":"https:\/\/blogi.eoppimispalvelut.fi\/laplandsecure\/wp-json\/wp\/v2\/pages\/478","targetHints":{"allow":["GET"]}}],"collection":[{"href":"https:\/\/blogi.eoppimispalvelut.fi\/laplandsecure\/wp-json\/wp\/v2\/pages"}],"about":[{"href":"https:\/\/blogi.eoppimispalvelut.fi\/laplandsecure\/wp-json\/wp\/v2\/types\/page"}],"author":[{"embeddable":true,"href":"https:\/\/blogi.eoppimispalvelut.fi\/laplandsecure\/wp-json\/wp\/v2\/users\/48408"}],"replies":[{"embeddable":true,"href":"https:\/\/blogi.eoppimispalvelut.fi\/laplandsecure\/wp-json\/wp\/v2\/comments?post=478"}],"version-history":[{"count":4,"href":"https:\/\/blogi.eoppimispalvelut.fi\/laplandsecure\/wp-json\/wp\/v2\/pages\/478\/revisions"}],"predecessor-version":[{"id":504,"href":"https:\/\/blogi.eoppimispalvelut.fi\/laplandsecure\/wp-json\/wp\/v2\/pages\/478\/revisions\/504"}],"wp:attachment":[{"href":"https:\/\/blogi.eoppimispalvelut.fi\/laplandsecure\/wp-json\/wp\/v2\/media?parent=478"}],"curies":[{"name":"wp","href":"https:\/\/api.w.org\/{rel}","templated":true}]}}