
{"id":482,"date":"2025-04-14T14:02:15","date_gmt":"2025-04-14T11:02:15","guid":{"rendered":"https:\/\/blogi.eoppimispalvelut.fi\/laplandsecure\/?page_id=482"},"modified":"2025-04-25T17:11:29","modified_gmt":"2025-04-25T14:11:29","slug":"tietoturvallisuuskoulutus","status":"publish","type":"page","link":"https:\/\/blogi.eoppimispalvelut.fi\/laplandsecure\/tietoturvallisuuskoulutus\/","title":{"rendered":"Tietoturvallisuuskoulutus"},"content":{"rendered":"\n<p>Kesto 3 h, toteututaan paikanp\u00e4\u00e4ll\u00e4 asiakkaan yrityksess\u00e4.<\/p>\n\n\n\n<p>Koulutuksen aiheet:<\/p>\n\n\n\n<ul class=\"wp-block-list\">\n<li>Tietoturvallisuuden keskeiset asiat<\/li>\n\n\n\n<li>Ty\u00f6paikan tietoturvan riskit ja vaaratilanteet<\/li>\n\n\n\n<li>Toimialakohtaiset asiat<\/li>\n\n\n\n<li>K\u00e4yt\u00e4nn\u00f6n harjoitukset<\/li>\n\n\n\n<li>Toimintaohjeet ja raportointi<\/li>\n<\/ul>\n\n\n\n<p>140 \u20ac \/ kerta<\/p>\n","protected":false},"excerpt":{"rendered":"<p>Kesto 3 h, toteututaan paikanp\u00e4\u00e4ll\u00e4 asiakkaan yrityksess\u00e4. Koulutuksen aiheet: 140 \u20ac \/ kerta<\/p>\n","protected":false},"author":48408,"featured_media":0,"parent":0,"menu_order":0,"comment_status":"closed","ping_status":"closed","template":"","meta":{"footnotes":""},"class_list":["post-482","page","type-page","status-publish","hentry"],"_links":{"self":[{"href":"https:\/\/blogi.eoppimispalvelut.fi\/laplandsecure\/wp-json\/wp\/v2\/pages\/482","targetHints":{"allow":["GET"]}}],"collection":[{"href":"https:\/\/blogi.eoppimispalvelut.fi\/laplandsecure\/wp-json\/wp\/v2\/pages"}],"about":[{"href":"https:\/\/blogi.eoppimispalvelut.fi\/laplandsecure\/wp-json\/wp\/v2\/types\/page"}],"author":[{"embeddable":true,"href":"https:\/\/blogi.eoppimispalvelut.fi\/laplandsecure\/wp-json\/wp\/v2\/users\/48408"}],"replies":[{"embeddable":true,"href":"https:\/\/blogi.eoppimispalvelut.fi\/laplandsecure\/wp-json\/wp\/v2\/comments?post=482"}],"version-history":[{"count":5,"href":"https:\/\/blogi.eoppimispalvelut.fi\/laplandsecure\/wp-json\/wp\/v2\/pages\/482\/revisions"}],"predecessor-version":[{"id":506,"href":"https:\/\/blogi.eoppimispalvelut.fi\/laplandsecure\/wp-json\/wp\/v2\/pages\/482\/revisions\/506"}],"wp:attachment":[{"href":"https:\/\/blogi.eoppimispalvelut.fi\/laplandsecure\/wp-json\/wp\/v2\/media?parent=482"}],"curies":[{"name":"wp","href":"https:\/\/api.w.org\/{rel}","templated":true}]}}