
{"id":485,"date":"2025-04-14T14:03:46","date_gmt":"2025-04-14T11:03:46","guid":{"rendered":"https:\/\/blogi.eoppimispalvelut.fi\/laplandsecure\/?page_id=485"},"modified":"2025-04-25T17:13:29","modified_gmt":"2025-04-25T14:13:29","slug":"paloturvallisuuskoulutus","status":"publish","type":"page","link":"https:\/\/blogi.eoppimispalvelut.fi\/laplandsecure\/paloturvallisuuskoulutus\/","title":{"rendered":"Paloturvallisuuskoulutus"},"content":{"rendered":"\n<p>Kesto 8 h, toteututaan paikanp\u00e4\u00e4ll\u00e4 asiakkaan yrityksess\u00e4.<\/p>\n\n\n\n<p>Koulutus sis\u00e4lt\u00e4\u00e4:<\/p>\n\n\n\n<ul class=\"wp-block-list\">\n<li>Palo- ja poistumisturvallisuuden perusteet<\/li>\n\n\n\n<li>Pelastussuunnitelma \u2013 mik\u00e4 ja miksi?<\/li>\n\n\n\n<li>Turvallinen ty\u00f6paikka \u2013 riskit ja niiden hallinta<\/li>\n\n\n\n<li>Varautuminen ja toiminta onnettomuustilanteessa<\/li>\n\n\n\n<li>Oman ty\u00f6paikan riskien havaitseminen, poistumisreitteihin ja paloturvallisuuden keskeisiin v\u00e4lineisiin tutustuminen sek\u00e4 poistumisharjoitus<\/li>\n<\/ul>\n\n\n\n<p>Hinta: 339 \u20ac \/ kerta<\/p>\n","protected":false},"excerpt":{"rendered":"<p>Kesto 8 h, toteututaan paikanp\u00e4\u00e4ll\u00e4 asiakkaan yrityksess\u00e4. Koulutus sis\u00e4lt\u00e4\u00e4: Hinta: 339 \u20ac \/ kerta<\/p>\n","protected":false},"author":48408,"featured_media":0,"parent":0,"menu_order":0,"comment_status":"closed","ping_status":"closed","template":"","meta":{"footnotes":""},"class_list":["post-485","page","type-page","status-publish","hentry"],"_links":{"self":[{"href":"https:\/\/blogi.eoppimispalvelut.fi\/laplandsecure\/wp-json\/wp\/v2\/pages\/485","targetHints":{"allow":["GET"]}}],"collection":[{"href":"https:\/\/blogi.eoppimispalvelut.fi\/laplandsecure\/wp-json\/wp\/v2\/pages"}],"about":[{"href":"https:\/\/blogi.eoppimispalvelut.fi\/laplandsecure\/wp-json\/wp\/v2\/types\/page"}],"author":[{"embeddable":true,"href":"https:\/\/blogi.eoppimispalvelut.fi\/laplandsecure\/wp-json\/wp\/v2\/users\/48408"}],"replies":[{"embeddable":true,"href":"https:\/\/blogi.eoppimispalvelut.fi\/laplandsecure\/wp-json\/wp\/v2\/comments?post=485"}],"version-history":[{"count":5,"href":"https:\/\/blogi.eoppimispalvelut.fi\/laplandsecure\/wp-json\/wp\/v2\/pages\/485\/revisions"}],"predecessor-version":[{"id":508,"href":"https:\/\/blogi.eoppimispalvelut.fi\/laplandsecure\/wp-json\/wp\/v2\/pages\/485\/revisions\/508"}],"wp:attachment":[{"href":"https:\/\/blogi.eoppimispalvelut.fi\/laplandsecure\/wp-json\/wp\/v2\/media?parent=485"}],"curies":[{"name":"wp","href":"https:\/\/api.w.org\/{rel}","templated":true}]}}