{"id":1158,"date":"2026-03-23T13:45:14","date_gmt":"2026-03-23T11:45:14","guid":{"rendered":"https:\/\/blogi.eoppimispalvelut.fi\/lappiai\/?page_id=1158"},"modified":"2026-03-25T20:18:23","modified_gmt":"2026-03-25T18:18:23","slug":"loyda-bisnestimantti-yrityksesi-dataviidakosta","status":"publish","type":"page","link":"https:\/\/blogi.eoppimispalvelut.fi\/lappiai\/loyda-bisnestimantti-yrityksesi-dataviidakosta\/","title":{"rendered":"Koneoppimisen Kompassi"},"content":{"rendered":"<p>[et_pb_section fb_built=&#8221;1&#8243; _builder_version=&#8221;4.27.4&#8243; _module_preset=&#8221;default&#8221; width=&#8221;100%&#8221; max_width=&#8221;100%&#8221; module_alignment=&#8221;center&#8221; custom_margin=&#8221;|||0px|false|false&#8221; custom_padding=&#8221;25px||||false|false&#8221; global_colors_info=&#8221;{}&#8221;][et_pb_row column_structure=&#8221;2_5,3_5&#8243; _builder_version=&#8221;4.27.4&#8243; _module_preset=&#8221;default&#8221; min_height=&#8221;585.1px&#8221; custom_margin=&#8221;-105px||||false|false&#8221; global_colors_info=&#8221;{}&#8221;][et_pb_column type=&#8221;2_5&#8243; _builder_version=&#8221;4.27.4&#8243; _module_preset=&#8221;default&#8221; global_colors_info=&#8221;{}&#8221;][et_pb_image src=&#8221;https:\/\/blogi.eoppimispalvelut.fi\/lappiai\/files\/2026\/03\/KoneoppimisenKompassi_ad_final_23.03.2026.png&#8221; title_text=&#8221;KoneoppimisenKompassi_ad_final_23.03.2026&#8243; align=&#8221;center&#8221; _builder_version=&#8221;4.27.4&#8243; _module_preset=&#8221;default&#8221; transform_scale=&#8221;116%|116%&#8221; transform_translate=&#8221;0px|40px&#8221; width=&#8221;92%&#8221; custom_margin=&#8221;183px||||false|false&#8221; animation_style=&#8221;flip&#8221; border_radii=&#8221;on|38px|38px|38px|38px&#8221; global_colors_info=&#8221;{}&#8221;][\/et_pb_image][\/et_pb_column][et_pb_column type=&#8221;3_5&#8243; _builder_version=&#8221;4.27.4&#8243; _module_preset=&#8221;default&#8221; global_colors_info=&#8221;{}&#8221;][et_pb_image src=&#8221;https:\/\/blogi.eoppimispalvelut.fi\/lappiai\/files\/2026\/03\/KoneoppimisenKompassi_TextLogo.png&#8221; title_text=&#8221;KoneoppimisenKompassi_TextLogo&#8221; align=&#8221;center&#8221; _builder_version=&#8221;4.27.4&#8243; _module_preset=&#8221;default&#8221; custom_margin=&#8221;85px||||false|false&#8221; global_colors_info=&#8221;{}&#8221;][\/et_pb_image][et_pb_text _builder_version=&#8221;4.27.4&#8243; _module_preset=&#8221;default&#8221; text_font=&#8221;&#8211;et_global_body_font||||||||&#8221; text_font_size=&#8221;16px&#8221; custom_margin=&#8221;0px||0px||false|false&#8221; custom_padding=&#8221;40px||||false|false&#8221; hover_enabled=&#8221;0&#8243; global_colors_info=&#8221;{}&#8221; sticky_enabled=&#8221;0&#8243;]<\/p>\n<p><i><span data-contrast=\"auto\">L\u00f6yd\u00e4 bisnestimantti yrityksesi dataviidakosta!<\/span><\/i><span data-ccp-props=\"{}\">\u00a0<\/span><\/p>\n<p><span data-contrast=\"auto\">Ker\u00e4\u00e4k\u00f6 yrityksesi dataa, jota et ole viel\u00e4 hy\u00f6tyk\u00e4ytt\u00e4nyt? Haluatko l\u00f6yt\u00e4\u00e4 datasta jotain arvokasta, mik\u00e4 auttaisi sinua kehitt\u00e4m\u00e4\u00e4n yrityksesi liiketoimintaa? Koneoppimisen Kompassi auttaa sinua l\u00f6yt\u00e4m\u00e4\u00e4n dataviidakkosi sis\u00e4ll\u00e4 piileskelev\u00e4n bisnestimantin.<\/span><span data-ccp-props=\"{}\">\u00a0<\/span><\/p>\n<p><span data-contrast=\"auto\">Koneoppimisen Kompassi n\u00e4ytt\u00e4\u00e4 konkreettisesti, miten kolme koneoppimisen perusmenetelm\u00e4\u00e4 voivat palvella yrityst\u00e4si. Lis\u00e4ksi se opastaa, miss\u00e4 muodossa yrityksesi data on mahdollisimman k\u00e4ytt\u00f6kelpoista koneoppimiselle.\u00a0\u00a0Ota yrityksellesi uusi suunta dataviidakon l\u00e4pi Koneoppimisen Kompassin avulla ja l\u00f6yd\u00e4 yrityksesi bisnestimantti!\u00a0<\/span><\/p>\n<p>[\/et_pb_text][\/et_pb_column][\/et_pb_row][et_pb_row _builder_version=&#8221;4.27.4&#8243; _module_preset=&#8221;default&#8221; custom_margin=&#8221;15px||68px||false|false&#8221; global_colors_info=&#8221;{}&#8221;][et_pb_column type=&#8221;4_4&#8243; _builder_version=&#8221;4.27.4&#8243; _module_preset=&#8221;default&#8221; global_colors_info=&#8221;{}&#8221;][et_pb_button button_url=&#8221;https:\/\/kompassi.web.frostbit.fi\/&#8221; url_new_window=&#8221;on&#8221; button_text=&#8221;Kokeile Koneoppimisen Kompassia&#8221; button_alignment=&#8221;center&#8221; _builder_version=&#8221;4.27.4&#8243; _module_preset=&#8221;default&#8221; custom_button=&#8221;on&#8221; button_text_size=&#8221;19px&#8221; button_text_color=&#8221;#FFFFFF&#8221; button_bg_color=&#8221;#1235b5&#8243; button_border_width=&#8221;1px&#8221; button_border_color=&#8221;RGBA(255,255,255,0)&#8221; button_border_radius=&#8221;28px&#8221; background_layout=&#8221;dark&#8221; filter_brightness=&#8221;119%&#8221; animation_style=&#8221;bounce&#8221; hover_enabled=&#8221;0&#8243; global_colors_info=&#8221;{}&#8221; sticky_enabled=&#8221;0&#8243;][\/et_pb_button][\/et_pb_column][\/et_pb_row][\/et_pb_section]<\/p>\n","protected":false},"excerpt":{"rendered":"<p>L\u00f6yd\u00e4 bisnestimantti yrityksesi dataviidakosta!\u00a0 Ker\u00e4\u00e4k\u00f6 yrityksesi dataa, jota et ole viel\u00e4 hy\u00f6tyk\u00e4ytt\u00e4nyt? Haluatko l\u00f6yt\u00e4\u00e4 datasta jotain arvokasta, mik\u00e4 auttaisi sinua kehitt\u00e4m\u00e4\u00e4n yrityksesi liiketoimintaa? Koneoppimisen Kompassi auttaa sinua l\u00f6yt\u00e4m\u00e4\u00e4n dataviidakkosi sis\u00e4ll\u00e4 piileskelev\u00e4n bisnestimantin.\u00a0 Koneoppimisen Kompassi n\u00e4ytt\u00e4\u00e4 konkreettisesti, miten kolme koneoppimisen perusmenetelm\u00e4\u00e4 voivat palvella yrityst\u00e4si. Lis\u00e4ksi se opastaa, miss\u00e4 muodossa yrityksesi data on mahdollisimman k\u00e4ytt\u00f6kelpoista koneoppimiselle.\u00a0\u00a0Ota yrityksellesi [&hellip;]<\/p>\n","protected":false},"author":53324,"featured_media":0,"parent":0,"menu_order":0,"comment_status":"closed","ping_status":"closed","template":"","meta":{"_acf_changed":false,"_et_pb_use_builder":"on","_et_pb_old_content":"","_et_gb_content_width":"","footnotes":""},"class_list":["post-1158","page","type-page","status-publish","hentry"],"acf":[],"yoast_head":"<!-- This site is optimized with the Yoast SEO plugin v27.1.1 - https:\/\/yoast.com\/product\/yoast-seo-wordpress\/ -->\n<title>Koneoppimisen Kompassi - Tervetuloa tutustumaan Lapin teko\u00e4lykiihdytt\u00e4m\u00f6\u00f6n!<\/title>\n<meta name=\"robots\" content=\"index, follow, max-snippet:-1, max-image-preview:large, max-video-preview:-1\" \/>\n<link rel=\"canonical\" href=\"https:\/\/blogi.eoppimispalvelut.fi\/lappiai\/loyda-bisnestimantti-yrityksesi-dataviidakosta\/\" \/>\n<meta property=\"og:locale\" content=\"fi_FI\" \/>\n<meta property=\"og:type\" content=\"article\" \/>\n<meta property=\"og:title\" content=\"Koneoppimisen Kompassi - Tervetuloa tutustumaan Lapin teko\u00e4lykiihdytt\u00e4m\u00f6\u00f6n!\" \/>\n<meta property=\"og:description\" content=\"L\u00f6yd\u00e4 bisnestimantti yrityksesi dataviidakosta!\u00a0 Ker\u00e4\u00e4k\u00f6 yrityksesi dataa, jota et ole viel\u00e4 hy\u00f6tyk\u00e4ytt\u00e4nyt? Haluatko l\u00f6yt\u00e4\u00e4 datasta jotain arvokasta, mik\u00e4 auttaisi sinua kehitt\u00e4m\u00e4\u00e4n yrityksesi liiketoimintaa? Koneoppimisen Kompassi auttaa sinua l\u00f6yt\u00e4m\u00e4\u00e4n dataviidakkosi sis\u00e4ll\u00e4 piileskelev\u00e4n bisnestimantin.\u00a0 Koneoppimisen Kompassi n\u00e4ytt\u00e4\u00e4 konkreettisesti, miten kolme koneoppimisen perusmenetelm\u00e4\u00e4 voivat palvella yrityst\u00e4si. Lis\u00e4ksi se opastaa, miss\u00e4 muodossa yrityksesi data on mahdollisimman k\u00e4ytt\u00f6kelpoista koneoppimiselle.\u00a0\u00a0Ota yrityksellesi [&hellip;]\" \/>\n<meta property=\"og:url\" content=\"https:\/\/blogi.eoppimispalvelut.fi\/lappiai\/loyda-bisnestimantti-yrityksesi-dataviidakosta\/\" \/>\n<meta property=\"og:site_name\" content=\"Tervetuloa tutustumaan Lapin teko\u00e4lykiihdytt\u00e4m\u00f6\u00f6n!\" \/>\n<meta property=\"article:modified_time\" content=\"2026-03-25T18:18:23+00:00\" \/>\n<meta name=\"twitter:card\" content=\"summary_large_image\" \/>\n<script type=\"application\/ld+json\" class=\"yoast-schema-graph\">{\"@context\":\"https:\/\/schema.org\",\"@graph\":[{\"@type\":\"WebPage\",\"@id\":\"https:\/\/blogi.eoppimispalvelut.fi\/lappiai\/loyda-bisnestimantti-yrityksesi-dataviidakosta\/\",\"url\":\"https:\/\/blogi.eoppimispalvelut.fi\/lappiai\/loyda-bisnestimantti-yrityksesi-dataviidakosta\/\",\"name\":\"Koneoppimisen Kompassi - Tervetuloa tutustumaan Lapin teko\u00e4lykiihdytt\u00e4m\u00f6\u00f6n!\",\"isPartOf\":{\"@id\":\"https:\/\/blogi.eoppimispalvelut.fi\/lappiai\/#website\"},\"datePublished\":\"2026-03-23T11:45:14+00:00\",\"dateModified\":\"2026-03-25T18:18:23+00:00\",\"breadcrumb\":{\"@id\":\"https:\/\/blogi.eoppimispalvelut.fi\/lappiai\/loyda-bisnestimantti-yrityksesi-dataviidakosta\/#breadcrumb\"},\"inLanguage\":\"fi\",\"potentialAction\":[{\"@type\":\"ReadAction\",\"target\":[\"https:\/\/blogi.eoppimispalvelut.fi\/lappiai\/loyda-bisnestimantti-yrityksesi-dataviidakosta\/\"]}]},{\"@type\":\"BreadcrumbList\",\"@id\":\"https:\/\/blogi.eoppimispalvelut.fi\/lappiai\/loyda-bisnestimantti-yrityksesi-dataviidakosta\/#breadcrumb\",\"itemListElement\":[{\"@type\":\"ListItem\",\"position\":1,\"name\":\"Home\",\"item\":\"https:\/\/blogi.eoppimispalvelut.fi\/lappiai\/\"},{\"@type\":\"ListItem\",\"position\":2,\"name\":\"Koneoppimisen Kompassi\"}]},{\"@type\":\"WebSite\",\"@id\":\"https:\/\/blogi.eoppimispalvelut.fi\/lappiai\/#website\",\"url\":\"https:\/\/blogi.eoppimispalvelut.fi\/lappiai\/\",\"name\":\"Lapin teko\u00e4lykiihdytt\u00e4m\u00f6\",\"description\":\"Lapin teko\u00e4lykiihdytt\u00e4m\u00f6 tuo teko\u00e4lyn mahdollisuudet tutuiksi Lapin alueen PK-yrityksille. Se on on EU:n osarahoittama projekti.\",\"publisher\":{\"@id\":\"https:\/\/blogi.eoppimispalvelut.fi\/lappiai\/#organization\"},\"potentialAction\":[{\"@type\":\"SearchAction\",\"target\":{\"@type\":\"EntryPoint\",\"urlTemplate\":\"https:\/\/blogi.eoppimispalvelut.fi\/lappiai\/?s={search_term_string}\"},\"query-input\":{\"@type\":\"PropertyValueSpecification\",\"valueRequired\":true,\"valueName\":\"search_term_string\"}}],\"inLanguage\":\"fi\"},{\"@type\":\"Organization\",\"@id\":\"https:\/\/blogi.eoppimispalvelut.fi\/lappiai\/#organization\",\"name\":\"Lapin teko\u00e4lykiihdytt\u00e4m\u00f6\",\"alternateName\":\"Lapin AMK\",\"url\":\"https:\/\/blogi.eoppimispalvelut.fi\/lappiai\/\",\"logo\":{\"@type\":\"ImageObject\",\"inLanguage\":\"fi\",\"@id\":\"https:\/\/blogi.eoppimispalvelut.fi\/lappiai\/#\/schema\/logo\/image\/\",\"url\":\"https:\/\/blogi.eoppimispalvelut.fi\/lappiai\/files\/2024\/12\/Firefly-higlighting-artificial-intelligence-skills-and-knowledge-with-a-hint-of-arctic-wibe-36245.jpg\",\"contentUrl\":\"https:\/\/blogi.eoppimispalvelut.fi\/lappiai\/files\/2024\/12\/Firefly-higlighting-artificial-intelligence-skills-and-knowledge-with-a-hint-of-arctic-wibe-36245.jpg\",\"width\":2048,\"height\":2048,\"caption\":\"Lapin teko\u00e4lykiihdytt\u00e4m\u00f6\"},\"image\":{\"@id\":\"https:\/\/blogi.eoppimispalvelut.fi\/lappiai\/#\/schema\/logo\/image\/\"}}]}<\/script>\n<!-- \/ Yoast SEO plugin. -->","yoast_head_json":{"title":"Koneoppimisen Kompassi - Tervetuloa tutustumaan Lapin teko\u00e4lykiihdytt\u00e4m\u00f6\u00f6n!","robots":{"index":"index","follow":"follow","max-snippet":"max-snippet:-1","max-image-preview":"max-image-preview:large","max-video-preview":"max-video-preview:-1"},"canonical":"https:\/\/blogi.eoppimispalvelut.fi\/lappiai\/loyda-bisnestimantti-yrityksesi-dataviidakosta\/","og_locale":"fi_FI","og_type":"article","og_title":"Koneoppimisen Kompassi - Tervetuloa tutustumaan Lapin teko\u00e4lykiihdytt\u00e4m\u00f6\u00f6n!","og_description":"L\u00f6yd\u00e4 bisnestimantti yrityksesi dataviidakosta!\u00a0 Ker\u00e4\u00e4k\u00f6 yrityksesi dataa, jota et ole viel\u00e4 hy\u00f6tyk\u00e4ytt\u00e4nyt? Haluatko l\u00f6yt\u00e4\u00e4 datasta jotain arvokasta, mik\u00e4 auttaisi sinua kehitt\u00e4m\u00e4\u00e4n yrityksesi liiketoimintaa? Koneoppimisen Kompassi auttaa sinua l\u00f6yt\u00e4m\u00e4\u00e4n dataviidakkosi sis\u00e4ll\u00e4 piileskelev\u00e4n bisnestimantin.\u00a0 Koneoppimisen Kompassi n\u00e4ytt\u00e4\u00e4 konkreettisesti, miten kolme koneoppimisen perusmenetelm\u00e4\u00e4 voivat palvella yrityst\u00e4si. Lis\u00e4ksi se opastaa, miss\u00e4 muodossa yrityksesi data on mahdollisimman k\u00e4ytt\u00f6kelpoista koneoppimiselle.\u00a0\u00a0Ota yrityksellesi [&hellip;]","og_url":"https:\/\/blogi.eoppimispalvelut.fi\/lappiai\/loyda-bisnestimantti-yrityksesi-dataviidakosta\/","og_site_name":"Tervetuloa tutustumaan Lapin teko\u00e4lykiihdytt\u00e4m\u00f6\u00f6n!","article_modified_time":"2026-03-25T18:18:23+00:00","twitter_card":"summary_large_image","schema":{"@context":"https:\/\/schema.org","@graph":[{"@type":"WebPage","@id":"https:\/\/blogi.eoppimispalvelut.fi\/lappiai\/loyda-bisnestimantti-yrityksesi-dataviidakosta\/","url":"https:\/\/blogi.eoppimispalvelut.fi\/lappiai\/loyda-bisnestimantti-yrityksesi-dataviidakosta\/","name":"Koneoppimisen Kompassi - Tervetuloa tutustumaan Lapin teko\u00e4lykiihdytt\u00e4m\u00f6\u00f6n!","isPartOf":{"@id":"https:\/\/blogi.eoppimispalvelut.fi\/lappiai\/#website"},"datePublished":"2026-03-23T11:45:14+00:00","dateModified":"2026-03-25T18:18:23+00:00","breadcrumb":{"@id":"https:\/\/blogi.eoppimispalvelut.fi\/lappiai\/loyda-bisnestimantti-yrityksesi-dataviidakosta\/#breadcrumb"},"inLanguage":"fi","potentialAction":[{"@type":"ReadAction","target":["https:\/\/blogi.eoppimispalvelut.fi\/lappiai\/loyda-bisnestimantti-yrityksesi-dataviidakosta\/"]}]},{"@type":"BreadcrumbList","@id":"https:\/\/blogi.eoppimispalvelut.fi\/lappiai\/loyda-bisnestimantti-yrityksesi-dataviidakosta\/#breadcrumb","itemListElement":[{"@type":"ListItem","position":1,"name":"Home","item":"https:\/\/blogi.eoppimispalvelut.fi\/lappiai\/"},{"@type":"ListItem","position":2,"name":"Koneoppimisen Kompassi"}]},{"@type":"WebSite","@id":"https:\/\/blogi.eoppimispalvelut.fi\/lappiai\/#website","url":"https:\/\/blogi.eoppimispalvelut.fi\/lappiai\/","name":"Lapin teko\u00e4lykiihdytt\u00e4m\u00f6","description":"Lapin teko\u00e4lykiihdytt\u00e4m\u00f6 tuo teko\u00e4lyn mahdollisuudet tutuiksi Lapin alueen PK-yrityksille. Se on on EU:n osarahoittama projekti.","publisher":{"@id":"https:\/\/blogi.eoppimispalvelut.fi\/lappiai\/#organization"},"potentialAction":[{"@type":"SearchAction","target":{"@type":"EntryPoint","urlTemplate":"https:\/\/blogi.eoppimispalvelut.fi\/lappiai\/?s={search_term_string}"},"query-input":{"@type":"PropertyValueSpecification","valueRequired":true,"valueName":"search_term_string"}}],"inLanguage":"fi"},{"@type":"Organization","@id":"https:\/\/blogi.eoppimispalvelut.fi\/lappiai\/#organization","name":"Lapin teko\u00e4lykiihdytt\u00e4m\u00f6","alternateName":"Lapin AMK","url":"https:\/\/blogi.eoppimispalvelut.fi\/lappiai\/","logo":{"@type":"ImageObject","inLanguage":"fi","@id":"https:\/\/blogi.eoppimispalvelut.fi\/lappiai\/#\/schema\/logo\/image\/","url":"https:\/\/blogi.eoppimispalvelut.fi\/lappiai\/files\/2024\/12\/Firefly-higlighting-artificial-intelligence-skills-and-knowledge-with-a-hint-of-arctic-wibe-36245.jpg","contentUrl":"https:\/\/blogi.eoppimispalvelut.fi\/lappiai\/files\/2024\/12\/Firefly-higlighting-artificial-intelligence-skills-and-knowledge-with-a-hint-of-arctic-wibe-36245.jpg","width":2048,"height":2048,"caption":"Lapin teko\u00e4lykiihdytt\u00e4m\u00f6"},"image":{"@id":"https:\/\/blogi.eoppimispalvelut.fi\/lappiai\/#\/schema\/logo\/image\/"}}]}},"_links":{"self":[{"href":"https:\/\/blogi.eoppimispalvelut.fi\/lappiai\/wp-json\/wp\/v2\/pages\/1158","targetHints":{"allow":["GET"]}}],"collection":[{"href":"https:\/\/blogi.eoppimispalvelut.fi\/lappiai\/wp-json\/wp\/v2\/pages"}],"about":[{"href":"https:\/\/blogi.eoppimispalvelut.fi\/lappiai\/wp-json\/wp\/v2\/types\/page"}],"author":[{"embeddable":true,"href":"https:\/\/blogi.eoppimispalvelut.fi\/lappiai\/wp-json\/wp\/v2\/users\/53324"}],"replies":[{"embeddable":true,"href":"https:\/\/blogi.eoppimispalvelut.fi\/lappiai\/wp-json\/wp\/v2\/comments?post=1158"}],"version-history":[{"count":17,"href":"https:\/\/blogi.eoppimispalvelut.fi\/lappiai\/wp-json\/wp\/v2\/pages\/1158\/revisions"}],"predecessor-version":[{"id":1306,"href":"https:\/\/blogi.eoppimispalvelut.fi\/lappiai\/wp-json\/wp\/v2\/pages\/1158\/revisions\/1306"}],"wp:attachment":[{"href":"https:\/\/blogi.eoppimispalvelut.fi\/lappiai\/wp-json\/wp\/v2\/media?parent=1158"}],"curies":[{"name":"wp","href":"https:\/\/api.w.org\/{rel}","templated":true}]}}