{"id":160,"date":"2025-01-09T18:10:06","date_gmt":"2025-01-09T16:10:06","guid":{"rendered":"https:\/\/blogi.eoppimispalvelut.fi\/lappiai\/?page_id=160"},"modified":"2026-03-26T19:16:19","modified_gmt":"2026-03-26T17:16:19","slug":"tekoalykasta-blogi","status":"publish","type":"page","link":"https:\/\/blogi.eoppimispalvelut.fi\/lappiai\/tekoalykasta-blogi\/","title":{"rendered":"Teko\u00e4lyk\u00e4st\u00e4-blogi"},"content":{"rendered":"[et_pb_section fb_built=&#8221;1&#8243; _builder_version=&#8221;4.27.4&#8243; _module_preset=&#8221;default&#8221; global_colors_info=&#8221;{}&#8221;][et_pb_row _builder_version=&#8221;4.27.4&#8243; _module_preset=&#8221;default&#8221; min_height=&#8221;336.7px&#8221; custom_padding=&#8221;60px|||||&#8221; global_colors_info=&#8221;{}&#8221;][et_pb_column type=&#8221;4_4&#8243; _builder_version=&#8221;4.27.4&#8243; _module_preset=&#8221;default&#8221; global_colors_info=&#8221;{}&#8221;][et_pb_heading title=&#8221;TEKO\u00c4LYK\u00c4ST\u00c4-BLOGI&#8221; _builder_version=&#8221;4.27.4&#8243; _module_preset=&#8221;8340d66b-1a81-449b-8538-7cfaaf162e93&#8243; title_font=&#8221;&#8211;et_global_heading_font||||||||&#8221; title_text_color=&#8221;gcid-primary-color&#8221; global_colors_info=&#8221;{%22gcid-primary-color%22:%91%22title_text_color%22%93}&#8221;][\/et_pb_heading][et_pb_blurb title=&#8221;Tervetuloa Lapin teko\u00e4lykiihdytt\u00e4m\u00f6n Teko\u00e4lyk\u00e4st\u00e4-blogin pariin!&#8221; content_max_width=&#8221;1100px&#8221; _builder_version=&#8221;4.27.4&#8243; _module_preset=&#8221;default&#8221; global_colors_info=&#8221;{}&#8221;]<p>Blogissa hankkeen asiantuntijat jakavat kokemuksiaan, vinkkej\u00e4\u00e4n ja hyvi\u00e4 k\u00e4yt\u00e4nteit\u00e4\u00e4n teko\u00e4lyn hy\u00f6dynt\u00e4miseen liittyvist\u00e4 aihepiireist\u00e4. Blogin tavoitteena on paitsi kehitt\u00e4\u00e4 Lapin alueen PK-yritysten teko\u00e4ly-ymm\u00e4rryst\u00e4 niin my\u00f6s edist\u00e4\u00e4 Lapin ammattikorkeakoulun henkil\u00f6st\u00f6n teko\u00e4lyosaamista.<\/p>\n<p><!-- \/wp:post-content --> <!-- wp:paragraph --><\/p>\n<p><strong>Blogin nimi:<\/strong> Teko\u00e4lyk\u00e4st\u00e4-blogi<\/p>\n<p><strong style=\"font-size: 14px\">Blogin julkaisija: <\/strong><span style=\"font-size: 14px\">Lapin ammattikorkeakoulu<\/span><\/p>\n<p><!-- \/wp:paragraph --><\/p>[\/et_pb_blurb][\/et_pb_column][\/et_pb_row][et_pb_row _builder_version=&#8221;4.27.4&#8243; _module_preset=&#8221;default&#8221; global_colors_info=&#8221;{}&#8221;][et_pb_column type=&#8221;4_4&#8243; _builder_version=&#8221;4.27.4&#8243; _module_preset=&#8221;default&#8221; global_colors_info=&#8221;{}&#8221;][et_pb_heading title=&#8221;Toimituskunta&#8221; _builder_version=&#8221;4.27.4&#8243; _module_preset=&#8221;default&#8221; global_colors_info=&#8221;{}&#8221;][\/et_pb_heading][\/et_pb_column][\/et_pb_row][et_pb_row _builder_version=&#8221;4.27.4&#8243; _module_preset=&#8221;default&#8221; global_colors_info=&#8221;{}&#8221;][et_pb_column type=&#8221;4_4&#8243; _builder_version=&#8221;4.27.4&#8243; _module_preset=&#8221;default&#8221; global_colors_info=&#8221;{}&#8221;][et_pb_text _builder_version=&#8221;4.27.4&#8243; _module_preset=&#8221;default&#8221; global_colors_info=&#8221;{}&#8221;]<p>\u00a0<strong>Minttu Merivirta<\/strong>, Lehtori \/\u00a0<a href=\"https:\/\/www.lapinamk.fi\/fi\">Lapin ammattikorkeakoulu<\/a>\u00a0\/ Arktiset luonnonvarat ja talous, Digitaaliset ratkaisut<\/p>\n<p><strong>Johanna Niva<\/strong>, Liiketoimintajohtaja, <a href=\"https:\/\/www.lapit.fi\/\">LapIT Oy<\/a><\/p>\n<p><strong>Antti Haase<\/strong>, Projektip\u00e4\u00e4llikk\u00f6 \/ <a href=\"https:\/\/www.lapinamk.fi\/fi\">Lapin ammattikorkeakoulu<\/a>\u00a0\/ Arktiset luonnonvarat ja talous, Digitaaliset ratkaisut<\/p>[\/et_pb_text][\/et_pb_column][\/et_pb_row][et_pb_row _builder_version=&#8221;4.27.4&#8243; _module_preset=&#8221;default&#8221; global_colors_info=&#8221;{}&#8221;][et_pb_column type=&#8221;4_4&#8243; _builder_version=&#8221;4.27.4&#8243; _module_preset=&#8221;default&#8221; global_colors_info=&#8221;{}&#8221;][et_pb_divider _builder_version=&#8221;4.27.4&#8243; _module_preset=&#8221;default&#8221; global_colors_info=&#8221;{}&#8221;][\/et_pb_divider][\/et_pb_column][\/et_pb_row][et_pb_row _builder_version=&#8221;4.27.4&#8243; _module_preset=&#8221;default&#8221; global_colors_info=&#8221;{}&#8221;][et_pb_column type=&#8221;4_4&#8243; _builder_version=&#8221;4.27.4&#8243; _module_preset=&#8221;default&#8221; global_colors_info=&#8221;{}&#8221;][et_pb_blog use_manual_excerpt=&#8221;off&#8221; show_more=&#8221;on&#8221; show_author=&#8221;off&#8221; show_categories=&#8221;off&#8221; _builder_version=&#8221;4.27.4&#8243; _module_preset=&#8221;default&#8221; read_more_text_color=&#8221;#E02B20&#8243; pagination_text_color=&#8221;#000000&#8243; width=&#8221;100%&#8221; border_radii_image=&#8221;on|30px|30px|30px|30px&#8221; box_shadow_style_image=&#8221;preset6&#8243; box_shadow_horizontal_image=&#8221;7px&#8221; global_colors_info=&#8221;{}&#8221;][\/et_pb_blog][\/et_pb_column][\/et_pb_row][\/et_pb_section]","protected":false},"excerpt":{"rendered":"<p>Blogissa hankkeen asiantuntijat jakavat kokemuksiaan, vinkkej\u00e4\u00e4n ja hyvi\u00e4 k\u00e4yt\u00e4nteit\u00e4\u00e4n teko\u00e4lyn hy\u00f6dynt\u00e4miseen liittyvist\u00e4 aihepiireist\u00e4. Blogin tavoitteena on paitsi kehitt\u00e4\u00e4 Lapin alueen PK-yritysten teko\u00e4ly-ymm\u00e4rryst\u00e4 niin my\u00f6s edist\u00e4\u00e4 Lapin ammattikorkeakoulun henkil\u00f6st\u00f6n teko\u00e4lyosaamista. Blogin nimi: Teko\u00e4lyk\u00e4st\u00e4-blogi Blogin julkaisija: Lapin ammattikorkeakoulu \u00a0Minttu Merivirta, Lehtori \/\u00a0Lapin ammattikorkeakoulu\u00a0\/ Arktiset luonnonvarat ja talous, Digitaaliset ratkaisut Johanna Niva, Liiketoimintajohtaja, LapIT Oy Antti Haase, Projektip\u00e4\u00e4llikk\u00f6 [&hellip;]<\/p>\n","protected":false},"author":36,"featured_media":0,"parent":0,"menu_order":0,"comment_status":"closed","ping_status":"closed","template":"","meta":{"_acf_changed":false,"_et_pb_use_builder":"on","_et_pb_old_content":"","_et_gb_content_width":"","footnotes":""},"class_list":["post-160","page","type-page","status-publish","hentry"],"acf":[],"yoast_head":"<!-- This site is optimized with the Yoast SEO plugin v27.1.1 - https:\/\/yoast.com\/product\/yoast-seo-wordpress\/ -->\n<title>Teko\u00e4lyk\u00e4st\u00e4-blogi - Tervetuloa tutustumaan Lapin teko\u00e4lykiihdytt\u00e4m\u00f6\u00f6n!<\/title>\n<meta name=\"robots\" content=\"index, follow, max-snippet:-1, max-image-preview:large, max-video-preview:-1\" \/>\n<link rel=\"canonical\" href=\"https:\/\/blogi.eoppimispalvelut.fi\/lappiai\/tekoalykasta-blogi\/\" \/>\n<meta property=\"og:locale\" content=\"fi_FI\" \/>\n<meta property=\"og:type\" content=\"article\" \/>\n<meta property=\"og:title\" content=\"Teko\u00e4lyk\u00e4st\u00e4-blogi - Tervetuloa tutustumaan Lapin teko\u00e4lykiihdytt\u00e4m\u00f6\u00f6n!\" \/>\n<meta property=\"og:description\" content=\"Blogissa hankkeen asiantuntijat jakavat kokemuksiaan, vinkkej\u00e4\u00e4n ja hyvi\u00e4 k\u00e4yt\u00e4nteit\u00e4\u00e4n teko\u00e4lyn hy\u00f6dynt\u00e4miseen liittyvist\u00e4 aihepiireist\u00e4. Blogin tavoitteena on paitsi kehitt\u00e4\u00e4 Lapin alueen PK-yritysten teko\u00e4ly-ymm\u00e4rryst\u00e4 niin my\u00f6s edist\u00e4\u00e4 Lapin ammattikorkeakoulun henkil\u00f6st\u00f6n teko\u00e4lyosaamista. Blogin nimi: Teko\u00e4lyk\u00e4st\u00e4-blogi Blogin julkaisija: Lapin ammattikorkeakoulu \u00a0Minttu Merivirta, Lehtori \/\u00a0Lapin ammattikorkeakoulu\u00a0\/ Arktiset luonnonvarat ja talous, Digitaaliset ratkaisut Johanna Niva, Liiketoimintajohtaja, LapIT Oy Antti Haase, Projektip\u00e4\u00e4llikk\u00f6 [&hellip;]\" \/>\n<meta property=\"og:url\" content=\"https:\/\/blogi.eoppimispalvelut.fi\/lappiai\/tekoalykasta-blogi\/\" \/>\n<meta property=\"og:site_name\" content=\"Tervetuloa tutustumaan Lapin teko\u00e4lykiihdytt\u00e4m\u00f6\u00f6n!\" \/>\n<meta property=\"article:modified_time\" content=\"2026-03-26T17:16:19+00:00\" \/>\n<meta name=\"twitter:card\" content=\"summary_large_image\" \/>\n<meta name=\"twitter:label1\" content=\"Est. reading time\" \/>\n\t<meta name=\"twitter:data1\" content=\"2 minuuttia\" \/>\n<script type=\"application\/ld+json\" class=\"yoast-schema-graph\">{\"@context\":\"https:\/\/schema.org\",\"@graph\":[{\"@type\":\"WebPage\",\"@id\":\"https:\/\/blogi.eoppimispalvelut.fi\/lappiai\/tekoalykasta-blogi\/\",\"url\":\"https:\/\/blogi.eoppimispalvelut.fi\/lappiai\/tekoalykasta-blogi\/\",\"name\":\"Teko\u00e4lyk\u00e4st\u00e4-blogi - Tervetuloa tutustumaan Lapin teko\u00e4lykiihdytt\u00e4m\u00f6\u00f6n!\",\"isPartOf\":{\"@id\":\"https:\/\/blogi.eoppimispalvelut.fi\/lappiai\/#website\"},\"datePublished\":\"2025-01-09T16:10:06+00:00\",\"dateModified\":\"2026-03-26T17:16:19+00:00\",\"breadcrumb\":{\"@id\":\"https:\/\/blogi.eoppimispalvelut.fi\/lappiai\/tekoalykasta-blogi\/#breadcrumb\"},\"inLanguage\":\"fi\",\"potentialAction\":[{\"@type\":\"ReadAction\",\"target\":[\"https:\/\/blogi.eoppimispalvelut.fi\/lappiai\/tekoalykasta-blogi\/\"]}]},{\"@type\":\"BreadcrumbList\",\"@id\":\"https:\/\/blogi.eoppimispalvelut.fi\/lappiai\/tekoalykasta-blogi\/#breadcrumb\",\"itemListElement\":[{\"@type\":\"ListItem\",\"position\":1,\"name\":\"Home\",\"item\":\"https:\/\/blogi.eoppimispalvelut.fi\/lappiai\/\"},{\"@type\":\"ListItem\",\"position\":2,\"name\":\"Teko\u00e4lyk\u00e4st\u00e4-blogi\"}]},{\"@type\":\"WebSite\",\"@id\":\"https:\/\/blogi.eoppimispalvelut.fi\/lappiai\/#website\",\"url\":\"https:\/\/blogi.eoppimispalvelut.fi\/lappiai\/\",\"name\":\"Lapin teko\u00e4lykiihdytt\u00e4m\u00f6\",\"description\":\"Lapin teko\u00e4lykiihdytt\u00e4m\u00f6 tuo teko\u00e4lyn mahdollisuudet tutuiksi Lapin alueen PK-yrityksille. Se on on EU:n osarahoittama projekti.\",\"publisher\":{\"@id\":\"https:\/\/blogi.eoppimispalvelut.fi\/lappiai\/#organization\"},\"potentialAction\":[{\"@type\":\"SearchAction\",\"target\":{\"@type\":\"EntryPoint\",\"urlTemplate\":\"https:\/\/blogi.eoppimispalvelut.fi\/lappiai\/?s={search_term_string}\"},\"query-input\":{\"@type\":\"PropertyValueSpecification\",\"valueRequired\":true,\"valueName\":\"search_term_string\"}}],\"inLanguage\":\"fi\"},{\"@type\":\"Organization\",\"@id\":\"https:\/\/blogi.eoppimispalvelut.fi\/lappiai\/#organization\",\"name\":\"Lapin teko\u00e4lykiihdytt\u00e4m\u00f6\",\"alternateName\":\"Lapin AMK\",\"url\":\"https:\/\/blogi.eoppimispalvelut.fi\/lappiai\/\",\"logo\":{\"@type\":\"ImageObject\",\"inLanguage\":\"fi\",\"@id\":\"https:\/\/blogi.eoppimispalvelut.fi\/lappiai\/#\/schema\/logo\/image\/\",\"url\":\"https:\/\/blogi.eoppimispalvelut.fi\/lappiai\/files\/2024\/12\/Firefly-higlighting-artificial-intelligence-skills-and-knowledge-with-a-hint-of-arctic-wibe-36245.jpg\",\"contentUrl\":\"https:\/\/blogi.eoppimispalvelut.fi\/lappiai\/files\/2024\/12\/Firefly-higlighting-artificial-intelligence-skills-and-knowledge-with-a-hint-of-arctic-wibe-36245.jpg\",\"width\":2048,\"height\":2048,\"caption\":\"Lapin teko\u00e4lykiihdytt\u00e4m\u00f6\"},\"image\":{\"@id\":\"https:\/\/blogi.eoppimispalvelut.fi\/lappiai\/#\/schema\/logo\/image\/\"}}]}<\/script>\n<!-- \/ Yoast SEO plugin. -->","yoast_head_json":{"title":"Teko\u00e4lyk\u00e4st\u00e4-blogi - Tervetuloa tutustumaan Lapin teko\u00e4lykiihdytt\u00e4m\u00f6\u00f6n!","robots":{"index":"index","follow":"follow","max-snippet":"max-snippet:-1","max-image-preview":"max-image-preview:large","max-video-preview":"max-video-preview:-1"},"canonical":"https:\/\/blogi.eoppimispalvelut.fi\/lappiai\/tekoalykasta-blogi\/","og_locale":"fi_FI","og_type":"article","og_title":"Teko\u00e4lyk\u00e4st\u00e4-blogi - Tervetuloa tutustumaan Lapin teko\u00e4lykiihdytt\u00e4m\u00f6\u00f6n!","og_description":"Blogissa hankkeen asiantuntijat jakavat kokemuksiaan, vinkkej\u00e4\u00e4n ja hyvi\u00e4 k\u00e4yt\u00e4nteit\u00e4\u00e4n teko\u00e4lyn hy\u00f6dynt\u00e4miseen liittyvist\u00e4 aihepiireist\u00e4. Blogin tavoitteena on paitsi kehitt\u00e4\u00e4 Lapin alueen PK-yritysten teko\u00e4ly-ymm\u00e4rryst\u00e4 niin my\u00f6s edist\u00e4\u00e4 Lapin ammattikorkeakoulun henkil\u00f6st\u00f6n teko\u00e4lyosaamista. Blogin nimi: Teko\u00e4lyk\u00e4st\u00e4-blogi Blogin julkaisija: Lapin ammattikorkeakoulu \u00a0Minttu Merivirta, Lehtori \/\u00a0Lapin ammattikorkeakoulu\u00a0\/ Arktiset luonnonvarat ja talous, Digitaaliset ratkaisut Johanna Niva, Liiketoimintajohtaja, LapIT Oy Antti Haase, Projektip\u00e4\u00e4llikk\u00f6 [&hellip;]","og_url":"https:\/\/blogi.eoppimispalvelut.fi\/lappiai\/tekoalykasta-blogi\/","og_site_name":"Tervetuloa tutustumaan Lapin teko\u00e4lykiihdytt\u00e4m\u00f6\u00f6n!","article_modified_time":"2026-03-26T17:16:19+00:00","twitter_card":"summary_large_image","twitter_misc":{"Est. reading time":"2 minuuttia"},"schema":{"@context":"https:\/\/schema.org","@graph":[{"@type":"WebPage","@id":"https:\/\/blogi.eoppimispalvelut.fi\/lappiai\/tekoalykasta-blogi\/","url":"https:\/\/blogi.eoppimispalvelut.fi\/lappiai\/tekoalykasta-blogi\/","name":"Teko\u00e4lyk\u00e4st\u00e4-blogi - Tervetuloa tutustumaan Lapin teko\u00e4lykiihdytt\u00e4m\u00f6\u00f6n!","isPartOf":{"@id":"https:\/\/blogi.eoppimispalvelut.fi\/lappiai\/#website"},"datePublished":"2025-01-09T16:10:06+00:00","dateModified":"2026-03-26T17:16:19+00:00","breadcrumb":{"@id":"https:\/\/blogi.eoppimispalvelut.fi\/lappiai\/tekoalykasta-blogi\/#breadcrumb"},"inLanguage":"fi","potentialAction":[{"@type":"ReadAction","target":["https:\/\/blogi.eoppimispalvelut.fi\/lappiai\/tekoalykasta-blogi\/"]}]},{"@type":"BreadcrumbList","@id":"https:\/\/blogi.eoppimispalvelut.fi\/lappiai\/tekoalykasta-blogi\/#breadcrumb","itemListElement":[{"@type":"ListItem","position":1,"name":"Home","item":"https:\/\/blogi.eoppimispalvelut.fi\/lappiai\/"},{"@type":"ListItem","position":2,"name":"Teko\u00e4lyk\u00e4st\u00e4-blogi"}]},{"@type":"WebSite","@id":"https:\/\/blogi.eoppimispalvelut.fi\/lappiai\/#website","url":"https:\/\/blogi.eoppimispalvelut.fi\/lappiai\/","name":"Lapin teko\u00e4lykiihdytt\u00e4m\u00f6","description":"Lapin teko\u00e4lykiihdytt\u00e4m\u00f6 tuo teko\u00e4lyn mahdollisuudet tutuiksi Lapin alueen PK-yrityksille. Se on on EU:n osarahoittama projekti.","publisher":{"@id":"https:\/\/blogi.eoppimispalvelut.fi\/lappiai\/#organization"},"potentialAction":[{"@type":"SearchAction","target":{"@type":"EntryPoint","urlTemplate":"https:\/\/blogi.eoppimispalvelut.fi\/lappiai\/?s={search_term_string}"},"query-input":{"@type":"PropertyValueSpecification","valueRequired":true,"valueName":"search_term_string"}}],"inLanguage":"fi"},{"@type":"Organization","@id":"https:\/\/blogi.eoppimispalvelut.fi\/lappiai\/#organization","name":"Lapin teko\u00e4lykiihdytt\u00e4m\u00f6","alternateName":"Lapin AMK","url":"https:\/\/blogi.eoppimispalvelut.fi\/lappiai\/","logo":{"@type":"ImageObject","inLanguage":"fi","@id":"https:\/\/blogi.eoppimispalvelut.fi\/lappiai\/#\/schema\/logo\/image\/","url":"https:\/\/blogi.eoppimispalvelut.fi\/lappiai\/files\/2024\/12\/Firefly-higlighting-artificial-intelligence-skills-and-knowledge-with-a-hint-of-arctic-wibe-36245.jpg","contentUrl":"https:\/\/blogi.eoppimispalvelut.fi\/lappiai\/files\/2024\/12\/Firefly-higlighting-artificial-intelligence-skills-and-knowledge-with-a-hint-of-arctic-wibe-36245.jpg","width":2048,"height":2048,"caption":"Lapin teko\u00e4lykiihdytt\u00e4m\u00f6"},"image":{"@id":"https:\/\/blogi.eoppimispalvelut.fi\/lappiai\/#\/schema\/logo\/image\/"}}]}},"_links":{"self":[{"href":"https:\/\/blogi.eoppimispalvelut.fi\/lappiai\/wp-json\/wp\/v2\/pages\/160","targetHints":{"allow":["GET"]}}],"collection":[{"href":"https:\/\/blogi.eoppimispalvelut.fi\/lappiai\/wp-json\/wp\/v2\/pages"}],"about":[{"href":"https:\/\/blogi.eoppimispalvelut.fi\/lappiai\/wp-json\/wp\/v2\/types\/page"}],"author":[{"embeddable":true,"href":"https:\/\/blogi.eoppimispalvelut.fi\/lappiai\/wp-json\/wp\/v2\/users\/36"}],"replies":[{"embeddable":true,"href":"https:\/\/blogi.eoppimispalvelut.fi\/lappiai\/wp-json\/wp\/v2\/comments?post=160"}],"version-history":[{"count":15,"href":"https:\/\/blogi.eoppimispalvelut.fi\/lappiai\/wp-json\/wp\/v2\/pages\/160\/revisions"}],"predecessor-version":[{"id":1357,"href":"https:\/\/blogi.eoppimispalvelut.fi\/lappiai\/wp-json\/wp\/v2\/pages\/160\/revisions\/1357"}],"wp:attachment":[{"href":"https:\/\/blogi.eoppimispalvelut.fi\/lappiai\/wp-json\/wp\/v2\/media?parent=160"}],"curies":[{"name":"wp","href":"https:\/\/api.w.org\/{rel}","templated":true}]}}