{"id":215,"date":"2025-03-11T19:38:55","date_gmt":"2025-03-11T17:38:55","guid":{"rendered":"https:\/\/blogi.eoppimispalvelut.fi\/lappiai\/?page_id=215"},"modified":"2026-04-11T22:18:19","modified_gmt":"2026-04-11T19:18:19","slug":"lapin-tekoalykysely-tulokset","status":"publish","type":"page","link":"https:\/\/blogi.eoppimispalvelut.fi\/lappiai\/hankkeessa-tapahtuu\/lapin-tekoalykysely-tulokset\/","title":{"rendered":"Lapin teko\u00e4lykyselyn tulokset"},"content":{"rendered":"<p>[et_pb_section fb_built=&#8221;1&#8243; _builder_version=&#8221;4.27.4&#8243; _module_preset=&#8221;default&#8221; global_colors_info=&#8221;{}&#8221;][et_pb_row column_structure=&#8221;1_2,1_2&#8243; _builder_version=&#8221;4.27.4&#8243; _module_preset=&#8221;default&#8221; min_height=&#8221;535.2px&#8221; custom_padding=&#8221;70px|||||&#8221; link_option_url_new_window=&#8221;on&#8221; global_colors_info=&#8221;{}&#8221;][et_pb_column type=&#8221;1_2&#8243; _builder_version=&#8221;4.27.4&#8243; _module_preset=&#8221;default&#8221; global_colors_info=&#8221;{}&#8221;][et_pb_heading title=&#8221;Lapin teko\u00e4lykyselyn tulokset&#8221; _builder_version=&#8221;4.27.4&#8243; _module_preset=&#8221;default&#8221; title_text_color=&#8221;gcid-primary-color&#8221; title_font_size=&#8221;34px&#8221; hover_enabled=&#8221;0&#8243; global_colors_info=&#8221;{%22gcid-primary-color%22:%91%22title_text_color%22%93}&#8221; sticky_enabled=&#8221;0&#8243;][\/et_pb_heading][et_pb_text _builder_version=&#8221;4.27.4&#8243; _module_preset=&#8221;default&#8221; hover_enabled=&#8221;0&#8243; global_colors_info=&#8221;{}&#8221; sticky_enabled=&#8221;0&#8243;]<\/p>\n<p>Lapin teko\u00e4lykiihdytt\u00e4m\u00f6 j\u00e4rjesti kev\u00e4\u00e4ll\u00e4 2025 kyselyn, jonka tavoitteena oli selvitt\u00e4\u00e4 Lapin pk-yritysten teko\u00e4lyosaamista ja kehitt\u00e4mistarpeita. Kyselyn suunnittelusta ja toteuttamisesta vastasi yhteisty\u00f6yritys <a href=\"https:\/\/www.aimiten.fi\/\">Aimiten Oy<\/a>.<\/p>\n<h4><strong><\/strong><\/h4>\n<h4><strong>Kyselyn tulosraportin p\u00e4\u00e4set lukemaan <a href=\"https:\/\/blogi.eoppimispalvelut.fi\/lappiai\/files\/2025\/09\/Lapin-AMK-kyselytutkimusraportti-final.pdf\" target=\"_blank\" rel=\"noopener\"><span style=\"text-decoration: underline;color: #3e86c1\">T\u00c4ST\u00c4<\/span><\/a>.<\/strong><\/h4>\n<p><span style=\"font-size: 14px\"><\/span><\/p>\n<p><span style=\"font-size: 14px\"><\/span><\/p>\n<p><span style=\"font-size: 14px\">Lapin pk-yritykset ovat jo ottaneet ensiaskeleet teko\u00e4lyn hy\u00f6dynt\u00e4misess\u00e4. Seuraava askel on siirty\u00e4 kokeiluista kohti s\u00e4\u00e4nn\u00f6llist\u00e4 k\u00e4ytt\u00f6\u00e4 ja konkreettisia hy\u00f6tyj\u00e4. Teko\u00e4ly voi olla ty\u00f6kalu, joka auttaa yrityst\u00e4 kasvamaan, kehittym\u00e4\u00e4n ja erottumaan. Teko\u00e4ly ei ole vain teknologinen ratkaisu \u2013 se on mahdollisuus kehitt\u00e4\u00e4 liiketoimintaa, parantaa asiakaskokemusta ja vapauttaa aikaa t\u00e4rke\u00e4mpiin teht\u00e4viin.<\/span><\/p>\n<p><strong><span style=\"font-size: 14px\"><a href=\"https:\/\/blogi.eoppimispalvelut.fi\/lappiai\/2025\/06\/04\/tekoalyn-hyodyntaminen-lapin-pk-yrityksissa-kokeiluista-kohti-konkreettisia-hyotyja\/\" target=\"_blank\" rel=\"noopener\">Lue lis\u00e4\u00e4 tulosraportin keskeisist\u00e4 sis\u00e4ll\u00f6ist\u00e4 t\u00e4\u00e4lt\u00e4<\/a>.<\/span><\/strong><\/p>\n<p><strong><span style=\"font-size: 14px\">Yhteenveto keskeisimmist\u00e4 tuloksista on julkaistu my\u00f6s videomuodossa osana Lapin ammattikorkeakoulun julkaisusarjaa. <a href=\"https:\/\/www.youtube.com\/watch?v=N7fQbBlahmg&amp;list=PLMVFtm90HwM3n9mZ2TvOW9OZwSNrLNfGE&amp;index=77\">Katso video t\u00e4\u00e4lt\u00e4.<\/a><\/span><\/strong><\/p>\n<p><span style=\"font-size: 14px\">***<\/span><\/p>\n<p><span style=\"font-size: 14px\">Kyselun vastaajille toimitettiin teko\u00e4lyopas. <a href=\"https:\/\/blogi.eoppimispalvelut.fi\/lappiai\/files\/2025\/09\/Lapin-tekoalykiihdyttamon-tekoalyopas.pdf\" target=\"_blank\" rel=\"noopener\"><strong>P\u00e4\u00e4set tutustumaan Lapin teko\u00e4lykiihdytt\u00e4m\u00f6n teko\u00e4lyoppaaseen t\u00e4st\u00e4.<\/strong><\/a><\/span><\/p>\n<p>[\/et_pb_text][\/et_pb_column][et_pb_column type=&#8221;1_2&#8243; _builder_version=&#8221;4.27.4&#8243; _module_preset=&#8221;default&#8221; global_colors_info=&#8221;{}&#8221;][et_pb_image src=&#8221;https:\/\/blogi.eoppimispalvelut.fi\/lappiai\/files\/2024\/12\/Firefly-higlighting-artificial-intelligence-skills-and-knowledge-of-businesses-snowy-surroundings-3.jpg&#8221; title_text=&#8221;Firefly higlighting artificial intelligence skills and knowledge of businesses, snowy surroundings 3&#8243; _builder_version=&#8221;4.27.4&#8243; _module_preset=&#8221;default&#8221; width=&#8221;79.3%&#8221; custom_padding=&#8221;74px||||false|false&#8221; animation_style=&#8221;slide&#8221; animation_intensity_slide=&#8221;6%&#8221; animation_starting_opacity=&#8221;18%&#8221; border_radii=&#8221;on|22px|22px|22px|22px&#8221; global_colors_info=&#8221;{}&#8221;][\/et_pb_image][\/et_pb_column][\/et_pb_row][\/et_pb_section]<\/p>\n","protected":false},"excerpt":{"rendered":"<p>Lapin teko\u00e4lykiihdytt\u00e4m\u00f6 j\u00e4rjesti kev\u00e4\u00e4ll\u00e4 2025 kyselyn, jonka tavoitteena oli selvitt\u00e4\u00e4 Lapin pk-yritysten teko\u00e4lyosaamista ja kehitt\u00e4mistarpeita. Kyselyn suunnittelusta ja toteuttamisesta vastasi yhteisty\u00f6yritys Aimiten Oy. Kyselyn tulosraportin p\u00e4\u00e4set lukemaan T\u00c4ST\u00c4. Lapin pk-yritykset ovat jo ottaneet ensiaskeleet teko\u00e4lyn hy\u00f6dynt\u00e4misess\u00e4. Seuraava askel on siirty\u00e4 kokeiluista kohti s\u00e4\u00e4nn\u00f6llist\u00e4 k\u00e4ytt\u00f6\u00e4 ja konkreettisia hy\u00f6tyj\u00e4. Teko\u00e4ly voi olla ty\u00f6kalu, joka auttaa yrityst\u00e4 kasvamaan, [&hellip;]<\/p>\n","protected":false},"author":594,"featured_media":0,"parent":40,"menu_order":0,"comment_status":"closed","ping_status":"closed","template":"","meta":{"_acf_changed":false,"_et_pb_use_builder":"on","_et_pb_old_content":"","_et_gb_content_width":"","footnotes":""},"class_list":["post-215","page","type-page","status-publish","hentry"],"acf":[],"yoast_head":"<!-- This site is optimized with the Yoast SEO plugin v27.1.1 - https:\/\/yoast.com\/product\/yoast-seo-wordpress\/ -->\n<title>Lapin teko\u00e4lykyselyn tulokset - Tervetuloa tutustumaan Lapin teko\u00e4lykiihdytt\u00e4m\u00f6\u00f6n!<\/title>\n<meta name=\"robots\" content=\"index, follow, max-snippet:-1, max-image-preview:large, max-video-preview:-1\" \/>\n<link rel=\"canonical\" href=\"https:\/\/blogi.eoppimispalvelut.fi\/lappiai\/hankkeessa-tapahtuu\/lapin-tekoalykysely-tulokset\/\" \/>\n<meta property=\"og:locale\" content=\"fi_FI\" \/>\n<meta property=\"og:type\" content=\"article\" \/>\n<meta property=\"og:title\" content=\"Lapin teko\u00e4lykyselyn tulokset - Tervetuloa tutustumaan Lapin teko\u00e4lykiihdytt\u00e4m\u00f6\u00f6n!\" \/>\n<meta property=\"og:description\" content=\"Lapin teko\u00e4lykiihdytt\u00e4m\u00f6 j\u00e4rjesti kev\u00e4\u00e4ll\u00e4 2025 kyselyn, jonka tavoitteena oli selvitt\u00e4\u00e4 Lapin pk-yritysten teko\u00e4lyosaamista ja kehitt\u00e4mistarpeita. Kyselyn suunnittelusta ja toteuttamisesta vastasi yhteisty\u00f6yritys Aimiten Oy. Kyselyn tulosraportin p\u00e4\u00e4set lukemaan T\u00c4ST\u00c4. Lapin pk-yritykset ovat jo ottaneet ensiaskeleet teko\u00e4lyn hy\u00f6dynt\u00e4misess\u00e4. Seuraava askel on siirty\u00e4 kokeiluista kohti s\u00e4\u00e4nn\u00f6llist\u00e4 k\u00e4ytt\u00f6\u00e4 ja konkreettisia hy\u00f6tyj\u00e4. Teko\u00e4ly voi olla ty\u00f6kalu, joka auttaa yrityst\u00e4 kasvamaan, [&hellip;]\" \/>\n<meta property=\"og:url\" content=\"https:\/\/blogi.eoppimispalvelut.fi\/lappiai\/hankkeessa-tapahtuu\/lapin-tekoalykysely-tulokset\/\" \/>\n<meta property=\"og:site_name\" content=\"Tervetuloa tutustumaan Lapin teko\u00e4lykiihdytt\u00e4m\u00f6\u00f6n!\" \/>\n<meta property=\"article:modified_time\" content=\"2026-04-11T19:18:19+00:00\" \/>\n<meta name=\"twitter:card\" content=\"summary_large_image\" \/>\n<meta name=\"twitter:label1\" content=\"Est. reading time\" \/>\n\t<meta name=\"twitter:data1\" content=\"2 minuuttia\" \/>\n<script type=\"application\/ld+json\" class=\"yoast-schema-graph\">{\"@context\":\"https:\/\/schema.org\",\"@graph\":[{\"@type\":\"WebPage\",\"@id\":\"https:\/\/blogi.eoppimispalvelut.fi\/lappiai\/hankkeessa-tapahtuu\/lapin-tekoalykysely-tulokset\/\",\"url\":\"https:\/\/blogi.eoppimispalvelut.fi\/lappiai\/hankkeessa-tapahtuu\/lapin-tekoalykysely-tulokset\/\",\"name\":\"Lapin teko\u00e4lykyselyn tulokset - Tervetuloa tutustumaan Lapin teko\u00e4lykiihdytt\u00e4m\u00f6\u00f6n!\",\"isPartOf\":{\"@id\":\"https:\/\/blogi.eoppimispalvelut.fi\/lappiai\/#website\"},\"datePublished\":\"2025-03-11T17:38:55+00:00\",\"dateModified\":\"2026-04-11T19:18:19+00:00\",\"breadcrumb\":{\"@id\":\"https:\/\/blogi.eoppimispalvelut.fi\/lappiai\/hankkeessa-tapahtuu\/lapin-tekoalykysely-tulokset\/#breadcrumb\"},\"inLanguage\":\"fi\",\"potentialAction\":[{\"@type\":\"ReadAction\",\"target\":[\"https:\/\/blogi.eoppimispalvelut.fi\/lappiai\/hankkeessa-tapahtuu\/lapin-tekoalykysely-tulokset\/\"]}]},{\"@type\":\"BreadcrumbList\",\"@id\":\"https:\/\/blogi.eoppimispalvelut.fi\/lappiai\/hankkeessa-tapahtuu\/lapin-tekoalykysely-tulokset\/#breadcrumb\",\"itemListElement\":[{\"@type\":\"ListItem\",\"position\":1,\"name\":\"Home\",\"item\":\"https:\/\/blogi.eoppimispalvelut.fi\/lappiai\/\"},{\"@type\":\"ListItem\",\"position\":2,\"name\":\"Ajankohtaista\",\"item\":\"https:\/\/blogi.eoppimispalvelut.fi\/lappiai\/hankkeessa-tapahtuu\/\"},{\"@type\":\"ListItem\",\"position\":3,\"name\":\"Lapin teko\u00e4lykyselyn tulokset\"}]},{\"@type\":\"WebSite\",\"@id\":\"https:\/\/blogi.eoppimispalvelut.fi\/lappiai\/#website\",\"url\":\"https:\/\/blogi.eoppimispalvelut.fi\/lappiai\/\",\"name\":\"Lapin teko\u00e4lykiihdytt\u00e4m\u00f6\",\"description\":\"Lapin teko\u00e4lykiihdytt\u00e4m\u00f6 tuo teko\u00e4lyn mahdollisuudet tutuiksi Lapin alueen PK-yrityksille. Se on on EU:n osarahoittama projekti.\",\"publisher\":{\"@id\":\"https:\/\/blogi.eoppimispalvelut.fi\/lappiai\/#organization\"},\"potentialAction\":[{\"@type\":\"SearchAction\",\"target\":{\"@type\":\"EntryPoint\",\"urlTemplate\":\"https:\/\/blogi.eoppimispalvelut.fi\/lappiai\/?s={search_term_string}\"},\"query-input\":{\"@type\":\"PropertyValueSpecification\",\"valueRequired\":true,\"valueName\":\"search_term_string\"}}],\"inLanguage\":\"fi\"},{\"@type\":\"Organization\",\"@id\":\"https:\/\/blogi.eoppimispalvelut.fi\/lappiai\/#organization\",\"name\":\"Lapin teko\u00e4lykiihdytt\u00e4m\u00f6\",\"alternateName\":\"Lapin AMK\",\"url\":\"https:\/\/blogi.eoppimispalvelut.fi\/lappiai\/\",\"logo\":{\"@type\":\"ImageObject\",\"inLanguage\":\"fi\",\"@id\":\"https:\/\/blogi.eoppimispalvelut.fi\/lappiai\/#\/schema\/logo\/image\/\",\"url\":\"https:\/\/blogi.eoppimispalvelut.fi\/lappiai\/files\/2024\/12\/Firefly-higlighting-artificial-intelligence-skills-and-knowledge-with-a-hint-of-arctic-wibe-36245.jpg\",\"contentUrl\":\"https:\/\/blogi.eoppimispalvelut.fi\/lappiai\/files\/2024\/12\/Firefly-higlighting-artificial-intelligence-skills-and-knowledge-with-a-hint-of-arctic-wibe-36245.jpg\",\"width\":2048,\"height\":2048,\"caption\":\"Lapin teko\u00e4lykiihdytt\u00e4m\u00f6\"},\"image\":{\"@id\":\"https:\/\/blogi.eoppimispalvelut.fi\/lappiai\/#\/schema\/logo\/image\/\"}}]}<\/script>\n<!-- \/ Yoast SEO plugin. -->","yoast_head_json":{"title":"Lapin teko\u00e4lykyselyn tulokset - Tervetuloa tutustumaan Lapin teko\u00e4lykiihdytt\u00e4m\u00f6\u00f6n!","robots":{"index":"index","follow":"follow","max-snippet":"max-snippet:-1","max-image-preview":"max-image-preview:large","max-video-preview":"max-video-preview:-1"},"canonical":"https:\/\/blogi.eoppimispalvelut.fi\/lappiai\/hankkeessa-tapahtuu\/lapin-tekoalykysely-tulokset\/","og_locale":"fi_FI","og_type":"article","og_title":"Lapin teko\u00e4lykyselyn tulokset - Tervetuloa tutustumaan Lapin teko\u00e4lykiihdytt\u00e4m\u00f6\u00f6n!","og_description":"Lapin teko\u00e4lykiihdytt\u00e4m\u00f6 j\u00e4rjesti kev\u00e4\u00e4ll\u00e4 2025 kyselyn, jonka tavoitteena oli selvitt\u00e4\u00e4 Lapin pk-yritysten teko\u00e4lyosaamista ja kehitt\u00e4mistarpeita. Kyselyn suunnittelusta ja toteuttamisesta vastasi yhteisty\u00f6yritys Aimiten Oy. Kyselyn tulosraportin p\u00e4\u00e4set lukemaan T\u00c4ST\u00c4. Lapin pk-yritykset ovat jo ottaneet ensiaskeleet teko\u00e4lyn hy\u00f6dynt\u00e4misess\u00e4. Seuraava askel on siirty\u00e4 kokeiluista kohti s\u00e4\u00e4nn\u00f6llist\u00e4 k\u00e4ytt\u00f6\u00e4 ja konkreettisia hy\u00f6tyj\u00e4. Teko\u00e4ly voi olla ty\u00f6kalu, joka auttaa yrityst\u00e4 kasvamaan, [&hellip;]","og_url":"https:\/\/blogi.eoppimispalvelut.fi\/lappiai\/hankkeessa-tapahtuu\/lapin-tekoalykysely-tulokset\/","og_site_name":"Tervetuloa tutustumaan Lapin teko\u00e4lykiihdytt\u00e4m\u00f6\u00f6n!","article_modified_time":"2026-04-11T19:18:19+00:00","twitter_card":"summary_large_image","twitter_misc":{"Est. reading time":"2 minuuttia"},"schema":{"@context":"https:\/\/schema.org","@graph":[{"@type":"WebPage","@id":"https:\/\/blogi.eoppimispalvelut.fi\/lappiai\/hankkeessa-tapahtuu\/lapin-tekoalykysely-tulokset\/","url":"https:\/\/blogi.eoppimispalvelut.fi\/lappiai\/hankkeessa-tapahtuu\/lapin-tekoalykysely-tulokset\/","name":"Lapin teko\u00e4lykyselyn tulokset - Tervetuloa tutustumaan Lapin teko\u00e4lykiihdytt\u00e4m\u00f6\u00f6n!","isPartOf":{"@id":"https:\/\/blogi.eoppimispalvelut.fi\/lappiai\/#website"},"datePublished":"2025-03-11T17:38:55+00:00","dateModified":"2026-04-11T19:18:19+00:00","breadcrumb":{"@id":"https:\/\/blogi.eoppimispalvelut.fi\/lappiai\/hankkeessa-tapahtuu\/lapin-tekoalykysely-tulokset\/#breadcrumb"},"inLanguage":"fi","potentialAction":[{"@type":"ReadAction","target":["https:\/\/blogi.eoppimispalvelut.fi\/lappiai\/hankkeessa-tapahtuu\/lapin-tekoalykysely-tulokset\/"]}]},{"@type":"BreadcrumbList","@id":"https:\/\/blogi.eoppimispalvelut.fi\/lappiai\/hankkeessa-tapahtuu\/lapin-tekoalykysely-tulokset\/#breadcrumb","itemListElement":[{"@type":"ListItem","position":1,"name":"Home","item":"https:\/\/blogi.eoppimispalvelut.fi\/lappiai\/"},{"@type":"ListItem","position":2,"name":"Ajankohtaista","item":"https:\/\/blogi.eoppimispalvelut.fi\/lappiai\/hankkeessa-tapahtuu\/"},{"@type":"ListItem","position":3,"name":"Lapin teko\u00e4lykyselyn tulokset"}]},{"@type":"WebSite","@id":"https:\/\/blogi.eoppimispalvelut.fi\/lappiai\/#website","url":"https:\/\/blogi.eoppimispalvelut.fi\/lappiai\/","name":"Lapin teko\u00e4lykiihdytt\u00e4m\u00f6","description":"Lapin teko\u00e4lykiihdytt\u00e4m\u00f6 tuo teko\u00e4lyn mahdollisuudet tutuiksi Lapin alueen PK-yrityksille. Se on on EU:n osarahoittama projekti.","publisher":{"@id":"https:\/\/blogi.eoppimispalvelut.fi\/lappiai\/#organization"},"potentialAction":[{"@type":"SearchAction","target":{"@type":"EntryPoint","urlTemplate":"https:\/\/blogi.eoppimispalvelut.fi\/lappiai\/?s={search_term_string}"},"query-input":{"@type":"PropertyValueSpecification","valueRequired":true,"valueName":"search_term_string"}}],"inLanguage":"fi"},{"@type":"Organization","@id":"https:\/\/blogi.eoppimispalvelut.fi\/lappiai\/#organization","name":"Lapin teko\u00e4lykiihdytt\u00e4m\u00f6","alternateName":"Lapin AMK","url":"https:\/\/blogi.eoppimispalvelut.fi\/lappiai\/","logo":{"@type":"ImageObject","inLanguage":"fi","@id":"https:\/\/blogi.eoppimispalvelut.fi\/lappiai\/#\/schema\/logo\/image\/","url":"https:\/\/blogi.eoppimispalvelut.fi\/lappiai\/files\/2024\/12\/Firefly-higlighting-artificial-intelligence-skills-and-knowledge-with-a-hint-of-arctic-wibe-36245.jpg","contentUrl":"https:\/\/blogi.eoppimispalvelut.fi\/lappiai\/files\/2024\/12\/Firefly-higlighting-artificial-intelligence-skills-and-knowledge-with-a-hint-of-arctic-wibe-36245.jpg","width":2048,"height":2048,"caption":"Lapin teko\u00e4lykiihdytt\u00e4m\u00f6"},"image":{"@id":"https:\/\/blogi.eoppimispalvelut.fi\/lappiai\/#\/schema\/logo\/image\/"}}]}},"_links":{"self":[{"href":"https:\/\/blogi.eoppimispalvelut.fi\/lappiai\/wp-json\/wp\/v2\/pages\/215","targetHints":{"allow":["GET"]}}],"collection":[{"href":"https:\/\/blogi.eoppimispalvelut.fi\/lappiai\/wp-json\/wp\/v2\/pages"}],"about":[{"href":"https:\/\/blogi.eoppimispalvelut.fi\/lappiai\/wp-json\/wp\/v2\/types\/page"}],"author":[{"embeddable":true,"href":"https:\/\/blogi.eoppimispalvelut.fi\/lappiai\/wp-json\/wp\/v2\/users\/594"}],"replies":[{"embeddable":true,"href":"https:\/\/blogi.eoppimispalvelut.fi\/lappiai\/wp-json\/wp\/v2\/comments?post=215"}],"version-history":[{"count":32,"href":"https:\/\/blogi.eoppimispalvelut.fi\/lappiai\/wp-json\/wp\/v2\/pages\/215\/revisions"}],"predecessor-version":[{"id":1558,"href":"https:\/\/blogi.eoppimispalvelut.fi\/lappiai\/wp-json\/wp\/v2\/pages\/215\/revisions\/1558"}],"up":[{"embeddable":true,"href":"https:\/\/blogi.eoppimispalvelut.fi\/lappiai\/wp-json\/wp\/v2\/pages\/40"}],"wp:attachment":[{"href":"https:\/\/blogi.eoppimispalvelut.fi\/lappiai\/wp-json\/wp\/v2\/media?parent=215"}],"curies":[{"name":"wp","href":"https:\/\/api.w.org\/{rel}","templated":true}]}}