{"id":705,"date":"2025-11-11T23:14:08","date_gmt":"2025-11-11T21:14:08","guid":{"rendered":"https:\/\/blogi.eoppimispalvelut.fi\/lappiai\/?page_id=705"},"modified":"2026-01-01T20:06:01","modified_gmt":"2026-01-01T18:06:01","slug":"tekoalykasta-1-08102025","status":"publish","type":"page","link":"https:\/\/blogi.eoppimispalvelut.fi\/lappiai\/tekoalykasta-1-08102025\/","title":{"rendered":"Teko\u00e4lyk\u00e4st\u00e4-valmennus 8.10.2025"},"content":{"rendered":"<p>[et_pb_section fb_built=&#8221;1&#8243; _builder_version=&#8221;4.27.4&#8243; _module_preset=&#8221;default&#8221; custom_padding=&#8221;||22px|||&#8221; locked=&#8221;off&#8221; global_colors_info=&#8221;{}&#8221;][et_pb_row column_structure=&#8221;1_2,1_2&#8243; _builder_version=&#8221;4.27.4&#8243; _module_preset=&#8221;default&#8221; custom_padding=&#8221;||53px|||&#8221; global_colors_info=&#8221;{}&#8221;][et_pb_column type=&#8221;1_2&#8243; _builder_version=&#8221;4.27.4&#8243; _module_preset=&#8221;default&#8221; global_colors_info=&#8221;{}&#8221;][et_pb_image src=&#8221;https:\/\/blogi.eoppimispalvelut.fi\/lappiai\/files\/2025\/09\/Tekoalykasta-valmennus_kuva-Yrittajien-uutiskirjeeseen_2-scaled.jpg&#8221; alt=&#8221;Kutsu Teko\u00e4lyk\u00e4st\u00e4-valmennukseen yritt\u00e4jille&#8221; title_text=&#8221;Tekoalykasta-valmennus_kuva Yritt\u00e4jien uutiskirjeeseen_2&#8243; _builder_version=&#8221;4.27.4&#8243; _module_preset=&#8221;default&#8221; global_colors_info=&#8221;{}&#8221;][\/et_pb_image][\/et_pb_column][et_pb_column type=&#8221;1_2&#8243; _builder_version=&#8221;4.27.4&#8243; _module_preset=&#8221;default&#8221; global_colors_info=&#8221;{}&#8221;][et_pb_text _builder_version=&#8221;4.27.4&#8243; _module_preset=&#8221;default&#8221; hover_enabled=&#8221;0&#8243; global_colors_info=&#8221;{}&#8221; sticky_enabled=&#8221;0&#8243;]<\/p>\n<h5><strong>Opi hy\u00f6dynt\u00e4m\u00e4\u00e4n teko\u00e4ly\u00e4 k\u00e4yt\u00e4nn\u00f6ss\u00e4 \u2013 Teko\u00e4lyk\u00e4st\u00e4-valmennus Lapin pk-yrityksille<\/strong><\/h5>\n<p>Teko\u00e4ly tarjoaa yrityksille uusia mahdollisuuksia arjen prosesseihin, markkinointiin, myyntiin ja asiakaspalveluun. <strong>Keskiviikkona 8.10. Lapin AMKin Tornion kampuksella<\/strong> j\u00e4rjestettiin maksuton kolmen tunnin valmennustilaisuus, jossa osallistujat p\u00e4\u00e4siv\u00e4t kokeilemaan teko\u00e4lyty\u00f6kaluja oman liiketoimintansa kehitt\u00e4misess\u00e4.<\/p>\n<p><strong>Tilaisuus j\u00e4rjestettiin <a href=\"https:\/\/blogi.eoppimispalvelut.fi\/lappiai\/\" target=\"_blank\" rel=\"noopener\">Lapin teko\u00e4lykiihdytt\u00e4m\u00f6n<\/a> ja <a href=\"https:\/\/xbit-tornio.fi\/digiboost-digitaalista-osaamista-ja-teknologiaa-yritysten-kayttoon\/\" target=\"_blank\" rel=\"noopener\">DigiBoostin<\/a> yhteisty\u00f6n\u00e4.<\/strong><\/p>\n<p><strong><\/strong><\/p>\n<p>[\/et_pb_text][\/et_pb_column][\/et_pb_row][et_pb_row _builder_version=&#8221;4.27.4&#8243; _module_preset=&#8221;default&#8221;][et_pb_column _builder_version=&#8221;4.27.4&#8243; _module_preset=&#8221;default&#8221; type=&#8221;4_4&#8243;][et_pb_text _builder_version=&#8221;4.27.4&#8243; _module_preset=&#8221;default&#8221; hover_enabled=&#8221;0&#8243; sticky_enabled=&#8221;0&#8243;]<\/p>\n<blockquote>\n<p><a href=\"https:\/\/www.youtube.com\/watch?v=EaLloOhtxXA\" target=\"_blank\" rel=\"noopener\"><strong>Jonna Muurisen johdantoluento on julkaistu Lapin teko\u00e4lykiihdytt\u00e4m\u00e4n YouTube-kanavalla.<\/strong><\/a><\/p>\n<\/blockquote>\n<p>[\/et_pb_text][\/et_pb_column][\/et_pb_row][et_pb_row column_structure=&#8221;1_2,1_2&#8243; _builder_version=&#8221;4.27.4&#8243; _module_preset=&#8221;default&#8221; global_colors_info=&#8221;{}&#8221;][et_pb_column type=&#8221;1_2&#8243; _builder_version=&#8221;4.27.4&#8243; _module_preset=&#8221;default&#8221; global_colors_info=&#8221;{}&#8221;][et_pb_text _builder_version=&#8221;4.27.4&#8243; _module_preset=&#8221;default&#8221; hover_enabled=&#8221;0&#8243; global_colors_info=&#8221;{}&#8221; sticky_enabled=&#8221;0&#8243;]<\/p>\n<p><strong>Miksi osallistua?<\/strong><\/p>\n<p>Saat k\u00e4yt\u00e4nn\u00f6nl\u00e4heisen johdannon teko\u00e4lyn hy\u00f6dynt\u00e4miseen ja opit promptauksen perusteet. P\u00e4\u00e4set jakamaan kokemuksia muiden yritysten kanssa ja kuulemaan heid\u00e4n case-esimerkkej\u00e4\u00e4n. Valmennuksessa kokeilet ty\u00f6kaluja k\u00e4yt\u00e4nn\u00f6ss\u00e4 ja sovellat niit\u00e4 omaan liiketoimintaasi.<\/p>\n<p><strong>Tilaisuuden sis\u00e4lt\u00f6<\/strong><\/p>\n<ul>\n<li>Johdanto ja esimerkit teko\u00e4lyn hy\u00f6dynt\u00e4misest\u00e4 (<a href=\"https:\/\/mukaantiimiin.kuulu.fi\/fi\/people\/875631-jonna-muurinen\">Jonna Muurinen, Kuulu Oy<\/a>)<\/li>\n<li>Yrityscaset ja keskustelu<\/li>\n<li>K\u00e4yt\u00e4nn\u00f6n valmennusosio ja\u00a0sparraus omiin k\u00e4ytt\u00f6kohteisiin<\/li>\n<li>Yhteenveto ja jatkosuunnitelmat<\/li>\n<\/ul>\n<p>Tilaisuudessa testataan sek\u00e4 ilmaisia ett\u00e4 maksullisia sovelluksia, esimerkiksi ChatGPT. Osallistujat vastaavat itse mahdollisista hankkimiensa teko\u00e4lysovellusten k\u00e4ytt\u00f6maksuista.<\/p>\n<p>Oman kannettavan tietokoneen k\u00e4ytt\u00f6 k\u00e4yt\u00e4nn\u00f6n valmennusosiossa ja teko\u00e4lyjen testauksessa on suositeltavaa.<\/p>\n<p>[\/et_pb_text][\/et_pb_column][et_pb_column type=&#8221;1_2&#8243; _builder_version=&#8221;4.27.4&#8243; _module_preset=&#8221;default&#8221; global_colors_info=&#8221;{}&#8221;][et_pb_text _builder_version=&#8221;4.27.4&#8243; _module_preset=&#8221;default&#8221; global_colors_info=&#8221;{}&#8221;]<\/p>\n<p><strong>Kenelle?<\/strong><\/p>\n<p>Teko\u00e4lyk\u00e4st\u00e4-valmennus on suunnattu Lapin pk-yritysten edustajille, jotka haluavat k\u00e4yt\u00e4nn\u00f6n ideoita ja konkreettisia ty\u00f6kaluja teko\u00e4lyn hy\u00f6dynt\u00e4miseen. Osallistuminen ei edellyt\u00e4 aikaisempaa kokemusta teko\u00e4lyst\u00e4. Pidemm\u00e4lle edenneill\u00e4 on mahdollisuus saada sparrausta <a href=\"https:\/\/blogi.eoppimispalvelut.fi\/lappiai\/tekoalyasiantuntijamme\/\" target=\"_blank\" rel=\"noopener\">Lapin teko\u00e4lykiihdytt\u00e4m\u00f6n asiantuntijoilta<\/a>.<\/p>\n<p>Osallistuminen on maksutonta. Mukaan mahtuu 15 henkil\u00f6\u00e4 (maksimissaan 2 per yritys).<\/p>\n<p><strong>Aika ja paikka<\/strong><\/p>\n<p><span style=\"color: #800080\"><strong>Ke 8.10. klo 13\u201316, Tornio<\/strong>, Lapin AMKin Minerva-kampus (Kauppakatu 58)<\/span><\/p>\n<p><strong>Ilmoittautuminen<\/strong><\/p>\n<p>Mukaan mahtuu 15 lappilaista pk-yrityksen edustajaa (max 2 henkil\u00f6\u00e4 per yritys). Paikat t\u00e4ytet\u00e4\u00e4n ilmoittautumisj\u00e4rjestyksess\u00e4.<\/p>\n<p>[\/et_pb_text][\/et_pb_column][\/et_pb_row][et_pb_row column_structure=&#8221;1_2,1_2&#8243; _builder_version=&#8221;4.27.4&#8243; _module_preset=&#8221;default&#8221; global_colors_info=&#8221;{}&#8221;][et_pb_column type=&#8221;1_2&#8243; _builder_version=&#8221;4.27.4&#8243; _module_preset=&#8221;default&#8221; global_colors_info=&#8221;{}&#8221;][et_pb_text _builder_version=&#8221;4.27.4&#8243; _module_preset=&#8221;default&#8221; global_colors_info=&#8221;{}&#8221;]<\/p>\n<p><strong>Valmentaja<\/strong><\/p>\n<p>Valmentajana toimii <strong>Jonna Muurinen<\/strong> <a href=\"https:\/\/www.kuulu.fi\/\" target=\"_blank\" rel=\"noopener\">Markkinointiviestint\u00e4toimisto Kuulu Oy:st\u00e4<\/a>.<\/p>\n<p>Jonna on yksi Suomen eturivin teko\u00e4lykouluttajista. H\u00e4n on kouluttanut k\u00e4yt\u00e4nn\u00f6nl\u00e4heist\u00e4 teko\u00e4lyn k\u00e4ytt\u00f6\u00e4 yli 31 000 suomalaiselle tietoty\u00f6l\u00e4iselle.\u00a0<\/p>\n<p>Jonna on digimarkkinointitoimisto Kuulun perustaja ja toimitusjohtaja. H\u00e4n on ty\u00f6skennellyt viimeiset 25 vuotta markkinoinnin, viestinn\u00e4n ja median parissa Suomessa, Ruotsissa ja Kanadassa.<\/p>\n<p>Jonnan saamia koulutuspalautteita:<\/p>\n<p><em>&#8221;Koulutus oli kaikin puolin silmi\u00e4 avaava ja hyv\u00e4. Koulutuksessa tuli tuttuun asiaan paljon uutta informaatiota ja n\u00e4k\u00f6kantoja.&#8221;<\/em><\/p>\n<p><em>&#8221;Selke\u00e4, helposti seurattava etenemistapa ja tyyli. Oli tilaa kysymyksille ja keskustelulle, tuli henkil\u00f6kohtaisuuden tuntu ja <\/em><em>mukava tunnelma.&#8221;<\/em><\/p>\n<p>[\/et_pb_text][\/et_pb_column][et_pb_column type=&#8221;1_2&#8243; _builder_version=&#8221;4.27.4&#8243; _module_preset=&#8221;default&#8221; global_colors_info=&#8221;{}&#8221;][et_pb_image src=&#8221;https:\/\/blogi.eoppimispalvelut.fi\/lappiai\/files\/2025\/09\/Jonna-sankarikuva.jpg&#8221; title_text=&#8221;Jonna sankarikuva&#8221; _builder_version=&#8221;4.27.4&#8243; _module_preset=&#8221;default&#8221; global_colors_info=&#8221;{}&#8221;][\/et_pb_image][\/et_pb_column][\/et_pb_row][\/et_pb_section]<\/p>\n","protected":false},"excerpt":{"rendered":"<p>Opi hy\u00f6dynt\u00e4m\u00e4\u00e4n teko\u00e4ly\u00e4 k\u00e4yt\u00e4nn\u00f6ss\u00e4 \u2013 Teko\u00e4lyk\u00e4st\u00e4-valmennus Lapin pk-yrityksille Teko\u00e4ly tarjoaa yrityksille uusia mahdollisuuksia arjen prosesseihin, markkinointiin, myyntiin ja asiakaspalveluun. Keskiviikkona 8.10. Lapin AMKin Tornion kampuksella j\u00e4rjestettiin maksuton kolmen tunnin valmennustilaisuus, jossa osallistujat p\u00e4\u00e4siv\u00e4t kokeilemaan teko\u00e4lyty\u00f6kaluja oman liiketoimintansa kehitt\u00e4misess\u00e4. Tilaisuus j\u00e4rjestettiin Lapin teko\u00e4lykiihdytt\u00e4m\u00f6n ja DigiBoostin yhteisty\u00f6n\u00e4. Jonna Muurisen johdantoluento on julkaistu Lapin teko\u00e4lykiihdytt\u00e4m\u00e4n YouTube-kanavalla. Miksi osallistua? [&hellip;]<\/p>\n","protected":false},"author":594,"featured_media":0,"parent":0,"menu_order":0,"comment_status":"closed","ping_status":"closed","template":"","meta":{"_acf_changed":false,"_et_pb_use_builder":"on","_et_pb_old_content":"","_et_gb_content_width":"","footnotes":""},"class_list":["post-705","page","type-page","status-publish","hentry"],"acf":[],"yoast_head":"<!-- This site is optimized with the Yoast SEO plugin v27.5 - https:\/\/yoast.com\/product\/yoast-seo-wordpress\/ -->\n<title>Teko\u00e4lyk\u00e4st\u00e4-valmennus 8.10.2025 - Tervetuloa tutustumaan Lapin teko\u00e4lykiihdytt\u00e4m\u00f6\u00f6n!<\/title>\n<meta name=\"robots\" content=\"index, follow, max-snippet:-1, max-image-preview:large, max-video-preview:-1\" \/>\n<link rel=\"canonical\" href=\"https:\/\/blogi.eoppimispalvelut.fi\/lappiai\/tekoalykasta-1-08102025\/\" \/>\n<meta property=\"og:locale\" content=\"fi_FI\" \/>\n<meta property=\"og:type\" content=\"article\" \/>\n<meta property=\"og:title\" content=\"Teko\u00e4lyk\u00e4st\u00e4-valmennus 8.10.2025 - Tervetuloa tutustumaan Lapin teko\u00e4lykiihdytt\u00e4m\u00f6\u00f6n!\" \/>\n<meta property=\"og:description\" content=\"Opi hy\u00f6dynt\u00e4m\u00e4\u00e4n teko\u00e4ly\u00e4 k\u00e4yt\u00e4nn\u00f6ss\u00e4 \u2013 Teko\u00e4lyk\u00e4st\u00e4-valmennus Lapin pk-yrityksille Teko\u00e4ly tarjoaa yrityksille uusia mahdollisuuksia arjen prosesseihin, markkinointiin, myyntiin ja asiakaspalveluun. Keskiviikkona 8.10. Lapin AMKin Tornion kampuksella j\u00e4rjestettiin maksuton kolmen tunnin valmennustilaisuus, jossa osallistujat p\u00e4\u00e4siv\u00e4t kokeilemaan teko\u00e4lyty\u00f6kaluja oman liiketoimintansa kehitt\u00e4misess\u00e4. Tilaisuus j\u00e4rjestettiin Lapin teko\u00e4lykiihdytt\u00e4m\u00f6n ja DigiBoostin yhteisty\u00f6n\u00e4. Jonna Muurisen johdantoluento on julkaistu Lapin teko\u00e4lykiihdytt\u00e4m\u00e4n YouTube-kanavalla. Miksi osallistua? [&hellip;]\" \/>\n<meta property=\"og:url\" content=\"https:\/\/blogi.eoppimispalvelut.fi\/lappiai\/tekoalykasta-1-08102025\/\" \/>\n<meta property=\"og:site_name\" content=\"Tervetuloa tutustumaan Lapin teko\u00e4lykiihdytt\u00e4m\u00f6\u00f6n!\" \/>\n<meta property=\"article:modified_time\" content=\"2026-01-01T18:06:01+00:00\" \/>\n<meta name=\"twitter:card\" content=\"summary_large_image\" \/>\n<meta name=\"twitter:label1\" content=\"Est. reading time\" \/>\n\t<meta name=\"twitter:data1\" content=\"3 minuuttia\" \/>\n<script type=\"application\/ld+json\" class=\"yoast-schema-graph\">{\"@context\":\"https:\\\/\\\/schema.org\",\"@graph\":[{\"@type\":\"WebPage\",\"@id\":\"https:\\\/\\\/blogi.eoppimispalvelut.fi\\\/lappiai\\\/tekoalykasta-1-08102025\\\/\",\"url\":\"https:\\\/\\\/blogi.eoppimispalvelut.fi\\\/lappiai\\\/tekoalykasta-1-08102025\\\/\",\"name\":\"Teko\u00e4lyk\u00e4st\u00e4-valmennus 8.10.2025 - Tervetuloa tutustumaan Lapin teko\u00e4lykiihdytt\u00e4m\u00f6\u00f6n!\",\"isPartOf\":{\"@id\":\"https:\\\/\\\/blogi.eoppimispalvelut.fi\\\/lappiai\\\/#website\"},\"datePublished\":\"2025-11-11T21:14:08+00:00\",\"dateModified\":\"2026-01-01T18:06:01+00:00\",\"breadcrumb\":{\"@id\":\"https:\\\/\\\/blogi.eoppimispalvelut.fi\\\/lappiai\\\/tekoalykasta-1-08102025\\\/#breadcrumb\"},\"inLanguage\":\"fi\",\"potentialAction\":[{\"@type\":\"ReadAction\",\"target\":[\"https:\\\/\\\/blogi.eoppimispalvelut.fi\\\/lappiai\\\/tekoalykasta-1-08102025\\\/\"]}]},{\"@type\":\"BreadcrumbList\",\"@id\":\"https:\\\/\\\/blogi.eoppimispalvelut.fi\\\/lappiai\\\/tekoalykasta-1-08102025\\\/#breadcrumb\",\"itemListElement\":[{\"@type\":\"ListItem\",\"position\":1,\"name\":\"Home\",\"item\":\"https:\\\/\\\/blogi.eoppimispalvelut.fi\\\/lappiai\\\/\"},{\"@type\":\"ListItem\",\"position\":2,\"name\":\"Teko\u00e4lyk\u00e4st\u00e4-valmennus 8.10.2025\"}]},{\"@type\":\"WebSite\",\"@id\":\"https:\\\/\\\/blogi.eoppimispalvelut.fi\\\/lappiai\\\/#website\",\"url\":\"https:\\\/\\\/blogi.eoppimispalvelut.fi\\\/lappiai\\\/\",\"name\":\"Lapin teko\u00e4lykiihdytt\u00e4m\u00f6\",\"description\":\"Lapin teko\u00e4lykiihdytt\u00e4m\u00f6 tuo teko\u00e4lyn mahdollisuudet tutuiksi Lapin alueen PK-yrityksille. Se on on EU:n osarahoittama projekti.\",\"publisher\":{\"@id\":\"https:\\\/\\\/blogi.eoppimispalvelut.fi\\\/lappiai\\\/#organization\"},\"potentialAction\":[{\"@type\":\"SearchAction\",\"target\":{\"@type\":\"EntryPoint\",\"urlTemplate\":\"https:\\\/\\\/blogi.eoppimispalvelut.fi\\\/lappiai\\\/?s={search_term_string}\"},\"query-input\":{\"@type\":\"PropertyValueSpecification\",\"valueRequired\":true,\"valueName\":\"search_term_string\"}}],\"inLanguage\":\"fi\"},{\"@type\":\"Organization\",\"@id\":\"https:\\\/\\\/blogi.eoppimispalvelut.fi\\\/lappiai\\\/#organization\",\"name\":\"Lapin teko\u00e4lykiihdytt\u00e4m\u00f6\",\"alternateName\":\"Lapin AMK\",\"url\":\"https:\\\/\\\/blogi.eoppimispalvelut.fi\\\/lappiai\\\/\",\"logo\":{\"@type\":\"ImageObject\",\"inLanguage\":\"fi\",\"@id\":\"https:\\\/\\\/blogi.eoppimispalvelut.fi\\\/lappiai\\\/#\\\/schema\\\/logo\\\/image\\\/\",\"url\":\"https:\\\/\\\/blogi.eoppimispalvelut.fi\\\/lappiai\\\/files\\\/2024\\\/12\\\/Firefly-higlighting-artificial-intelligence-skills-and-knowledge-with-a-hint-of-arctic-wibe-36245.jpg\",\"contentUrl\":\"https:\\\/\\\/blogi.eoppimispalvelut.fi\\\/lappiai\\\/files\\\/2024\\\/12\\\/Firefly-higlighting-artificial-intelligence-skills-and-knowledge-with-a-hint-of-arctic-wibe-36245.jpg\",\"width\":2048,\"height\":2048,\"caption\":\"Lapin teko\u00e4lykiihdytt\u00e4m\u00f6\"},\"image\":{\"@id\":\"https:\\\/\\\/blogi.eoppimispalvelut.fi\\\/lappiai\\\/#\\\/schema\\\/logo\\\/image\\\/\"}}]}<\/script>\n<!-- \/ Yoast SEO plugin. -->","yoast_head_json":{"title":"Teko\u00e4lyk\u00e4st\u00e4-valmennus 8.10.2025 - Tervetuloa tutustumaan Lapin teko\u00e4lykiihdytt\u00e4m\u00f6\u00f6n!","robots":{"index":"index","follow":"follow","max-snippet":"max-snippet:-1","max-image-preview":"max-image-preview:large","max-video-preview":"max-video-preview:-1"},"canonical":"https:\/\/blogi.eoppimispalvelut.fi\/lappiai\/tekoalykasta-1-08102025\/","og_locale":"fi_FI","og_type":"article","og_title":"Teko\u00e4lyk\u00e4st\u00e4-valmennus 8.10.2025 - Tervetuloa tutustumaan Lapin teko\u00e4lykiihdytt\u00e4m\u00f6\u00f6n!","og_description":"Opi hy\u00f6dynt\u00e4m\u00e4\u00e4n teko\u00e4ly\u00e4 k\u00e4yt\u00e4nn\u00f6ss\u00e4 \u2013 Teko\u00e4lyk\u00e4st\u00e4-valmennus Lapin pk-yrityksille Teko\u00e4ly tarjoaa yrityksille uusia mahdollisuuksia arjen prosesseihin, markkinointiin, myyntiin ja asiakaspalveluun. Keskiviikkona 8.10. Lapin AMKin Tornion kampuksella j\u00e4rjestettiin maksuton kolmen tunnin valmennustilaisuus, jossa osallistujat p\u00e4\u00e4siv\u00e4t kokeilemaan teko\u00e4lyty\u00f6kaluja oman liiketoimintansa kehitt\u00e4misess\u00e4. Tilaisuus j\u00e4rjestettiin Lapin teko\u00e4lykiihdytt\u00e4m\u00f6n ja DigiBoostin yhteisty\u00f6n\u00e4. Jonna Muurisen johdantoluento on julkaistu Lapin teko\u00e4lykiihdytt\u00e4m\u00e4n YouTube-kanavalla. Miksi osallistua? [&hellip;]","og_url":"https:\/\/blogi.eoppimispalvelut.fi\/lappiai\/tekoalykasta-1-08102025\/","og_site_name":"Tervetuloa tutustumaan Lapin teko\u00e4lykiihdytt\u00e4m\u00f6\u00f6n!","article_modified_time":"2026-01-01T18:06:01+00:00","twitter_card":"summary_large_image","twitter_misc":{"Est. reading time":"3 minuuttia"},"schema":{"@context":"https:\/\/schema.org","@graph":[{"@type":"WebPage","@id":"https:\/\/blogi.eoppimispalvelut.fi\/lappiai\/tekoalykasta-1-08102025\/","url":"https:\/\/blogi.eoppimispalvelut.fi\/lappiai\/tekoalykasta-1-08102025\/","name":"Teko\u00e4lyk\u00e4st\u00e4-valmennus 8.10.2025 - Tervetuloa tutustumaan Lapin teko\u00e4lykiihdytt\u00e4m\u00f6\u00f6n!","isPartOf":{"@id":"https:\/\/blogi.eoppimispalvelut.fi\/lappiai\/#website"},"datePublished":"2025-11-11T21:14:08+00:00","dateModified":"2026-01-01T18:06:01+00:00","breadcrumb":{"@id":"https:\/\/blogi.eoppimispalvelut.fi\/lappiai\/tekoalykasta-1-08102025\/#breadcrumb"},"inLanguage":"fi","potentialAction":[{"@type":"ReadAction","target":["https:\/\/blogi.eoppimispalvelut.fi\/lappiai\/tekoalykasta-1-08102025\/"]}]},{"@type":"BreadcrumbList","@id":"https:\/\/blogi.eoppimispalvelut.fi\/lappiai\/tekoalykasta-1-08102025\/#breadcrumb","itemListElement":[{"@type":"ListItem","position":1,"name":"Home","item":"https:\/\/blogi.eoppimispalvelut.fi\/lappiai\/"},{"@type":"ListItem","position":2,"name":"Teko\u00e4lyk\u00e4st\u00e4-valmennus 8.10.2025"}]},{"@type":"WebSite","@id":"https:\/\/blogi.eoppimispalvelut.fi\/lappiai\/#website","url":"https:\/\/blogi.eoppimispalvelut.fi\/lappiai\/","name":"Lapin teko\u00e4lykiihdytt\u00e4m\u00f6","description":"Lapin teko\u00e4lykiihdytt\u00e4m\u00f6 tuo teko\u00e4lyn mahdollisuudet tutuiksi Lapin alueen PK-yrityksille. Se on on EU:n osarahoittama projekti.","publisher":{"@id":"https:\/\/blogi.eoppimispalvelut.fi\/lappiai\/#organization"},"potentialAction":[{"@type":"SearchAction","target":{"@type":"EntryPoint","urlTemplate":"https:\/\/blogi.eoppimispalvelut.fi\/lappiai\/?s={search_term_string}"},"query-input":{"@type":"PropertyValueSpecification","valueRequired":true,"valueName":"search_term_string"}}],"inLanguage":"fi"},{"@type":"Organization","@id":"https:\/\/blogi.eoppimispalvelut.fi\/lappiai\/#organization","name":"Lapin teko\u00e4lykiihdytt\u00e4m\u00f6","alternateName":"Lapin AMK","url":"https:\/\/blogi.eoppimispalvelut.fi\/lappiai\/","logo":{"@type":"ImageObject","inLanguage":"fi","@id":"https:\/\/blogi.eoppimispalvelut.fi\/lappiai\/#\/schema\/logo\/image\/","url":"https:\/\/blogi.eoppimispalvelut.fi\/lappiai\/files\/2024\/12\/Firefly-higlighting-artificial-intelligence-skills-and-knowledge-with-a-hint-of-arctic-wibe-36245.jpg","contentUrl":"https:\/\/blogi.eoppimispalvelut.fi\/lappiai\/files\/2024\/12\/Firefly-higlighting-artificial-intelligence-skills-and-knowledge-with-a-hint-of-arctic-wibe-36245.jpg","width":2048,"height":2048,"caption":"Lapin teko\u00e4lykiihdytt\u00e4m\u00f6"},"image":{"@id":"https:\/\/blogi.eoppimispalvelut.fi\/lappiai\/#\/schema\/logo\/image\/"}}]}},"_links":{"self":[{"href":"https:\/\/blogi.eoppimispalvelut.fi\/lappiai\/wp-json\/wp\/v2\/pages\/705","targetHints":{"allow":["GET"]}}],"collection":[{"href":"https:\/\/blogi.eoppimispalvelut.fi\/lappiai\/wp-json\/wp\/v2\/pages"}],"about":[{"href":"https:\/\/blogi.eoppimispalvelut.fi\/lappiai\/wp-json\/wp\/v2\/types\/page"}],"author":[{"embeddable":true,"href":"https:\/\/blogi.eoppimispalvelut.fi\/lappiai\/wp-json\/wp\/v2\/users\/594"}],"replies":[{"embeddable":true,"href":"https:\/\/blogi.eoppimispalvelut.fi\/lappiai\/wp-json\/wp\/v2\/comments?post=705"}],"version-history":[{"count":8,"href":"https:\/\/blogi.eoppimispalvelut.fi\/lappiai\/wp-json\/wp\/v2\/pages\/705\/revisions"}],"predecessor-version":[{"id":778,"href":"https:\/\/blogi.eoppimispalvelut.fi\/lappiai\/wp-json\/wp\/v2\/pages\/705\/revisions\/778"}],"wp:attachment":[{"href":"https:\/\/blogi.eoppimispalvelut.fi\/lappiai\/wp-json\/wp\/v2\/media?parent=705"}],"curies":[{"name":"wp","href":"https:\/\/api.w.org\/{rel}","templated":true}]}}