{"id":726,"date":"2026-01-01T19:40:59","date_gmt":"2026-01-01T17:40:59","guid":{"rendered":"https:\/\/blogi.eoppimispalvelut.fi\/lappiai\/?page_id=726"},"modified":"2026-04-14T21:10:55","modified_gmt":"2026-04-14T18:10:55","slug":"tekoalypilotit","status":"publish","type":"page","link":"https:\/\/blogi.eoppimispalvelut.fi\/lappiai\/tekoalypilotit\/","title":{"rendered":"Teko\u00e4lypilotit"},"content":{"rendered":"<p>[et_pb_section fb_built=&#8221;1&#8243; _builder_version=&#8221;4.27.4&#8243; _module_preset=&#8221;default&#8221; custom_padding=&#8221;||434px||false|false&#8221; global_colors_info=&#8221;{}&#8221;][et_pb_row column_structure=&#8221;2_5,3_5&#8243; _builder_version=&#8221;4.27.4&#8243; _module_preset=&#8221;default&#8221; min_height=&#8221;138px&#8221; custom_margin=&#8221;50px||||false|false&#8221; custom_padding=&#8221;33px||27px|||&#8221; global_colors_info=&#8221;{}&#8221;][et_pb_column type=&#8221;2_5&#8243; _builder_version=&#8221;4.27.4&#8243; _module_preset=&#8221;default&#8221; global_colors_info=&#8221;{}&#8221;][et_pb_heading title=&#8221;Pilotit&#8221; _builder_version=&#8221;4.27.4&#8243; _module_preset=&#8221;default&#8221; title_font=&#8221;&#8211;et_global_heading_font|600|||||||&#8221; title_text_align=&#8221;left&#8221; title_text_color=&#8221;#E02B20&#8243; border_color_all=&#8221;RGBA(255,255,255,0)&#8221; global_colors_info=&#8221;{}&#8221;][\/et_pb_heading][\/et_pb_column][et_pb_column type=&#8221;3_5&#8243; _builder_version=&#8221;4.27.4&#8243; _module_preset=&#8221;default&#8221; global_colors_info=&#8221;{}&#8221;][et_pb_heading title=&#8221;Tutustu Lapin teko\u00e4lykiihdytt\u00e4m\u00f6ss\u00e4 tehtyihin Lapin pk-yritysten teko\u00e4lypilottehin, jotka ovat nyt yrityksiss\u00e4 arkik\u00e4yt\u00f6ss\u00e4 ja parantavat niiden liiketoimintaprosesseja.&#8221; _builder_version=&#8221;4.27.4&#8243; _module_preset=&#8221;default&#8221; title_level=&#8221;h3&#8243; title_font=&#8221;&#8211;et_global_body_font||||||||&#8221; title_text_color=&#8221;#000000&#8243; global_colors_info=&#8221;{}&#8221;][\/et_pb_heading][\/et_pb_column][\/et_pb_row][et_pb_row column_structure=&#8221;1_3,1_3,1_3&#8243; make_equal=&#8221;on&#8221; _builder_version=&#8221;4.27.4&#8243; _module_preset=&#8221;default&#8221; width=&#8221;100%&#8221; custom_margin=&#8221;||-22px||false|false&#8221; custom_padding=&#8221;41px||50px||false|false&#8221; filter_saturate=&#8221;81%&#8221; global_colors_info=&#8221;{}&#8221;][et_pb_column type=&#8221;1_3&#8243; _builder_version=&#8221;4.27.4&#8243; _module_preset=&#8221;default&#8221; global_colors_info=&#8221;{}&#8221;][et_pb_cta title=&#8221;Datadrivers&#8221; url_new_window=&#8221;on&#8221; _builder_version=&#8221;4.27.4&#8243; _module_preset=&#8221;default&#8221; header_font_size=&#8221;27px&#8221; header_line_height=&#8221;4em&#8221; body_text_align=&#8221;center&#8221; body_font_size=&#8221;25px&#8221; body_line_height=&#8221;1em&#8221; background_color=&#8221;#0C71C3&#8243; background_color_gradient_stops=&#8221;#2b9ddb 0%|#15006d 100%&#8221; button_alignment=&#8221;center&#8221; width=&#8221;100%&#8221; max_width=&#8221;100%&#8221; custom_padding=&#8221;0px|0px|15px|0px|false|false&#8221; animation_style=&#8221;fold&#8221; link_option_url=&#8221;https:\/\/lawrence.frostbit.fi&#8221; link_option_url_new_window=&#8221;on&#8221; hover_enabled=&#8221;0&#8243; global_colors_info=&#8221;{}&#8221; button_text=&#8221;Case-esimerkki&#8221; sticky_enabled=&#8221;0&#8243;]<\/p>\n<p><img loading=\"lazy\" decoding=\"async\" src=\"https:\/\/blogi.eoppimispalvelut.fi\/lappiai\/files\/2026\/03\/Logo_AL_square_white.png\" width=\"114\" height=\"75\" alt=\"\" class=\"wp-image-1214 alignnone size-full\" style=\"margin-left: auto;margin-right: auto\" \/><\/p>\n<p>[\/et_pb_cta][et_pb_cta title=&#8221;Brewformer&#8221; _builder_version=&#8221;4.27.4&#8243; _module_preset=&#8221;default&#8221; background_color_gradient_stops=&#8221;#2b9ddb 1%|#15006d 100%&#8221; custom_margin=&#8221;22px|0px|0px|0px|false|false&#8221; custom_padding=&#8221;|6px|14px|12px|false|false&#8221; animation_style=&#8221;fold&#8221; link_option_url=&#8221;http:\/\/brewformer.frostbit.fi&#8221; link_option_url_new_window=&#8221;on&#8221; global_colors_info=&#8221;{}&#8221;]<\/p>\n<p style=\"text-align: center\"><img loading=\"lazy\" decoding=\"async\" src=\"https:\/\/blogi.eoppimispalvelut.fi\/lappiai\/files\/2026\/03\/Brewformer2_1@4x-900x463.png\" width=\"204\" height=\"105\" alt=\"\" class=\"wp-image-1217 alignnone size-medium\" \/><\/p>\n<p>[\/et_pb_cta][\/et_pb_column][et_pb_column type=&#8221;1_3&#8243; _builder_version=&#8221;4.27.4&#8243; _module_preset=&#8221;default&#8221; global_colors_info=&#8221;{}&#8221;][et_pb_cta title=&#8221;Kantoj\u00e4rven Metalli&#8221; button_text=&#8221;Kokeile t\u00e4\u00e4ll\u00e4&#8221; _builder_version=&#8221;4.27.4&#8243; _module_preset=&#8221;default&#8221; body_text_align=&#8221;center&#8221; body_font_size=&#8221;1px&#8221; body_line_height=&#8221;1em&#8221; background_color=&#8221;#122568&#8243; background_color_gradient_stops=&#8221;#2b9ddb 0%|#15006d 100%&#8221; custom_button=&#8221;on&#8221; button_text_size=&#8221;15px&#8221; button_border_width=&#8221;5px&#8221; button_border_radius=&#8221;12px&#8221; button_letter_spacing=&#8221;0px&#8221; button_alignment=&#8221;center&#8221; button_custom_margin=&#8221;-3px||||false|false&#8221; button_custom_padding=&#8221;4px||||false|false&#8221; max_width=&#8221;100%&#8221; min_height=&#8221;100px&#8221; custom_margin=&#8221;|0px|||false|false&#8221; custom_padding=&#8221;|0px|19px|11px|false|false&#8221; animation_style=&#8221;fold&#8221; link_option_url=&#8221;bisniffer.frostbit.fi&#8221; link_option_url_new_window=&#8221;on&#8221; box_shadow_style_button=&#8221;preset2&#8243; global_colors_info=&#8221;{}&#8221;]<\/p>\n<p>&nbsp;<\/p>\n<p>&nbsp;<\/p>\n<p>&nbsp;<\/p>\n<p>&nbsp;<\/p>\n<p>&nbsp;<\/p>\n<p>&nbsp;<\/p>\n<p>&nbsp;<\/p>\n<p>&nbsp;<\/p>\n<p>&nbsp;<\/p>\n<p>&nbsp;<\/p>\n<p>&nbsp;<\/p>\n<p>&nbsp;<\/p>\n<p>&nbsp;<\/p>\n<p><img loading=\"lazy\" decoding=\"async\" src=\"https:\/\/blogi.eoppimispalvelut.fi\/lappiai\/files\/2026\/03\/Logo_KJM_bisniffer_BW@4x.png\" width=\"90\" height=\"90\" alt=\"\" class=\"wp-image-1216 alignnone size-full\" \/><\/p>\n<p>[\/et_pb_cta][et_pb_cta title=&#8221;Maersk&#8221; _builder_version=&#8221;4.27.4&#8243; _module_preset=&#8221;default&#8221; background_color_gradient_stops=&#8221;#2b9ddb 1%|#15006d 100%&#8221; custom_margin=&#8221;-4px||0px||false|false&#8221; custom_padding=&#8221;42px||19px||false|false&#8221; animation_style=&#8221;fold&#8221; link_option_url=&#8221;http:\/\/tulki.frostbit.fi&#8221; link_option_url_new_window=&#8221;on&#8221; global_colors_info=&#8221;{}&#8221;]<\/p>\n<p>&nbsp;<\/p>\n<p><img loading=\"lazy\" decoding=\"async\" src=\"https:\/\/blogi.eoppimispalvelut.fi\/lappiai\/files\/2026\/03\/Maersk_-Logo_alpha.png\" width=\"155\" height=\"60\" alt=\"\" class=\"wp-image-1222 alignnone size-full\" \/><\/p>\n<p>[\/et_pb_cta][\/et_pb_column][et_pb_column type=&#8221;1_3&#8243; _builder_version=&#8221;4.27.4&#8243; _module_preset=&#8221;default&#8221; global_colors_info=&#8221;{}&#8221;][et_pb_cta title=&#8221;Syd\u00e4men Noste&#8221; url_new_window=&#8221;on&#8221; button_text=&#8221;Kokeile t\u00e4\u00e4ll\u00e4&#8221; _builder_version=&#8221;4.27.4&#8243; _module_preset=&#8221;default&#8221; background_color_gradient_stops=&#8221;#2b9ddb 6%|#0f1666 99%&#8221; custom_padding=&#8221;||6px||false|false&#8221; animation_style=&#8221;fold&#8221; link_option_url=&#8221;https:\/\/beatscout.frostbit.fi&#8221; link_option_url_new_window=&#8221;on&#8221; global_colors_info=&#8221;{}&#8221;]<\/p>\n<p>&nbsp;<\/p>\n<p><img loading=\"lazy\" decoding=\"async\" src=\"https:\/\/blogi.eoppimispalvelut.fi\/lappiai\/files\/2026\/03\/Beatscout_Logo@2x.png\" width=\"114\" height=\"85\" alt=\"\" class=\"wp-image-1218 alignnone size-full\" \/><\/p>\n<p>[\/et_pb_cta][et_pb_cta title=&#8221;Komee E-commerce&#8221; button_url=&#8221;http:\/\/optiorb.frostbit.fi&#8221; url_new_window=&#8221;on&#8221; _builder_version=&#8221;4.27.4&#8243; _module_preset=&#8221;default&#8221; background_color_gradient_stops=&#8221;#2b9ddb 0%|#15006d 99%&#8221; custom_margin=&#8221;26px|0px|0px|0px|false|false&#8221; custom_padding=&#8221;|0px|17px|0px|false|false&#8221; animation_style=&#8221;fold&#8221; link_option_url=&#8221;http:\/\/optiorb.frostbit.fi&#8221; link_option_url_new_window=&#8221;on&#8221; global_colors_info=&#8221;{}&#8221;]<\/p>\n<p>&nbsp;<\/p>\n<p><img loading=\"lazy\" decoding=\"async\" src=\"https:\/\/blogi.eoppimispalvelut.fi\/lappiai\/files\/2026\/03\/Komee_OptiOrb_logo2_final-900x900.png\" width=\"62\" height=\"62\" alt=\"\" class=\"wp-image-1220 alignnone size-medium\" \/><\/p>\n<p>[\/et_pb_cta][\/et_pb_column][\/et_pb_row][\/et_pb_section][et_pb_section fb_built=&#8221;1&#8243; fullwidth=&#8221;on&#8221; _builder_version=&#8221;4.27.4&#8243; _module_preset=&#8221;default&#8221; global_colors_info=&#8221;{}&#8221;][et_pb_fullwidth_header title=&#8221;Pilotit&#8221; _builder_version=&#8221;4.27.4&#8243; _module_preset=&#8221;default&#8221; global_colors_info=&#8221;{}&#8221;]<\/p>\n<p>N\u00e4m\u00e4 ovat Lapin AMKissa kehitt\u00e4m\u00e4mme pilotit, jotka tuovat uutta arvoa ja kasvumahdollisuuksia Lapin yrityksille.<\/p>\n<p>[\/et_pb_fullwidth_header][\/et_pb_section][et_pb_section fb_built=&#8221;1&#8243; fullwidth=&#8221;on&#8221; _builder_version=&#8221;4.27.4&#8243; _module_preset=&#8221;default&#8221; global_colors_info=&#8221;{}&#8221;][et_pb_fullwidth_code _builder_version=&#8221;4.27.4&#8243; _module_preset=&#8221;default&#8221; link_option_url=&#8221;https:\/\/youtu.be\/qxE3XJSZ7Hk?si=td0N-SZzVApcWTtI&#8221; global_colors_info=&#8221;{}&#8221;][\/et_pb_fullwidth_code][\/et_pb_section]<\/p>\n","protected":false},"excerpt":{"rendered":"<p>N\u00e4m\u00e4 ovat Lapin AMKissa kehitt\u00e4m\u00e4mme pilotit, jotka tuovat uutta arvoa ja kasvumahdollisuuksia Lapin yrityksille.<\/p>\n","protected":false},"author":594,"featured_media":0,"parent":0,"menu_order":0,"comment_status":"closed","ping_status":"closed","template":"","meta":{"_acf_changed":false,"_et_pb_use_builder":"on","_et_pb_old_content":"","_et_gb_content_width":"","footnotes":""},"class_list":["post-726","page","type-page","status-publish","hentry"],"acf":[],"yoast_head":"<!-- This site is optimized with the Yoast SEO plugin v27.1.1 - https:\/\/yoast.com\/product\/yoast-seo-wordpress\/ -->\n<title>Teko\u00e4lypilotit - Tervetuloa tutustumaan Lapin teko\u00e4lykiihdytt\u00e4m\u00f6\u00f6n!<\/title>\n<meta name=\"robots\" content=\"index, follow, max-snippet:-1, max-image-preview:large, max-video-preview:-1\" \/>\n<link rel=\"canonical\" href=\"https:\/\/blogi.eoppimispalvelut.fi\/lappiai\/tekoalypilotit\/\" \/>\n<meta property=\"og:locale\" content=\"fi_FI\" \/>\n<meta property=\"og:type\" content=\"article\" \/>\n<meta property=\"og:title\" content=\"Teko\u00e4lypilotit - Tervetuloa tutustumaan Lapin teko\u00e4lykiihdytt\u00e4m\u00f6\u00f6n!\" \/>\n<meta property=\"og:description\" content=\"N\u00e4m\u00e4 ovat Lapin AMKissa kehitt\u00e4m\u00e4mme pilotit, jotka tuovat uutta arvoa ja kasvumahdollisuuksia Lapin yrityksille.\" \/>\n<meta property=\"og:url\" content=\"https:\/\/blogi.eoppimispalvelut.fi\/lappiai\/tekoalypilotit\/\" \/>\n<meta property=\"og:site_name\" content=\"Tervetuloa tutustumaan Lapin teko\u00e4lykiihdytt\u00e4m\u00f6\u00f6n!\" \/>\n<meta property=\"article:modified_time\" content=\"2026-04-14T18:10:55+00:00\" \/>\n<meta property=\"og:image\" content=\"https:\/\/blogi.eoppimispalvelut.fi\/lappiai\/files\/2026\/03\/Logo_AL_square_white.png\" \/>\n\t<meta property=\"og:image:width\" content=\"791\" \/>\n\t<meta property=\"og:image:height\" content=\"521\" \/>\n\t<meta property=\"og:image:type\" content=\"image\/png\" \/>\n<meta name=\"twitter:card\" content=\"summary_large_image\" \/>\n<meta name=\"twitter:label1\" content=\"Est. reading time\" \/>\n\t<meta name=\"twitter:data1\" content=\"4 minuuttia\" \/>\n<script type=\"application\/ld+json\" class=\"yoast-schema-graph\">{\"@context\":\"https:\/\/schema.org\",\"@graph\":[{\"@type\":\"WebPage\",\"@id\":\"https:\/\/blogi.eoppimispalvelut.fi\/lappiai\/tekoalypilotit\/\",\"url\":\"https:\/\/blogi.eoppimispalvelut.fi\/lappiai\/tekoalypilotit\/\",\"name\":\"Teko\u00e4lypilotit - Tervetuloa tutustumaan Lapin teko\u00e4lykiihdytt\u00e4m\u00f6\u00f6n!\",\"isPartOf\":{\"@id\":\"https:\/\/blogi.eoppimispalvelut.fi\/lappiai\/#website\"},\"primaryImageOfPage\":{\"@id\":\"https:\/\/blogi.eoppimispalvelut.fi\/lappiai\/tekoalypilotit\/#primaryimage\"},\"image\":{\"@id\":\"https:\/\/blogi.eoppimispalvelut.fi\/lappiai\/tekoalypilotit\/#primaryimage\"},\"thumbnailUrl\":\"https:\/\/blogi.eoppimispalvelut.fi\/lappiai\/files\/2026\/03\/Logo_AL_square_white.png\",\"datePublished\":\"2026-01-01T17:40:59+00:00\",\"dateModified\":\"2026-04-14T18:10:55+00:00\",\"breadcrumb\":{\"@id\":\"https:\/\/blogi.eoppimispalvelut.fi\/lappiai\/tekoalypilotit\/#breadcrumb\"},\"inLanguage\":\"fi\",\"potentialAction\":[{\"@type\":\"ReadAction\",\"target\":[\"https:\/\/blogi.eoppimispalvelut.fi\/lappiai\/tekoalypilotit\/\"]}]},{\"@type\":\"ImageObject\",\"inLanguage\":\"fi\",\"@id\":\"https:\/\/blogi.eoppimispalvelut.fi\/lappiai\/tekoalypilotit\/#primaryimage\",\"url\":\"https:\/\/blogi.eoppimispalvelut.fi\/lappiai\/files\/2026\/03\/Logo_AL_square_white.png\",\"contentUrl\":\"https:\/\/blogi.eoppimispalvelut.fi\/lappiai\/files\/2026\/03\/Logo_AL_square_white.png\",\"width\":791,\"height\":521},{\"@type\":\"BreadcrumbList\",\"@id\":\"https:\/\/blogi.eoppimispalvelut.fi\/lappiai\/tekoalypilotit\/#breadcrumb\",\"itemListElement\":[{\"@type\":\"ListItem\",\"position\":1,\"name\":\"Home\",\"item\":\"https:\/\/blogi.eoppimispalvelut.fi\/lappiai\/\"},{\"@type\":\"ListItem\",\"position\":2,\"name\":\"Teko\u00e4lypilotit\"}]},{\"@type\":\"WebSite\",\"@id\":\"https:\/\/blogi.eoppimispalvelut.fi\/lappiai\/#website\",\"url\":\"https:\/\/blogi.eoppimispalvelut.fi\/lappiai\/\",\"name\":\"Lapin teko\u00e4lykiihdytt\u00e4m\u00f6\",\"description\":\"Lapin teko\u00e4lykiihdytt\u00e4m\u00f6 tuo teko\u00e4lyn mahdollisuudet tutuiksi Lapin alueen PK-yrityksille. Se on on EU:n osarahoittama projekti.\",\"publisher\":{\"@id\":\"https:\/\/blogi.eoppimispalvelut.fi\/lappiai\/#organization\"},\"potentialAction\":[{\"@type\":\"SearchAction\",\"target\":{\"@type\":\"EntryPoint\",\"urlTemplate\":\"https:\/\/blogi.eoppimispalvelut.fi\/lappiai\/?s={search_term_string}\"},\"query-input\":{\"@type\":\"PropertyValueSpecification\",\"valueRequired\":true,\"valueName\":\"search_term_string\"}}],\"inLanguage\":\"fi\"},{\"@type\":\"Organization\",\"@id\":\"https:\/\/blogi.eoppimispalvelut.fi\/lappiai\/#organization\",\"name\":\"Lapin teko\u00e4lykiihdytt\u00e4m\u00f6\",\"alternateName\":\"Lapin AMK\",\"url\":\"https:\/\/blogi.eoppimispalvelut.fi\/lappiai\/\",\"logo\":{\"@type\":\"ImageObject\",\"inLanguage\":\"fi\",\"@id\":\"https:\/\/blogi.eoppimispalvelut.fi\/lappiai\/#\/schema\/logo\/image\/\",\"url\":\"https:\/\/blogi.eoppimispalvelut.fi\/lappiai\/files\/2024\/12\/Firefly-higlighting-artificial-intelligence-skills-and-knowledge-with-a-hint-of-arctic-wibe-36245.jpg\",\"contentUrl\":\"https:\/\/blogi.eoppimispalvelut.fi\/lappiai\/files\/2024\/12\/Firefly-higlighting-artificial-intelligence-skills-and-knowledge-with-a-hint-of-arctic-wibe-36245.jpg\",\"width\":2048,\"height\":2048,\"caption\":\"Lapin teko\u00e4lykiihdytt\u00e4m\u00f6\"},\"image\":{\"@id\":\"https:\/\/blogi.eoppimispalvelut.fi\/lappiai\/#\/schema\/logo\/image\/\"}}]}<\/script>\n<!-- \/ Yoast SEO plugin. -->","yoast_head_json":{"title":"Teko\u00e4lypilotit - Tervetuloa tutustumaan Lapin teko\u00e4lykiihdytt\u00e4m\u00f6\u00f6n!","robots":{"index":"index","follow":"follow","max-snippet":"max-snippet:-1","max-image-preview":"max-image-preview:large","max-video-preview":"max-video-preview:-1"},"canonical":"https:\/\/blogi.eoppimispalvelut.fi\/lappiai\/tekoalypilotit\/","og_locale":"fi_FI","og_type":"article","og_title":"Teko\u00e4lypilotit - Tervetuloa tutustumaan Lapin teko\u00e4lykiihdytt\u00e4m\u00f6\u00f6n!","og_description":"N\u00e4m\u00e4 ovat Lapin AMKissa kehitt\u00e4m\u00e4mme pilotit, jotka tuovat uutta arvoa ja kasvumahdollisuuksia Lapin yrityksille.","og_url":"https:\/\/blogi.eoppimispalvelut.fi\/lappiai\/tekoalypilotit\/","og_site_name":"Tervetuloa tutustumaan Lapin teko\u00e4lykiihdytt\u00e4m\u00f6\u00f6n!","article_modified_time":"2026-04-14T18:10:55+00:00","og_image":[{"width":791,"height":521,"url":"https:\/\/blogi.eoppimispalvelut.fi\/lappiai\/files\/2026\/03\/Logo_AL_square_white.png","type":"image\/png"}],"twitter_card":"summary_large_image","twitter_misc":{"Est. reading time":"4 minuuttia"},"schema":{"@context":"https:\/\/schema.org","@graph":[{"@type":"WebPage","@id":"https:\/\/blogi.eoppimispalvelut.fi\/lappiai\/tekoalypilotit\/","url":"https:\/\/blogi.eoppimispalvelut.fi\/lappiai\/tekoalypilotit\/","name":"Teko\u00e4lypilotit - Tervetuloa tutustumaan Lapin teko\u00e4lykiihdytt\u00e4m\u00f6\u00f6n!","isPartOf":{"@id":"https:\/\/blogi.eoppimispalvelut.fi\/lappiai\/#website"},"primaryImageOfPage":{"@id":"https:\/\/blogi.eoppimispalvelut.fi\/lappiai\/tekoalypilotit\/#primaryimage"},"image":{"@id":"https:\/\/blogi.eoppimispalvelut.fi\/lappiai\/tekoalypilotit\/#primaryimage"},"thumbnailUrl":"https:\/\/blogi.eoppimispalvelut.fi\/lappiai\/files\/2026\/03\/Logo_AL_square_white.png","datePublished":"2026-01-01T17:40:59+00:00","dateModified":"2026-04-14T18:10:55+00:00","breadcrumb":{"@id":"https:\/\/blogi.eoppimispalvelut.fi\/lappiai\/tekoalypilotit\/#breadcrumb"},"inLanguage":"fi","potentialAction":[{"@type":"ReadAction","target":["https:\/\/blogi.eoppimispalvelut.fi\/lappiai\/tekoalypilotit\/"]}]},{"@type":"ImageObject","inLanguage":"fi","@id":"https:\/\/blogi.eoppimispalvelut.fi\/lappiai\/tekoalypilotit\/#primaryimage","url":"https:\/\/blogi.eoppimispalvelut.fi\/lappiai\/files\/2026\/03\/Logo_AL_square_white.png","contentUrl":"https:\/\/blogi.eoppimispalvelut.fi\/lappiai\/files\/2026\/03\/Logo_AL_square_white.png","width":791,"height":521},{"@type":"BreadcrumbList","@id":"https:\/\/blogi.eoppimispalvelut.fi\/lappiai\/tekoalypilotit\/#breadcrumb","itemListElement":[{"@type":"ListItem","position":1,"name":"Home","item":"https:\/\/blogi.eoppimispalvelut.fi\/lappiai\/"},{"@type":"ListItem","position":2,"name":"Teko\u00e4lypilotit"}]},{"@type":"WebSite","@id":"https:\/\/blogi.eoppimispalvelut.fi\/lappiai\/#website","url":"https:\/\/blogi.eoppimispalvelut.fi\/lappiai\/","name":"Lapin teko\u00e4lykiihdytt\u00e4m\u00f6","description":"Lapin teko\u00e4lykiihdytt\u00e4m\u00f6 tuo teko\u00e4lyn mahdollisuudet tutuiksi Lapin alueen PK-yrityksille. Se on on EU:n osarahoittama projekti.","publisher":{"@id":"https:\/\/blogi.eoppimispalvelut.fi\/lappiai\/#organization"},"potentialAction":[{"@type":"SearchAction","target":{"@type":"EntryPoint","urlTemplate":"https:\/\/blogi.eoppimispalvelut.fi\/lappiai\/?s={search_term_string}"},"query-input":{"@type":"PropertyValueSpecification","valueRequired":true,"valueName":"search_term_string"}}],"inLanguage":"fi"},{"@type":"Organization","@id":"https:\/\/blogi.eoppimispalvelut.fi\/lappiai\/#organization","name":"Lapin teko\u00e4lykiihdytt\u00e4m\u00f6","alternateName":"Lapin AMK","url":"https:\/\/blogi.eoppimispalvelut.fi\/lappiai\/","logo":{"@type":"ImageObject","inLanguage":"fi","@id":"https:\/\/blogi.eoppimispalvelut.fi\/lappiai\/#\/schema\/logo\/image\/","url":"https:\/\/blogi.eoppimispalvelut.fi\/lappiai\/files\/2024\/12\/Firefly-higlighting-artificial-intelligence-skills-and-knowledge-with-a-hint-of-arctic-wibe-36245.jpg","contentUrl":"https:\/\/blogi.eoppimispalvelut.fi\/lappiai\/files\/2024\/12\/Firefly-higlighting-artificial-intelligence-skills-and-knowledge-with-a-hint-of-arctic-wibe-36245.jpg","width":2048,"height":2048,"caption":"Lapin teko\u00e4lykiihdytt\u00e4m\u00f6"},"image":{"@id":"https:\/\/blogi.eoppimispalvelut.fi\/lappiai\/#\/schema\/logo\/image\/"}}]}},"_links":{"self":[{"href":"https:\/\/blogi.eoppimispalvelut.fi\/lappiai\/wp-json\/wp\/v2\/pages\/726","targetHints":{"allow":["GET"]}}],"collection":[{"href":"https:\/\/blogi.eoppimispalvelut.fi\/lappiai\/wp-json\/wp\/v2\/pages"}],"about":[{"href":"https:\/\/blogi.eoppimispalvelut.fi\/lappiai\/wp-json\/wp\/v2\/types\/page"}],"author":[{"embeddable":true,"href":"https:\/\/blogi.eoppimispalvelut.fi\/lappiai\/wp-json\/wp\/v2\/users\/594"}],"replies":[{"embeddable":true,"href":"https:\/\/blogi.eoppimispalvelut.fi\/lappiai\/wp-json\/wp\/v2\/comments?post=726"}],"version-history":[{"count":15,"href":"https:\/\/blogi.eoppimispalvelut.fi\/lappiai\/wp-json\/wp\/v2\/pages\/726\/revisions"}],"predecessor-version":[{"id":1607,"href":"https:\/\/blogi.eoppimispalvelut.fi\/lappiai\/wp-json\/wp\/v2\/pages\/726\/revisions\/1607"}],"wp:attachment":[{"href":"https:\/\/blogi.eoppimispalvelut.fi\/lappiai\/wp-json\/wp\/v2\/media?parent=726"}],"curies":[{"name":"wp","href":"https:\/\/api.w.org\/{rel}","templated":true}]}}