{"id":739,"date":"2026-01-01T19:19:19","date_gmt":"2026-01-01T17:19:19","guid":{"rendered":"https:\/\/blogi.eoppimispalvelut.fi\/lappiai\/?page_id=739"},"modified":"2026-04-11T22:23:18","modified_gmt":"2026-04-11T19:23:18","slug":"tulokset","status":"publish","type":"page","link":"https:\/\/blogi.eoppimispalvelut.fi\/lappiai\/tulokset\/","title":{"rendered":"Tietoiskut"},"content":{"rendered":"<p>[et_pb_section fb_built=&#8221;1&#8243; admin_label=&#8221;Section&#8221; _builder_version=&#8221;4.27.4&#8243; _module_preset=&#8221;default&#8221; min_height=&#8221;989.1px&#8221; custom_padding=&#8221;76px|||||&#8221; global_colors_info=&#8221;{}&#8221;][et_pb_row admin_label=&#8221;Row&#8221; _builder_version=&#8221;4.27.4&#8243; _module_preset=&#8221;default&#8221; background_color=&#8221;gcid-primary-color&#8221; custom_margin=&#8221;|auto|1px|auto||&#8221; border_radii=&#8221;on|22px|22px|22px|22px&#8221; global_colors_info=&#8221;{%22gcid-primary-color%22:%91%22background_color%22%93}&#8221;][et_pb_column type=&#8221;4_4&#8243; _builder_version=&#8221;4.27.4&#8243; _module_preset=&#8221;default&#8221; background_color=&#8221;gcid-primary-color&#8221; global_colors_info=&#8221;{%22gcid-primary-color%22:%91%22background_color%22%93}&#8221;][et_pb_text _builder_version=&#8221;4.27.4&#8243; _module_preset=&#8221;default&#8221; header_text_align=&#8221;left&#8221; header_text_color=&#8221;#FFFFFF&#8221; header_font_size=&#8221;45px&#8221; custom_padding=&#8221;|||24px|false|false&#8221; hover_enabled=&#8221;0&#8243; global_colors_info=&#8221;{}&#8221; sticky_enabled=&#8221;0&#8243;]<\/p>\n<h1 style=\"text-align: left\">Tietoiskut<\/h1>\n<p>[\/et_pb_text][\/et_pb_column][\/et_pb_row][et_pb_row column_structure=&#8221;1_2,1_2&#8243; _builder_version=&#8221;4.27.4&#8243; _module_preset=&#8221;default&#8221; custom_padding=&#8221;40px|||||&#8221; global_colors_info=&#8221;{}&#8221;][et_pb_column type=&#8221;1_2&#8243; _builder_version=&#8221;4.27.4&#8243; _module_preset=&#8221;default&#8221; global_colors_info=&#8221;{}&#8221;][et_pb_image src=&#8221;https:\/\/blogi.eoppimispalvelut.fi\/lappiai\/files\/2025\/03\/Firefly-highlighting-artificial-intelligence-skills-and-knowledge-of-businesses-snowy-surroundings-1.jpg&#8221; title_text=&#8221;Firefly highlighting artificial intelligence skills and knowledge of businesses, snowy surroundings, (1)&#8221; _builder_version=&#8221;4.27.4&#8243; _module_preset=&#8221;default&#8221; animation_style=&#8221;fade&#8221; animation_duration=&#8221;600ms&#8221; animation_delay=&#8221;150ms&#8221; animation_starting_opacity=&#8221;7%&#8221; border_radii=&#8221;on|22px|22px|22px|22px&#8221; global_colors_info=&#8221;{}&#8221;][\/et_pb_image][\/et_pb_column][et_pb_column type=&#8221;1_2&#8243; _builder_version=&#8221;4.27.4&#8243; _module_preset=&#8221;default&#8221; global_colors_info=&#8221;{}&#8221;][et_pb_text _builder_version=&#8221;4.27.4&#8243; _module_preset=&#8221;default&#8221; global_colors_info=&#8221;{}&#8221;]<\/p>\n<h3>Lapin teko\u00e4lykiihdytt\u00e4m\u00f6n toiminta on monipuolista, ja t\u00e4nne on koottu erilaisten toimenpiteiden keskeisi\u00e4 tuloksia omille v\u00e4lilehdilleen seuraavasti:<\/h3>\n<p>Kev\u00e4\u00e4ll\u00e4 2025 toteutetun, Lapin alueen pk-yrityksille suunnatun <strong>teko\u00e4lykyselyn tulokset<\/strong> l\u00f6ytyv\u00e4t <a href=\"https:\/\/blogi.eoppimispalvelut.fi\/lappiai\/hankkeessa-tapahtuu\/lapin-tekoalykysely-tulokset\/\">T\u00c4\u00c4LT\u00c4<\/a>. Samalta sivulta voit ladata my\u00f6s <strong>pk-yritt\u00e4jille suunnatun teko\u00e4lyoppaan<\/strong>.<\/p>\n<p>Osana Lapin teko\u00e4lykiihdytt\u00e4m\u00f6n toimintaa toteutetaan erilaisia <strong>teko\u00e4lypilotteja Lapin alueen yritysten kohdennettuihin tarpeisiin<\/strong>. Toteutettujen pilottien kuvaukset ja tulosten esittelyt l\u00f6yd\u00e4t <a href=\"https:\/\/blogi.eoppimispalvelut.fi\/lappiai\/tekoalypilotit\/\">T\u00c4\u00c4LT\u00c4<\/a>.<\/p>\n<p>Toteutetun teko\u00e4lykyselyn tuloksista ilmeni yritt\u00e4jien tarve konkreettisiin k\u00e4ytt\u00f6tapausesimerkkeihin. Lapin teko\u00e4lykiihdytt\u00e4m\u00f6n asiantuntijat ovat toteuttaneet lyhyit\u00e4 <strong>videoita, joiden avulla saat k\u00e4sityksen, millaisiin tarpeisiin voisit teko\u00e4ly\u00e4 omassa toiminnassasi hy\u00f6dynt\u00e4\u00e4<\/strong>. L\u00f6yd\u00e4t n\u00e4it\u00e4 k\u00e4ytt\u00f6tapausesimerkkej\u00e4 <a href=\"https:\/\/blogi.eoppimispalvelut.fi\/lappiai\/tekoalyn-kayttoesimerkit\/\">T\u00c4\u00c4LT\u00c4<\/a>.<\/p>\n<p>Lapin teko\u00e4lykiihdytt\u00e4m\u00f6 j\u00e4rjest\u00e4\u00e4 vuosittain useita <strong>Teko\u00e4lyk\u00e4st\u00e4-valmennuksia<\/strong> yritt\u00e4jille eri teemoihin keskittyen. Tiedot aiemmin j\u00e4rjestetyist\u00e4 valmennuksista l\u00f6yd\u00e4t <a href=\"https:\/\/blogi.eoppimispalvelut.fi\/lappiai\/aiemmat-tekoalykasta-valmennukset\/\">T\u00c4\u00c4LT\u00c4<\/a>. Tulevien valmennusten tiedot l\u00f6ytyv\u00e4t aina <a href=\"https:\/\/blogi.eoppimispalvelut.fi\/lappiai\/hankkeessa-tapahtuu\/tapahtumat\/\">Tapahtumat-v\u00e4lilehdelt\u00e4<\/a>.<\/p>\n<p>Yhteisty\u00f6ss\u00e4 Lapin teko\u00e4lykiihdytt\u00e4m\u00f6n kanssa on toteutettu useita <strong>AMK-opinn\u00e4ytet\u00f6it\u00e4<\/strong>, joihin voit tutustua <a href=\"https:\/\/blogi.eoppimispalvelut.fi\/lappiai\/opinnaytetyot\/\">T\u00c4\u00c4LT\u00c4<\/a>.<\/p>\n<p>Muistathan my\u00f6s tutustua <a href=\"https:\/\/blogi.eoppimispalvelut.fi\/lappiai\/tekoalykasta-blogi\/\"><strong>Teko\u00e4lyk\u00e4st\u00e4-blogiimme<\/strong><\/a>, jossa asiantuntijamme kirjoittajat teko\u00e4lyaiheista.<\/p>\n<p>Erilaisiin teko\u00e4lysovelluksiin voit my\u00f6s tutustua asiantuntijoidemme laatimia <a href=\"https:\/\/blogi.eoppimispalvelut.fi\/lappiai\/tutustu-tekoalysovellusten-mahdollisuuksiin\/\"><strong>teko\u00e4lykortteja<\/strong><\/a> selailemalla.<\/p>\n<p>&nbsp;<\/p>\n<p>[\/et_pb_text][\/et_pb_column][\/et_pb_row][\/et_pb_section]<\/p>\n","protected":false},"excerpt":{"rendered":"<p>TietoiskutLapin teko\u00e4lykiihdytt\u00e4m\u00f6n toiminta on monipuolista, ja t\u00e4nne on koottu erilaisten toimenpiteiden keskeisi\u00e4 tuloksia omille v\u00e4lilehdilleen seuraavasti: Kev\u00e4\u00e4ll\u00e4 2025 toteutetun, Lapin alueen pk-yrityksille suunnatun teko\u00e4lykyselyn tulokset l\u00f6ytyv\u00e4t T\u00c4\u00c4LT\u00c4. Samalta sivulta voit ladata my\u00f6s pk-yritt\u00e4jille suunnatun teko\u00e4lyoppaan. Osana Lapin teko\u00e4lykiihdytt\u00e4m\u00f6n toimintaa toteutetaan erilaisia teko\u00e4lypilotteja Lapin alueen yritysten kohdennettuihin tarpeisiin. Toteutettujen pilottien kuvaukset ja tulosten esittelyt l\u00f6yd\u00e4t T\u00c4\u00c4LT\u00c4. [&hellip;]<\/p>\n","protected":false},"author":594,"featured_media":0,"parent":0,"menu_order":0,"comment_status":"closed","ping_status":"closed","template":"","meta":{"_acf_changed":false,"_et_pb_use_builder":"on","_et_pb_old_content":"","_et_gb_content_width":"","footnotes":""},"class_list":["post-739","page","type-page","status-publish","hentry"],"acf":[],"yoast_head":"<!-- This site is optimized with the Yoast SEO plugin v27.1.1 - https:\/\/yoast.com\/product\/yoast-seo-wordpress\/ -->\n<title>Tietoiskut - Tervetuloa tutustumaan Lapin teko\u00e4lykiihdytt\u00e4m\u00f6\u00f6n!<\/title>\n<meta name=\"robots\" content=\"index, follow, max-snippet:-1, max-image-preview:large, max-video-preview:-1\" \/>\n<link rel=\"canonical\" href=\"https:\/\/blogi.eoppimispalvelut.fi\/lappiai\/tulokset\/\" \/>\n<meta property=\"og:locale\" content=\"fi_FI\" \/>\n<meta property=\"og:type\" content=\"article\" \/>\n<meta property=\"og:title\" content=\"Tietoiskut - Tervetuloa tutustumaan Lapin teko\u00e4lykiihdytt\u00e4m\u00f6\u00f6n!\" \/>\n<meta property=\"og:description\" content=\"TietoiskutLapin teko\u00e4lykiihdytt\u00e4m\u00f6n toiminta on monipuolista, ja t\u00e4nne on koottu erilaisten toimenpiteiden keskeisi\u00e4 tuloksia omille v\u00e4lilehdilleen seuraavasti: Kev\u00e4\u00e4ll\u00e4 2025 toteutetun, Lapin alueen pk-yrityksille suunnatun teko\u00e4lykyselyn tulokset l\u00f6ytyv\u00e4t T\u00c4\u00c4LT\u00c4. Samalta sivulta voit ladata my\u00f6s pk-yritt\u00e4jille suunnatun teko\u00e4lyoppaan. Osana Lapin teko\u00e4lykiihdytt\u00e4m\u00f6n toimintaa toteutetaan erilaisia teko\u00e4lypilotteja Lapin alueen yritysten kohdennettuihin tarpeisiin. Toteutettujen pilottien kuvaukset ja tulosten esittelyt l\u00f6yd\u00e4t T\u00c4\u00c4LT\u00c4. [&hellip;]\" \/>\n<meta property=\"og:url\" content=\"https:\/\/blogi.eoppimispalvelut.fi\/lappiai\/tulokset\/\" \/>\n<meta property=\"og:site_name\" content=\"Tervetuloa tutustumaan Lapin teko\u00e4lykiihdytt\u00e4m\u00f6\u00f6n!\" \/>\n<meta property=\"article:modified_time\" content=\"2026-04-11T19:23:18+00:00\" \/>\n<meta name=\"twitter:card\" content=\"summary_large_image\" \/>\n<meta name=\"twitter:label1\" content=\"Est. reading time\" \/>\n\t<meta name=\"twitter:data1\" content=\"2 minuuttia\" \/>\n<script type=\"application\/ld+json\" class=\"yoast-schema-graph\">{\"@context\":\"https:\/\/schema.org\",\"@graph\":[{\"@type\":\"WebPage\",\"@id\":\"https:\/\/blogi.eoppimispalvelut.fi\/lappiai\/tulokset\/\",\"url\":\"https:\/\/blogi.eoppimispalvelut.fi\/lappiai\/tulokset\/\",\"name\":\"Tietoiskut - Tervetuloa tutustumaan Lapin teko\u00e4lykiihdytt\u00e4m\u00f6\u00f6n!\",\"isPartOf\":{\"@id\":\"https:\/\/blogi.eoppimispalvelut.fi\/lappiai\/#website\"},\"datePublished\":\"2026-01-01T17:19:19+00:00\",\"dateModified\":\"2026-04-11T19:23:18+00:00\",\"breadcrumb\":{\"@id\":\"https:\/\/blogi.eoppimispalvelut.fi\/lappiai\/tulokset\/#breadcrumb\"},\"inLanguage\":\"fi\",\"potentialAction\":[{\"@type\":\"ReadAction\",\"target\":[\"https:\/\/blogi.eoppimispalvelut.fi\/lappiai\/tulokset\/\"]}]},{\"@type\":\"BreadcrumbList\",\"@id\":\"https:\/\/blogi.eoppimispalvelut.fi\/lappiai\/tulokset\/#breadcrumb\",\"itemListElement\":[{\"@type\":\"ListItem\",\"position\":1,\"name\":\"Home\",\"item\":\"https:\/\/blogi.eoppimispalvelut.fi\/lappiai\/\"},{\"@type\":\"ListItem\",\"position\":2,\"name\":\"Tietoiskut\"}]},{\"@type\":\"WebSite\",\"@id\":\"https:\/\/blogi.eoppimispalvelut.fi\/lappiai\/#website\",\"url\":\"https:\/\/blogi.eoppimispalvelut.fi\/lappiai\/\",\"name\":\"Lapin teko\u00e4lykiihdytt\u00e4m\u00f6\",\"description\":\"Lapin teko\u00e4lykiihdytt\u00e4m\u00f6 tuo teko\u00e4lyn mahdollisuudet tutuiksi Lapin alueen PK-yrityksille. Se on on EU:n osarahoittama projekti.\",\"publisher\":{\"@id\":\"https:\/\/blogi.eoppimispalvelut.fi\/lappiai\/#organization\"},\"potentialAction\":[{\"@type\":\"SearchAction\",\"target\":{\"@type\":\"EntryPoint\",\"urlTemplate\":\"https:\/\/blogi.eoppimispalvelut.fi\/lappiai\/?s={search_term_string}\"},\"query-input\":{\"@type\":\"PropertyValueSpecification\",\"valueRequired\":true,\"valueName\":\"search_term_string\"}}],\"inLanguage\":\"fi\"},{\"@type\":\"Organization\",\"@id\":\"https:\/\/blogi.eoppimispalvelut.fi\/lappiai\/#organization\",\"name\":\"Lapin teko\u00e4lykiihdytt\u00e4m\u00f6\",\"alternateName\":\"Lapin AMK\",\"url\":\"https:\/\/blogi.eoppimispalvelut.fi\/lappiai\/\",\"logo\":{\"@type\":\"ImageObject\",\"inLanguage\":\"fi\",\"@id\":\"https:\/\/blogi.eoppimispalvelut.fi\/lappiai\/#\/schema\/logo\/image\/\",\"url\":\"https:\/\/blogi.eoppimispalvelut.fi\/lappiai\/files\/2024\/12\/Firefly-higlighting-artificial-intelligence-skills-and-knowledge-with-a-hint-of-arctic-wibe-36245.jpg\",\"contentUrl\":\"https:\/\/blogi.eoppimispalvelut.fi\/lappiai\/files\/2024\/12\/Firefly-higlighting-artificial-intelligence-skills-and-knowledge-with-a-hint-of-arctic-wibe-36245.jpg\",\"width\":2048,\"height\":2048,\"caption\":\"Lapin teko\u00e4lykiihdytt\u00e4m\u00f6\"},\"image\":{\"@id\":\"https:\/\/blogi.eoppimispalvelut.fi\/lappiai\/#\/schema\/logo\/image\/\"}}]}<\/script>\n<!-- \/ Yoast SEO plugin. -->","yoast_head_json":{"title":"Tietoiskut - Tervetuloa tutustumaan Lapin teko\u00e4lykiihdytt\u00e4m\u00f6\u00f6n!","robots":{"index":"index","follow":"follow","max-snippet":"max-snippet:-1","max-image-preview":"max-image-preview:large","max-video-preview":"max-video-preview:-1"},"canonical":"https:\/\/blogi.eoppimispalvelut.fi\/lappiai\/tulokset\/","og_locale":"fi_FI","og_type":"article","og_title":"Tietoiskut - Tervetuloa tutustumaan Lapin teko\u00e4lykiihdytt\u00e4m\u00f6\u00f6n!","og_description":"TietoiskutLapin teko\u00e4lykiihdytt\u00e4m\u00f6n toiminta on monipuolista, ja t\u00e4nne on koottu erilaisten toimenpiteiden keskeisi\u00e4 tuloksia omille v\u00e4lilehdilleen seuraavasti: Kev\u00e4\u00e4ll\u00e4 2025 toteutetun, Lapin alueen pk-yrityksille suunnatun teko\u00e4lykyselyn tulokset l\u00f6ytyv\u00e4t T\u00c4\u00c4LT\u00c4. Samalta sivulta voit ladata my\u00f6s pk-yritt\u00e4jille suunnatun teko\u00e4lyoppaan. Osana Lapin teko\u00e4lykiihdytt\u00e4m\u00f6n toimintaa toteutetaan erilaisia teko\u00e4lypilotteja Lapin alueen yritysten kohdennettuihin tarpeisiin. Toteutettujen pilottien kuvaukset ja tulosten esittelyt l\u00f6yd\u00e4t T\u00c4\u00c4LT\u00c4. [&hellip;]","og_url":"https:\/\/blogi.eoppimispalvelut.fi\/lappiai\/tulokset\/","og_site_name":"Tervetuloa tutustumaan Lapin teko\u00e4lykiihdytt\u00e4m\u00f6\u00f6n!","article_modified_time":"2026-04-11T19:23:18+00:00","twitter_card":"summary_large_image","twitter_misc":{"Est. reading time":"2 minuuttia"},"schema":{"@context":"https:\/\/schema.org","@graph":[{"@type":"WebPage","@id":"https:\/\/blogi.eoppimispalvelut.fi\/lappiai\/tulokset\/","url":"https:\/\/blogi.eoppimispalvelut.fi\/lappiai\/tulokset\/","name":"Tietoiskut - Tervetuloa tutustumaan Lapin teko\u00e4lykiihdytt\u00e4m\u00f6\u00f6n!","isPartOf":{"@id":"https:\/\/blogi.eoppimispalvelut.fi\/lappiai\/#website"},"datePublished":"2026-01-01T17:19:19+00:00","dateModified":"2026-04-11T19:23:18+00:00","breadcrumb":{"@id":"https:\/\/blogi.eoppimispalvelut.fi\/lappiai\/tulokset\/#breadcrumb"},"inLanguage":"fi","potentialAction":[{"@type":"ReadAction","target":["https:\/\/blogi.eoppimispalvelut.fi\/lappiai\/tulokset\/"]}]},{"@type":"BreadcrumbList","@id":"https:\/\/blogi.eoppimispalvelut.fi\/lappiai\/tulokset\/#breadcrumb","itemListElement":[{"@type":"ListItem","position":1,"name":"Home","item":"https:\/\/blogi.eoppimispalvelut.fi\/lappiai\/"},{"@type":"ListItem","position":2,"name":"Tietoiskut"}]},{"@type":"WebSite","@id":"https:\/\/blogi.eoppimispalvelut.fi\/lappiai\/#website","url":"https:\/\/blogi.eoppimispalvelut.fi\/lappiai\/","name":"Lapin teko\u00e4lykiihdytt\u00e4m\u00f6","description":"Lapin teko\u00e4lykiihdytt\u00e4m\u00f6 tuo teko\u00e4lyn mahdollisuudet tutuiksi Lapin alueen PK-yrityksille. Se on on EU:n osarahoittama projekti.","publisher":{"@id":"https:\/\/blogi.eoppimispalvelut.fi\/lappiai\/#organization"},"potentialAction":[{"@type":"SearchAction","target":{"@type":"EntryPoint","urlTemplate":"https:\/\/blogi.eoppimispalvelut.fi\/lappiai\/?s={search_term_string}"},"query-input":{"@type":"PropertyValueSpecification","valueRequired":true,"valueName":"search_term_string"}}],"inLanguage":"fi"},{"@type":"Organization","@id":"https:\/\/blogi.eoppimispalvelut.fi\/lappiai\/#organization","name":"Lapin teko\u00e4lykiihdytt\u00e4m\u00f6","alternateName":"Lapin AMK","url":"https:\/\/blogi.eoppimispalvelut.fi\/lappiai\/","logo":{"@type":"ImageObject","inLanguage":"fi","@id":"https:\/\/blogi.eoppimispalvelut.fi\/lappiai\/#\/schema\/logo\/image\/","url":"https:\/\/blogi.eoppimispalvelut.fi\/lappiai\/files\/2024\/12\/Firefly-higlighting-artificial-intelligence-skills-and-knowledge-with-a-hint-of-arctic-wibe-36245.jpg","contentUrl":"https:\/\/blogi.eoppimispalvelut.fi\/lappiai\/files\/2024\/12\/Firefly-higlighting-artificial-intelligence-skills-and-knowledge-with-a-hint-of-arctic-wibe-36245.jpg","width":2048,"height":2048,"caption":"Lapin teko\u00e4lykiihdytt\u00e4m\u00f6"},"image":{"@id":"https:\/\/blogi.eoppimispalvelut.fi\/lappiai\/#\/schema\/logo\/image\/"}}]}},"_links":{"self":[{"href":"https:\/\/blogi.eoppimispalvelut.fi\/lappiai\/wp-json\/wp\/v2\/pages\/739","targetHints":{"allow":["GET"]}}],"collection":[{"href":"https:\/\/blogi.eoppimispalvelut.fi\/lappiai\/wp-json\/wp\/v2\/pages"}],"about":[{"href":"https:\/\/blogi.eoppimispalvelut.fi\/lappiai\/wp-json\/wp\/v2\/types\/page"}],"author":[{"embeddable":true,"href":"https:\/\/blogi.eoppimispalvelut.fi\/lappiai\/wp-json\/wp\/v2\/users\/594"}],"replies":[{"embeddable":true,"href":"https:\/\/blogi.eoppimispalvelut.fi\/lappiai\/wp-json\/wp\/v2\/comments?post=739"}],"version-history":[{"count":9,"href":"https:\/\/blogi.eoppimispalvelut.fi\/lappiai\/wp-json\/wp\/v2\/pages\/739\/revisions"}],"predecessor-version":[{"id":1563,"href":"https:\/\/blogi.eoppimispalvelut.fi\/lappiai\/wp-json\/wp\/v2\/pages\/739\/revisions\/1563"}],"wp:attachment":[{"href":"https:\/\/blogi.eoppimispalvelut.fi\/lappiai\/wp-json\/wp\/v2\/media?parent=739"}],"curies":[{"name":"wp","href":"https:\/\/api.w.org\/{rel}","templated":true}]}}