{"id":748,"date":"2026-01-01T19:32:05","date_gmt":"2026-01-01T17:32:05","guid":{"rendered":"https:\/\/blogi.eoppimispalvelut.fi\/lappiai\/?page_id=748"},"modified":"2026-01-01T20:59:37","modified_gmt":"2026-01-01T18:59:37","slug":"opinnaytetyot","status":"publish","type":"page","link":"https:\/\/blogi.eoppimispalvelut.fi\/lappiai\/opinnaytetyot\/","title":{"rendered":"Opinn\u00e4ytety\u00f6t"},"content":{"rendered":"<p>[et_pb_section fb_built=&#8221;1&#8243; theme_builder_area=&#8221;post_content&#8221; _builder_version=&#8221;4.27.4&#8243; _module_preset=&#8221;default&#8221; min_height=&#8221;138.8px&#8221;][et_pb_row _builder_version=&#8221;4.27.4&#8243; _module_preset=&#8221;default&#8221; theme_builder_area=&#8221;post_content&#8221;][et_pb_column _builder_version=&#8221;4.27.4&#8243; _module_preset=&#8221;default&#8221; type=&#8221;4_4&#8243; theme_builder_area=&#8221;post_content&#8221;][et_pb_text _builder_version=&#8221;4.27.4&#8243; _module_preset=&#8221;default&#8221; theme_builder_area=&#8221;post_content&#8221; hover_enabled=&#8221;0&#8243; sticky_enabled=&#8221;0&#8243;]<\/p>\n<p><strong>Tutustu Lapin teko\u00e4lykiihdytt\u00e4m\u00f6n kanssa yhteisty\u00f6ss\u00e4 tehtyihin opinn\u00e4ytet\u00f6ihin klikkaamalla alta haluamasi opinn\u00e4ytety\u00f6n kansilehden kuvaa.<\/strong><\/p>\n<p>[\/et_pb_text][\/et_pb_column][\/et_pb_row][\/et_pb_section][et_pb_section fb_built=&#8221;1&#8243; theme_builder_area=&#8221;post_content&#8221; _builder_version=&#8221;4.27.4&#8243; _module_preset=&#8221;default&#8221;][et_pb_row _builder_version=&#8221;4.27.4&#8243; _module_preset=&#8221;default&#8221; column_structure=&#8221;1_4,1_4,1_4,1_4&#8243; theme_builder_area=&#8221;post_content&#8221;][et_pb_column _builder_version=&#8221;4.27.4&#8243; _module_preset=&#8221;default&#8221; type=&#8221;1_4&#8243; theme_builder_area=&#8221;post_content&#8221;][et_pb_image src=&#8221;https:\/\/blogi.eoppimispalvelut.fi\/lappiai\/files\/2026\/01\/kaarna_uomala_ont.png&#8221; _builder_version=&#8221;4.27.4&#8243; _module_preset=&#8221;default&#8221; theme_builder_area=&#8221;post_content&#8221; title_text=&#8221;kaarna_uomala_ont&#8221; hover_enabled=&#8221;0&#8243; sticky_enabled=&#8221;0&#8243; url=&#8221;https:\/\/blogi.eoppimispalvelut.fi\/lappiai\/ont1\/&#8221;][\/et_pb_image][\/et_pb_column][et_pb_column _builder_version=&#8221;4.27.4&#8243; _module_preset=&#8221;default&#8221; type=&#8221;1_4&#8243; theme_builder_area=&#8221;post_content&#8221;][et_pb_image src=&#8221;https:\/\/blogi.eoppimispalvelut.fi\/lappiai\/files\/2026\/01\/kouvala_kupari_ont.png&#8221; _builder_version=&#8221;4.27.4&#8243; _module_preset=&#8221;default&#8221; theme_builder_area=&#8221;post_content&#8221; title_text=&#8221;kouvala_kupari_ont&#8221; hover_enabled=&#8221;0&#8243; sticky_enabled=&#8221;0&#8243; url=&#8221;https:\/\/blogi.eoppimispalvelut.fi\/lappiai\/ont2\/&#8221;][\/et_pb_image][\/et_pb_column][et_pb_column _builder_version=&#8221;4.27.4&#8243; _module_preset=&#8221;default&#8221; type=&#8221;1_4&#8243; theme_builder_area=&#8221;post_content&#8221;][et_pb_image src=&#8221;https:\/\/blogi.eoppimispalvelut.fi\/lappiai\/files\/2026\/01\/hanninen_ont.png&#8221; _builder_version=&#8221;4.27.4&#8243; _module_preset=&#8221;default&#8221; theme_builder_area=&#8221;post_content&#8221; title_text=&#8221;h\u00e4nninen_ont&#8221; hover_enabled=&#8221;0&#8243; sticky_enabled=&#8221;0&#8243; url=&#8221;https:\/\/blogi.eoppimispalvelut.fi\/lappiai\/ont3\/&#8221;][\/et_pb_image][\/et_pb_column][et_pb_column _builder_version=&#8221;4.27.4&#8243; _module_preset=&#8221;default&#8221; type=&#8221;1_4&#8243; theme_builder_area=&#8221;post_content&#8221;][et_pb_image src=&#8221;https:\/\/blogi.eoppimispalvelut.fi\/lappiai\/files\/2026\/01\/huhtaniska_pyhtinen_ont.png&#8221; _builder_version=&#8221;4.27.4&#8243; _module_preset=&#8221;default&#8221; theme_builder_area=&#8221;post_content&#8221; title_text=&#8221;huhtaniska_pyhtinen_ont&#8221; hover_enabled=&#8221;0&#8243; sticky_enabled=&#8221;0&#8243; url=&#8221;https:\/\/blogi.eoppimispalvelut.fi\/lappiai\/ont4\/&#8221;][\/et_pb_image][\/et_pb_column][\/et_pb_row][\/et_pb_section]<\/p>\n","protected":false},"excerpt":{"rendered":"<p>Tutustu Lapin teko\u00e4lykiihdytt\u00e4m\u00f6n kanssa yhteisty\u00f6ss\u00e4 tehtyihin opinn\u00e4ytet\u00f6ihin klikkaamalla alta haluamasi opinn\u00e4ytety\u00f6n kansilehden kuvaa.<\/p>\n","protected":false},"author":594,"featured_media":0,"parent":0,"menu_order":0,"comment_status":"closed","ping_status":"closed","template":"","meta":{"_acf_changed":false,"_et_pb_use_builder":"on","_et_pb_old_content":"","_et_gb_content_width":"","footnotes":""},"class_list":["post-748","page","type-page","status-publish","hentry"],"acf":[],"yoast_head":"<!-- This site is optimized with the Yoast SEO plugin v27.1.1 - https:\/\/yoast.com\/product\/yoast-seo-wordpress\/ -->\n<title>Opinn\u00e4ytety\u00f6t - Tervetuloa tutustumaan Lapin teko\u00e4lykiihdytt\u00e4m\u00f6\u00f6n!<\/title>\n<meta name=\"robots\" content=\"index, follow, max-snippet:-1, max-image-preview:large, max-video-preview:-1\" \/>\n<link rel=\"canonical\" href=\"https:\/\/blogi.eoppimispalvelut.fi\/lappiai\/opinnaytetyot\/\" \/>\n<meta property=\"og:locale\" content=\"fi_FI\" \/>\n<meta property=\"og:type\" content=\"article\" \/>\n<meta property=\"og:title\" content=\"Opinn\u00e4ytety\u00f6t - Tervetuloa tutustumaan Lapin teko\u00e4lykiihdytt\u00e4m\u00f6\u00f6n!\" \/>\n<meta property=\"og:description\" content=\"Tutustu Lapin teko\u00e4lykiihdytt\u00e4m\u00f6n kanssa yhteisty\u00f6ss\u00e4 tehtyihin opinn\u00e4ytet\u00f6ihin klikkaamalla alta haluamasi opinn\u00e4ytety\u00f6n kansilehden kuvaa.\" \/>\n<meta property=\"og:url\" content=\"https:\/\/blogi.eoppimispalvelut.fi\/lappiai\/opinnaytetyot\/\" \/>\n<meta property=\"og:site_name\" content=\"Tervetuloa tutustumaan Lapin teko\u00e4lykiihdytt\u00e4m\u00f6\u00f6n!\" \/>\n<meta property=\"article:modified_time\" content=\"2026-01-01T18:59:37+00:00\" \/>\n<meta name=\"twitter:card\" content=\"summary_large_image\" \/>\n<meta name=\"twitter:label1\" content=\"Est. reading time\" \/>\n\t<meta name=\"twitter:data1\" content=\"2 minuuttia\" \/>\n<script type=\"application\/ld+json\" class=\"yoast-schema-graph\">{\"@context\":\"https:\/\/schema.org\",\"@graph\":[{\"@type\":\"WebPage\",\"@id\":\"https:\/\/blogi.eoppimispalvelut.fi\/lappiai\/opinnaytetyot\/\",\"url\":\"https:\/\/blogi.eoppimispalvelut.fi\/lappiai\/opinnaytetyot\/\",\"name\":\"Opinn\u00e4ytety\u00f6t - Tervetuloa tutustumaan Lapin teko\u00e4lykiihdytt\u00e4m\u00f6\u00f6n!\",\"isPartOf\":{\"@id\":\"https:\/\/blogi.eoppimispalvelut.fi\/lappiai\/#website\"},\"datePublished\":\"2026-01-01T17:32:05+00:00\",\"dateModified\":\"2026-01-01T18:59:37+00:00\",\"breadcrumb\":{\"@id\":\"https:\/\/blogi.eoppimispalvelut.fi\/lappiai\/opinnaytetyot\/#breadcrumb\"},\"inLanguage\":\"fi\",\"potentialAction\":[{\"@type\":\"ReadAction\",\"target\":[\"https:\/\/blogi.eoppimispalvelut.fi\/lappiai\/opinnaytetyot\/\"]}]},{\"@type\":\"BreadcrumbList\",\"@id\":\"https:\/\/blogi.eoppimispalvelut.fi\/lappiai\/opinnaytetyot\/#breadcrumb\",\"itemListElement\":[{\"@type\":\"ListItem\",\"position\":1,\"name\":\"Home\",\"item\":\"https:\/\/blogi.eoppimispalvelut.fi\/lappiai\/\"},{\"@type\":\"ListItem\",\"position\":2,\"name\":\"Opinn\u00e4ytety\u00f6t\"}]},{\"@type\":\"WebSite\",\"@id\":\"https:\/\/blogi.eoppimispalvelut.fi\/lappiai\/#website\",\"url\":\"https:\/\/blogi.eoppimispalvelut.fi\/lappiai\/\",\"name\":\"Lapin teko\u00e4lykiihdytt\u00e4m\u00f6\",\"description\":\"Lapin teko\u00e4lykiihdytt\u00e4m\u00f6 tuo teko\u00e4lyn mahdollisuudet tutuiksi Lapin alueen PK-yrityksille. Se on on EU:n osarahoittama projekti.\",\"publisher\":{\"@id\":\"https:\/\/blogi.eoppimispalvelut.fi\/lappiai\/#organization\"},\"potentialAction\":[{\"@type\":\"SearchAction\",\"target\":{\"@type\":\"EntryPoint\",\"urlTemplate\":\"https:\/\/blogi.eoppimispalvelut.fi\/lappiai\/?s={search_term_string}\"},\"query-input\":{\"@type\":\"PropertyValueSpecification\",\"valueRequired\":true,\"valueName\":\"search_term_string\"}}],\"inLanguage\":\"fi\"},{\"@type\":\"Organization\",\"@id\":\"https:\/\/blogi.eoppimispalvelut.fi\/lappiai\/#organization\",\"name\":\"Lapin teko\u00e4lykiihdytt\u00e4m\u00f6\",\"alternateName\":\"Lapin AMK\",\"url\":\"https:\/\/blogi.eoppimispalvelut.fi\/lappiai\/\",\"logo\":{\"@type\":\"ImageObject\",\"inLanguage\":\"fi\",\"@id\":\"https:\/\/blogi.eoppimispalvelut.fi\/lappiai\/#\/schema\/logo\/image\/\",\"url\":\"https:\/\/blogi.eoppimispalvelut.fi\/lappiai\/files\/2024\/12\/Firefly-higlighting-artificial-intelligence-skills-and-knowledge-with-a-hint-of-arctic-wibe-36245.jpg\",\"contentUrl\":\"https:\/\/blogi.eoppimispalvelut.fi\/lappiai\/files\/2024\/12\/Firefly-higlighting-artificial-intelligence-skills-and-knowledge-with-a-hint-of-arctic-wibe-36245.jpg\",\"width\":2048,\"height\":2048,\"caption\":\"Lapin teko\u00e4lykiihdytt\u00e4m\u00f6\"},\"image\":{\"@id\":\"https:\/\/blogi.eoppimispalvelut.fi\/lappiai\/#\/schema\/logo\/image\/\"}}]}<\/script>\n<!-- \/ Yoast SEO plugin. -->","yoast_head_json":{"title":"Opinn\u00e4ytety\u00f6t - Tervetuloa tutustumaan Lapin teko\u00e4lykiihdytt\u00e4m\u00f6\u00f6n!","robots":{"index":"index","follow":"follow","max-snippet":"max-snippet:-1","max-image-preview":"max-image-preview:large","max-video-preview":"max-video-preview:-1"},"canonical":"https:\/\/blogi.eoppimispalvelut.fi\/lappiai\/opinnaytetyot\/","og_locale":"fi_FI","og_type":"article","og_title":"Opinn\u00e4ytety\u00f6t - Tervetuloa tutustumaan Lapin teko\u00e4lykiihdytt\u00e4m\u00f6\u00f6n!","og_description":"Tutustu Lapin teko\u00e4lykiihdytt\u00e4m\u00f6n kanssa yhteisty\u00f6ss\u00e4 tehtyihin opinn\u00e4ytet\u00f6ihin klikkaamalla alta haluamasi opinn\u00e4ytety\u00f6n kansilehden kuvaa.","og_url":"https:\/\/blogi.eoppimispalvelut.fi\/lappiai\/opinnaytetyot\/","og_site_name":"Tervetuloa tutustumaan Lapin teko\u00e4lykiihdytt\u00e4m\u00f6\u00f6n!","article_modified_time":"2026-01-01T18:59:37+00:00","twitter_card":"summary_large_image","twitter_misc":{"Est. reading time":"2 minuuttia"},"schema":{"@context":"https:\/\/schema.org","@graph":[{"@type":"WebPage","@id":"https:\/\/blogi.eoppimispalvelut.fi\/lappiai\/opinnaytetyot\/","url":"https:\/\/blogi.eoppimispalvelut.fi\/lappiai\/opinnaytetyot\/","name":"Opinn\u00e4ytety\u00f6t - Tervetuloa tutustumaan Lapin teko\u00e4lykiihdytt\u00e4m\u00f6\u00f6n!","isPartOf":{"@id":"https:\/\/blogi.eoppimispalvelut.fi\/lappiai\/#website"},"datePublished":"2026-01-01T17:32:05+00:00","dateModified":"2026-01-01T18:59:37+00:00","breadcrumb":{"@id":"https:\/\/blogi.eoppimispalvelut.fi\/lappiai\/opinnaytetyot\/#breadcrumb"},"inLanguage":"fi","potentialAction":[{"@type":"ReadAction","target":["https:\/\/blogi.eoppimispalvelut.fi\/lappiai\/opinnaytetyot\/"]}]},{"@type":"BreadcrumbList","@id":"https:\/\/blogi.eoppimispalvelut.fi\/lappiai\/opinnaytetyot\/#breadcrumb","itemListElement":[{"@type":"ListItem","position":1,"name":"Home","item":"https:\/\/blogi.eoppimispalvelut.fi\/lappiai\/"},{"@type":"ListItem","position":2,"name":"Opinn\u00e4ytety\u00f6t"}]},{"@type":"WebSite","@id":"https:\/\/blogi.eoppimispalvelut.fi\/lappiai\/#website","url":"https:\/\/blogi.eoppimispalvelut.fi\/lappiai\/","name":"Lapin teko\u00e4lykiihdytt\u00e4m\u00f6","description":"Lapin teko\u00e4lykiihdytt\u00e4m\u00f6 tuo teko\u00e4lyn mahdollisuudet tutuiksi Lapin alueen PK-yrityksille. Se on on EU:n osarahoittama projekti.","publisher":{"@id":"https:\/\/blogi.eoppimispalvelut.fi\/lappiai\/#organization"},"potentialAction":[{"@type":"SearchAction","target":{"@type":"EntryPoint","urlTemplate":"https:\/\/blogi.eoppimispalvelut.fi\/lappiai\/?s={search_term_string}"},"query-input":{"@type":"PropertyValueSpecification","valueRequired":true,"valueName":"search_term_string"}}],"inLanguage":"fi"},{"@type":"Organization","@id":"https:\/\/blogi.eoppimispalvelut.fi\/lappiai\/#organization","name":"Lapin teko\u00e4lykiihdytt\u00e4m\u00f6","alternateName":"Lapin AMK","url":"https:\/\/blogi.eoppimispalvelut.fi\/lappiai\/","logo":{"@type":"ImageObject","inLanguage":"fi","@id":"https:\/\/blogi.eoppimispalvelut.fi\/lappiai\/#\/schema\/logo\/image\/","url":"https:\/\/blogi.eoppimispalvelut.fi\/lappiai\/files\/2024\/12\/Firefly-higlighting-artificial-intelligence-skills-and-knowledge-with-a-hint-of-arctic-wibe-36245.jpg","contentUrl":"https:\/\/blogi.eoppimispalvelut.fi\/lappiai\/files\/2024\/12\/Firefly-higlighting-artificial-intelligence-skills-and-knowledge-with-a-hint-of-arctic-wibe-36245.jpg","width":2048,"height":2048,"caption":"Lapin teko\u00e4lykiihdytt\u00e4m\u00f6"},"image":{"@id":"https:\/\/blogi.eoppimispalvelut.fi\/lappiai\/#\/schema\/logo\/image\/"}}]}},"_links":{"self":[{"href":"https:\/\/blogi.eoppimispalvelut.fi\/lappiai\/wp-json\/wp\/v2\/pages\/748","targetHints":{"allow":["GET"]}}],"collection":[{"href":"https:\/\/blogi.eoppimispalvelut.fi\/lappiai\/wp-json\/wp\/v2\/pages"}],"about":[{"href":"https:\/\/blogi.eoppimispalvelut.fi\/lappiai\/wp-json\/wp\/v2\/types\/page"}],"author":[{"embeddable":true,"href":"https:\/\/blogi.eoppimispalvelut.fi\/lappiai\/wp-json\/wp\/v2\/users\/594"}],"replies":[{"embeddable":true,"href":"https:\/\/blogi.eoppimispalvelut.fi\/lappiai\/wp-json\/wp\/v2\/comments?post=748"}],"version-history":[{"count":6,"href":"https:\/\/blogi.eoppimispalvelut.fi\/lappiai\/wp-json\/wp\/v2\/pages\/748\/revisions"}],"predecessor-version":[{"id":809,"href":"https:\/\/blogi.eoppimispalvelut.fi\/lappiai\/wp-json\/wp\/v2\/pages\/748\/revisions\/809"}],"wp:attachment":[{"href":"https:\/\/blogi.eoppimispalvelut.fi\/lappiai\/wp-json\/wp\/v2\/media?parent=748"}],"curies":[{"name":"wp","href":"https:\/\/api.w.org\/{rel}","templated":true}]}}