{"id":760,"date":"2026-01-01T19:45:48","date_gmt":"2026-01-01T17:45:48","guid":{"rendered":"https:\/\/blogi.eoppimispalvelut.fi\/lappiai\/?page_id=760"},"modified":"2026-04-11T21:41:33","modified_gmt":"2026-04-11T18:41:33","slug":"aiemmat-tekoalykasta-valmennukset","status":"publish","type":"page","link":"https:\/\/blogi.eoppimispalvelut.fi\/lappiai\/aiemmat-tekoalykasta-valmennukset\/","title":{"rendered":"Aiemmat Teko\u00e4lyk\u00e4st\u00e4-valmennukset"},"content":{"rendered":"<p>[et_pb_section fb_built=&#8221;1&#8243; _builder_version=&#8221;4.27.4&#8243; _module_preset=&#8221;default&#8221; global_colors_info=&#8221;{}&#8221;][et_pb_row _builder_version=&#8221;4.27.4&#8243; _module_preset=&#8221;default&#8221; min_height=&#8221;87.6px&#8221; global_colors_info=&#8221;{}&#8221;][et_pb_column type=&#8221;4_4&#8243; _builder_version=&#8221;4.27.4&#8243; _module_preset=&#8221;default&#8221; global_colors_info=&#8221;{}&#8221;][et_pb_text _builder_version=&#8221;4.27.4&#8243; _module_preset=&#8221;default&#8221; global_colors_info=&#8221;{}&#8221;]<\/p>\n<p>T\u00e4ll\u00e4 sivulla voit tutustua aiemmin j\u00e4rjestettyihin Teko\u00e4lyk\u00e4st\u00e4-valmennuksiin.<\/p>\n<p>Klikkaamalla alla olevia kuvia p\u00e4\u00e4set n\u00e4kem\u00e4\u00e4n kyseisen valmennuksen sis\u00e4ll\u00f6n ja katsomaan mahdollisen tallenteen valmennuksen johdanto-osiosta.<\/p>\n<p>[\/et_pb_text][\/et_pb_column][\/et_pb_row][\/et_pb_section][et_pb_section fb_built=&#8221;1&#8243; _builder_version=&#8221;4.27.4&#8243; _module_preset=&#8221;default&#8221; global_colors_info=&#8221;{}&#8221;][et_pb_row column_structure=&#8221;2_3,1_3&#8243; _builder_version=&#8221;4.27.4&#8243; _module_preset=&#8221;default&#8221; global_colors_info=&#8221;{}&#8221;][et_pb_column type=&#8221;2_3&#8243; _builder_version=&#8221;4.27.4&#8243; _module_preset=&#8221;default&#8221; global_colors_info=&#8221;{}&#8221;][et_pb_image src=&#8221;https:\/\/blogi.eoppimispalvelut.fi\/lappiai\/files\/2025\/09\/Tekoalykasta-valmennus_kuva-Yrittajien-uutiskirjeeseen_2-scaled.jpg&#8221; alt=&#8221;Kutsu Teko\u00e4lyk\u00e4st\u00e4-valmennukseen yritt\u00e4jille&#8221; title_text=&#8221;Tekoalykasta-valmennus_kuva Yritt\u00e4jien uutiskirjeeseen_2&#8243; url=&#8221;https:\/\/blogi.eoppimispalvelut.fi\/lappiai\/tekoalykasta-1-08102025\/&#8221; _builder_version=&#8221;4.27.4&#8243; _module_preset=&#8221;default&#8221; global_colors_info=&#8221;{}&#8221;][\/et_pb_image][\/et_pb_column][et_pb_column type=&#8221;1_3&#8243; _builder_version=&#8221;4.27.4&#8243; _module_preset=&#8221;default&#8221; global_colors_info=&#8221;{}&#8221;][et_pb_text _builder_version=&#8221;4.27.4&#8243; _module_preset=&#8221;default&#8221; global_colors_info=&#8221;{}&#8221;]<\/p>\n<blockquote>\n<p>Valmennuksen paikat meniv\u00e4t t\u00e4yteen kahdessa p\u00e4iv\u00e4ss\u00e4.\u00a0<strong>Valmennukseen osallistui 15 Lapin pk-yrityst\u00e4 eri puolilta Lappia.<\/strong>\u00a0Palautteessaan yritykset arvostivat erityisesti konkreettisia esimerkkej\u00e4 teko\u00e4lysovellusten k\u00e4yt\u00f6st\u00e4 osana yritt\u00e4j\u00e4n arkity\u00f6t\u00e4.<\/p>\n<\/blockquote>\n<p>[\/et_pb_text][\/et_pb_column][\/et_pb_row][\/et_pb_section][et_pb_section fb_built=&#8221;1&#8243; _builder_version=&#8221;4.27.4&#8243; _module_preset=&#8221;default&#8221; global_colors_info=&#8221;{}&#8221;][et_pb_row column_structure=&#8221;2_3,1_3&#8243; _builder_version=&#8221;4.27.4&#8243; _module_preset=&#8221;default&#8221; global_colors_info=&#8221;{}&#8221;][et_pb_column type=&#8221;2_3&#8243; _builder_version=&#8221;4.27.4&#8243; _module_preset=&#8221;default&#8221; global_colors_info=&#8221;{}&#8221;][et_pb_image src=&#8221;https:\/\/blogi.eoppimispalvelut.fi\/lappiai\/files\/2026\/01\/Tekoalykasta-valmennus-1.12.2025_3-scaled.jpg&#8221; title_text=&#8221;Teko\u00e4lyk\u00e4st\u00e4-valmennus 1.12.2025_3&#8243; _builder_version=&#8221;4.27.4&#8243; _module_preset=&#8221;default&#8221; hover_enabled=&#8221;0&#8243; global_colors_info=&#8221;{}&#8221; url=&#8221;http:\/\/blogi.eoppimispalvelut.fi\/lappiai\/tekoalykasta-2-01122025&#8243; sticky_enabled=&#8221;0&#8243;][\/et_pb_image][\/et_pb_column][et_pb_column type=&#8221;1_3&#8243; _builder_version=&#8221;4.27.4&#8243; _module_preset=&#8221;default&#8221; global_colors_info=&#8221;{}&#8221;][et_pb_text _builder_version=&#8221;4.27.4&#8243; _module_preset=&#8221;default&#8221; global_colors_info=&#8221;{}&#8221;]<\/p>\n<blockquote>\n<p>Valmennuksen paikat meniv\u00e4t t\u00e4yteen kolmessa p\u00e4iv\u00e4ss\u00e4. <strong>Valmennukseen osallistui 14 Lapin pk-yrityst\u00e4 eri puolilta Lappia.<\/strong> Palautteessaan yritykset arvostivat Jari Penttisen tarjoamaa laajaa yleiskuvaa teko\u00e4lysovellusten k\u00e4yt\u00f6st\u00e4 kuvien ja videoiden generoinnissa.&#8221;<\/p>\n<\/blockquote>\n<p>[\/et_pb_text][\/et_pb_column][\/et_pb_row][\/et_pb_section]<\/p>\n","protected":false},"excerpt":{"rendered":"<p>T\u00e4ll\u00e4 sivulla voit tutustua aiemmin j\u00e4rjestettyihin Teko\u00e4lyk\u00e4st\u00e4-valmennuksiin. Klikkaamalla alla olevia kuvia p\u00e4\u00e4set n\u00e4kem\u00e4\u00e4n kyseisen valmennuksen sis\u00e4ll\u00f6n ja katsomaan mahdollisen tallenteen valmennuksen johdanto-osiosta. Valmennuksen paikat meniv\u00e4t t\u00e4yteen kahdessa p\u00e4iv\u00e4ss\u00e4.\u00a0Valmennukseen osallistui 15 Lapin pk-yrityst\u00e4 eri puolilta Lappia.\u00a0Palautteessaan yritykset arvostivat erityisesti konkreettisia esimerkkej\u00e4 teko\u00e4lysovellusten k\u00e4yt\u00f6st\u00e4 osana yritt\u00e4j\u00e4n arkity\u00f6t\u00e4. Valmennuksen paikat meniv\u00e4t t\u00e4yteen kolmessa p\u00e4iv\u00e4ss\u00e4. Valmennukseen osallistui 14 Lapin [&hellip;]<\/p>\n","protected":false},"author":594,"featured_media":0,"parent":0,"menu_order":0,"comment_status":"closed","ping_status":"closed","template":"","meta":{"_acf_changed":false,"_et_pb_use_builder":"on","_et_pb_old_content":"","_et_gb_content_width":"","footnotes":""},"class_list":["post-760","page","type-page","status-publish","hentry"],"acf":[],"yoast_head":"<!-- This site is optimized with the Yoast SEO plugin v27.4 - https:\/\/yoast.com\/product\/yoast-seo-wordpress\/ -->\n<title>Aiemmat Teko\u00e4lyk\u00e4st\u00e4-valmennukset - Tervetuloa tutustumaan Lapin teko\u00e4lykiihdytt\u00e4m\u00f6\u00f6n!<\/title>\n<meta name=\"robots\" content=\"index, follow, max-snippet:-1, max-image-preview:large, max-video-preview:-1\" \/>\n<link rel=\"canonical\" href=\"https:\/\/blogi.eoppimispalvelut.fi\/lappiai\/aiemmat-tekoalykasta-valmennukset\/\" \/>\n<meta property=\"og:locale\" content=\"fi_FI\" \/>\n<meta property=\"og:type\" content=\"article\" \/>\n<meta property=\"og:title\" content=\"Aiemmat Teko\u00e4lyk\u00e4st\u00e4-valmennukset - Tervetuloa tutustumaan Lapin teko\u00e4lykiihdytt\u00e4m\u00f6\u00f6n!\" \/>\n<meta property=\"og:description\" content=\"T\u00e4ll\u00e4 sivulla voit tutustua aiemmin j\u00e4rjestettyihin Teko\u00e4lyk\u00e4st\u00e4-valmennuksiin. Klikkaamalla alla olevia kuvia p\u00e4\u00e4set n\u00e4kem\u00e4\u00e4n kyseisen valmennuksen sis\u00e4ll\u00f6n ja katsomaan mahdollisen tallenteen valmennuksen johdanto-osiosta. Valmennuksen paikat meniv\u00e4t t\u00e4yteen kahdessa p\u00e4iv\u00e4ss\u00e4.\u00a0Valmennukseen osallistui 15 Lapin pk-yrityst\u00e4 eri puolilta Lappia.\u00a0Palautteessaan yritykset arvostivat erityisesti konkreettisia esimerkkej\u00e4 teko\u00e4lysovellusten k\u00e4yt\u00f6st\u00e4 osana yritt\u00e4j\u00e4n arkity\u00f6t\u00e4. Valmennuksen paikat meniv\u00e4t t\u00e4yteen kolmessa p\u00e4iv\u00e4ss\u00e4. Valmennukseen osallistui 14 Lapin [&hellip;]\" \/>\n<meta property=\"og:url\" content=\"https:\/\/blogi.eoppimispalvelut.fi\/lappiai\/aiemmat-tekoalykasta-valmennukset\/\" \/>\n<meta property=\"og:site_name\" content=\"Tervetuloa tutustumaan Lapin teko\u00e4lykiihdytt\u00e4m\u00f6\u00f6n!\" \/>\n<meta property=\"article:modified_time\" content=\"2026-04-11T18:41:33+00:00\" \/>\n<meta name=\"twitter:card\" content=\"summary_large_image\" \/>\n<meta name=\"twitter:label1\" content=\"Est. reading time\" \/>\n\t<meta name=\"twitter:data1\" content=\"2 minuuttia\" \/>\n<script type=\"application\/ld+json\" class=\"yoast-schema-graph\">{\"@context\":\"https:\\\/\\\/schema.org\",\"@graph\":[{\"@type\":\"WebPage\",\"@id\":\"https:\\\/\\\/blogi.eoppimispalvelut.fi\\\/lappiai\\\/aiemmat-tekoalykasta-valmennukset\\\/\",\"url\":\"https:\\\/\\\/blogi.eoppimispalvelut.fi\\\/lappiai\\\/aiemmat-tekoalykasta-valmennukset\\\/\",\"name\":\"Aiemmat Teko\u00e4lyk\u00e4st\u00e4-valmennukset - Tervetuloa tutustumaan Lapin teko\u00e4lykiihdytt\u00e4m\u00f6\u00f6n!\",\"isPartOf\":{\"@id\":\"https:\\\/\\\/blogi.eoppimispalvelut.fi\\\/lappiai\\\/#website\"},\"datePublished\":\"2026-01-01T17:45:48+00:00\",\"dateModified\":\"2026-04-11T18:41:33+00:00\",\"breadcrumb\":{\"@id\":\"https:\\\/\\\/blogi.eoppimispalvelut.fi\\\/lappiai\\\/aiemmat-tekoalykasta-valmennukset\\\/#breadcrumb\"},\"inLanguage\":\"fi\",\"potentialAction\":[{\"@type\":\"ReadAction\",\"target\":[\"https:\\\/\\\/blogi.eoppimispalvelut.fi\\\/lappiai\\\/aiemmat-tekoalykasta-valmennukset\\\/\"]}]},{\"@type\":\"BreadcrumbList\",\"@id\":\"https:\\\/\\\/blogi.eoppimispalvelut.fi\\\/lappiai\\\/aiemmat-tekoalykasta-valmennukset\\\/#breadcrumb\",\"itemListElement\":[{\"@type\":\"ListItem\",\"position\":1,\"name\":\"Home\",\"item\":\"https:\\\/\\\/blogi.eoppimispalvelut.fi\\\/lappiai\\\/\"},{\"@type\":\"ListItem\",\"position\":2,\"name\":\"Aiemmat Teko\u00e4lyk\u00e4st\u00e4-valmennukset\"}]},{\"@type\":\"WebSite\",\"@id\":\"https:\\\/\\\/blogi.eoppimispalvelut.fi\\\/lappiai\\\/#website\",\"url\":\"https:\\\/\\\/blogi.eoppimispalvelut.fi\\\/lappiai\\\/\",\"name\":\"Lapin teko\u00e4lykiihdytt\u00e4m\u00f6\",\"description\":\"Lapin teko\u00e4lykiihdytt\u00e4m\u00f6 tuo teko\u00e4lyn mahdollisuudet tutuiksi Lapin alueen PK-yrityksille. Se on on EU:n osarahoittama projekti.\",\"publisher\":{\"@id\":\"https:\\\/\\\/blogi.eoppimispalvelut.fi\\\/lappiai\\\/#organization\"},\"potentialAction\":[{\"@type\":\"SearchAction\",\"target\":{\"@type\":\"EntryPoint\",\"urlTemplate\":\"https:\\\/\\\/blogi.eoppimispalvelut.fi\\\/lappiai\\\/?s={search_term_string}\"},\"query-input\":{\"@type\":\"PropertyValueSpecification\",\"valueRequired\":true,\"valueName\":\"search_term_string\"}}],\"inLanguage\":\"fi\"},{\"@type\":\"Organization\",\"@id\":\"https:\\\/\\\/blogi.eoppimispalvelut.fi\\\/lappiai\\\/#organization\",\"name\":\"Lapin teko\u00e4lykiihdytt\u00e4m\u00f6\",\"alternateName\":\"Lapin AMK\",\"url\":\"https:\\\/\\\/blogi.eoppimispalvelut.fi\\\/lappiai\\\/\",\"logo\":{\"@type\":\"ImageObject\",\"inLanguage\":\"fi\",\"@id\":\"https:\\\/\\\/blogi.eoppimispalvelut.fi\\\/lappiai\\\/#\\\/schema\\\/logo\\\/image\\\/\",\"url\":\"https:\\\/\\\/blogi.eoppimispalvelut.fi\\\/lappiai\\\/files\\\/2024\\\/12\\\/Firefly-higlighting-artificial-intelligence-skills-and-knowledge-with-a-hint-of-arctic-wibe-36245.jpg\",\"contentUrl\":\"https:\\\/\\\/blogi.eoppimispalvelut.fi\\\/lappiai\\\/files\\\/2024\\\/12\\\/Firefly-higlighting-artificial-intelligence-skills-and-knowledge-with-a-hint-of-arctic-wibe-36245.jpg\",\"width\":2048,\"height\":2048,\"caption\":\"Lapin teko\u00e4lykiihdytt\u00e4m\u00f6\"},\"image\":{\"@id\":\"https:\\\/\\\/blogi.eoppimispalvelut.fi\\\/lappiai\\\/#\\\/schema\\\/logo\\\/image\\\/\"}}]}<\/script>\n<!-- \/ Yoast SEO plugin. -->","yoast_head_json":{"title":"Aiemmat Teko\u00e4lyk\u00e4st\u00e4-valmennukset - Tervetuloa tutustumaan Lapin teko\u00e4lykiihdytt\u00e4m\u00f6\u00f6n!","robots":{"index":"index","follow":"follow","max-snippet":"max-snippet:-1","max-image-preview":"max-image-preview:large","max-video-preview":"max-video-preview:-1"},"canonical":"https:\/\/blogi.eoppimispalvelut.fi\/lappiai\/aiemmat-tekoalykasta-valmennukset\/","og_locale":"fi_FI","og_type":"article","og_title":"Aiemmat Teko\u00e4lyk\u00e4st\u00e4-valmennukset - Tervetuloa tutustumaan Lapin teko\u00e4lykiihdytt\u00e4m\u00f6\u00f6n!","og_description":"T\u00e4ll\u00e4 sivulla voit tutustua aiemmin j\u00e4rjestettyihin Teko\u00e4lyk\u00e4st\u00e4-valmennuksiin. Klikkaamalla alla olevia kuvia p\u00e4\u00e4set n\u00e4kem\u00e4\u00e4n kyseisen valmennuksen sis\u00e4ll\u00f6n ja katsomaan mahdollisen tallenteen valmennuksen johdanto-osiosta. Valmennuksen paikat meniv\u00e4t t\u00e4yteen kahdessa p\u00e4iv\u00e4ss\u00e4.\u00a0Valmennukseen osallistui 15 Lapin pk-yrityst\u00e4 eri puolilta Lappia.\u00a0Palautteessaan yritykset arvostivat erityisesti konkreettisia esimerkkej\u00e4 teko\u00e4lysovellusten k\u00e4yt\u00f6st\u00e4 osana yritt\u00e4j\u00e4n arkity\u00f6t\u00e4. Valmennuksen paikat meniv\u00e4t t\u00e4yteen kolmessa p\u00e4iv\u00e4ss\u00e4. Valmennukseen osallistui 14 Lapin [&hellip;]","og_url":"https:\/\/blogi.eoppimispalvelut.fi\/lappiai\/aiemmat-tekoalykasta-valmennukset\/","og_site_name":"Tervetuloa tutustumaan Lapin teko\u00e4lykiihdytt\u00e4m\u00f6\u00f6n!","article_modified_time":"2026-04-11T18:41:33+00:00","twitter_card":"summary_large_image","twitter_misc":{"Est. reading time":"2 minuuttia"},"schema":{"@context":"https:\/\/schema.org","@graph":[{"@type":"WebPage","@id":"https:\/\/blogi.eoppimispalvelut.fi\/lappiai\/aiemmat-tekoalykasta-valmennukset\/","url":"https:\/\/blogi.eoppimispalvelut.fi\/lappiai\/aiemmat-tekoalykasta-valmennukset\/","name":"Aiemmat Teko\u00e4lyk\u00e4st\u00e4-valmennukset - Tervetuloa tutustumaan Lapin teko\u00e4lykiihdytt\u00e4m\u00f6\u00f6n!","isPartOf":{"@id":"https:\/\/blogi.eoppimispalvelut.fi\/lappiai\/#website"},"datePublished":"2026-01-01T17:45:48+00:00","dateModified":"2026-04-11T18:41:33+00:00","breadcrumb":{"@id":"https:\/\/blogi.eoppimispalvelut.fi\/lappiai\/aiemmat-tekoalykasta-valmennukset\/#breadcrumb"},"inLanguage":"fi","potentialAction":[{"@type":"ReadAction","target":["https:\/\/blogi.eoppimispalvelut.fi\/lappiai\/aiemmat-tekoalykasta-valmennukset\/"]}]},{"@type":"BreadcrumbList","@id":"https:\/\/blogi.eoppimispalvelut.fi\/lappiai\/aiemmat-tekoalykasta-valmennukset\/#breadcrumb","itemListElement":[{"@type":"ListItem","position":1,"name":"Home","item":"https:\/\/blogi.eoppimispalvelut.fi\/lappiai\/"},{"@type":"ListItem","position":2,"name":"Aiemmat Teko\u00e4lyk\u00e4st\u00e4-valmennukset"}]},{"@type":"WebSite","@id":"https:\/\/blogi.eoppimispalvelut.fi\/lappiai\/#website","url":"https:\/\/blogi.eoppimispalvelut.fi\/lappiai\/","name":"Lapin teko\u00e4lykiihdytt\u00e4m\u00f6","description":"Lapin teko\u00e4lykiihdytt\u00e4m\u00f6 tuo teko\u00e4lyn mahdollisuudet tutuiksi Lapin alueen PK-yrityksille. Se on on EU:n osarahoittama projekti.","publisher":{"@id":"https:\/\/blogi.eoppimispalvelut.fi\/lappiai\/#organization"},"potentialAction":[{"@type":"SearchAction","target":{"@type":"EntryPoint","urlTemplate":"https:\/\/blogi.eoppimispalvelut.fi\/lappiai\/?s={search_term_string}"},"query-input":{"@type":"PropertyValueSpecification","valueRequired":true,"valueName":"search_term_string"}}],"inLanguage":"fi"},{"@type":"Organization","@id":"https:\/\/blogi.eoppimispalvelut.fi\/lappiai\/#organization","name":"Lapin teko\u00e4lykiihdytt\u00e4m\u00f6","alternateName":"Lapin AMK","url":"https:\/\/blogi.eoppimispalvelut.fi\/lappiai\/","logo":{"@type":"ImageObject","inLanguage":"fi","@id":"https:\/\/blogi.eoppimispalvelut.fi\/lappiai\/#\/schema\/logo\/image\/","url":"https:\/\/blogi.eoppimispalvelut.fi\/lappiai\/files\/2024\/12\/Firefly-higlighting-artificial-intelligence-skills-and-knowledge-with-a-hint-of-arctic-wibe-36245.jpg","contentUrl":"https:\/\/blogi.eoppimispalvelut.fi\/lappiai\/files\/2024\/12\/Firefly-higlighting-artificial-intelligence-skills-and-knowledge-with-a-hint-of-arctic-wibe-36245.jpg","width":2048,"height":2048,"caption":"Lapin teko\u00e4lykiihdytt\u00e4m\u00f6"},"image":{"@id":"https:\/\/blogi.eoppimispalvelut.fi\/lappiai\/#\/schema\/logo\/image\/"}}]}},"_links":{"self":[{"href":"https:\/\/blogi.eoppimispalvelut.fi\/lappiai\/wp-json\/wp\/v2\/pages\/760","targetHints":{"allow":["GET"]}}],"collection":[{"href":"https:\/\/blogi.eoppimispalvelut.fi\/lappiai\/wp-json\/wp\/v2\/pages"}],"about":[{"href":"https:\/\/blogi.eoppimispalvelut.fi\/lappiai\/wp-json\/wp\/v2\/types\/page"}],"author":[{"embeddable":true,"href":"https:\/\/blogi.eoppimispalvelut.fi\/lappiai\/wp-json\/wp\/v2\/users\/594"}],"replies":[{"embeddable":true,"href":"https:\/\/blogi.eoppimispalvelut.fi\/lappiai\/wp-json\/wp\/v2\/comments?post=760"}],"version-history":[{"count":5,"href":"https:\/\/blogi.eoppimispalvelut.fi\/lappiai\/wp-json\/wp\/v2\/pages\/760\/revisions"}],"predecessor-version":[{"id":1526,"href":"https:\/\/blogi.eoppimispalvelut.fi\/lappiai\/wp-json\/wp\/v2\/pages\/760\/revisions\/1526"}],"wp:attachment":[{"href":"https:\/\/blogi.eoppimispalvelut.fi\/lappiai\/wp-json\/wp\/v2\/media?parent=760"}],"curies":[{"name":"wp","href":"https:\/\/api.w.org\/{rel}","templated":true}]}}