{"id":779,"date":"2026-01-01T20:10:24","date_gmt":"2026-01-01T18:10:24","guid":{"rendered":"https:\/\/blogi.eoppimispalvelut.fi\/lappiai\/?page_id=779"},"modified":"2026-01-01T20:12:04","modified_gmt":"2026-01-01T18:12:04","slug":"tekoalykasta-2-01122025","status":"publish","type":"page","link":"https:\/\/blogi.eoppimispalvelut.fi\/lappiai\/tekoalykasta-2-01122025\/","title":{"rendered":"Teko\u00e4lyk\u00e4st\u00e4-valmennus 1.12.2025"},"content":{"rendered":"<p>[et_pb_section fb_built=&#8221;1&#8243; theme_builder_area=&#8221;post_content&#8221; _builder_version=&#8221;4.27.4&#8243; _module_preset=&#8221;default&#8221; custom_margin=&#8221;||-43px|||&#8221;][et_pb_row column_structure=&#8221;1_2,1_2&#8243; _builder_version=&#8221;4.27.4&#8243; _module_preset=&#8221;default&#8221; custom_padding=&#8221;||53px|||&#8221; global_colors_info=&#8221;{}&#8221; locked=&#8221;off&#8221; theme_builder_area=&#8221;post_content&#8221; min_height=&#8221;356px&#8221;][et_pb_column type=&#8221;1_2&#8243; _builder_version=&#8221;4.27.4&#8243; _module_preset=&#8221;default&#8221; global_colors_info=&#8221;{}&#8221; theme_builder_area=&#8221;post_content&#8221;][et_pb_video src=&#8221;https:\/\/blogi.eoppimispalvelut.fi\/lappiai\/files\/2025\/11\/Intro2-Jarin-videopatka.mp4&#8243; _builder_version=&#8221;4.27.4&#8243; _module_preset=&#8221;default&#8221; global_colors_info=&#8221;{}&#8221; theme_builder_area=&#8221;post_content&#8221;][\/et_pb_video][\/et_pb_column][et_pb_column type=&#8221;1_2&#8243; _builder_version=&#8221;4.27.4&#8243; _module_preset=&#8221;default&#8221; global_colors_info=&#8221;{}&#8221; theme_builder_area=&#8221;post_content&#8221;][et_pb_text _builder_version=&#8221;4.27.4&#8243; _module_preset=&#8221;default&#8221; hover_enabled=&#8221;0&#8243; global_colors_info=&#8221;{}&#8221; theme_builder_area=&#8221;post_content&#8221; sticky_enabled=&#8221;0&#8243;]<\/p>\n<h5><strong><span data-contrast=\"auto\" class=\"TextRun SCXO112313138 BCX8\" xml:lang=\"FI\" lang=\"FI\"><span class=\"NormalTextRun SCXO112313138 BCX8\">Opi luomaan kuvia ja videoita teko\u00e4lyll\u00e4 \u2013 Teko\u00e4lyk\u00e4st\u00e4-valmennus Lapin pk-yrityksille<\/span><\/span><span class=\"EOP SCXO112313138 BCX8\">\u00a0<\/span><\/strong><\/h5>\n<p><span data-contrast=\"auto\" class=\"TextRun  BCX8 SCXO152899526\" xml:lang=\"FI\" lang=\"FI\"><span class=\"NormalTextRun  BCX8 SCXO152899526\">Teko\u00e4ly tarjoaa yrityksille uusia mahdollisuuksia arjen prosesseihin, markkinointiin, myyntiin ja asiakaspalveluun.\u00a0 <strong>Maanantai<\/strong><\/span><\/span><strong>na 1.12.2025 Lapin AMKin Tornion kampuksella<\/strong> j\u00e4rjestettiin maksuton kolmen tunnin valmennustilaisuus, <span data-contrast=\"auto\" class=\"TextRun SCXO42784584 BCX8\" xml:lang=\"FI\" lang=\"FI\"><span class=\"NormalTextRun SCXO42784584 BCX8\">jossa osallistujat p\u00e4\u00e4siv\u00e4t luomaan kuvia ja videoita teko\u00e4lyty\u00f6kaluilla oman liiketoimintansa ja yrityksens\u00e4 tarpeisiin<\/span><\/span>.<\/p>\n<p><strong>Tilaisuuden j\u00e4rjesti <a href=\"https:\/\/blogi.eoppimispalvelut.fi\/lappiai\/\" target=\"_blank\" rel=\"noopener\">Lapin teko\u00e4lykiihdytt\u00e4m\u00f6<\/a>.<\/strong><\/p>\n<p>[\/et_pb_text][\/et_pb_column][\/et_pb_row][\/et_pb_section][et_pb_section fb_built=&#8221;1&#8243; theme_builder_area=&#8221;post_content&#8221; _builder_version=&#8221;4.27.4&#8243; _module_preset=&#8221;default&#8221; custom_padding=&#8221;7px|||||&#8221;][et_pb_row column_structure=&#8221;1_2,1_2&#8243; _builder_version=&#8221;4.27.4&#8243; _module_preset=&#8221;default&#8221; global_colors_info=&#8221;{}&#8221; locked=&#8221;off&#8221; theme_builder_area=&#8221;post_content&#8221;][et_pb_column type=&#8221;1_2&#8243; _builder_version=&#8221;4.27.4&#8243; _module_preset=&#8221;default&#8221; global_colors_info=&#8221;{}&#8221; theme_builder_area=&#8221;post_content&#8221;][et_pb_text _builder_version=&#8221;4.27.4&#8243; _module_preset=&#8221;default&#8221; global_colors_info=&#8221;{}&#8221; theme_builder_area=&#8221;post_content&#8221;]<\/p>\n<p><strong>Miksi osallistua?<\/strong><\/p>\n<p><span data-contrast=\"auto\" class=\"TextRun SCXO202666363 BCX8\" xml:lang=\"FI\" lang=\"FI\"><span class=\"NormalTextRun SCXO202666363 BCX8\">Saat k\u00e4yt\u00e4nn\u00f6nl\u00e4heisen johdannon kuvien ja videoiden luomiseen teko\u00e4lyty\u00f6kalujen avulla. P\u00e4\u00e4set jakamaan kokemuksia muiden yritysten kanssa ja kuulemaan heid\u00e4n onnistumistaan ja haasteistaan teko\u00e4lyn hy\u00f6dynt\u00e4misess\u00e4. Valmennuksessa kokeilet teko\u00e4lyty\u00f6kaluja k\u00e4yt\u00e4nn\u00f6ss\u00e4 ja sovellat niit\u00e4 omaan liiketoimintaasi.<\/span><\/span><span class=\"EOP SCXO202666363 BCX8\">\u00a0<\/span><\/p>\n<p><strong>Tilaisuuden sis\u00e4lt\u00f6<\/strong><\/p>\n<ul>\n<li data-aria-posinset=\"1\" data-aria-level=\"2\"><span data-contrast=\"auto\"><span>Johdanto ja esimerkit kuvien ja videoiden luomisesta teko\u00e4lyty\u00f6kaluilla (<strong>lehtori Jari Penttinen, Lapin AMK<\/strong>)<\/span><\/span><span>\u00a0<\/span><\/li>\n<li data-aria-posinset=\"2\" data-aria-level=\"2\"><span data-contrast=\"auto\"><span>Yritysten kokemukset ja keskustelu<\/span><\/span><span>\u00a0<\/span><\/li>\n<li data-aria-posinset=\"3\" data-aria-level=\"2\"><span data-contrast=\"auto\"><span>K\u00e4yt\u00e4nn\u00f6n valmennusosio ja sparraus omiin k\u00e4ytt\u00f6kohteisiin (<\/span><\/span><a href=\"https:\/\/blogi.eoppimispalvelut.fi\/lappiai\/tekoalyasiantuntijamme\/\"><span data-contrast=\"auto\"><span>Lapin AMKin teko\u00e4lyasiantuntijat<\/span><\/span><\/a><span data-contrast=\"auto\"><span>)<\/span><\/span><span>\u00a0<\/span><\/li>\n<li data-aria-posinset=\"4\" data-aria-level=\"2\"><span data-contrast=\"auto\"><span>Yhteenveto ja jatkosuunnitelmat<\/span><\/span><span>\u00a0<\/span><\/li>\n<\/ul>\n<p><span data-contrast=\"auto\" class=\"TextRun SCXO22137069 BCX8\" xml:lang=\"FI\" lang=\"FI\"><span class=\"NormalTextRun SCXO22137069 BCX8\">Tilaisuudessa esitell\u00e4\u00e4n, k\u00e4ytet\u00e4\u00e4n ja vertaillaan sek\u00e4 ilmaisia ett\u00e4 maksullisia sovelluksia (mm.<\/span><span class=\"NormalTextRun SCXO22137069 BCX8\">\u00a0Adobe<span>\u00a0<\/span><\/span><span class=\"SpellingError SCXO22137069 BCX8\">Firefly,<\/span><span class=\"NormalTextRun SCXO22137069 BCX8\"><span>\u00a0<\/span><\/span><span class=\"SpellingError SCXO22137069 BCX8\">Runway,<span class=\"NormalTextRun SCXO22137069 BCX8\">\u00a0Google<span>\u00a0<\/span><\/span>Geminini ja ChatGPT)<\/span><span class=\"NormalTextRun SCXO22137069 BCX8\">. Osallistujat vastaavat itse mahdollisista hankkimiensa teko\u00e4lysovellusten k\u00e4ytt\u00f6maksuista.<\/span><\/span><span class=\"EOP SCXO22137069 BCX8\">\u00a0<\/span><\/p>\n<p><span data-contrast=\"auto\" class=\"TextRun SCXO180425547 BCX8\" xml:lang=\"FI\" lang=\"FI\"><span class=\"NormalTextRun SCXO180425547 BCX8\">Oman kannettavan tietokoneen k\u00e4ytt\u00f6 k\u00e4yt\u00e4nn\u00f6n valmennusosiossa ja teko\u00e4lyjen testauksessa on suositeltavaa.<span>\u00a0<\/span><\/span><\/span><\/p>\n<p><span data-contrast=\"auto\" class=\"TextRun Highlight SCXO180425547 BCX8\" xml:lang=\"FI\" lang=\"FI\"><span class=\"NormalTextRun SCXO180425547 BCX8\">HOX! T<\/span><\/span><span data-contrast=\"auto\" class=\"TextRun Highlight SCXO180425547 BCX8\" xml:lang=\"FI\" lang=\"FI\"><span class=\"NormalTextRun SCXO180425547 BCX8\">eko\u00e4lyjen ilmaisia kokeilujaksoja ei kannata kuluttaa loppuun ennen koulutusta. Jos n\u00e4in on p\u00e4\u00e4ssyt k\u00e4ym\u00e4\u00e4n, viisainta on luoda tilaisuutta varten uusi s\u00e4hk\u00f6postitili teko\u00e4lysovellusten k\u00e4ytt\u00e4mist\u00e4 varten.<\/span><\/span><span class=\"EOP SCXO180425547 BCX8\">\u00a0<\/span><\/p>\n<p>[\/et_pb_text][\/et_pb_column][et_pb_column type=&#8221;1_2&#8243; _builder_version=&#8221;4.27.4&#8243; _module_preset=&#8221;default&#8221; global_colors_info=&#8221;{}&#8221; theme_builder_area=&#8221;post_content&#8221;][et_pb_text _builder_version=&#8221;4.27.4&#8243; _module_preset=&#8221;default&#8221; global_colors_info=&#8221;{}&#8221; theme_builder_area=&#8221;post_content&#8221;]<\/p>\n<p><strong>Kenelle?<\/strong><\/p>\n<p>Teko\u00e4lyk\u00e4st\u00e4-valmennus on suunnattu Lapin pk-yritysten edustajille, jotka haluavat k\u00e4yt\u00e4nn\u00f6n ideoita ja konkreettisia ty\u00f6kaluja teko\u00e4lyn hy\u00f6dynt\u00e4miseen. Osallistuminen ei edellyt\u00e4 aikaisempaa kokemusta teko\u00e4lyst\u00e4. Pidemm\u00e4lle edenneill\u00e4 on mahdollisuus saada sparrausta <a href=\"https:\/\/blogi.eoppimispalvelut.fi\/lappiai\/tekoalyasiantuntijamme\/\" target=\"_blank\" rel=\"noopener\">Lapin teko\u00e4lykiihdytt\u00e4m\u00f6n asiantuntijoilta<\/a>.<\/p>\n<p>Osallistuminen on maksutonta. Mukaan mahtuu 15 henkil\u00f6\u00e4 (maksimissaan 2 per yritys). Paikat t\u00e4ytet\u00e4\u00e4n ilmoittautumisj\u00e4rjestyksess\u00e4.<\/p>\n<p><strong>Aika ja paikka<\/strong><\/p>\n<p><span style=\"color: #800080\"><strong>Ma 1.12. klo 13\u201316, Tornio<\/strong>, Lapin AMKin Minerva-kampus (Kauppakatu 58)<\/span><span style=\"color: #800080\"><\/span><\/p>\n<p><strong><\/strong><\/p>\n<p><strong>Ilmoittautuminen<\/strong><\/p>\n<p>Tapahtuman osallistujam\u00e4\u00e4r\u00e4 on t\u00e4ynn\u00e4.<\/p>\n<p><b><\/b><\/p>\n<p>[\/et_pb_text][\/et_pb_column][\/et_pb_row][\/et_pb_section][et_pb_section fb_built=&#8221;1&#8243; theme_builder_area=&#8221;post_content&#8221; _builder_version=&#8221;4.27.4&#8243; _module_preset=&#8221;default&#8221; custom_padding=&#8221;0px|||||&#8221;][et_pb_row column_structure=&#8221;1_2,1_2&#8243; _builder_version=&#8221;4.27.4&#8243; _module_preset=&#8221;default&#8221; global_colors_info=&#8221;{}&#8221; locked=&#8221;off&#8221; theme_builder_area=&#8221;post_content&#8221;][et_pb_column type=&#8221;1_2&#8243; _builder_version=&#8221;4.27.4&#8243; _module_preset=&#8221;default&#8221; global_colors_info=&#8221;{}&#8221; theme_builder_area=&#8221;post_content&#8221;][et_pb_text _builder_version=&#8221;4.27.4&#8243; _module_preset=&#8221;default&#8221; global_colors_info=&#8221;{}&#8221; theme_builder_area=&#8221;post_content&#8221;]<\/p>\n<p><strong>Valmentaja<\/strong><\/p>\n<p><span data-contrast=\"none\" class=\"TextRun SCXO14403155 BCX8\" xml:lang=\"FI\" lang=\"FI\"><span class=\"NormalTextRun SCXO14403155 BCX8\">Valmentajana toimii Lapin AMKin<span>\u00a0<\/span><\/span><\/span><span data-contrast=\"none\" class=\"TextRun SCXO14403155 BCX8\" xml:lang=\"FI\" lang=\"FI\"><span class=\"NormalTextRun SCXO14403155 BCX8\">digitaalisen<span>\u00a0<\/span><\/span><\/span><span data-contrast=\"none\" class=\"TextRun SCXO14403155 BCX8\" xml:lang=\"FI\" lang=\"FI\"><span class=\"NormalTextRun SCXO14403155 BCX8\">kuvataiteen <strong>lehtori\u00a0<\/strong><\/span><\/span><span data-contrast=\"none\" class=\"TextRun SCXO14403155 BCX8\" xml:lang=\"FI\" lang=\"FI\"><span class=\"NormalTextRun SCXO14403155 BCX8\"><strong>Jari Penttinen<\/strong>.<\/span><\/span><span data-contrast=\"none\" class=\"TextRun SCXO14403155 BCX8\" xml:lang=\"FI\" lang=\"FI\"><span class=\"NormalTextRun SCXO14403155 BCX8\"><span>\u00a0<\/span><\/span><\/span><\/p>\n<p><span data-contrast=\"none\" class=\"TextRun SCXO14403155 BCX8\" xml:lang=\"FI\" lang=\"FI\"><span class=\"NormalTextRun SCXO14403155 BCX8\">Jari luo visuaalisia maailmoja pikseleist\u00e4 ja polygoneista.<span>\u00a0<\/span><\/span><\/span><span data-contrast=\"none\" class=\"TextRun SCXO14403155 BCX8\" xml:lang=\"FI\" lang=\"FI\"><span class=\"NormalTextRun SCXO14403155 BCX8\">H\u00e4nell\u00e4 on yli 20 vuoden ty\u00f6kokemus digitaalisesta kuvan rakentamisesta.\u00a0<\/span><\/span><span data-contrast=\"none\" class=\"TextRun SCXO14403155 BCX8\" xml:lang=\"FI\" lang=\"FI\"><span class=\"NormalTextRun SCXO14403155 BCX8\"><span>\u00a0<\/span>Jari opettaa muun muassa 3D-mallinnusta, tietokonegrafiikkaa, kokeellisia ty\u00f6tapoja ja pelimoottoreiden hy\u00f6dynt\u00e4mist\u00e4. H\u00e4nen erityisosaamisensa on teko\u00e4lyn k\u00e4ytt\u00f6 visualistin ty\u00f6kaluna.<\/span><\/span><\/p>\n<p><span data-contrast=\"none\" class=\"TextRun SCXO14403155 BCX8\" xml:lang=\"FI\" lang=\"FI\"><span class=\"NormalTextRun SCXO14403155 BCX8\"> Jarin intohimona on n\u00e4ytt\u00e4\u00e4, miten luovuus ja teknologia voivat yhdess\u00e4 synnytt\u00e4\u00e4 t\u00e4ysin uudenlaisia visuaalisia kokemuksia.<\/span><\/span><span class=\"EOP SCXO14403155 BCX8\">\u00a0<\/span><\/p>\n<p>[\/et_pb_text][\/et_pb_column][et_pb_column type=&#8221;1_2&#8243; _builder_version=&#8221;4.27.4&#8243; _module_preset=&#8221;default&#8221; global_colors_info=&#8221;{}&#8221; theme_builder_area=&#8221;post_content&#8221;][et_pb_image src=&#8221;https:\/\/blogi.eoppimispalvelut.fi\/lappiai\/files\/2025\/10\/Penttinen-Jari_2.png&#8221; alt=&#8221;Jari Penttinen&#8221; title_text=&#8221;Penttinen Jari_2&#8243; _builder_version=&#8221;4.27.4&#8243; _module_preset=&#8221;default&#8221; global_colors_info=&#8221;{}&#8221; theme_builder_area=&#8221;post_content&#8221;][\/et_pb_image][\/et_pb_column][\/et_pb_row][\/et_pb_section]<\/p>\n","protected":false},"excerpt":{"rendered":"<p>Opi luomaan kuvia ja videoita teko\u00e4lyll\u00e4 \u2013 Teko\u00e4lyk\u00e4st\u00e4-valmennus Lapin pk-yrityksille\u00a0 Teko\u00e4ly tarjoaa yrityksille uusia mahdollisuuksia arjen prosesseihin, markkinointiin, myyntiin ja asiakaspalveluun.\u00a0 Maanantaina 1.12.2025 Lapin AMKin Tornion kampuksella j\u00e4rjestettiin maksuton kolmen tunnin valmennustilaisuus, jossa osallistujat p\u00e4\u00e4siv\u00e4t luomaan kuvia ja videoita teko\u00e4lyty\u00f6kaluilla oman liiketoimintansa ja yrityksens\u00e4 tarpeisiin. Tilaisuuden j\u00e4rjesti Lapin teko\u00e4lykiihdytt\u00e4m\u00f6.Miksi osallistua? Saat k\u00e4yt\u00e4nn\u00f6nl\u00e4heisen johdannon kuvien ja [&hellip;]<\/p>\n","protected":false},"author":594,"featured_media":0,"parent":0,"menu_order":0,"comment_status":"closed","ping_status":"closed","template":"","meta":{"_acf_changed":false,"_et_pb_use_builder":"on","_et_pb_old_content":"","_et_gb_content_width":"","footnotes":""},"class_list":["post-779","page","type-page","status-publish","hentry"],"acf":[],"yoast_head":"<!-- This site is optimized with the Yoast SEO plugin v27.5 - https:\/\/yoast.com\/product\/yoast-seo-wordpress\/ -->\n<title>Teko\u00e4lyk\u00e4st\u00e4-valmennus 1.12.2025 - Tervetuloa tutustumaan Lapin teko\u00e4lykiihdytt\u00e4m\u00f6\u00f6n!<\/title>\n<meta name=\"robots\" content=\"index, follow, max-snippet:-1, max-image-preview:large, max-video-preview:-1\" \/>\n<link rel=\"canonical\" href=\"https:\/\/blogi.eoppimispalvelut.fi\/lappiai\/tekoalykasta-2-01122025\/\" \/>\n<meta property=\"og:locale\" content=\"fi_FI\" \/>\n<meta property=\"og:type\" content=\"article\" \/>\n<meta property=\"og:title\" content=\"Teko\u00e4lyk\u00e4st\u00e4-valmennus 1.12.2025 - Tervetuloa tutustumaan Lapin teko\u00e4lykiihdytt\u00e4m\u00f6\u00f6n!\" \/>\n<meta property=\"og:description\" content=\"Opi luomaan kuvia ja videoita teko\u00e4lyll\u00e4 \u2013 Teko\u00e4lyk\u00e4st\u00e4-valmennus Lapin pk-yrityksille\u00a0 Teko\u00e4ly tarjoaa yrityksille uusia mahdollisuuksia arjen prosesseihin, markkinointiin, myyntiin ja asiakaspalveluun.\u00a0 Maanantaina 1.12.2025 Lapin AMKin Tornion kampuksella j\u00e4rjestettiin maksuton kolmen tunnin valmennustilaisuus, jossa osallistujat p\u00e4\u00e4siv\u00e4t luomaan kuvia ja videoita teko\u00e4lyty\u00f6kaluilla oman liiketoimintansa ja yrityksens\u00e4 tarpeisiin. Tilaisuuden j\u00e4rjesti Lapin teko\u00e4lykiihdytt\u00e4m\u00f6.Miksi osallistua? Saat k\u00e4yt\u00e4nn\u00f6nl\u00e4heisen johdannon kuvien ja [&hellip;]\" \/>\n<meta property=\"og:url\" content=\"https:\/\/blogi.eoppimispalvelut.fi\/lappiai\/tekoalykasta-2-01122025\/\" \/>\n<meta property=\"og:site_name\" content=\"Tervetuloa tutustumaan Lapin teko\u00e4lykiihdytt\u00e4m\u00f6\u00f6n!\" \/>\n<meta property=\"article:modified_time\" content=\"2026-01-01T18:12:04+00:00\" \/>\n<meta name=\"twitter:card\" content=\"summary_large_image\" \/>\n<meta name=\"twitter:label1\" content=\"Est. reading time\" \/>\n\t<meta name=\"twitter:data1\" content=\"4 minuuttia\" \/>\n<script type=\"application\/ld+json\" class=\"yoast-schema-graph\">{\"@context\":\"https:\\\/\\\/schema.org\",\"@graph\":[{\"@type\":\"WebPage\",\"@id\":\"https:\\\/\\\/blogi.eoppimispalvelut.fi\\\/lappiai\\\/tekoalykasta-2-01122025\\\/\",\"url\":\"https:\\\/\\\/blogi.eoppimispalvelut.fi\\\/lappiai\\\/tekoalykasta-2-01122025\\\/\",\"name\":\"Teko\u00e4lyk\u00e4st\u00e4-valmennus 1.12.2025 - Tervetuloa tutustumaan Lapin teko\u00e4lykiihdytt\u00e4m\u00f6\u00f6n!\",\"isPartOf\":{\"@id\":\"https:\\\/\\\/blogi.eoppimispalvelut.fi\\\/lappiai\\\/#website\"},\"datePublished\":\"2026-01-01T18:10:24+00:00\",\"dateModified\":\"2026-01-01T18:12:04+00:00\",\"breadcrumb\":{\"@id\":\"https:\\\/\\\/blogi.eoppimispalvelut.fi\\\/lappiai\\\/tekoalykasta-2-01122025\\\/#breadcrumb\"},\"inLanguage\":\"fi\",\"potentialAction\":[{\"@type\":\"ReadAction\",\"target\":[\"https:\\\/\\\/blogi.eoppimispalvelut.fi\\\/lappiai\\\/tekoalykasta-2-01122025\\\/\"]}]},{\"@type\":\"BreadcrumbList\",\"@id\":\"https:\\\/\\\/blogi.eoppimispalvelut.fi\\\/lappiai\\\/tekoalykasta-2-01122025\\\/#breadcrumb\",\"itemListElement\":[{\"@type\":\"ListItem\",\"position\":1,\"name\":\"Home\",\"item\":\"https:\\\/\\\/blogi.eoppimispalvelut.fi\\\/lappiai\\\/\"},{\"@type\":\"ListItem\",\"position\":2,\"name\":\"Teko\u00e4lyk\u00e4st\u00e4-valmennus 1.12.2025\"}]},{\"@type\":\"WebSite\",\"@id\":\"https:\\\/\\\/blogi.eoppimispalvelut.fi\\\/lappiai\\\/#website\",\"url\":\"https:\\\/\\\/blogi.eoppimispalvelut.fi\\\/lappiai\\\/\",\"name\":\"Lapin teko\u00e4lykiihdytt\u00e4m\u00f6\",\"description\":\"Lapin teko\u00e4lykiihdytt\u00e4m\u00f6 tuo teko\u00e4lyn mahdollisuudet tutuiksi Lapin alueen PK-yrityksille. Se on on EU:n osarahoittama projekti.\",\"publisher\":{\"@id\":\"https:\\\/\\\/blogi.eoppimispalvelut.fi\\\/lappiai\\\/#organization\"},\"potentialAction\":[{\"@type\":\"SearchAction\",\"target\":{\"@type\":\"EntryPoint\",\"urlTemplate\":\"https:\\\/\\\/blogi.eoppimispalvelut.fi\\\/lappiai\\\/?s={search_term_string}\"},\"query-input\":{\"@type\":\"PropertyValueSpecification\",\"valueRequired\":true,\"valueName\":\"search_term_string\"}}],\"inLanguage\":\"fi\"},{\"@type\":\"Organization\",\"@id\":\"https:\\\/\\\/blogi.eoppimispalvelut.fi\\\/lappiai\\\/#organization\",\"name\":\"Lapin teko\u00e4lykiihdytt\u00e4m\u00f6\",\"alternateName\":\"Lapin AMK\",\"url\":\"https:\\\/\\\/blogi.eoppimispalvelut.fi\\\/lappiai\\\/\",\"logo\":{\"@type\":\"ImageObject\",\"inLanguage\":\"fi\",\"@id\":\"https:\\\/\\\/blogi.eoppimispalvelut.fi\\\/lappiai\\\/#\\\/schema\\\/logo\\\/image\\\/\",\"url\":\"https:\\\/\\\/blogi.eoppimispalvelut.fi\\\/lappiai\\\/files\\\/2024\\\/12\\\/Firefly-higlighting-artificial-intelligence-skills-and-knowledge-with-a-hint-of-arctic-wibe-36245.jpg\",\"contentUrl\":\"https:\\\/\\\/blogi.eoppimispalvelut.fi\\\/lappiai\\\/files\\\/2024\\\/12\\\/Firefly-higlighting-artificial-intelligence-skills-and-knowledge-with-a-hint-of-arctic-wibe-36245.jpg\",\"width\":2048,\"height\":2048,\"caption\":\"Lapin teko\u00e4lykiihdytt\u00e4m\u00f6\"},\"image\":{\"@id\":\"https:\\\/\\\/blogi.eoppimispalvelut.fi\\\/lappiai\\\/#\\\/schema\\\/logo\\\/image\\\/\"}}]}<\/script>\n<!-- \/ Yoast SEO plugin. -->","yoast_head_json":{"title":"Teko\u00e4lyk\u00e4st\u00e4-valmennus 1.12.2025 - Tervetuloa tutustumaan Lapin teko\u00e4lykiihdytt\u00e4m\u00f6\u00f6n!","robots":{"index":"index","follow":"follow","max-snippet":"max-snippet:-1","max-image-preview":"max-image-preview:large","max-video-preview":"max-video-preview:-1"},"canonical":"https:\/\/blogi.eoppimispalvelut.fi\/lappiai\/tekoalykasta-2-01122025\/","og_locale":"fi_FI","og_type":"article","og_title":"Teko\u00e4lyk\u00e4st\u00e4-valmennus 1.12.2025 - Tervetuloa tutustumaan Lapin teko\u00e4lykiihdytt\u00e4m\u00f6\u00f6n!","og_description":"Opi luomaan kuvia ja videoita teko\u00e4lyll\u00e4 \u2013 Teko\u00e4lyk\u00e4st\u00e4-valmennus Lapin pk-yrityksille\u00a0 Teko\u00e4ly tarjoaa yrityksille uusia mahdollisuuksia arjen prosesseihin, markkinointiin, myyntiin ja asiakaspalveluun.\u00a0 Maanantaina 1.12.2025 Lapin AMKin Tornion kampuksella j\u00e4rjestettiin maksuton kolmen tunnin valmennustilaisuus, jossa osallistujat p\u00e4\u00e4siv\u00e4t luomaan kuvia ja videoita teko\u00e4lyty\u00f6kaluilla oman liiketoimintansa ja yrityksens\u00e4 tarpeisiin. Tilaisuuden j\u00e4rjesti Lapin teko\u00e4lykiihdytt\u00e4m\u00f6.Miksi osallistua? Saat k\u00e4yt\u00e4nn\u00f6nl\u00e4heisen johdannon kuvien ja [&hellip;]","og_url":"https:\/\/blogi.eoppimispalvelut.fi\/lappiai\/tekoalykasta-2-01122025\/","og_site_name":"Tervetuloa tutustumaan Lapin teko\u00e4lykiihdytt\u00e4m\u00f6\u00f6n!","article_modified_time":"2026-01-01T18:12:04+00:00","twitter_card":"summary_large_image","twitter_misc":{"Est. reading time":"4 minuuttia"},"schema":{"@context":"https:\/\/schema.org","@graph":[{"@type":"WebPage","@id":"https:\/\/blogi.eoppimispalvelut.fi\/lappiai\/tekoalykasta-2-01122025\/","url":"https:\/\/blogi.eoppimispalvelut.fi\/lappiai\/tekoalykasta-2-01122025\/","name":"Teko\u00e4lyk\u00e4st\u00e4-valmennus 1.12.2025 - Tervetuloa tutustumaan Lapin teko\u00e4lykiihdytt\u00e4m\u00f6\u00f6n!","isPartOf":{"@id":"https:\/\/blogi.eoppimispalvelut.fi\/lappiai\/#website"},"datePublished":"2026-01-01T18:10:24+00:00","dateModified":"2026-01-01T18:12:04+00:00","breadcrumb":{"@id":"https:\/\/blogi.eoppimispalvelut.fi\/lappiai\/tekoalykasta-2-01122025\/#breadcrumb"},"inLanguage":"fi","potentialAction":[{"@type":"ReadAction","target":["https:\/\/blogi.eoppimispalvelut.fi\/lappiai\/tekoalykasta-2-01122025\/"]}]},{"@type":"BreadcrumbList","@id":"https:\/\/blogi.eoppimispalvelut.fi\/lappiai\/tekoalykasta-2-01122025\/#breadcrumb","itemListElement":[{"@type":"ListItem","position":1,"name":"Home","item":"https:\/\/blogi.eoppimispalvelut.fi\/lappiai\/"},{"@type":"ListItem","position":2,"name":"Teko\u00e4lyk\u00e4st\u00e4-valmennus 1.12.2025"}]},{"@type":"WebSite","@id":"https:\/\/blogi.eoppimispalvelut.fi\/lappiai\/#website","url":"https:\/\/blogi.eoppimispalvelut.fi\/lappiai\/","name":"Lapin teko\u00e4lykiihdytt\u00e4m\u00f6","description":"Lapin teko\u00e4lykiihdytt\u00e4m\u00f6 tuo teko\u00e4lyn mahdollisuudet tutuiksi Lapin alueen PK-yrityksille. Se on on EU:n osarahoittama projekti.","publisher":{"@id":"https:\/\/blogi.eoppimispalvelut.fi\/lappiai\/#organization"},"potentialAction":[{"@type":"SearchAction","target":{"@type":"EntryPoint","urlTemplate":"https:\/\/blogi.eoppimispalvelut.fi\/lappiai\/?s={search_term_string}"},"query-input":{"@type":"PropertyValueSpecification","valueRequired":true,"valueName":"search_term_string"}}],"inLanguage":"fi"},{"@type":"Organization","@id":"https:\/\/blogi.eoppimispalvelut.fi\/lappiai\/#organization","name":"Lapin teko\u00e4lykiihdytt\u00e4m\u00f6","alternateName":"Lapin AMK","url":"https:\/\/blogi.eoppimispalvelut.fi\/lappiai\/","logo":{"@type":"ImageObject","inLanguage":"fi","@id":"https:\/\/blogi.eoppimispalvelut.fi\/lappiai\/#\/schema\/logo\/image\/","url":"https:\/\/blogi.eoppimispalvelut.fi\/lappiai\/files\/2024\/12\/Firefly-higlighting-artificial-intelligence-skills-and-knowledge-with-a-hint-of-arctic-wibe-36245.jpg","contentUrl":"https:\/\/blogi.eoppimispalvelut.fi\/lappiai\/files\/2024\/12\/Firefly-higlighting-artificial-intelligence-skills-and-knowledge-with-a-hint-of-arctic-wibe-36245.jpg","width":2048,"height":2048,"caption":"Lapin teko\u00e4lykiihdytt\u00e4m\u00f6"},"image":{"@id":"https:\/\/blogi.eoppimispalvelut.fi\/lappiai\/#\/schema\/logo\/image\/"}}]}},"_links":{"self":[{"href":"https:\/\/blogi.eoppimispalvelut.fi\/lappiai\/wp-json\/wp\/v2\/pages\/779","targetHints":{"allow":["GET"]}}],"collection":[{"href":"https:\/\/blogi.eoppimispalvelut.fi\/lappiai\/wp-json\/wp\/v2\/pages"}],"about":[{"href":"https:\/\/blogi.eoppimispalvelut.fi\/lappiai\/wp-json\/wp\/v2\/types\/page"}],"author":[{"embeddable":true,"href":"https:\/\/blogi.eoppimispalvelut.fi\/lappiai\/wp-json\/wp\/v2\/users\/594"}],"replies":[{"embeddable":true,"href":"https:\/\/blogi.eoppimispalvelut.fi\/lappiai\/wp-json\/wp\/v2\/comments?post=779"}],"version-history":[{"count":3,"href":"https:\/\/blogi.eoppimispalvelut.fi\/lappiai\/wp-json\/wp\/v2\/pages\/779\/revisions"}],"predecessor-version":[{"id":783,"href":"https:\/\/blogi.eoppimispalvelut.fi\/lappiai\/wp-json\/wp\/v2\/pages\/779\/revisions\/783"}],"wp:attachment":[{"href":"https:\/\/blogi.eoppimispalvelut.fi\/lappiai\/wp-json\/wp\/v2\/media?parent=779"}],"curies":[{"name":"wp","href":"https:\/\/api.w.org\/{rel}","templated":true}]}}