{"id":787,"date":"2026-01-01T20:43:45","date_gmt":"2026-01-01T18:43:45","guid":{"rendered":"https:\/\/blogi.eoppimispalvelut.fi\/lappiai\/?page_id=787"},"modified":"2026-01-01T20:52:03","modified_gmt":"2026-01-01T18:52:03","slug":"ont1","status":"publish","type":"page","link":"https:\/\/blogi.eoppimispalvelut.fi\/lappiai\/ont1\/","title":{"rendered":"Opinn\u00e4ytety\u00f6: Kaarna ja Uomala"},"content":{"rendered":"<p>[et_pb_section fb_built=&#8221;1&#8243; theme_builder_area=&#8221;post_content&#8221; _builder_version=&#8221;4.27.4&#8243; _module_preset=&#8221;default&#8221;][et_pb_row _builder_version=&#8221;4.27.4&#8243; _module_preset=&#8221;default&#8221; theme_builder_area=&#8221;post_content&#8221;][et_pb_column _builder_version=&#8221;4.27.4&#8243; _module_preset=&#8221;default&#8221; type=&#8221;4_4&#8243; theme_builder_area=&#8221;post_content&#8221;][et_pb_text _builder_version=&#8221;4.27.4&#8243; _module_preset=&#8221;default&#8221; theme_builder_area=&#8221;post_content&#8221; hover_enabled=&#8221;0&#8243; sticky_enabled=&#8221;0&#8243;]<\/p>\n<p><strong>Teko\u00e4lyavusteinen web-kehitys ja ROI-laskuri<\/strong><\/p>\n<p>Opinn\u00e4ytety\u00f6\u00a0<strong>Teko\u00e4lyavusteinen web-kehitt\u00e4minen \u2013 Verkkosivuston luominen ChatGPT:n ja bolt.new\u2019n avulla<\/strong> on Santeri Uomalan ja Matias Kaarnan Lapin ammattikorkeakoulun tietojenk\u00e4sittelyn koulutuksen tradenomi (AMK) -ty\u00f6 vuodelta 2025. Ty\u00f6 tehtiin osana Lapin teko\u00e4lykiihdytt\u00e4m\u00f6 -hanketta.<\/p>\n<p><strong>Tavoitteet<\/strong><\/p>\n<p>Opinn\u00e4ytety\u00f6n keskeisen\u00e4 tavoitteena oli <strong>selvitt\u00e4\u00e4, miten teko\u00e4lyavusteiset ty\u00f6kalut voivat tukea ja mahdollisesti korvata perinteisi\u00e4 web-kehityksen menetelmi\u00e4<\/strong>. Tutkimuksessa haluttiin arvioida teko\u00e4lyn kyky\u00e4 automatisoida ja tehostaa web-kehitysprosessia.<\/p>\n<p><strong>V\u00e4lineet<\/strong><\/p>\n<p>Verkkosivuston luomiseen k\u00e4ytettiin kahta teko\u00e4lyty\u00f6kalua: OpenAI:n\u00a0<strong>ChatGPT:t\u00e4<\/strong>\u00a0ja StackBlitzin\u00a0<strong>bolt.new-ty\u00f6kalua<\/strong>. Ty\u00f6n toteutuksessa verkkosovellus luotiin t\u00e4ysin n\u00e4it\u00e4 ty\u00f6kaluja hy\u00f6dynt\u00e4en, ilman manuaalista ohjelmointia.<\/p>\n<p><strong>Prosessi<\/strong><\/p>\n<p>Tutkimus toteutettiin\u00a0<strong>konstruktiivisena kehitt\u00e4mistutkimuksena<\/strong>, jossa luotiin konkreettinen ratkaisu ja samalla tuotettiin uutta tietoa prosessista. Sovelluksen kehitysprosessi perustui\u00a0<strong>iteratiiviseen kehotteiden (promptien) muotoiluun<\/strong>\u00a0ja teko\u00e4lyn tuottamien vastausten jatkuvaan kehitt\u00e4miseen. Kehitysty\u00f6n vaiheet dokumentoitiin ja analysoitiin laadullisesti. ROI-laskurin kehitysprosessi eteni kahdeksan version l\u00e4pi, joiden aikana ratkaistiin teknisi\u00e4 ongelmia, kuten numeeriseksi m\u00e4\u00e4ritellyn tekstikent\u00e4n korjaaminen ja sis\u00e4iset virheilmoitukset, sek\u00e4 parannettiin toiminnallisuuksia, kuten useiden teht\u00e4vien yhdistelm\u00e4laskennan tukeminen. Keskeiseksi havainnoksi kehitysprosessissa nousi\u00a0<strong>promptaamisen merkitys<\/strong>: teko\u00e4lyn onnistunut hy\u00f6dynt\u00e4minen vaatii selke\u00e4\u00e4 viestint\u00e4\u00e4 ja ymm\u00e4rryst\u00e4 kehityksen perusteista.<\/p>\n<p><strong>Tulokset<\/strong><\/p>\n<p>Opinn\u00e4ytety\u00f6n tuloksena syntyi\u00a0<strong>toimiva ROI-laskuri<\/strong>\u00a0(Return on Investment). T\u00e4m\u00e4 verkkosovellus julkaistiin, ja sit\u00e4 voidaan hy\u00f6dynt\u00e4\u00e4 asiakasty\u00f6ss\u00e4 automaatiopalvelujen kustannustehokkuuden todentamiseen. Tulokset osoittivat, ett\u00e4\u00a0<strong>pienimuotoiset verkkosivustot voidaan toteuttaa nopeasti ja kustannustehokkaasti teko\u00e4lyty\u00f6kalujen avulla<\/strong>. Koko toimiva sovellus pystyttiin toteuttamaan jopa alle 40 minuutissa. Onnistuminen kuitenkin edellytt\u00e4\u00e4, ett\u00e4 k\u00e4ytt\u00e4j\u00e4ll\u00e4 on riitt\u00e4v\u00e4 ymm\u00e4rrys web-kehityksen perusteista ja hyv\u00e4 kehotteiden hallinta.<\/p>\n<p>&nbsp;<\/p>\n<p><strong>Linkki Theseukseen<\/strong>: <a href=\"https:\/\/urn.fi\/URN:NBN:fi:amk-2025051311327\" target=\"_blank\" rel=\"noopener\">https:\/\/urn.fi\/URN:NBN:fi:amk-2025051311327<\/a><\/p>\n<p>&nbsp;<\/p>\n<p>[\/et_pb_text][\/et_pb_column][\/et_pb_row][\/et_pb_section]<\/p>\n","protected":false},"excerpt":{"rendered":"<p>Teko\u00e4lyavusteinen web-kehitys ja ROI-laskuri Opinn\u00e4ytety\u00f6\u00a0Teko\u00e4lyavusteinen web-kehitt\u00e4minen \u2013 Verkkosivuston luominen ChatGPT:n ja bolt.new\u2019n avulla on Santeri Uomalan ja Matias Kaarnan Lapin ammattikorkeakoulun tietojenk\u00e4sittelyn koulutuksen tradenomi (AMK) -ty\u00f6 vuodelta 2025. Ty\u00f6 tehtiin osana Lapin teko\u00e4lykiihdytt\u00e4m\u00f6 -hanketta. Tavoitteet Opinn\u00e4ytety\u00f6n keskeisen\u00e4 tavoitteena oli selvitt\u00e4\u00e4, miten teko\u00e4lyavusteiset ty\u00f6kalut voivat tukea ja mahdollisesti korvata perinteisi\u00e4 web-kehityksen menetelmi\u00e4. Tutkimuksessa haluttiin arvioida teko\u00e4lyn [&hellip;]<\/p>\n","protected":false},"author":594,"featured_media":0,"parent":0,"menu_order":0,"comment_status":"closed","ping_status":"closed","template":"","meta":{"_acf_changed":false,"_et_pb_use_builder":"on","_et_pb_old_content":"","_et_gb_content_width":"","footnotes":""},"class_list":["post-787","page","type-page","status-publish","hentry"],"acf":[],"yoast_head":"<!-- This site is optimized with the Yoast SEO plugin v27.5 - https:\/\/yoast.com\/product\/yoast-seo-wordpress\/ -->\n<title>Opinn\u00e4ytety\u00f6: Kaarna ja Uomala - Tervetuloa tutustumaan Lapin teko\u00e4lykiihdytt\u00e4m\u00f6\u00f6n!<\/title>\n<meta name=\"robots\" content=\"index, follow, max-snippet:-1, max-image-preview:large, max-video-preview:-1\" \/>\n<link rel=\"canonical\" href=\"https:\/\/blogi.eoppimispalvelut.fi\/lappiai\/ont1\/\" \/>\n<meta property=\"og:locale\" content=\"fi_FI\" \/>\n<meta property=\"og:type\" content=\"article\" \/>\n<meta property=\"og:title\" content=\"Opinn\u00e4ytety\u00f6: Kaarna ja Uomala - Tervetuloa tutustumaan Lapin teko\u00e4lykiihdytt\u00e4m\u00f6\u00f6n!\" \/>\n<meta property=\"og:description\" content=\"Teko\u00e4lyavusteinen web-kehitys ja ROI-laskuri Opinn\u00e4ytety\u00f6\u00a0Teko\u00e4lyavusteinen web-kehitt\u00e4minen \u2013 Verkkosivuston luominen ChatGPT:n ja bolt.new\u2019n avulla on Santeri Uomalan ja Matias Kaarnan Lapin ammattikorkeakoulun tietojenk\u00e4sittelyn koulutuksen tradenomi (AMK) -ty\u00f6 vuodelta 2025. Ty\u00f6 tehtiin osana Lapin teko\u00e4lykiihdytt\u00e4m\u00f6 -hanketta. Tavoitteet Opinn\u00e4ytety\u00f6n keskeisen\u00e4 tavoitteena oli selvitt\u00e4\u00e4, miten teko\u00e4lyavusteiset ty\u00f6kalut voivat tukea ja mahdollisesti korvata perinteisi\u00e4 web-kehityksen menetelmi\u00e4. Tutkimuksessa haluttiin arvioida teko\u00e4lyn [&hellip;]\" \/>\n<meta property=\"og:url\" content=\"https:\/\/blogi.eoppimispalvelut.fi\/lappiai\/ont1\/\" \/>\n<meta property=\"og:site_name\" content=\"Tervetuloa tutustumaan Lapin teko\u00e4lykiihdytt\u00e4m\u00f6\u00f6n!\" \/>\n<meta property=\"article:modified_time\" content=\"2026-01-01T18:52:03+00:00\" \/>\n<meta name=\"twitter:card\" content=\"summary_large_image\" \/>\n<meta name=\"twitter:label1\" content=\"Est. reading time\" \/>\n\t<meta name=\"twitter:data1\" content=\"2 minuuttia\" \/>\n<script type=\"application\/ld+json\" class=\"yoast-schema-graph\">{\"@context\":\"https:\\\/\\\/schema.org\",\"@graph\":[{\"@type\":\"WebPage\",\"@id\":\"https:\\\/\\\/blogi.eoppimispalvelut.fi\\\/lappiai\\\/ont1\\\/\",\"url\":\"https:\\\/\\\/blogi.eoppimispalvelut.fi\\\/lappiai\\\/ont1\\\/\",\"name\":\"Opinn\u00e4ytety\u00f6: Kaarna ja Uomala - Tervetuloa tutustumaan Lapin teko\u00e4lykiihdytt\u00e4m\u00f6\u00f6n!\",\"isPartOf\":{\"@id\":\"https:\\\/\\\/blogi.eoppimispalvelut.fi\\\/lappiai\\\/#website\"},\"datePublished\":\"2026-01-01T18:43:45+00:00\",\"dateModified\":\"2026-01-01T18:52:03+00:00\",\"breadcrumb\":{\"@id\":\"https:\\\/\\\/blogi.eoppimispalvelut.fi\\\/lappiai\\\/ont1\\\/#breadcrumb\"},\"inLanguage\":\"fi\",\"potentialAction\":[{\"@type\":\"ReadAction\",\"target\":[\"https:\\\/\\\/blogi.eoppimispalvelut.fi\\\/lappiai\\\/ont1\\\/\"]}]},{\"@type\":\"BreadcrumbList\",\"@id\":\"https:\\\/\\\/blogi.eoppimispalvelut.fi\\\/lappiai\\\/ont1\\\/#breadcrumb\",\"itemListElement\":[{\"@type\":\"ListItem\",\"position\":1,\"name\":\"Home\",\"item\":\"https:\\\/\\\/blogi.eoppimispalvelut.fi\\\/lappiai\\\/\"},{\"@type\":\"ListItem\",\"position\":2,\"name\":\"Opinn\u00e4ytety\u00f6: Kaarna ja Uomala\"}]},{\"@type\":\"WebSite\",\"@id\":\"https:\\\/\\\/blogi.eoppimispalvelut.fi\\\/lappiai\\\/#website\",\"url\":\"https:\\\/\\\/blogi.eoppimispalvelut.fi\\\/lappiai\\\/\",\"name\":\"Lapin teko\u00e4lykiihdytt\u00e4m\u00f6\",\"description\":\"Lapin teko\u00e4lykiihdytt\u00e4m\u00f6 tuo teko\u00e4lyn mahdollisuudet tutuiksi Lapin alueen PK-yrityksille. Se on on EU:n osarahoittama projekti.\",\"publisher\":{\"@id\":\"https:\\\/\\\/blogi.eoppimispalvelut.fi\\\/lappiai\\\/#organization\"},\"potentialAction\":[{\"@type\":\"SearchAction\",\"target\":{\"@type\":\"EntryPoint\",\"urlTemplate\":\"https:\\\/\\\/blogi.eoppimispalvelut.fi\\\/lappiai\\\/?s={search_term_string}\"},\"query-input\":{\"@type\":\"PropertyValueSpecification\",\"valueRequired\":true,\"valueName\":\"search_term_string\"}}],\"inLanguage\":\"fi\"},{\"@type\":\"Organization\",\"@id\":\"https:\\\/\\\/blogi.eoppimispalvelut.fi\\\/lappiai\\\/#organization\",\"name\":\"Lapin teko\u00e4lykiihdytt\u00e4m\u00f6\",\"alternateName\":\"Lapin AMK\",\"url\":\"https:\\\/\\\/blogi.eoppimispalvelut.fi\\\/lappiai\\\/\",\"logo\":{\"@type\":\"ImageObject\",\"inLanguage\":\"fi\",\"@id\":\"https:\\\/\\\/blogi.eoppimispalvelut.fi\\\/lappiai\\\/#\\\/schema\\\/logo\\\/image\\\/\",\"url\":\"https:\\\/\\\/blogi.eoppimispalvelut.fi\\\/lappiai\\\/files\\\/2024\\\/12\\\/Firefly-higlighting-artificial-intelligence-skills-and-knowledge-with-a-hint-of-arctic-wibe-36245.jpg\",\"contentUrl\":\"https:\\\/\\\/blogi.eoppimispalvelut.fi\\\/lappiai\\\/files\\\/2024\\\/12\\\/Firefly-higlighting-artificial-intelligence-skills-and-knowledge-with-a-hint-of-arctic-wibe-36245.jpg\",\"width\":2048,\"height\":2048,\"caption\":\"Lapin teko\u00e4lykiihdytt\u00e4m\u00f6\"},\"image\":{\"@id\":\"https:\\\/\\\/blogi.eoppimispalvelut.fi\\\/lappiai\\\/#\\\/schema\\\/logo\\\/image\\\/\"}}]}<\/script>\n<!-- \/ Yoast SEO plugin. -->","yoast_head_json":{"title":"Opinn\u00e4ytety\u00f6: Kaarna ja Uomala - Tervetuloa tutustumaan Lapin teko\u00e4lykiihdytt\u00e4m\u00f6\u00f6n!","robots":{"index":"index","follow":"follow","max-snippet":"max-snippet:-1","max-image-preview":"max-image-preview:large","max-video-preview":"max-video-preview:-1"},"canonical":"https:\/\/blogi.eoppimispalvelut.fi\/lappiai\/ont1\/","og_locale":"fi_FI","og_type":"article","og_title":"Opinn\u00e4ytety\u00f6: Kaarna ja Uomala - Tervetuloa tutustumaan Lapin teko\u00e4lykiihdytt\u00e4m\u00f6\u00f6n!","og_description":"Teko\u00e4lyavusteinen web-kehitys ja ROI-laskuri Opinn\u00e4ytety\u00f6\u00a0Teko\u00e4lyavusteinen web-kehitt\u00e4minen \u2013 Verkkosivuston luominen ChatGPT:n ja bolt.new\u2019n avulla on Santeri Uomalan ja Matias Kaarnan Lapin ammattikorkeakoulun tietojenk\u00e4sittelyn koulutuksen tradenomi (AMK) -ty\u00f6 vuodelta 2025. Ty\u00f6 tehtiin osana Lapin teko\u00e4lykiihdytt\u00e4m\u00f6 -hanketta. Tavoitteet Opinn\u00e4ytety\u00f6n keskeisen\u00e4 tavoitteena oli selvitt\u00e4\u00e4, miten teko\u00e4lyavusteiset ty\u00f6kalut voivat tukea ja mahdollisesti korvata perinteisi\u00e4 web-kehityksen menetelmi\u00e4. Tutkimuksessa haluttiin arvioida teko\u00e4lyn [&hellip;]","og_url":"https:\/\/blogi.eoppimispalvelut.fi\/lappiai\/ont1\/","og_site_name":"Tervetuloa tutustumaan Lapin teko\u00e4lykiihdytt\u00e4m\u00f6\u00f6n!","article_modified_time":"2026-01-01T18:52:03+00:00","twitter_card":"summary_large_image","twitter_misc":{"Est. reading time":"2 minuuttia"},"schema":{"@context":"https:\/\/schema.org","@graph":[{"@type":"WebPage","@id":"https:\/\/blogi.eoppimispalvelut.fi\/lappiai\/ont1\/","url":"https:\/\/blogi.eoppimispalvelut.fi\/lappiai\/ont1\/","name":"Opinn\u00e4ytety\u00f6: Kaarna ja Uomala - Tervetuloa tutustumaan Lapin teko\u00e4lykiihdytt\u00e4m\u00f6\u00f6n!","isPartOf":{"@id":"https:\/\/blogi.eoppimispalvelut.fi\/lappiai\/#website"},"datePublished":"2026-01-01T18:43:45+00:00","dateModified":"2026-01-01T18:52:03+00:00","breadcrumb":{"@id":"https:\/\/blogi.eoppimispalvelut.fi\/lappiai\/ont1\/#breadcrumb"},"inLanguage":"fi","potentialAction":[{"@type":"ReadAction","target":["https:\/\/blogi.eoppimispalvelut.fi\/lappiai\/ont1\/"]}]},{"@type":"BreadcrumbList","@id":"https:\/\/blogi.eoppimispalvelut.fi\/lappiai\/ont1\/#breadcrumb","itemListElement":[{"@type":"ListItem","position":1,"name":"Home","item":"https:\/\/blogi.eoppimispalvelut.fi\/lappiai\/"},{"@type":"ListItem","position":2,"name":"Opinn\u00e4ytety\u00f6: Kaarna ja Uomala"}]},{"@type":"WebSite","@id":"https:\/\/blogi.eoppimispalvelut.fi\/lappiai\/#website","url":"https:\/\/blogi.eoppimispalvelut.fi\/lappiai\/","name":"Lapin teko\u00e4lykiihdytt\u00e4m\u00f6","description":"Lapin teko\u00e4lykiihdytt\u00e4m\u00f6 tuo teko\u00e4lyn mahdollisuudet tutuiksi Lapin alueen PK-yrityksille. Se on on EU:n osarahoittama projekti.","publisher":{"@id":"https:\/\/blogi.eoppimispalvelut.fi\/lappiai\/#organization"},"potentialAction":[{"@type":"SearchAction","target":{"@type":"EntryPoint","urlTemplate":"https:\/\/blogi.eoppimispalvelut.fi\/lappiai\/?s={search_term_string}"},"query-input":{"@type":"PropertyValueSpecification","valueRequired":true,"valueName":"search_term_string"}}],"inLanguage":"fi"},{"@type":"Organization","@id":"https:\/\/blogi.eoppimispalvelut.fi\/lappiai\/#organization","name":"Lapin teko\u00e4lykiihdytt\u00e4m\u00f6","alternateName":"Lapin AMK","url":"https:\/\/blogi.eoppimispalvelut.fi\/lappiai\/","logo":{"@type":"ImageObject","inLanguage":"fi","@id":"https:\/\/blogi.eoppimispalvelut.fi\/lappiai\/#\/schema\/logo\/image\/","url":"https:\/\/blogi.eoppimispalvelut.fi\/lappiai\/files\/2024\/12\/Firefly-higlighting-artificial-intelligence-skills-and-knowledge-with-a-hint-of-arctic-wibe-36245.jpg","contentUrl":"https:\/\/blogi.eoppimispalvelut.fi\/lappiai\/files\/2024\/12\/Firefly-higlighting-artificial-intelligence-skills-and-knowledge-with-a-hint-of-arctic-wibe-36245.jpg","width":2048,"height":2048,"caption":"Lapin teko\u00e4lykiihdytt\u00e4m\u00f6"},"image":{"@id":"https:\/\/blogi.eoppimispalvelut.fi\/lappiai\/#\/schema\/logo\/image\/"}}]}},"_links":{"self":[{"href":"https:\/\/blogi.eoppimispalvelut.fi\/lappiai\/wp-json\/wp\/v2\/pages\/787","targetHints":{"allow":["GET"]}}],"collection":[{"href":"https:\/\/blogi.eoppimispalvelut.fi\/lappiai\/wp-json\/wp\/v2\/pages"}],"about":[{"href":"https:\/\/blogi.eoppimispalvelut.fi\/lappiai\/wp-json\/wp\/v2\/types\/page"}],"author":[{"embeddable":true,"href":"https:\/\/blogi.eoppimispalvelut.fi\/lappiai\/wp-json\/wp\/v2\/users\/594"}],"replies":[{"embeddable":true,"href":"https:\/\/blogi.eoppimispalvelut.fi\/lappiai\/wp-json\/wp\/v2\/comments?post=787"}],"version-history":[{"count":4,"href":"https:\/\/blogi.eoppimispalvelut.fi\/lappiai\/wp-json\/wp\/v2\/pages\/787\/revisions"}],"predecessor-version":[{"id":803,"href":"https:\/\/blogi.eoppimispalvelut.fi\/lappiai\/wp-json\/wp\/v2\/pages\/787\/revisions\/803"}],"wp:attachment":[{"href":"https:\/\/blogi.eoppimispalvelut.fi\/lappiai\/wp-json\/wp\/v2\/media?parent=787"}],"curies":[{"name":"wp","href":"https:\/\/api.w.org\/{rel}","templated":true}]}}