{"id":789,"date":"2026-01-01T20:41:32","date_gmt":"2026-01-01T18:41:32","guid":{"rendered":"https:\/\/blogi.eoppimispalvelut.fi\/lappiai\/?page_id=789"},"modified":"2026-01-01T20:52:15","modified_gmt":"2026-01-01T18:52:15","slug":"ont2","status":"publish","type":"page","link":"https:\/\/blogi.eoppimispalvelut.fi\/lappiai\/ont2\/","title":{"rendered":"Opinn\u00e4ytety\u00f6: Kouvala ja Kupari"},"content":{"rendered":"<p>[et_pb_section fb_built=&#8221;1&#8243; theme_builder_area=&#8221;post_content&#8221; _builder_version=&#8221;4.27.4&#8243; _module_preset=&#8221;default&#8221;][et_pb_row _builder_version=&#8221;4.27.4&#8243; _module_preset=&#8221;default&#8221; theme_builder_area=&#8221;post_content&#8221;][et_pb_column _builder_version=&#8221;4.27.4&#8243; _module_preset=&#8221;default&#8221; type=&#8221;4_4&#8243; theme_builder_area=&#8221;post_content&#8221;][et_pb_text _builder_version=&#8221;4.27.4&#8243; _module_preset=&#8221;default&#8221; theme_builder_area=&#8221;post_content&#8221; hover_enabled=&#8221;0&#8243; sticky_enabled=&#8221;0&#8243;]<\/p>\n<p><strong>Teko\u00e4ly mobiilisovelluksen kehityksess\u00e4<\/strong><\/p>\n<p>Opinn\u00e4ytety\u00f6\u00a0<strong>Teko\u00e4lyn hy\u00f6dynt\u00e4minen mobiilisovelluksen kehitt\u00e4misess\u00e4<\/strong> on Sallamari Kouvalan ja Marja Kuparin Lapin ammattikorkeakoulun tietojenk\u00e4sittelyn koulutuksen tradenomi (AMK) -ty\u00f6 vuodelta 2025. Ty\u00f6 tehtiin osana Lapin teko\u00e4lykiihdytt\u00e4m\u00f6 -hanketta.<\/p>\n<p><strong>Tavoitteet<\/strong><\/p>\n<p>Opinn\u00e4ytety\u00f6n p\u00e4\u00e4tavoitteena oli selvitt\u00e4\u00e4, miten teko\u00e4lyavusteiset ty\u00f6kalut voivat tukea mobiilisovelluksen kehityst\u00e4 sek\u00e4 millaisia mahdollisuuksia ja haasteita niiden k\u00e4ytt\u00f6\u00f6n liittyy. Ty\u00f6ss\u00e4 tutkittiin my\u00f6s\u00a0<strong>promptien merkityst\u00e4<\/strong>\u00a0kehitysprosessissa\u00a0ja arvioitiin ilmaisten teko\u00e4lyratkaisujen soveltuvuutta mobiiliohjelmointiin. Tavoitteena oli antaa kokonaiskuva teko\u00e4lyn roolista mobiilisovelluksen ideoinnissa, ohjelmoinnissa ja testauksessa.<\/p>\n<p><strong>V\u00e4lineet<\/strong><\/p>\n<p>Sovelluksen kehitysty\u00f6ss\u00e4 hy\u00f6dynnettiin vain teko\u00e4lyavusteisia ty\u00f6kaluja ilman manuaalista ohjelmointia. K\u00e4ytetyt ilmaiset teko\u00e4lysovellukset olivat\u00a0<strong>OpenAI:n ChatGPT<\/strong>,\u00a0<strong>Googlen Gemini<\/strong>\u00a0ja\u00a0<strong>Microsoftin Copilot<\/strong>. Mobiilisovellus kehitettiin\u00a0<strong>Android Studio<\/strong>\u00a0-ohjelmalla\u00a0k\u00e4ytt\u00e4en\u00a0<strong>Kotlin<\/strong>-ohjelmointikielt\u00e4 logiikan toteutukseen ja\u00a0<strong>XML<\/strong>-tiedostoja k\u00e4ytt\u00f6liittym\u00e4n rakentamiseen.<\/p>\n<p><strong>Prosessi<\/strong><\/p>\n<p>Tutkimus toteutettiin laadullisella ja k\u00e4yt\u00e4nn\u00f6nl\u00e4heisell\u00e4 otteella, jossa aineisto ker\u00e4ttiin\u00a0<strong>oppimisp\u00e4iv\u00e4kirjamuotoisesti<\/strong>. Ty\u00f6ss\u00e4 seurattiin mobiilisovelluksen kehitt\u00e4misen vaiheita: ideointi, suunnittelu, toteutus ja testaus. Prosessin lopputuloksena toteutettiin yksinkertainen mobiilisovellus,\u00a0<strong>valuuttamuunnin<\/strong>.<\/p>\n<p>Toteutus aloitettiin sovellusidean suunnittelulla ja promptien testaamisella, siirtyen sitten k\u00e4ytt\u00f6liittym\u00e4n rakentamiseen XML:ll\u00e4 teko\u00e4lyavusteisesti. T\u00e4m\u00e4n j\u00e4lkeen k\u00e4ytt\u00f6liittym\u00e4n logiikka toteutettiin Kotlin-koodilla, ensin kovakoodatuin ratkaisuin ja my\u00f6hemmin siirtyen ulkoisia API-yhteyksi\u00e4 hy\u00f6dynt\u00e4viin toiminnallisuuksiin.<\/p>\n<p><strong>Tulokset<\/strong><\/p>\n<p>Tulokset osoittivat, ett\u00e4 teko\u00e4ly\u00a0<strong>nopeutti sovelluksen rakentamista merkitt\u00e4v\u00e4sti<\/strong>\u00a0tarjoamalla valmiita koodipohjia, selkeit\u00e4 esimerkkej\u00e4 ja ratkaisuja ongelmatilanteisiin. Teko\u00e4ly auttoi my\u00f6s ymm\u00e4rt\u00e4m\u00e4\u00e4n mobiilisovelluksen tiedostorakennetta ja ohjelmointikielen k\u00e4ytt\u00f6\u00e4, tehden siit\u00e4 arvokkaan ty\u00f6kalun osaamisen kehitt\u00e4misess\u00e4. Vaikka koodia jouduttiin muokkaamaan, teko\u00e4ly v\u00e4hensi toistuvan peruskoodin kirjoittamista.<\/p>\n<p>Havainnot vahvistavat k\u00e4sityst\u00e4 siit\u00e4, ett\u00e4 teko\u00e4ly on\u00a0<strong>k\u00e4yt\u00e4nn\u00f6nl\u00e4heinen ja helposti l\u00e4hestytt\u00e4v\u00e4 apuv\u00e4line<\/strong>, joka soveltuu hyvin erityisesti opiskelijoille ja aloitteleville kehitt\u00e4jille. Teko\u00e4ly on taitava tuottamaan laadukasta koodia ja ymm\u00e4rt\u00e4\u00e4 Android Studion tiedostorakenteen. Kuitenkin havaittiin, ett\u00e4 API-yhteyksien kaltaiset monimutkaisemmat kokonaisuudet vaativat enemm\u00e4n iterointia ja koodaajalta vahvempaa omaa osaamista kuin kovakoodatut ratkaisut. Opinn\u00e4ytety\u00f6 korostaa, ett\u00e4 teko\u00e4ly toimii sovelluskehityksen tukena, mutta\u00a0<strong>lopullinen vastuu sovelluksen toiminnasta ja julkaisemisesta on aina tekij\u00e4ll\u00e4<\/strong>.<\/p>\n<p><strong>Linkki Theseukseen<\/strong>: <a href=\"https:\/\/urn.fi\/URN:NBN:fi:amk-2025101726145\" target=\"_blank\" rel=\"noopener\">https:\/\/urn.fi\/URN:NBN:fi:amk-2025101726145<\/a><\/p>\n<p>&nbsp;<\/p>\n<p>[\/et_pb_text][\/et_pb_column][\/et_pb_row][\/et_pb_section]<\/p>\n","protected":false},"excerpt":{"rendered":"<p>Teko\u00e4ly mobiilisovelluksen kehityksess\u00e4 Opinn\u00e4ytety\u00f6\u00a0Teko\u00e4lyn hy\u00f6dynt\u00e4minen mobiilisovelluksen kehitt\u00e4misess\u00e4 on Sallamari Kouvalan ja Marja Kuparin Lapin ammattikorkeakoulun tietojenk\u00e4sittelyn koulutuksen tradenomi (AMK) -ty\u00f6 vuodelta 2025. Ty\u00f6 tehtiin osana Lapin teko\u00e4lykiihdytt\u00e4m\u00f6 -hanketta. Tavoitteet Opinn\u00e4ytety\u00f6n p\u00e4\u00e4tavoitteena oli selvitt\u00e4\u00e4, miten teko\u00e4lyavusteiset ty\u00f6kalut voivat tukea mobiilisovelluksen kehityst\u00e4 sek\u00e4 millaisia mahdollisuuksia ja haasteita niiden k\u00e4ytt\u00f6\u00f6n liittyy. Ty\u00f6ss\u00e4 tutkittiin my\u00f6s\u00a0promptien merkityst\u00e4\u00a0kehitysprosessissa\u00a0ja arvioitiin ilmaisten teko\u00e4lyratkaisujen [&hellip;]<\/p>\n","protected":false},"author":594,"featured_media":0,"parent":0,"menu_order":0,"comment_status":"closed","ping_status":"closed","template":"","meta":{"_acf_changed":false,"_et_pb_use_builder":"on","_et_pb_old_content":"","_et_gb_content_width":"","footnotes":""},"class_list":["post-789","page","type-page","status-publish","hentry"],"acf":[],"yoast_head":"<!-- This site is optimized with the Yoast SEO plugin v27.1.1 - https:\/\/yoast.com\/product\/yoast-seo-wordpress\/ -->\n<title>Opinn\u00e4ytety\u00f6: Kouvala ja Kupari - Tervetuloa tutustumaan Lapin teko\u00e4lykiihdytt\u00e4m\u00f6\u00f6n!<\/title>\n<meta name=\"robots\" content=\"index, follow, max-snippet:-1, max-image-preview:large, max-video-preview:-1\" \/>\n<link rel=\"canonical\" href=\"https:\/\/blogi.eoppimispalvelut.fi\/lappiai\/ont2\/\" \/>\n<meta property=\"og:locale\" content=\"fi_FI\" \/>\n<meta property=\"og:type\" content=\"article\" \/>\n<meta property=\"og:title\" content=\"Opinn\u00e4ytety\u00f6: Kouvala ja Kupari - Tervetuloa tutustumaan Lapin teko\u00e4lykiihdytt\u00e4m\u00f6\u00f6n!\" \/>\n<meta property=\"og:description\" content=\"Teko\u00e4ly mobiilisovelluksen kehityksess\u00e4 Opinn\u00e4ytety\u00f6\u00a0Teko\u00e4lyn hy\u00f6dynt\u00e4minen mobiilisovelluksen kehitt\u00e4misess\u00e4 on Sallamari Kouvalan ja Marja Kuparin Lapin ammattikorkeakoulun tietojenk\u00e4sittelyn koulutuksen tradenomi (AMK) -ty\u00f6 vuodelta 2025. Ty\u00f6 tehtiin osana Lapin teko\u00e4lykiihdytt\u00e4m\u00f6 -hanketta. Tavoitteet Opinn\u00e4ytety\u00f6n p\u00e4\u00e4tavoitteena oli selvitt\u00e4\u00e4, miten teko\u00e4lyavusteiset ty\u00f6kalut voivat tukea mobiilisovelluksen kehityst\u00e4 sek\u00e4 millaisia mahdollisuuksia ja haasteita niiden k\u00e4ytt\u00f6\u00f6n liittyy. Ty\u00f6ss\u00e4 tutkittiin my\u00f6s\u00a0promptien merkityst\u00e4\u00a0kehitysprosessissa\u00a0ja arvioitiin ilmaisten teko\u00e4lyratkaisujen [&hellip;]\" \/>\n<meta property=\"og:url\" content=\"https:\/\/blogi.eoppimispalvelut.fi\/lappiai\/ont2\/\" \/>\n<meta property=\"og:site_name\" content=\"Tervetuloa tutustumaan Lapin teko\u00e4lykiihdytt\u00e4m\u00f6\u00f6n!\" \/>\n<meta property=\"article:modified_time\" content=\"2026-01-01T18:52:15+00:00\" \/>\n<meta name=\"twitter:card\" content=\"summary_large_image\" \/>\n<meta name=\"twitter:label1\" content=\"Est. reading time\" \/>\n\t<meta name=\"twitter:data1\" content=\"2 minuuttia\" \/>\n<script type=\"application\/ld+json\" class=\"yoast-schema-graph\">{\"@context\":\"https:\/\/schema.org\",\"@graph\":[{\"@type\":\"WebPage\",\"@id\":\"https:\/\/blogi.eoppimispalvelut.fi\/lappiai\/ont2\/\",\"url\":\"https:\/\/blogi.eoppimispalvelut.fi\/lappiai\/ont2\/\",\"name\":\"Opinn\u00e4ytety\u00f6: Kouvala ja Kupari - Tervetuloa tutustumaan Lapin teko\u00e4lykiihdytt\u00e4m\u00f6\u00f6n!\",\"isPartOf\":{\"@id\":\"https:\/\/blogi.eoppimispalvelut.fi\/lappiai\/#website\"},\"datePublished\":\"2026-01-01T18:41:32+00:00\",\"dateModified\":\"2026-01-01T18:52:15+00:00\",\"breadcrumb\":{\"@id\":\"https:\/\/blogi.eoppimispalvelut.fi\/lappiai\/ont2\/#breadcrumb\"},\"inLanguage\":\"fi\",\"potentialAction\":[{\"@type\":\"ReadAction\",\"target\":[\"https:\/\/blogi.eoppimispalvelut.fi\/lappiai\/ont2\/\"]}]},{\"@type\":\"BreadcrumbList\",\"@id\":\"https:\/\/blogi.eoppimispalvelut.fi\/lappiai\/ont2\/#breadcrumb\",\"itemListElement\":[{\"@type\":\"ListItem\",\"position\":1,\"name\":\"Home\",\"item\":\"https:\/\/blogi.eoppimispalvelut.fi\/lappiai\/\"},{\"@type\":\"ListItem\",\"position\":2,\"name\":\"Opinn\u00e4ytety\u00f6: Kouvala ja Kupari\"}]},{\"@type\":\"WebSite\",\"@id\":\"https:\/\/blogi.eoppimispalvelut.fi\/lappiai\/#website\",\"url\":\"https:\/\/blogi.eoppimispalvelut.fi\/lappiai\/\",\"name\":\"Lapin teko\u00e4lykiihdytt\u00e4m\u00f6\",\"description\":\"Lapin teko\u00e4lykiihdytt\u00e4m\u00f6 tuo teko\u00e4lyn mahdollisuudet tutuiksi Lapin alueen PK-yrityksille. Se on on EU:n osarahoittama projekti.\",\"publisher\":{\"@id\":\"https:\/\/blogi.eoppimispalvelut.fi\/lappiai\/#organization\"},\"potentialAction\":[{\"@type\":\"SearchAction\",\"target\":{\"@type\":\"EntryPoint\",\"urlTemplate\":\"https:\/\/blogi.eoppimispalvelut.fi\/lappiai\/?s={search_term_string}\"},\"query-input\":{\"@type\":\"PropertyValueSpecification\",\"valueRequired\":true,\"valueName\":\"search_term_string\"}}],\"inLanguage\":\"fi\"},{\"@type\":\"Organization\",\"@id\":\"https:\/\/blogi.eoppimispalvelut.fi\/lappiai\/#organization\",\"name\":\"Lapin teko\u00e4lykiihdytt\u00e4m\u00f6\",\"alternateName\":\"Lapin AMK\",\"url\":\"https:\/\/blogi.eoppimispalvelut.fi\/lappiai\/\",\"logo\":{\"@type\":\"ImageObject\",\"inLanguage\":\"fi\",\"@id\":\"https:\/\/blogi.eoppimispalvelut.fi\/lappiai\/#\/schema\/logo\/image\/\",\"url\":\"https:\/\/blogi.eoppimispalvelut.fi\/lappiai\/files\/2024\/12\/Firefly-higlighting-artificial-intelligence-skills-and-knowledge-with-a-hint-of-arctic-wibe-36245.jpg\",\"contentUrl\":\"https:\/\/blogi.eoppimispalvelut.fi\/lappiai\/files\/2024\/12\/Firefly-higlighting-artificial-intelligence-skills-and-knowledge-with-a-hint-of-arctic-wibe-36245.jpg\",\"width\":2048,\"height\":2048,\"caption\":\"Lapin teko\u00e4lykiihdytt\u00e4m\u00f6\"},\"image\":{\"@id\":\"https:\/\/blogi.eoppimispalvelut.fi\/lappiai\/#\/schema\/logo\/image\/\"}}]}<\/script>\n<!-- \/ Yoast SEO plugin. -->","yoast_head_json":{"title":"Opinn\u00e4ytety\u00f6: Kouvala ja Kupari - Tervetuloa tutustumaan Lapin teko\u00e4lykiihdytt\u00e4m\u00f6\u00f6n!","robots":{"index":"index","follow":"follow","max-snippet":"max-snippet:-1","max-image-preview":"max-image-preview:large","max-video-preview":"max-video-preview:-1"},"canonical":"https:\/\/blogi.eoppimispalvelut.fi\/lappiai\/ont2\/","og_locale":"fi_FI","og_type":"article","og_title":"Opinn\u00e4ytety\u00f6: Kouvala ja Kupari - Tervetuloa tutustumaan Lapin teko\u00e4lykiihdytt\u00e4m\u00f6\u00f6n!","og_description":"Teko\u00e4ly mobiilisovelluksen kehityksess\u00e4 Opinn\u00e4ytety\u00f6\u00a0Teko\u00e4lyn hy\u00f6dynt\u00e4minen mobiilisovelluksen kehitt\u00e4misess\u00e4 on Sallamari Kouvalan ja Marja Kuparin Lapin ammattikorkeakoulun tietojenk\u00e4sittelyn koulutuksen tradenomi (AMK) -ty\u00f6 vuodelta 2025. Ty\u00f6 tehtiin osana Lapin teko\u00e4lykiihdytt\u00e4m\u00f6 -hanketta. Tavoitteet Opinn\u00e4ytety\u00f6n p\u00e4\u00e4tavoitteena oli selvitt\u00e4\u00e4, miten teko\u00e4lyavusteiset ty\u00f6kalut voivat tukea mobiilisovelluksen kehityst\u00e4 sek\u00e4 millaisia mahdollisuuksia ja haasteita niiden k\u00e4ytt\u00f6\u00f6n liittyy. Ty\u00f6ss\u00e4 tutkittiin my\u00f6s\u00a0promptien merkityst\u00e4\u00a0kehitysprosessissa\u00a0ja arvioitiin ilmaisten teko\u00e4lyratkaisujen [&hellip;]","og_url":"https:\/\/blogi.eoppimispalvelut.fi\/lappiai\/ont2\/","og_site_name":"Tervetuloa tutustumaan Lapin teko\u00e4lykiihdytt\u00e4m\u00f6\u00f6n!","article_modified_time":"2026-01-01T18:52:15+00:00","twitter_card":"summary_large_image","twitter_misc":{"Est. reading time":"2 minuuttia"},"schema":{"@context":"https:\/\/schema.org","@graph":[{"@type":"WebPage","@id":"https:\/\/blogi.eoppimispalvelut.fi\/lappiai\/ont2\/","url":"https:\/\/blogi.eoppimispalvelut.fi\/lappiai\/ont2\/","name":"Opinn\u00e4ytety\u00f6: Kouvala ja Kupari - Tervetuloa tutustumaan Lapin teko\u00e4lykiihdytt\u00e4m\u00f6\u00f6n!","isPartOf":{"@id":"https:\/\/blogi.eoppimispalvelut.fi\/lappiai\/#website"},"datePublished":"2026-01-01T18:41:32+00:00","dateModified":"2026-01-01T18:52:15+00:00","breadcrumb":{"@id":"https:\/\/blogi.eoppimispalvelut.fi\/lappiai\/ont2\/#breadcrumb"},"inLanguage":"fi","potentialAction":[{"@type":"ReadAction","target":["https:\/\/blogi.eoppimispalvelut.fi\/lappiai\/ont2\/"]}]},{"@type":"BreadcrumbList","@id":"https:\/\/blogi.eoppimispalvelut.fi\/lappiai\/ont2\/#breadcrumb","itemListElement":[{"@type":"ListItem","position":1,"name":"Home","item":"https:\/\/blogi.eoppimispalvelut.fi\/lappiai\/"},{"@type":"ListItem","position":2,"name":"Opinn\u00e4ytety\u00f6: Kouvala ja Kupari"}]},{"@type":"WebSite","@id":"https:\/\/blogi.eoppimispalvelut.fi\/lappiai\/#website","url":"https:\/\/blogi.eoppimispalvelut.fi\/lappiai\/","name":"Lapin teko\u00e4lykiihdytt\u00e4m\u00f6","description":"Lapin teko\u00e4lykiihdytt\u00e4m\u00f6 tuo teko\u00e4lyn mahdollisuudet tutuiksi Lapin alueen PK-yrityksille. Se on on EU:n osarahoittama projekti.","publisher":{"@id":"https:\/\/blogi.eoppimispalvelut.fi\/lappiai\/#organization"},"potentialAction":[{"@type":"SearchAction","target":{"@type":"EntryPoint","urlTemplate":"https:\/\/blogi.eoppimispalvelut.fi\/lappiai\/?s={search_term_string}"},"query-input":{"@type":"PropertyValueSpecification","valueRequired":true,"valueName":"search_term_string"}}],"inLanguage":"fi"},{"@type":"Organization","@id":"https:\/\/blogi.eoppimispalvelut.fi\/lappiai\/#organization","name":"Lapin teko\u00e4lykiihdytt\u00e4m\u00f6","alternateName":"Lapin AMK","url":"https:\/\/blogi.eoppimispalvelut.fi\/lappiai\/","logo":{"@type":"ImageObject","inLanguage":"fi","@id":"https:\/\/blogi.eoppimispalvelut.fi\/lappiai\/#\/schema\/logo\/image\/","url":"https:\/\/blogi.eoppimispalvelut.fi\/lappiai\/files\/2024\/12\/Firefly-higlighting-artificial-intelligence-skills-and-knowledge-with-a-hint-of-arctic-wibe-36245.jpg","contentUrl":"https:\/\/blogi.eoppimispalvelut.fi\/lappiai\/files\/2024\/12\/Firefly-higlighting-artificial-intelligence-skills-and-knowledge-with-a-hint-of-arctic-wibe-36245.jpg","width":2048,"height":2048,"caption":"Lapin teko\u00e4lykiihdytt\u00e4m\u00f6"},"image":{"@id":"https:\/\/blogi.eoppimispalvelut.fi\/lappiai\/#\/schema\/logo\/image\/"}}]}},"_links":{"self":[{"href":"https:\/\/blogi.eoppimispalvelut.fi\/lappiai\/wp-json\/wp\/v2\/pages\/789","targetHints":{"allow":["GET"]}}],"collection":[{"href":"https:\/\/blogi.eoppimispalvelut.fi\/lappiai\/wp-json\/wp\/v2\/pages"}],"about":[{"href":"https:\/\/blogi.eoppimispalvelut.fi\/lappiai\/wp-json\/wp\/v2\/types\/page"}],"author":[{"embeddable":true,"href":"https:\/\/blogi.eoppimispalvelut.fi\/lappiai\/wp-json\/wp\/v2\/users\/594"}],"replies":[{"embeddable":true,"href":"https:\/\/blogi.eoppimispalvelut.fi\/lappiai\/wp-json\/wp\/v2\/comments?post=789"}],"version-history":[{"count":4,"href":"https:\/\/blogi.eoppimispalvelut.fi\/lappiai\/wp-json\/wp\/v2\/pages\/789\/revisions"}],"predecessor-version":[{"id":804,"href":"https:\/\/blogi.eoppimispalvelut.fi\/lappiai\/wp-json\/wp\/v2\/pages\/789\/revisions\/804"}],"wp:attachment":[{"href":"https:\/\/blogi.eoppimispalvelut.fi\/lappiai\/wp-json\/wp\/v2\/media?parent=789"}],"curies":[{"name":"wp","href":"https:\/\/api.w.org\/{rel}","templated":true}]}}