{"id":133,"date":"2021-05-03T09:50:25","date_gmt":"2021-05-03T06:50:25","guid":{"rendered":"https:\/\/blogi.eoppimispalvelut.fi\/latu\/?page_id=133"},"modified":"2022-12-09T15:57:24","modified_gmt":"2022-12-09T13:57:24","slug":"saavutettavuusseloste","status":"publish","type":"page","link":"https:\/\/blogi.eoppimispalvelut.fi\/latu\/saavutettavuusseloste\/","title":{"rendered":"Saavutettavuusseloste"},"content":{"rendered":"<p>[et_pb_section fb_built=&#8221;1&#8243; admin_label=&#8221;section&#8221; _builder_version=&#8221;4.16&#8243; global_colors_info=&#8221;{}&#8221;][et_pb_row admin_label=&#8221;row&#8221; _builder_version=&#8221;4.16&#8243; background_size=&#8221;initial&#8221; background_position=&#8221;top_left&#8221; background_repeat=&#8221;repeat&#8221; global_colors_info=&#8221;{}&#8221;][et_pb_column type=&#8221;4_4&#8243; _builder_version=&#8221;4.16&#8243; custom_padding=&#8221;|||&#8221; global_colors_info=&#8221;{}&#8221; custom_padding__hover=&#8221;|||&#8221;][et_pb_text admin_label=&#8221;Text&#8221; _builder_version=&#8221;4.18.0&#8243; background_size=&#8221;initial&#8221; background_position=&#8221;top_left&#8221; background_repeat=&#8221;repeat&#8221; global_colors_info=&#8221;{}&#8221;]<\/p>\n<h2><strong>Tervetuloa, t\u00e4m\u00e4 on LaTu-hankkeen sivujen saavutettavuusseloste<\/strong><\/h2>\n<p>T\u00e4m\u00e4 saavutettavuusseloste koskee palvelua www.blogi.eoppimispalvelut.fi\/latu ja on laadittu \/ p\u00e4ivitetty 31.3.2022. Palvelua koskee laki digitaalisten palvelujen tarjoamisesta, jossa edellytet\u00e4\u00e4n, ett\u00e4 julkisten verkkopalvelujen on oltava saavutettavia.<\/p>\n<p>Olemme arvioineet palvelun saavutettavuuden itse.<\/p>\n<h3><strong>Digipalvelun saavutettavuuden tila<\/strong><\/h3>\n<p>T\u00e4ytt\u00e4\u00e4 saavutettavuusvaatimukset.<\/p>\n<h4>\u00a0<\/h4>\n<h3><strong>Ei saavutettava sis\u00e4lt\u00f6<\/strong><\/h3>\n<p>Ei havaittuja.<\/p>\n<h4><strong>Huomasitko saavutettavuuspuutteen digipalvelussamme? Kerro se meille ja teemme parhaamme puutteen korjaamiseksi<\/strong><\/h4>\n<p>S\u00e4hk\u00f6postilla<br \/>pekka.muotka@ulapland.fi<\/p>\n<h3><strong>Valvontaviranomainen<\/strong><\/h3>\n<p>Jos huomaat sivustolla saavutettavuusongelmia, anna ensin palautetta meille eli sivuston yll\u00e4pit\u00e4j\u00e4lle. Vastauksessa voi menn\u00e4 14 p\u00e4iv\u00e4\u00e4. Jos et ole tyytyv\u00e4inen saamaasi vastaukseen tai et saa vastausta lainkaan kahden viikon aikana,\u00a0<a href=\"https:\/\/www.saavutettavuusvaatimukset.fi\/oikeutesi\/\" target=\"_blank\" rel=\"noopener\">voit tehd\u00e4 ilmoituksen Etel\u00e4-Suomen aluehallintovirastoon<\/a>. Etel\u00e4-Suomen aluehallintoviraston sivulla kerrotaan tarkasti, miten ilmoituksen voi tehd\u00e4 ja miten asia k\u00e4sitell\u00e4\u00e4n.<\/p>\n<h3><strong>Valvontaviranomaisen yhteystiedot<\/strong><\/h3>\n<p>Etel\u00e4-Suomen aluehallintovirasto<br \/>Saavutettavuuden valvonnan yksikk\u00f6<br \/>www.saavutettavuusvaatimukset.fi<br \/>saavutettavuus(at)avi.fi<br \/>puhelinnumero vaihde 0295 016 000<\/p>\n<p>[\/et_pb_text][\/et_pb_column][\/et_pb_row][\/et_pb_section]<\/p>\n","protected":false},"excerpt":{"rendered":"<p>Tervetuloa, t\u00e4m\u00e4 on LaTu-hankkeen sivujen saavutettavuusseloste T\u00e4m\u00e4 saavutettavuusseloste koskee palvelua www.blogi.eoppimispalvelut.fi\/latu ja on laadittu \/ p\u00e4ivitetty 31.3.2022. Palvelua koskee laki digitaalisten palvelujen tarjoamisesta, jossa edellytet\u00e4\u00e4n, ett\u00e4 julkisten verkkopalvelujen on oltava saavutettavia. Olemme arvioineet palvelun saavutettavuuden itse. Digipalvelun saavutettavuuden tila T\u00e4ytt\u00e4\u00e4 saavutettavuusvaatimukset. \u00a0 Ei saavutettava sis\u00e4lt\u00f6 Ei havaittuja. Huomasitko saavutettavuuspuutteen digipalvelussamme? Kerro se meille ja teemme [&hellip;]<\/p>\n","protected":false},"author":7367,"featured_media":0,"parent":0,"menu_order":0,"comment_status":"closed","ping_status":"closed","template":"","meta":{"_et_pb_use_builder":"on","_et_pb_old_content":"<h2>Tervetuloa, t\u00e4m\u00e4 on LaTu-hankkeen sivujen saavutettavuusseloste<\/h2>\r\nT\u00e4m\u00e4 saavutettavuusseloste koskee palvelua www.blogi.eoppimispalvelut.fi\/latu ja on laadittu \/ p\u00e4ivitetty 3.5.2021. Palvelua koskee laki digitaalisten palvelujen tarjoamisesta, jossa edellytet\u00e4\u00e4n, ett\u00e4 julkisten verkkopalvelujen on oltava saavutettavia.\r\n\r\nOlemme arvioineet palvelun saavutettavuuden itse.\r\n\r\n\r\n<h3>Digipalvelun saavutettavuuden tila<\/h3>\r\nT\u00e4ytt\u00e4\u00e4 saavutettavuusvaatimukset.\r\n\r\n<h4>Huomasitko saavutettavuuspuutteen digipalvelussamme? Kerro se meille ja teemme parhaamme puutteen korjaamiseksi<\/h4>\r\n<h4>S\u00e4hk\u00f6postilla<\/h4>\r\npekka.muotka@roiedu.fi\r\n\r\n\r\n<h3>Valvontaviranomainen<\/h3>\r\nJos huomaat sivustolla saavutettavuusongelmia, anna ensin palautetta meille eli sivuston yll\u00e4pit\u00e4j\u00e4lle. Vastauksessa voi menn\u00e4 14 p\u00e4iv\u00e4\u00e4. Jos et ole tyytyv\u00e4inen saamaasi vastaukseen tai et saa vastausta lainkaan kahden viikon aikana,\u00a0<a href=\"https:\/\/www.saavutettavuusvaatimukset.fi\/oikeutesi\/\" target=\"_blank\" rel=\"noopener\">voit tehd\u00e4 ilmoituksen Etel\u00e4-Suomen aluehallintovirastoon<\/a>. Etel\u00e4-Suomen aluehallintoviraston sivulla kerrotaan tarkasti, miten ilmoituksen voi tehd\u00e4 ja miten asia k\u00e4sitell\u00e4\u00e4n.\r\n<h3>Valvontaviranomaisen yhteystiedot<\/h3>\r\nEtel\u00e4-Suomen aluehallintovirasto\r\nSaavutettavuuden valvonnan yksikk\u00f6\r\nwww.saavutettavuusvaatimukset.fi\r\nsaavutettavuus(at)avi.fi\r\npuhelinnumero vaihde 0295 016 000\r\n\r\n<\/section>","_et_gb_content_width":"","footnotes":""},"class_list":["post-133","page","type-page","status-publish","hentry"],"_links":{"self":[{"href":"https:\/\/blogi.eoppimispalvelut.fi\/latu\/wp-json\/wp\/v2\/pages\/133","targetHints":{"allow":["GET"]}}],"collection":[{"href":"https:\/\/blogi.eoppimispalvelut.fi\/latu\/wp-json\/wp\/v2\/pages"}],"about":[{"href":"https:\/\/blogi.eoppimispalvelut.fi\/latu\/wp-json\/wp\/v2\/types\/page"}],"author":[{"embeddable":true,"href":"https:\/\/blogi.eoppimispalvelut.fi\/latu\/wp-json\/wp\/v2\/users\/7367"}],"replies":[{"embeddable":true,"href":"https:\/\/blogi.eoppimispalvelut.fi\/latu\/wp-json\/wp\/v2\/comments?post=133"}],"version-history":[{"count":11,"href":"https:\/\/blogi.eoppimispalvelut.fi\/latu\/wp-json\/wp\/v2\/pages\/133\/revisions"}],"predecessor-version":[{"id":4239,"href":"https:\/\/blogi.eoppimispalvelut.fi\/latu\/wp-json\/wp\/v2\/pages\/133\/revisions\/4239"}],"wp:attachment":[{"href":"https:\/\/blogi.eoppimispalvelut.fi\/latu\/wp-json\/wp\/v2\/media?parent=133"}],"curies":[{"name":"wp","href":"https:\/\/api.w.org\/{rel}","templated":true}]}}