{"id":1686,"date":"2021-12-21T09:42:28","date_gmt":"2021-12-21T07:42:28","guid":{"rendered":"https:\/\/blogi.eoppimispalvelut.fi\/latu\/?page_id=1686"},"modified":"2025-06-06T09:34:19","modified_gmt":"2025-06-06T06:34:19","slug":"etusivu-2","status":"publish","type":"page","link":"https:\/\/blogi.eoppimispalvelut.fi\/latu\/","title":{"rendered":"Etusivu"},"content":{"rendered":"<p>[et_pb_section fb_built=&#8221;1&#8243; fullwidth=&#8221;on&#8221; _builder_version=&#8221;4.16&#8243; _module_preset=&#8221;default&#8221; global_colors_info=&#8221;{}&#8221;][et_pb_fullwidth_header title=&#8221;LUKIOMATERIAALIPANKKI&#8221; button_one_url=&#8221;https:\/\/blogi.eoppimispalvelut.fi\/latu\/oppimateriaalit\/&#8221; button_two_url=&#8221;https:\/\/blogi.eoppimispalvelut.fi\/latu\/korkeakoulu-ja-tyoelamayhteistyo\/&#8221; background_overlay_color=&#8221;rgba(255,255,255,0.75)&#8221; admin_label=&#8221;Fullwidth Header&#8221; _builder_version=&#8221;4.16&#8243; _module_preset=&#8221;default&#8221; title_font=&#8221;|800|||||||&#8221; title_font_size=&#8221;60px&#8221; background_image=&#8221;https:\/\/blogi.eoppimispalvelut.fi\/latu\/files\/2021\/06\/IMG_2521-scaled.jpg&#8221; parallax=&#8221;on&#8221; custom_button_one=&#8221;on&#8221; button_one_bg_color=&#8221;#e20d18&#8243; button_one_border_color=&#8221;#e20d18&#8243; button_one_font=&#8221;|700|||||||&#8221; button_one_on_hover=&#8221;off&#8221; custom_button_two=&#8221;on&#8221; button_two_bg_color=&#8221;#e20d18&#8243; button_two_border_color=&#8221;#e20d18&#8243; button_two_font=&#8221;|700|||||||&#8221; button_two_on_hover=&#8221;off&#8221; background_layout=&#8221;light&#8221; title_font_size_tablet=&#8221;&#8221; title_font_size_phone=&#8221;34px&#8221; title_font_size_last_edited=&#8221;on|phone&#8221; global_colors_info=&#8221;{}&#8221;][\/et_pb_fullwidth_header][\/et_pb_section][et_pb_section fb_built=&#8221;1&#8243; admin_label=&#8221;Latu-hankkeessa tuotetut oppimateriaalit ja opettajan ty\u00f6kalut&#8221; _builder_version=&#8221;4.8.2&#8243; _module_preset=&#8221;default&#8221; custom_margin=&#8221;36px|30px|36px|30px|true|true&#8221; custom_padding=&#8221;0px||0px|||&#8221; global_module=&#8221;2521&#8243; saved_tabs=&#8221;all&#8221; global_colors_info=&#8221;{}&#8221;][et_pb_row _builder_version=&#8221;4.16&#8243; _module_preset=&#8221;default&#8221; custom_margin=&#8221;|auto|-1px|auto||&#8221; custom_padding=&#8221;||1px|||&#8221; global_colors_info=&#8221;{}&#8221;][et_pb_column type=&#8221;4_4&#8243; _builder_version=&#8221;4.16&#8243; _module_preset=&#8221;default&#8221; global_colors_info=&#8221;{}&#8221;][et_pb_text _builder_version=&#8221;4.16&#8243; _module_preset=&#8221;default&#8221; global_colors_info=&#8221;{}&#8221;]<\/p>\n<h1><strong>Materiaalit lukio-opetukseen<\/strong><\/h1>\n<p>[\/et_pb_text][et_pb_divider color=&#8221;#e20d18&#8243; divider_weight=&#8221;6px&#8221; admin_label=&#8221;Otsikon alusviiva&#8221; _builder_version=&#8221;4.16&#8243; _module_preset=&#8221;default&#8221; width=&#8221;40px&#8221; module_alignment=&#8221;left&#8221; custom_margin=&#8221;-25px|0px||0px|false|false&#8221; custom_padding=&#8221;0px|||0px|false|false&#8221; global_colors_info=&#8221;{}&#8221;][\/et_pb_divider][\/et_pb_column][\/et_pb_row][et_pb_row column_structure=&#8221;1_3,1_3,1_3&#8243; _builder_version=&#8221;4.16&#8243; _module_preset=&#8221;default&#8221; global_colors_info=&#8221;{}&#8221;][et_pb_column type=&#8221;1_3&#8243; _builder_version=&#8221;4.16&#8243; _module_preset=&#8221;default&#8221; custom_padding=&#8221;|0px||0px|false|false&#8221; global_colors_info=&#8221;{}&#8221;][et_pb_text admin_label=&#8221;\u00c4idinkieli ja kirjallisuus&#8221; _builder_version=&#8221;4.16&#8243; _module_preset=&#8221;default&#8221; text_font=&#8221;|700|||||||&#8221; background_color=&#8221;rgba(38,34,78,0.25)&#8221; text_orientation=&#8221;center&#8221; width=&#8221;100%&#8221; max_width=&#8221;100%&#8221; min_height=&#8221;144px&#8221; height=&#8221;144px&#8221; max_height=&#8221;144px&#8221; custom_padding=&#8221;60px||||false|false&#8221; link_option_url=&#8221;https:\/\/blogi.eoppimispalvelut.fi\/latu\/aidinkieli-ja-kirjallisuus\/&#8221; global_colors_info=&#8221;{}&#8221;]<\/p>\n<h2 style=\"text-align: center\"><a href=\"https:\/\/blogi.eoppimispalvelut.fi\/latu\/aidinkieli-ja-kirjallisuus\/\" title=\"Siirry \u00c4idinkieli ja kirjallisuus -materiaaleihin\"><strong>\u00c4idinkieli ja kirjallisuus<\/strong><\/a><\/h2>\n<p>[\/et_pb_text][et_pb_text admin_label=&#8221;Biologia&#8221; _builder_version=&#8221;4.16&#8243; _module_preset=&#8221;default&#8221; text_font=&#8221;|700|||||||&#8221; background_color=&#8221;rgba(38,34,78,0.25)&#8221; text_orientation=&#8221;center&#8221; width=&#8221;100%&#8221; max_width=&#8221;100%&#8221; min_height=&#8221;144px&#8221; height=&#8221;144px&#8221; max_height=&#8221;144px&#8221; custom_padding=&#8221;60px||||false|false&#8221; link_option_url=&#8221;https:\/\/blogi.eoppimispalvelut.fi\/latu\/biologia\/&#8221; link_option_url_new_window=&#8221;on&#8221; global_colors_info=&#8221;{}&#8221;]<\/p>\n<h2 style=\"text-align: center\"><a href=\"https:\/\/blogi.eoppimispalvelut.fi\/latu\/biologia\/\" title=\"Siirry Biologia -materiaaleihin\"><strong>Biologia<\/strong><\/a><\/h2>\n<p>[\/et_pb_text][et_pb_text admin_label=&#8221;Englanti&#8221; _builder_version=&#8221;4.18.0&#8243; _module_preset=&#8221;default&#8221; text_font=&#8221;|700|||||||&#8221; background_color=&#8221;rgba(38,34,78,0.25)&#8221; text_orientation=&#8221;center&#8221; width=&#8221;100%&#8221; max_width=&#8221;100%&#8221; min_height=&#8221;144px&#8221; height=&#8221;144px&#8221; max_height=&#8221;144px&#8221; custom_padding=&#8221;60px||||false|false&#8221; link_option_url=&#8221;https:\/\/blogi.eoppimispalvelut.fi\/latu\/tulevaisuustaajuus-englanti-ja-aidinkieli\/&#8221; global_colors_info=&#8221;{}&#8221;]<\/p>\n<h2 style=\"text-align: center\"><a title=\"Siirry Englanti -materiaaleihin\" href=\"https:\/\/blogi.eoppimispalvelut.fi\/latu\/tulevaisuustaajuus-englanti-ja-aidinkieli\/\" data-wplink-edit=\"true\"><strong>Englanti<\/strong><\/a><\/h2>\n<p>[\/et_pb_text][et_pb_text admin_label=&#8221;Filosofia&#8221; _builder_version=&#8221;4.18.0&#8243; _module_preset=&#8221;default&#8221; text_font=&#8221;|700|||||||&#8221; background_color=&#8221;rgba(38,34,78,0.25)&#8221; text_orientation=&#8221;center&#8221; width=&#8221;100%&#8221; max_width=&#8221;100%&#8221; min_height=&#8221;144px&#8221; height=&#8221;144px&#8221; max_height=&#8221;144px&#8221; custom_padding=&#8221;60px||||false|false&#8221; link_option_url=&#8221;https:\/\/blogi.eoppimispalvelut.fi\/latu\/filosofia-tulevaisuustaajuus\/&#8221; global_colors_info=&#8221;{}&#8221;]<\/p>\n<h2 style=\"text-align: center\"><a title=\"Siirry Filosofia -materiaaleihin\" href=\"https:\/\/blogi.eoppimispalvelut.fi\/latu\/filosofia-tulevaisuustaajuus\/\"><strong>Filosofia<\/strong><\/a><\/h2>\n<p>[\/et_pb_text][et_pb_text admin_label=&#8221;Historia&#8221; _builder_version=&#8221;4.16&#8243; _module_preset=&#8221;default&#8221; text_font=&#8221;|700|||||||&#8221; background_color=&#8221;rgba(38,34,78,0.25)&#8221; text_orientation=&#8221;center&#8221; width=&#8221;100%&#8221; max_width=&#8221;100%&#8221; min_height=&#8221;144px&#8221; height=&#8221;144px&#8221; max_height=&#8221;144px&#8221; custom_margin=&#8221;||||false|false&#8221; custom_padding=&#8221;60px||||false|false&#8221; link_option_url=&#8221;https:\/\/blogi.eoppimispalvelut.fi\/latu\/historia\/&#8221; global_colors_info=&#8221;{}&#8221;]<\/p>\n<h2 style=\"text-align: center\"><a href=\"https:\/\/blogi.eoppimispalvelut.fi\/latu\/historia\/\" title=\"Siirry Historia -materiaaleihin\"><strong>Historia<\/strong><\/a><\/h2>\n<p>[\/et_pb_text][\/et_pb_column][et_pb_column type=&#8221;1_3&#8243; _builder_version=&#8221;4.16&#8243; _module_preset=&#8221;default&#8221; global_colors_info=&#8221;{}&#8221;][et_pb_text admin_label=&#8221;Kemia&#8221; _builder_version=&#8221;4.18.0&#8243; _module_preset=&#8221;default&#8221; text_font=&#8221;|700|||||||&#8221; background_color=&#8221;rgba(38,34,78,0.25)&#8221; text_orientation=&#8221;center&#8221; width=&#8221;100%&#8221; max_width=&#8221;100%&#8221; min_height=&#8221;144px&#8221; height=&#8221;144px&#8221; max_height=&#8221;144px&#8221; custom_padding=&#8221;60px||||false|false&#8221; link_option_url=&#8221;https:\/\/blogi.eoppimispalvelut.fi\/latu\/kemia-tulevaisuustaajuus\/&#8221; global_colors_info=&#8221;{}&#8221;]<\/p>\n<h2 style=\"text-align: center\"><a href=\"https:\/\/blogi.eoppimispalvelut.fi\/latu\/kemia-tulevaisuustaajuus\/\" title=\"Siirry Kemia -materiaaleihin\"><strong>Kemia<\/strong><\/a><\/h2>\n<p>[\/et_pb_text][et_pb_text admin_label=&#8221;Matematiikka&#8221; _builder_version=&#8221;4.16&#8243; _module_preset=&#8221;default&#8221; text_font=&#8221;|700|||||||&#8221; background_color=&#8221;rgba(38,34,78,0.25)&#8221; text_orientation=&#8221;center&#8221; width=&#8221;100%&#8221; max_width=&#8221;100%&#8221; min_height=&#8221;144px&#8221; height=&#8221;144px&#8221; max_height=&#8221;144px&#8221; custom_padding=&#8221;60px||||false|false&#8221; link_option_url=&#8221;https:\/\/blogi.eoppimispalvelut.fi\/latu\/matematiikka\/&#8221; global_colors_info=&#8221;{}&#8221;]<\/p>\n<h2 style=\"text-align: center\"><a href=\"https:\/\/blogi.eoppimispalvelut.fi\/latu\/matematiikka\/\" title=\"Siirry Matematiikka -materiaaleihin\"><strong>Matematiikka<\/strong><\/a><\/h2>\n<p>[\/et_pb_text][et_pb_text admin_label=&#8221;Opinto-ohjaus&#8221; _builder_version=&#8221;4.20.4&#8243; _module_preset=&#8221;default&#8221; text_font=&#8221;|700|||||||&#8221; background_color=&#8221;rgba(38,34,78,0.25)&#8221; text_orientation=&#8221;center&#8221; width=&#8221;100%&#8221; max_width=&#8221;100%&#8221; min_height=&#8221;144px&#8221; height=&#8221;144px&#8221; max_height=&#8221;144px&#8221; custom_padding=&#8221;60px||||false|false&#8221; link_option_url=&#8221;https:\/\/blogi.eoppimispalvelut.fi\/latu\/opinto-ohjaus\/&#8221; link_option_url_new_window=&#8221;on&#8221; global_colors_info=&#8221;{}&#8221;]<\/p>\n<h2 style=\"text-align: center\"><a title=\"Siirry Opinto-ohjaus -materiaaleihin\" href=\"https:\/\/blogi.eoppimispalvelut.fi\/latu\/opinto-ohjaus\/\" data-wplink-edit=\"true\"><strong>Opinto-ohjaus<\/strong><\/a><\/h2>\n<p>[\/et_pb_text][et_pb_text admin_label=&#8221;Suomi toisena kielen\u00e4&#8221; _builder_version=&#8221;4.16&#8243; _module_preset=&#8221;default&#8221; text_font=&#8221;|700|||||||&#8221; background_color=&#8221;rgba(38,34,78,0.25)&#8221; text_orientation=&#8221;center&#8221; width=&#8221;100%&#8221; max_width=&#8221;100%&#8221; min_height=&#8221;144px&#8221; height=&#8221;144px&#8221; max_height=&#8221;144px&#8221; custom_padding=&#8221;60px||||false|false&#8221; link_option_url=&#8221;https:\/\/blogi.eoppimispalvelut.fi\/latu\/suomi-toisena-kielena\/&#8221; global_colors_info=&#8221;{}&#8221;]<\/p>\n<h2 style=\"text-align: center\"><a href=\"https:\/\/blogi.eoppimispalvelut.fi\/latu\/suomi-toisena-kielena\/\" title=\"Siirry Suomi toisena kielen\u00e4 -materiaaleihin\"><strong>Suomi toisena kielen\u00e4<\/strong><\/a><\/h2>\n<p>[\/et_pb_text][\/et_pb_column][et_pb_column type=&#8221;1_3&#8243; _builder_version=&#8221;4.16&#8243; _module_preset=&#8221;default&#8221; global_colors_info=&#8221;{}&#8221;][et_pb_text admin_label=&#8221;Valmennusoppi&#8221; _builder_version=&#8221;4.16&#8243; _module_preset=&#8221;default&#8221; text_font=&#8221;|700|||||||&#8221; background_color=&#8221;rgba(38,34,78,0.25)&#8221; text_orientation=&#8221;center&#8221; width=&#8221;100%&#8221; max_width=&#8221;100%&#8221; min_height=&#8221;144px&#8221; height=&#8221;144px&#8221; max_height=&#8221;144px&#8221; custom_padding=&#8221;60px||||false|false&#8221; link_option_url=&#8221;https:\/\/blogi.eoppimispalvelut.fi\/latu\/valmennusoppi\/&#8221; link_option_url_new_window=&#8221;on&#8221; global_colors_info=&#8221;{}&#8221;]<\/p>\n<h2 style=\"text-align: center\"><a href=\"https:\/\/blogi.eoppimispalvelut.fi\/latu\/valmennusoppi\/\" title=\"Siirry Valmennusoppi -materiaaleihin\"><strong>Valmennusoppi<\/strong><\/a><\/h2>\n<p>[\/et_pb_text][et_pb_text admin_label=&#8221;Yritt\u00e4jyyden j\u00e4ljill\u00e4&#8221; _builder_version=&#8221;4.16&#8243; _module_preset=&#8221;default&#8221; text_font=&#8221;|700|||||||&#8221; background_color=&#8221;rgba(38,34,78,0.25)&#8221; text_orientation=&#8221;center&#8221; width=&#8221;100%&#8221; max_width=&#8221;100%&#8221; min_height=&#8221;144px&#8221; height=&#8221;144px&#8221; max_height=&#8221;144px&#8221; custom_padding=&#8221;60px||||false|false&#8221; link_option_url=&#8221;https:\/\/blogi.eoppimispalvelut.fi\/latu\/yrittajyyden-jaljilla\/&#8221; global_colors_info=&#8221;{}&#8221;]<\/p>\n<h2 style=\"text-align: center\"><a href=\"https:\/\/blogi.eoppimispalvelut.fi\/latu\/yrittajyyden-jaljilla\/\" title=\"Siirry Yritt\u00e4jyyden j\u00e4ljill\u00e4 -materiaaleihin\"><strong>Yritt\u00e4jyyden j\u00e4ljill\u00e4<\/strong><\/a><\/h2>\n<p>[\/et_pb_text][et_pb_text admin_label=&#8221;Tulevaisuuden polku&#8221; _builder_version=&#8221;4.18.0&#8243; _module_preset=&#8221;default&#8221; text_font=&#8221;|700|||||||&#8221; background_color=&#8221;rgba(38,34,78,0.25)&#8221; text_orientation=&#8221;center&#8221; width=&#8221;100%&#8221; max_width=&#8221;100%&#8221; min_height=&#8221;144px&#8221; height=&#8221;144px&#8221; max_height=&#8221;144px&#8221; custom_padding=&#8221;60px||||false|false&#8221; link_option_url=&#8221;https:\/\/blogi.eoppimispalvelut.fi\/latu\/tulevaisuuden-polku\/&#8221; link_option_url_new_window=&#8221;on&#8221; global_colors_info=&#8221;{}&#8221;]<\/p>\n<h2 style=\"text-align: center\"><a title=\"Siirry Tulevaisuus polku -materiaaleihin\" href=\"https:\/\/blogi.eoppimispalvelut.fi\/latu\/tulevaisuuden-polku\/\" data-wplink-edit=\"true\"><strong>Tulevaisuuden polku<\/strong><\/a><\/h2>\n<p>[\/et_pb_text][et_pb_text admin_label=&#8221;Tulevaisuustaajuus&#8221; _builder_version=&#8221;4.18.0&#8243; _module_preset=&#8221;default&#8221; text_font=&#8221;|700|||||||&#8221; background_color=&#8221;rgba(38,34,78,0.25)&#8221; text_orientation=&#8221;center&#8221; width=&#8221;100%&#8221; max_width=&#8221;100%&#8221; min_height=&#8221;144px&#8221; height=&#8221;144px&#8221; max_height=&#8221;144px&#8221; custom_padding=&#8221;60px||||false|false&#8221; link_option_url=&#8221;https:\/\/blogi.eoppimispalvelut.fi\/latu\/tulevaisuustaajuus-lukiossa-etusivu\/&#8221; global_colors_info=&#8221;{}&#8221;]<\/p>\n<h2 style=\"text-align: center\"><a href=\"https:\/\/blogi.eoppimispalvelut.fi\/latu\/tulevaisuustaajuus-lukiossa-etusivu\/\" title=\"Siirry Tulevaisuustaajuus -etusivulle\"><strong>Tulevaisuustaajuus<\/strong><\/a><\/h2>\n<p>[\/et_pb_text][\/et_pb_column][\/et_pb_row][et_pb_row _builder_version=&#8221;4.16&#8243; _module_preset=&#8221;default&#8221; global_colors_info=&#8221;{}&#8221;][et_pb_column type=&#8221;4_4&#8243; _builder_version=&#8221;4.16&#8243; _module_preset=&#8221;default&#8221; global_colors_info=&#8221;{}&#8221;][\/et_pb_column][\/et_pb_row][\/et_pb_section][et_pb_section fb_built=&#8221;1&#8243; _builder_version=&#8221;4.16&#8243; background_color=&#8221;rgba(0,0,0,0.01)&#8221; custom_margin=&#8221;1px|||||&#8221; custom_padding=&#8221;||0px|||&#8221; top_divider_style=&#8221;wave2&#8243; top_divider_color=&#8221;RGBA(0,0,0,0)&#8221; top_divider_height=&#8221;0px&#8221; top_divider_height_last_edited=&#8221;off|desktop&#8221; animation_style=&#8221;slide&#8221; animation_direction=&#8221;left&#8221; animation_intensity_slide=&#8221;1%&#8221; global_colors_info=&#8221;{}&#8221;][et_pb_row column_structure=&#8221;1_2,1_2&#8243; _builder_version=&#8221;4.16&#8243; background_size=&#8221;initial&#8221; background_position=&#8221;top_left&#8221; background_repeat=&#8221;repeat&#8221; custom_margin=&#8221;18px|auto||auto||&#8221; custom_padding=&#8221;0px||0px|||&#8221; global_colors_info=&#8221;{}&#8221;][et_pb_column type=&#8221;1_2&#8243; _builder_version=&#8221;4.16&#8243; custom_padding=&#8221;|||&#8221; global_colors_info=&#8221;{}&#8221; custom_padding__hover=&#8221;|||&#8221;][et_pb_text _builder_version=&#8221;4.16&#8243; background_size=&#8221;initial&#8221; background_position=&#8221;top_left&#8221; background_repeat=&#8221;repeat&#8221; custom_margin=&#8221;||2px|||&#8221; global_colors_info=&#8221;{}&#8221;]<\/p>\n<h1><b>LaTu -hanke\u00a0<\/b><\/h1>\n<p><b><\/b><\/p>\n<p><b><\/b><\/p>\n<p>[\/et_pb_text][et_pb_divider color=&#8221;#e20d18&#8243; divider_weight=&#8221;6px&#8221; admin_label=&#8221;Otsikon alusviiva&#8221; _builder_version=&#8221;4.18.0&#8243; _module_preset=&#8221;default&#8221; width=&#8221;40px&#8221; module_alignment=&#8221;left&#8221; custom_margin=&#8221;-25px|0px||0px|false|false&#8221; custom_padding=&#8221;0px|||0px|false|false&#8221; global_module=&#8221;662&#8243; saved_tabs=&#8221;all&#8221; global_colors_info=&#8221;{}&#8221;][\/et_pb_divider][\/et_pb_column][et_pb_column type=&#8221;1_2&#8243; _builder_version=&#8221;4.16&#8243; custom_padding=&#8221;|||&#8221; global_colors_info=&#8221;{}&#8221; custom_padding__hover=&#8221;|||&#8221;][\/et_pb_column][\/et_pb_row][et_pb_row column_structure=&#8221;1_2,1_2&#8243; _builder_version=&#8221;4.16&#8243; background_size=&#8221;initial&#8221; background_position=&#8221;top_left&#8221; background_repeat=&#8221;repeat&#8221; custom_margin=&#8221;0px|auto||auto||&#8221; custom_padding=&#8221;0px||30px|||&#8221; global_colors_info=&#8221;{}&#8221;][et_pb_column type=&#8221;1_2&#8243; _builder_version=&#8221;4.16&#8243; custom_padding=&#8221;|||&#8221; global_colors_info=&#8221;{}&#8221; custom_padding__hover=&#8221;|||&#8221;][et_pb_text _builder_version=&#8221;4.16&#8243; background_size=&#8221;initial&#8221; background_position=&#8221;top_left&#8221; background_repeat=&#8221;repeat&#8221; custom_margin=&#8221;||2px|||&#8221; global_colors_info=&#8221;{}&#8221;]<\/p>\n<p>Rovaniemen kaupunki sai Opetushallitukselta valtionavustusta lukion oppimateriaalihankkeeseen ajalle 1.2.2021 \u2013 31.3.2022.\u00a0<\/p>\n<p>Hankkeessa on tuotettu digitaalista oppimateriaalia lukion eri oppiaineisiin yhteisty\u00f6ss\u00e4 Lyseonpuiston- ja Ounasvaaran lukion opettajien, opiskelijoiden sek\u00e4 ty\u00f6el\u00e4m\u00e4n ja korkeakoulujen edustajien kanssa. Materiaalin keskeisen\u00e4 ajatuksena on vahvistaa yhteytt\u00e4 lukio-opintojen sek\u00e4 ty\u00f6el\u00e4m\u00e4ss\u00e4 tarvittavan osaamisen v\u00e4lill\u00e4.<\/p>\n<p style=\"text-align: center\">\n<p>[\/et_pb_text][\/et_pb_column][et_pb_column type=&#8221;1_2&#8243; _builder_version=&#8221;4.16&#8243; custom_padding=&#8221;|||&#8221; global_colors_info=&#8221;{}&#8221; custom_padding__hover=&#8221;|||&#8221;][et_pb_text _builder_version=&#8221;4.16&#8243; background_size=&#8221;initial&#8221; background_position=&#8221;top_left&#8221; background_repeat=&#8221;repeat&#8221; custom_margin=&#8221;||2px|||&#8221; global_colors_info=&#8221;{}&#8221;]<\/p>\n<p><span style=\"font-size: 14px\">\u00a0Valmistunut oppimateriaali sis\u00e4lt\u00e4\u00e4 podcasteja, teksti\u00e4, kuvia, teht\u00e4vi\u00e4,\u00a0 videoita, mallinnuksia sek\u00e4 paljon muuta!<\/span><\/p>\n<p>Hankekoordinaattoreina toimivat Katri Kykyri ja Pekka Muotka. Hanke toteutettiin yhteisty\u00f6ss\u00e4 Lapin ammattikorkeakoulun ja Lapin yliopiston kanssa.<\/p>\n<p>Sivun p\u00e4ivitt\u00e4minen on p\u00e4\u00e4ttynyt. Sivusto palvelee lukiomateriaalipankkina toistaiseksi.<\/p>\n<p style=\"text-align: center\">\n<p>[\/et_pb_text][\/et_pb_column][\/et_pb_row][\/et_pb_section][et_pb_section fb_built=&#8221;1&#8243; inner_shadow=&#8221;on&#8221; _builder_version=&#8221;4.16&#8243; _module_preset=&#8221;default&#8221; width=&#8221;100%&#8221; max_width=&#8221;100%&#8221; module_alignment=&#8221;center&#8221; custom_margin=&#8221;36px|30px|0px|30px|false|true&#8221; custom_padding=&#8221;0px||2px|||&#8221; animation_style=&#8221;slide&#8221; animation_direction=&#8221;right&#8221; animation_intensity_slide=&#8221;1%&#8221; global_colors_info=&#8221;{}&#8221;][et_pb_row _builder_version=&#8221;4.16&#8243; _module_preset=&#8221;default&#8221; custom_padding=&#8221;||0px|||&#8221; global_colors_info=&#8221;{}&#8221;][et_pb_column type=&#8221;4_4&#8243; _builder_version=&#8221;4.16&#8243; _module_preset=&#8221;default&#8221; global_colors_info=&#8221;{}&#8221;][et_pb_text _builder_version=&#8221;4.16&#8243; _module_preset=&#8221;default&#8221; global_colors_info=&#8221;{}&#8221;]<\/p>\n<h2><strong>Yhdess\u00e4 innoittavaa lukiomateriaalia<\/strong><\/h2>\n<p>[\/et_pb_text][et_pb_divider color=&#8221;#e20d18&#8243; divider_weight=&#8221;6px&#8221; admin_label=&#8221;Otsikon alusviiva&#8221; _builder_version=&#8221;4.18.0&#8243; _module_preset=&#8221;default&#8221; width=&#8221;40px&#8221; module_alignment=&#8221;left&#8221; custom_margin=&#8221;-25px|0px||0px|false|false&#8221; custom_padding=&#8221;0px|||0px|false|false&#8221; global_module=&#8221;662&#8243; saved_tabs=&#8221;all&#8221; global_colors_info=&#8221;{}&#8221;][\/et_pb_divider][\/et_pb_column][\/et_pb_row][et_pb_row column_structure=&#8221;1_2,1_2&#8243; _builder_version=&#8221;4.16&#8243; _module_preset=&#8221;default&#8221; module_alignment=&#8221;center&#8221; global_colors_info=&#8221;{}&#8221;][et_pb_column type=&#8221;1_2&#8243; _builder_version=&#8221;4.16&#8243; _module_preset=&#8221;default&#8221; global_colors_info=&#8221;{}&#8221;][et_pb_image src=&#8221;https:\/\/blogi.eoppimispalvelut.fi\/latu\/files\/2021\/04\/OPH_rahoittaa_rgb-150&#215;150.png&#8221; alt=&#8221;Opetushallitus rahoittaa hanketta -logo&#8221; title_text=&#8221;Opetushallitus rahoittaa hanketta -logo&#8221; align=&#8221;center&#8221; admin_label=&#8221;Image&#8221; _builder_version=&#8221;4.16&#8243; _module_preset=&#8221;default&#8221; global_colors_info=&#8221;{}&#8221;][\/et_pb_image][\/et_pb_column][et_pb_column type=&#8221;1_2&#8243; _builder_version=&#8221;4.16&#8243; _module_preset=&#8221;default&#8221; global_colors_info=&#8221;{}&#8221;][et_pb_image src=&#8221;https:\/\/blogi.eoppimispalvelut.fi\/latu\/files\/2021\/04\/Rovaniemi-logo-musta-150&#215;150.png&#8221; alt=&#8221;Rovaniemen kaupunki -logo&#8221; title_text=&#8221;Rovaniemen kaupunki -logo&#8221; align=&#8221;center&#8221; _builder_version=&#8221;4.16&#8243; _module_preset=&#8221;default&#8221; global_colors_info=&#8221;{}&#8221; min_height__hover_enabled=&#8221;on|desktop&#8221;][\/et_pb_image][\/et_pb_column][\/et_pb_row][et_pb_row column_structure=&#8221;1_2,1_2&#8243; _builder_version=&#8221;4.16&#8243; _module_preset=&#8221;default&#8221; module_alignment=&#8221;center&#8221; custom_margin=&#8221;|auto||411px||&#8221; global_colors_info=&#8221;{}&#8221;][et_pb_column type=&#8221;1_2&#8243; _builder_version=&#8221;4.16&#8243; _module_preset=&#8221;default&#8221; global_colors_info=&#8221;{}&#8221;][et_pb_image src=&#8221;https:\/\/blogi.eoppimispalvelut.fi\/latu\/files\/2021\/04\/lapinamk_rgb_lomakekoko-300&#215;114.jpg&#8221; alt=&#8221;Lapin ammattikorkeakoulu -logo&#8221; title_text=&#8221;Lapin ammattikorkeakoulu -logo&#8221; align=&#8221;center&#8221; _builder_version=&#8221;4.16&#8243; _module_preset=&#8221;default&#8221; max_height=&#8221;110px&#8221; global_colors_info=&#8221;{}&#8221;][\/et_pb_image][\/et_pb_column][et_pb_column type=&#8221;1_2&#8243; _builder_version=&#8221;4.16&#8243; _module_preset=&#8221;default&#8221; global_colors_info=&#8221;{}&#8221;][et_pb_image src=&#8221;https:\/\/blogi.eoppimispalvelut.fi\/latu\/files\/2021\/04\/Ulapland_RGB_vaaka-300&#215;79.png&#8221; alt=&#8221;Lapin yliopisto -logo&#8221; title_text=&#8221;Lapin yliopisto -logo&#8221; align=&#8221;center&#8221; _builder_version=&#8221;4.16&#8243; _module_preset=&#8221;default&#8221; global_colors_info=&#8221;{}&#8221;][\/et_pb_image][\/et_pb_column][\/et_pb_row][\/et_pb_section]<\/p>\n","protected":false},"excerpt":{"rendered":"<p>Materiaalit lukio-opetukseen\u00c4idinkieli ja kirjallisuusBiologiaEnglantiFilosofiaHistoriaKemiaMatematiikkaOpinto-ohjausSuomi toisena kielen\u00e4ValmennusoppiYritt\u00e4jyyden j\u00e4ljill\u00e4Tulevaisuuden polkuTulevaisuustaajuusLaTu -hanke\u00a0 Rovaniemen kaupunki sai Opetushallitukselta valtionavustusta lukion oppimateriaalihankkeeseen ajalle 1.2.2021 \u2013 31.3.2022.\u00a0 Hankkeessa on tuotettu digitaalista oppimateriaalia lukion eri oppiaineisiin yhteisty\u00f6ss\u00e4 Lyseonpuiston- ja Ounasvaaran lukion opettajien, opiskelijoiden sek\u00e4 ty\u00f6el\u00e4m\u00e4n ja korkeakoulujen edustajien kanssa. Materiaalin keskeisen\u00e4 ajatuksena on vahvistaa yhteytt\u00e4 lukio-opintojen sek\u00e4 ty\u00f6el\u00e4m\u00e4ss\u00e4 tarvittavan osaamisen v\u00e4lill\u00e4. \u00a0Valmistunut oppimateriaali [&hellip;]<\/p>\n","protected":false},"author":7367,"featured_media":0,"parent":0,"menu_order":0,"comment_status":"closed","ping_status":"closed","template":"","meta":{"_et_pb_use_builder":"on","_et_pb_old_content":"","_et_gb_content_width":"","footnotes":""},"class_list":["post-1686","page","type-page","status-publish","hentry"],"_links":{"self":[{"href":"https:\/\/blogi.eoppimispalvelut.fi\/latu\/wp-json\/wp\/v2\/pages\/1686","targetHints":{"allow":["GET"]}}],"collection":[{"href":"https:\/\/blogi.eoppimispalvelut.fi\/latu\/wp-json\/wp\/v2\/pages"}],"about":[{"href":"https:\/\/blogi.eoppimispalvelut.fi\/latu\/wp-json\/wp\/v2\/types\/page"}],"author":[{"embeddable":true,"href":"https:\/\/blogi.eoppimispalvelut.fi\/latu\/wp-json\/wp\/v2\/users\/7367"}],"replies":[{"embeddable":true,"href":"https:\/\/blogi.eoppimispalvelut.fi\/latu\/wp-json\/wp\/v2\/comments?post=1686"}],"version-history":[{"count":46,"href":"https:\/\/blogi.eoppimispalvelut.fi\/latu\/wp-json\/wp\/v2\/pages\/1686\/revisions"}],"predecessor-version":[{"id":5155,"href":"https:\/\/blogi.eoppimispalvelut.fi\/latu\/wp-json\/wp\/v2\/pages\/1686\/revisions\/5155"}],"wp:attachment":[{"href":"https:\/\/blogi.eoppimispalvelut.fi\/latu\/wp-json\/wp\/v2\/media?parent=1686"}],"curies":[{"name":"wp","href":"https:\/\/api.w.org\/{rel}","templated":true}]}}