{"id":2079,"date":"2022-01-25T10:39:59","date_gmt":"2022-01-25T08:39:59","guid":{"rendered":"https:\/\/blogi.eoppimispalvelut.fi\/latu\/?page_id=2079"},"modified":"2022-04-01T00:54:57","modified_gmt":"2022-03-31T21:54:57","slug":"biologia","status":"publish","type":"page","link":"https:\/\/blogi.eoppimispalvelut.fi\/latu\/biologia\/","title":{"rendered":"Biologia"},"content":{"rendered":"<p>[et_pb_section fb_built=&#8221;1&#8243; fullwidth=&#8221;on&#8221; admin_label=&#8221;Section&#8221; _builder_version=&#8221;4.8.2&#8243; _module_preset=&#8221;default&#8221; saved_tabs=&#8221;all&#8221;][et_pb_fullwidth_header title=&#8221;Biologia&#8221; button_one_url=&#8221;https:\/\/blogi.eoppimispalvelut.fi\/latu\/oppimateriaalit\/&#8221; button_two_url=&#8221;https:\/\/blogi.eoppimispalvelut.fi\/latu\/korkeakoulu-ja-tyoelamayhteistyo\/&#8221; background_overlay_color=&#8221;rgba(255,255,255,0.75)&#8221; _builder_version=&#8221;4.8.2&#8243; _module_preset=&#8221;default&#8221; title_font=&#8221;|800|||||||&#8221; title_font_size=&#8221;60px&#8221; background_image=&#8221;https:\/\/blogi.eoppimispalvelut.fi\/latu\/files\/2021\/06\/IMG_2521-scaled.jpg&#8221; parallax=&#8221;on&#8221; custom_button_one=&#8221;on&#8221; button_one_text_color=&#8221;#26224E&#8221; button_one_border_color=&#8221;#26224E&#8221; custom_button_two=&#8221;on&#8221; button_two_text_color=&#8221;#26224E&#8221; button_two_bg_color=&#8221;RGBA(0,0,0,0)&#8221; button_two_border_color=&#8221;#26224E&#8221; background_layout=&#8221;light&#8221; title_font_size_tablet=&#8221;&#8221; title_font_size_phone=&#8221;40px&#8221; title_font_size_last_edited=&#8221;on|phone&#8221;][\/et_pb_fullwidth_header][\/et_pb_section][et_pb_section fb_built=&#8221;1&#8243; admin_label=&#8221;Oppimateriaalit valikkopainikkeet&#8221; _builder_version=&#8221;4.8.2&#8243; _module_preset=&#8221;default&#8221; custom_margin=&#8221;50px|30px|50px|30px|true|true&#8221; custom_padding=&#8221;0px||0px|||&#8221;][et_pb_row column_structure=&#8221;1_2,1_2&#8243; _builder_version=&#8221;4.8.2&#8243; _module_preset=&#8221;default&#8221;][et_pb_column type=&#8221;1_2&#8243; _builder_version=&#8221;4.8.2&#8243; _module_preset=&#8221;default&#8221; custom_padding=&#8221;|0px||0px|false|false&#8221;][et_pb_text admin_label=&#8221;Painike&#8221; _builder_version=&#8221;4.8.2&#8243; _module_preset=&#8221;default&#8221; text_font=&#8221;|700|||||||&#8221; background_color=&#8221;rgba(38,34,78,0.25)&#8221; text_orientation=&#8221;center&#8221; width=&#8221;100%&#8221; max_width=&#8221;100%&#8221; min_height=&#8221;144px&#8221; height=&#8221;144px&#8221; max_height=&#8221;144px&#8221; custom_margin=&#8221;||||false|false&#8221; custom_padding=&#8221;60px||||false|false&#8221; link_option_url=&#8221;https:\/\/blogi.eoppimispalvelut.fi\/latu\/kuukkeli&#8221;]<\/p>\n<h2 style=\"text-align: center\"><strong><a title=\"Avaa Kuukkeli-sivu.\" href=\"https:\/\/blogi.eoppimispalvelut.fi\/latu\/kuukkeli\">Kuukkelin j\u00e4ljill\u00e4<\/a><\/strong><\/h2>\n<p>[\/et_pb_text][et_pb_text admin_label=&#8221;Painike&#8221; _builder_version=&#8221;4.8.2&#8243; _module_preset=&#8221;default&#8221; text_font=&#8221;|700|||||||&#8221; background_color=&#8221;rgba(38,34,78,0.25)&#8221; text_orientation=&#8221;center&#8221; width=&#8221;100%&#8221; max_width=&#8221;100%&#8221; min_height=&#8221;144px&#8221; height=&#8221;144px&#8221; max_height=&#8221;144px&#8221; custom_padding=&#8221;60px||||false|false&#8221; link_option_url=&#8221;https:\/\/blogi.eoppimispalvelut.fi\/latu\/kuukkeli\/#lautapeli&#8221;]<\/p>\n<h2 style=\"text-align: center\"><b><a title=\"Avaa Kuukkeli-lautapeli.\" href=\"https:\/\/blogi.eoppimispalvelut.fi\/latu\/kuukkeli\/#lautapeli\">Kuukkeli-lautapeli<\/a><\/b><\/h2>\n<p>[\/et_pb_text][\/et_pb_column][et_pb_column type=&#8221;1_2&#8243; _builder_version=&#8221;4.8.2&#8243; _module_preset=&#8221;default&#8221;][et_pb_text admin_label=&#8221;Painike&#8221; _builder_version=&#8221;4.8.2&#8243; _module_preset=&#8221;default&#8221; text_font=&#8221;|700|||||||&#8221; background_color=&#8221;rgba(38,34,78,0.25)&#8221; text_orientation=&#8221;center&#8221; width=&#8221;100%&#8221; max_width=&#8221;100%&#8221; min_height=&#8221;144px&#8221; height=&#8221;144px&#8221; max_height=&#8221;144px&#8221; custom_padding=&#8221;60px||||false|false&#8221; link_option_url=&#8221;https:\/\/askabiologist.asu.edu\/solun-rakenne-peli\/?fbclid=IwAR1unNpbzEH_KnCcxiq_iHAEn2XMxctWZX8zzKs959dRf76Fis0MNuMRbtc&#8221;]<\/p>\n<h2 style=\"text-align: center\"><strong><a title=\"Avaa Solupeli-sivu osoitteessa https:\/\/askabiologist.asu.edu\/solun-rakenne-peli\/?fbclid=IwAR1unNpbzEH_KnCcxiq_iHAEn2XMxctWZX8zzKs959dRf76Fis0MNuMRbtc\" href=\"https:\/\/askabiologist.asu.edu\/solun-rakenne-peli\/?fbclid=IwAR1unNpbzEH_KnCcxiq_iHAEn2XMxctWZX8zzKs959dRf76Fis0MNuMRbtc\">Solupeli<\/a><\/strong><\/h2>\n<p>[\/et_pb_text][et_pb_text admin_label=&#8221;Painike&#8221; _builder_version=&#8221;4.8.2&#8243; _module_preset=&#8221;default&#8221; text_font=&#8221;|700|||||||&#8221; background_color=&#8221;rgba(38,34,78,0.25)&#8221; text_orientation=&#8221;center&#8221; width=&#8221;100%&#8221; max_width=&#8221;100%&#8221; min_height=&#8221;144px&#8221; height=&#8221;144px&#8221; max_height=&#8221;144px&#8221; custom_padding=&#8221;60px||||false|false&#8221; link_option_url=&#8221;https:\/\/askabiologist.asu.edu\/elaman-rakennuspalikat&#8221; hover_enabled=&#8221;0&#8243; custom_padding_last_edited=&#8221;on|phone&#8221; custom_padding_phone=&#8221;45px||||false|false&#8221; sticky_enabled=&#8221;0&#8243;]<\/p>\n<h2 style=\"text-align: center\"><b><a title=\"Avaa El\u00e4m\u00e4n rakennuspalikat -artikkeli (poistuu sivulta)\" href=\"https:\/\/askabiologist.asu.edu\/elaman-rakennuspalikat\">El\u00e4m\u00e4n rakennuspalikat -artikkeli<\/a><\/b><\/h2>\n<p>[\/et_pb_text][\/et_pb_column][\/et_pb_row][\/et_pb_section]<\/p>\n","protected":false},"excerpt":{"rendered":"<p>Kuukkelin j\u00e4ljill\u00e4Kuukkeli-lautapeliSolupeliEl\u00e4m\u00e4n rakennuspalikat -artikkeli<\/p>\n","protected":false},"author":7367,"featured_media":0,"parent":0,"menu_order":0,"comment_status":"closed","ping_status":"closed","template":"","meta":{"_et_pb_use_builder":"on","_et_pb_old_content":"","_et_gb_content_width":"","footnotes":""},"class_list":["post-2079","page","type-page","status-publish","hentry"],"_links":{"self":[{"href":"https:\/\/blogi.eoppimispalvelut.fi\/latu\/wp-json\/wp\/v2\/pages\/2079","targetHints":{"allow":["GET"]}}],"collection":[{"href":"https:\/\/blogi.eoppimispalvelut.fi\/latu\/wp-json\/wp\/v2\/pages"}],"about":[{"href":"https:\/\/blogi.eoppimispalvelut.fi\/latu\/wp-json\/wp\/v2\/types\/page"}],"author":[{"embeddable":true,"href":"https:\/\/blogi.eoppimispalvelut.fi\/latu\/wp-json\/wp\/v2\/users\/7367"}],"replies":[{"embeddable":true,"href":"https:\/\/blogi.eoppimispalvelut.fi\/latu\/wp-json\/wp\/v2\/comments?post=2079"}],"version-history":[{"count":15,"href":"https:\/\/blogi.eoppimispalvelut.fi\/latu\/wp-json\/wp\/v2\/pages\/2079\/revisions"}],"predecessor-version":[{"id":2741,"href":"https:\/\/blogi.eoppimispalvelut.fi\/latu\/wp-json\/wp\/v2\/pages\/2079\/revisions\/2741"}],"wp:attachment":[{"href":"https:\/\/blogi.eoppimispalvelut.fi\/latu\/wp-json\/wp\/v2\/media?parent=2079"}],"curies":[{"name":"wp","href":"https:\/\/api.w.org\/{rel}","templated":true}]}}