{"id":211,"date":"2021-05-14T15:13:14","date_gmt":"2021-05-14T12:13:14","guid":{"rendered":"https:\/\/blogi.eoppimispalvelut.fi\/latu\/?page_id=211"},"modified":"2022-02-09T10:33:20","modified_gmt":"2022-02-09T08:33:20","slug":"valmennusoppi","status":"publish","type":"page","link":"https:\/\/blogi.eoppimispalvelut.fi\/latu\/valmennusoppi\/","title":{"rendered":"Valmennusoppi"},"content":{"rendered":"<p>[et_pb_section fb_built=&#8221;1&#8243; fullwidth=&#8221;on&#8221; _builder_version=&#8221;4.8.2&#8243; _module_preset=&#8221;default&#8221;][et_pb_fullwidth_image src=&#8221;https:\/\/blogi.eoppimispalvelut.fi\/latu\/files\/2022\/01\/Susanna-vuorijuoksu.jpg&#8221; alt=&#8221;Struven ketju&#8221; title_text=&#8221;Susanna vuorijuoksu&#8221; _builder_version=&#8221;4.8.2&#8243; _module_preset=&#8221;default&#8221;][\/et_pb_fullwidth_image][\/et_pb_section][et_pb_section fb_built=&#8221;1&#8243; admin_label=&#8221;Valikko osio&#8221; _builder_version=&#8221;4.8.2&#8243; _module_preset=&#8221;default&#8221; custom_margin=&#8221;80px|30px|24px|30px|false|true&#8221; custom_padding=&#8221;3px|||||&#8221;][et_pb_row admin_label=&#8221;Row&#8221; _builder_version=&#8221;4.8.2&#8243; _module_preset=&#8221;default&#8221;][et_pb_column type=&#8221;4_4&#8243; _builder_version=&#8221;4.8.2&#8243; _module_preset=&#8221;default&#8221;][et_pb_text _builder_version=&#8221;4.8.2&#8243; _module_preset=&#8221;default&#8221;]<\/p>\n<h1><b>Valmennusoppi &#8211; itsetuntemus ja psyykkiset taidot<\/b><\/h1>\n<p>[\/et_pb_text][et_pb_divider color=&#8221;#e20d18&#8243; divider_weight=&#8221;6px&#8221; admin_label=&#8221;Otsikon alusviiva&#8221; _builder_version=&#8221;4.8.2&#8243; _module_preset=&#8221;default&#8221; width=&#8221;40px&#8221; module_alignment=&#8221;left&#8221; custom_margin=&#8221;-25px|0px||0px|false|false&#8221; custom_padding=&#8221;0px|||0px|false|false&#8221; global_module=&#8221;662&#8243; saved_tabs=&#8221;all&#8221;][\/et_pb_divider][et_pb_text _builder_version=&#8221;4.8.2&#8243; _module_preset=&#8221;default&#8221;]<\/p>\n<p><strong>Kuvaus:<\/strong>\u00a0Onnistunut urheilusuoritus on monen asian summa ja psyykkisi\u00e4 taitoja voidaan harjoitella ja kehitt\u00e4\u00e4 kuten muitakin taitoja. N\u00e4iden<span>\u00a0lukion valmennusopin kurssille suunnattujen videoiden ja niihin liittyvien teht\u00e4vien tavoitteena on her\u00e4tt\u00e4\u00e4 mielenkiintoa ja motivaatiota itsetuntemuksen lis\u00e4\u00e4miseen sek\u00e4 psyykkisten taitojen harjoittelemiseen.\u00a0<\/span><\/p>\n<p><strong>Avainsanat:<\/strong> valmennusoppi, psyykkinen valmennus, itsetuntemus, mielikuvat, tavoitteet, itsepuhe, rutiinit, keskittyminen<\/p>\n<p>[\/et_pb_text][\/et_pb_column][\/et_pb_row][\/et_pb_section][et_pb_section fb_built=&#8221;1&#8243; admin_label=&#8221;Valikko&#8221; module_id=&#8221;sisallys&#8221; _builder_version=&#8221;4.8.2&#8243; _module_preset=&#8221;default&#8221; custom_margin=&#8221;0px|30px|24px|30px|false|true&#8221; box_shadow_style=&#8221;preset1&#8243;][et_pb_row column_structure=&#8221;1_2,1_2&#8243; admin_label=&#8221;Row&#8221; _builder_version=&#8221;4.8.2&#8243; _module_preset=&#8221;default&#8221; custom_padding=&#8221;||2px|||&#8221;][et_pb_column type=&#8221;1_2&#8243; _builder_version=&#8221;4.8.2&#8243; _module_preset=&#8221;default&#8221;][et_pb_text admin_label=&#8221;otsikko&#8221; _builder_version=&#8221;4.8.2&#8243; _module_preset=&#8221;default&#8221;]<\/p>\n<h2><strong>Sis\u00e4llys:<\/strong><\/h2>\n<p>[\/et_pb_text][et_pb_divider color=&#8221;#e20d18&#8243; divider_weight=&#8221;6px&#8221; admin_label=&#8221;Otsikon alusviiva&#8221; _builder_version=&#8221;4.8.2&#8243; _module_preset=&#8221;default&#8221; width=&#8221;40px&#8221; module_alignment=&#8221;left&#8221; custom_margin=&#8221;-25px|0px||0px|false|false&#8221; custom_padding=&#8221;0px|||0px|false|false&#8221; global_module=&#8221;662&#8243; saved_tabs=&#8221;all&#8221;][\/et_pb_divider][et_pb_text admin_label=&#8221;Sis\u00e4llysluettelo&#8221; _builder_version=&#8221;4.8.2&#8243; _module_preset=&#8221;default&#8221;]<\/p>\n<h4 style=\"padding-left: 10px\"><strong><a href=\"#maanmittaus\" title=\"Maanmittaus\">\ud83d\udd17 Johdanto<\/a><\/strong><\/h4>\n<h4 style=\"padding-left: 10px\"><strong><a href=\"#yksi\" title=\"Siirry sivulla videomateriaaliin\">\ud83d\udd17 Teht\u00e4v\u00e4 1 <\/a><\/strong><\/h4>\n<h4 style=\"padding-left: 10px\"><strong><a href=\"#kaksi\" title=\"Siirry sivulla Tiivistelm\u00e4 -materiaaliin\">\ud83d\udd17 Teht\u00e4v\u00e4 2 <\/a><\/strong><\/h4>\n<h4 style=\"padding-left: 10px\"><strong><a href=\"#nelja\" title=\"Siirry sivulla Tiivistelm\u00e4 -materiaaliin\"> <\/a><\/strong><\/h4>\n<p>[\/et_pb_text][\/et_pb_column][et_pb_column type=&#8221;1_2&#8243; _builder_version=&#8221;4.8.2&#8243; _module_preset=&#8221;default&#8221;][et_pb_image src=&#8221;https:\/\/blogi.eoppimispalvelut.fi\/latu\/files\/2022\/02\/c-Rovaniemen-kaupunki-Lindholm-Timo.jpg&#8221; alt=&#8221;Maisema Rovaniemen kaupunki, copyright Lindholm Timo\/Rovaniemen kaupunki&#8221; title_text=&#8221;c Rovaniemen kaupunki Lindholm Timo&#8221; _builder_version=&#8221;4.8.2&#8243; _module_preset=&#8221;default&#8221;][\/et_pb_image][\/et_pb_column][\/et_pb_row][\/et_pb_section][et_pb_section fb_built=&#8221;1&#8243; admin_label=&#8221;Teht\u00e4v\u00e4 2&#8243; module_id=&#8221;kaksi&#8221; _builder_version=&#8221;4.8.2&#8243; _module_preset=&#8221;default&#8221; min_height=&#8221;1823.4px&#8221; custom_margin=&#8221;0px|30px|0px|30px|true|true&#8221; box_shadow_style=&#8221;preset1&#8243;][et_pb_row _builder_version=&#8221;4.8.2&#8243; _module_preset=&#8221;default&#8221;][et_pb_column type=&#8221;4_4&#8243; _builder_version=&#8221;4.8.2&#8243; _module_preset=&#8221;default&#8221;][et_pb_text admin_label=&#8221;otsikko&#8221; _builder_version=&#8221;4.8.2&#8243; _module_preset=&#8221;default&#8221;]<\/p>\n<h2><strong>Teht\u00e4v\u00e4 1<\/strong><\/h2>\n<p>[\/et_pb_text][et_pb_divider color=&#8221;#e20d18&#8243; divider_weight=&#8221;6px&#8221; admin_label=&#8221;Otsikon alusviiva&#8221; _builder_version=&#8221;4.8.2&#8243; _module_preset=&#8221;default&#8221; width=&#8221;40px&#8221; module_alignment=&#8221;left&#8221; custom_margin=&#8221;-25px|0px||0px|false|false&#8221; custom_padding=&#8221;0px|||0px|false|false&#8221; global_module=&#8221;662&#8243; saved_tabs=&#8221;all&#8221;][\/et_pb_divider][et_pb_text _builder_version=&#8221;4.8.2&#8243; _module_preset=&#8221;default&#8221; custom_padding=&#8221;|||0px||&#8221;][\/et_pb_text][\/et_pb_column][\/et_pb_row][et_pb_row admin_label=&#8221;Ohje&#8221; _builder_version=&#8221;4.8.2&#8243; _module_preset=&#8221;default&#8221; positioning=&#8221;none&#8221; custom_padding=&#8221;30px|17px||17px||true&#8221; border_width_all=&#8221;15px&#8221; border_color_all=&#8221;#26224E&#8221; collapsed=&#8221;off&#8221;][et_pb_column type=&#8221;4_4&#8243; _builder_version=&#8221;4.8.2&#8243; _module_preset=&#8221;default&#8221;][et_pb_text admin_label=&#8221;Otsikko&#8221; _builder_version=&#8221;4.8.2&#8243; _module_preset=&#8221;default&#8221; text_font=&#8221;||||||||&#8221; header_font=&#8221;|||on|||||&#8221; custom_padding=&#8221;1px|||||&#8221;]<\/p>\n<h3><strong>Katso video:<\/strong><\/h3>\n<h4><b>Tavoitteen asettaminen, mielikuvat ja itsepuhe, kesto: 4:51<\/b><\/h4>\n<p>[\/et_pb_text][et_pb_video src=&#8221;https:\/\/youtu.be\/KAv5-DuNti0&#8243; play_icon_color=&#8221;#e20d18&#8243; _builder_version=&#8221;4.8.2&#8243; _module_preset=&#8221;default&#8221;][\/et_pb_video][\/et_pb_column][\/et_pb_row][et_pb_row admin_label=&#8221;Teht\u00e4v\u00e4nanto 2 m\u00e4\u00e4ritelm\u00e4t&#8221; _builder_version=&#8221;4.8.2&#8243; _module_preset=&#8221;default&#8221; positioning=&#8221;none&#8221; custom_margin=&#8221;15px|auto||auto||&#8221; custom_padding=&#8221;30px|17px||17px||true&#8221; border_width_all=&#8221;15px&#8221; border_color_all=&#8221;#e20d18&#8243; collapsed=&#8221;off&#8221;][et_pb_column type=&#8221;4_4&#8243; _builder_version=&#8221;4.8.2&#8243; _module_preset=&#8221;default&#8221;][et_pb_text admin_label=&#8221;Otsikko&#8221; _builder_version=&#8221;4.8.2&#8243; _module_preset=&#8221;default&#8221; text_font=&#8221;||||||||&#8221; header_font=&#8221;|||on|||||&#8221; custom_padding=&#8221;1px|||||&#8221;]<\/p>\n<h3><b>Pohdittavaksi\u00a0<\/b><\/h3>\n<p>[\/et_pb_text][et_pb_text admin_label=&#8221;Teht\u00e4vien kuvaukset&#8221; _builder_version=&#8221;4.8.2&#8243; _module_preset=&#8221;default&#8221;]<\/p>\n<h5><\/h5>\n<p>Voit pohtia kysymyksi\u00e4 itsen\u00e4isesti, parin tai ryhm\u00e4n kanssa keskustellen.<\/p>\n<p>Tavoitteiden asettaminen<\/p>\n<ol>\n<li>Miksi tavoitteiden asettaminen on t\u00e4rke\u00e4\u00e4?<\/li>\n<li>Selvit\u00e4, mit\u00e4 ovat <a href=\"https:\/\/fi.wikipedia.org\/wiki\/SMART-kriteerit\" title=\"https:\/\/fi.wikipedia.org\/wiki\/SMART-kriteerit\">S.M.A.R.T<\/a> tavoitteet ja pohdi, voisitko hy\u00f6ty\u00e4 niist\u00e4?<\/li>\n<li>Mist\u00e4 tied\u00e4t, ett\u00e4 asettamasi tavoite on sinulle sopiva?<\/li>\n<\/ol>\n<p>Itsepuhe<\/p>\n<ol>\n<li>Mit\u00e4 itsepuheella tarkoitetaan?<\/li>\n<li>Miten videolla esiintyv\u00e4t urheilijat kuvailevat itsepuhetta eri tilanteissa?<\/li>\n<li>Miten kuvailisit omaa sis\u00e4ist\u00e4 puhettasi? Poikkeaako se arjessa ja kilpailu-\/pelitilanteessa?<\/li>\n<li>Voiko sis\u00e4isest\u00e4 puheesta ja\/tai siihen keskittymisest\u00e4 olla haittaa joissain tilanteissa?<\/li>\n<\/ol>\n<p>Keskittyminen<\/p>\n<ol>\n<li>Miten sin\u00e4 saat keskittymisen palaamaan suoritukseen, jos ajatus alkaa harhailla?<\/li>\n<li>Listaa asioita, jotka auttavat sinua keskittym\u00e4\u00e4n suoritukseen.<\/li>\n<li>Listaa asioita, jotka heikent\u00e4v\u00e4t suoritukseen keskittymist\u00e4.<\/li>\n<li>Mill\u00e4 keinoin voisit vahvistaa keskittymist\u00e4 suoritukseen tilanteissa, joissa esiintyy h\u00e4iri\u00f6tekij\u00f6it\u00e4 (ulkoisia tai sis\u00e4isi\u00e4)?<\/li>\n<\/ol>\n<p>Mielikuvat<\/p>\n<ol>\n<li>Mit\u00e4 mielikuvaharjoittelulla tarkoitetaan?<\/li>\n<li>Miksi mielikuvaharjoittelusta voi olla hy\u00f6ty\u00e4 pyritt\u00e4ess\u00e4 optimaaliseen suoritukseen?<\/li>\n<li>Millaisissa harjoitus- tai kilpailutilanteissa voisit hy\u00f6dynt\u00e4\u00e4 mielikuvaharjoittelua?<\/li>\n<\/ol>\n<p>&nbsp;<\/p>\n<p>[\/et_pb_text][\/et_pb_column][\/et_pb_row][\/et_pb_section][et_pb_section fb_built=&#8221;1&#8243; admin_label=&#8221;Teht\u00e4v\u00e4 2&#8243; module_id=&#8221;kaksi&#8221; _builder_version=&#8221;4.8.2&#8243; _module_preset=&#8221;default&#8221; custom_margin=&#8221;30px|30px|30px|30px|true|true&#8221; custom_padding=&#8221;||||false|false&#8221; box_shadow_style=&#8221;preset1&#8243;][et_pb_row _builder_version=&#8221;4.8.2&#8243; _module_preset=&#8221;default&#8221;][et_pb_column type=&#8221;4_4&#8243; _builder_version=&#8221;4.8.2&#8243; _module_preset=&#8221;default&#8221;][et_pb_text admin_label=&#8221;otsikko&#8221; _builder_version=&#8221;4.8.2&#8243; _module_preset=&#8221;default&#8221;]<\/p>\n<h2><strong>Teht\u00e4v\u00e4 2<\/strong><\/h2>\n<p>[\/et_pb_text][et_pb_divider color=&#8221;#e20d18&#8243; divider_weight=&#8221;6px&#8221; admin_label=&#8221;Otsikon alusviiva&#8221; _builder_version=&#8221;4.8.2&#8243; _module_preset=&#8221;default&#8221; width=&#8221;40px&#8221; module_alignment=&#8221;left&#8221; custom_margin=&#8221;-25px|0px||0px|false|false&#8221; custom_padding=&#8221;0px|||0px|false|false&#8221; global_module=&#8221;662&#8243; saved_tabs=&#8221;all&#8221;][\/et_pb_divider][et_pb_text _builder_version=&#8221;4.8.2&#8243; _module_preset=&#8221;default&#8221; custom_padding=&#8221;|||0px||&#8221;][\/et_pb_text][\/et_pb_column][\/et_pb_row][et_pb_row admin_label=&#8221;Ohje&#8221; _builder_version=&#8221;4.8.2&#8243; _module_preset=&#8221;default&#8221; positioning=&#8221;none&#8221; custom_padding=&#8221;30px|17px||17px||true&#8221; border_width_all=&#8221;15px&#8221; border_color_all=&#8221;#26224E&#8221; collapsed=&#8221;off&#8221;][et_pb_column type=&#8221;4_4&#8243; _builder_version=&#8221;4.8.2&#8243; _module_preset=&#8221;default&#8221;][et_pb_text admin_label=&#8221;Otsikko&#8221; _builder_version=&#8221;4.8.2&#8243; _module_preset=&#8221;default&#8221; text_font=&#8221;||||||||&#8221; header_font=&#8221;|||on|||||&#8221; custom_padding=&#8221;1px|||||&#8221;]<\/p>\n<h3><strong>Katso video<\/strong><\/h3>\n<h4><b>Sy\u00f6tt\u00f6rutiini, kesto: 1:40<\/b><\/h4>\n<p>[\/et_pb_text][et_pb_video src=&#8221;https:\/\/youtu.be\/lQv40iiGIBo&#8221; play_icon_color=&#8221;#e20d18&#8243; _builder_version=&#8221;4.8.2&#8243; _module_preset=&#8221;default&#8221;][\/et_pb_video][\/et_pb_column][\/et_pb_row][et_pb_row admin_label=&#8221;Teht\u00e4v\u00e4nanto 2 m\u00e4\u00e4ritelm\u00e4t&#8221; _builder_version=&#8221;4.8.2&#8243; _module_preset=&#8221;default&#8221; positioning=&#8221;none&#8221; custom_margin=&#8221;15px|auto||auto||&#8221; custom_padding=&#8221;30px|17px||17px||true&#8221; border_width_all=&#8221;15px&#8221; border_color_all=&#8221;#e20d18&#8243; collapsed=&#8221;off&#8221;][et_pb_column type=&#8221;4_4&#8243; _builder_version=&#8221;4.8.2&#8243; _module_preset=&#8221;default&#8221;][et_pb_text admin_label=&#8221;Otsikko&#8221; _builder_version=&#8221;4.8.2&#8243; _module_preset=&#8221;default&#8221; text_font=&#8221;||||||||&#8221; header_font=&#8221;|||on|||||&#8221; custom_padding=&#8221;1px|||||&#8221;]<\/p>\n<h3><strong>Pohdittavaksi itsen\u00e4isesti, pareittain tai ryhm\u00e4ss\u00e4<\/strong><\/h3>\n<p>[\/et_pb_text][et_pb_text admin_label=&#8221;Teht\u00e4vien kuvaukset&#8221; _builder_version=&#8221;4.8.2&#8243; _module_preset=&#8221;default&#8221;]Rutiinit<\/p>\n<p>1. Miksi useat urheilijat hy\u00f6dynt\u00e4v\u00e4t rutiineja?<\/li>\n<p>2. Pohdi hy\u00f6tyj\u00e4 ja haittoja, joita rutiineista ja niiden noudattamisesta voi olla.[\/et_pb_text][\/et_pb_column][\/et_pb_row][\/et_pb_section][et_pb_section fb_built=&#8221;1&#8243; _builder_version=&#8221;4.8.2&#8243; _module_preset=&#8221;default&#8221; custom_margin=&#8221;0px|30px|0px|30px|true|true&#8221; custom_padding=&#8221;||3px|||&#8221;][et_pb_row _builder_version=&#8221;4.8.2&#8243; _module_preset=&#8221;default&#8221;][et_pb_column type=&#8221;4_4&#8243; _builder_version=&#8221;4.8.2&#8243; _module_preset=&#8221;default&#8221;][et_pb_text _builder_version=&#8221;4.8.2&#8243; _module_preset=&#8221;default&#8221;]<\/p>\n<h2><strong>Yhteisty\u00f6ss\u00e4<\/strong><\/h2>\n<p>[\/et_pb_text][et_pb_divider color=&#8221;#e20d18&#8243; divider_weight=&#8221;6px&#8221; admin_label=&#8221;Otsikon alusviiva&#8221; _builder_version=&#8221;4.8.2&#8243; _module_preset=&#8221;default&#8221; width=&#8221;40px&#8221; module_alignment=&#8221;left&#8221; custom_margin=&#8221;-25px|0px||0px|false|false&#8221; custom_padding=&#8221;0px|||0px|false|false&#8221; global_module=&#8221;662&#8243; saved_tabs=&#8221;all&#8221;][\/et_pb_divider][\/et_pb_column][\/et_pb_row][\/et_pb_section][et_pb_section fb_built=&#8221;1&#8243; _builder_version=&#8221;4.8.2&#8243; _module_preset=&#8221;default&#8221; custom_margin=&#8221;2px|30px|2px|30px|true|true&#8221; custom_padding=&#8221;3px|||||&#8221;][et_pb_row column_structure=&#8221;1_4,1_4,1_4,1_4&#8243; _builder_version=&#8221;4.8.2&#8243; _module_preset=&#8221;default&#8221;][et_pb_column type=&#8221;1_4&#8243; _builder_version=&#8221;4.8.2&#8243; _module_preset=&#8221;default&#8221;][et_pb_image src=&#8221;https:\/\/blogi.eoppimispalvelut.fi\/latu\/files\/2021\/04\/lapinamk_rgb_lomakekoko.jpg&#8221; alt=&#8221;Lapin ammattikorkeakoulu -logo&#8221; title_text=&#8221;Lapin ammattikorkeakoulu -logo&#8221; align=&#8221;center&#8221; _builder_version=&#8221;4.8.2&#8243; _module_preset=&#8221;default&#8221; max_height=&#8221;80px&#8221;][\/et_pb_image][\/et_pb_column][et_pb_column type=&#8221;1_4&#8243; _builder_version=&#8221;4.8.2&#8243; _module_preset=&#8221;default&#8221;][et_pb_image src=&#8221;https:\/\/blogi.eoppimispalvelut.fi\/latu\/files\/2021\/04\/Ulapland_RGB_vaaka.png&#8221; alt=&#8221;Lapin yliopisto -logo&#8221; title_text=&#8221;Lapin yliopisto -logo&#8221; align=&#8221;center&#8221; _builder_version=&#8221;4.8.2&#8243; _module_preset=&#8221;default&#8221; max_height=&#8221;80px&#8221;][\/et_pb_image][\/et_pb_column][et_pb_column type=&#8221;1_4&#8243; _builder_version=&#8221;4.8.2&#8243; _module_preset=&#8221;default&#8221;][et_pb_text _builder_version=&#8221;4.8.2&#8243; _module_preset=&#8221;default&#8221; hover_enabled=&#8221;0&#8243; sticky_enabled=&#8221;0&#8243;]<\/p>\n<p><img loading=\"lazy\" decoding=\"async\" src=\"https:\/\/blogi.eoppimispalvelut.fi\/latu\/files\/2022\/02\/OTC_Santasport_web_lapinakyva.png\" width=\"400\" height=\"150\" alt=\"\" class=\"wp-image-2435 alignnone size-full\" \/><\/p>\n<p>[\/et_pb_text][\/et_pb_column][et_pb_column type=&#8221;1_4&#8243; _builder_version=&#8221;4.8.2&#8243; _module_preset=&#8221;default&#8221;][et_pb_text _builder_version=&#8221;4.8.2&#8243; _module_preset=&#8221;default&#8221;]<\/p>\n<p><img loading=\"lazy\" decoding=\"async\" src=\"https:\/\/blogi.eoppimispalvelut.fi\/latu\/files\/2022\/02\/WoVo-Rovaniemi-LOGO-900x454.jpg\" width=\"900\" height=\"454\" alt=\"\" class=\"wp-image-2431 alignnone size-medium\" srcset=\"https:\/\/blogi.eoppimispalvelut.fi\/latu\/files\/2022\/02\/WoVo-Rovaniemi-LOGO-900x454.jpg 900w, https:\/\/blogi.eoppimispalvelut.fi\/latu\/files\/2022\/02\/WoVo-Rovaniemi-LOGO-480x242.jpg 480w\" sizes=\"(min-width: 0px) and (max-width: 480px) 480px, (min-width: 481px) 900px, 100vw\" \/><\/p>\n<p>[\/et_pb_text][\/et_pb_column][\/et_pb_row][\/et_pb_section]<\/p>\n","protected":false},"excerpt":{"rendered":"<p>Valmennusoppi &#8211; itsetuntemus ja psyykkiset taidotKuvaus:\u00a0Onnistunut urheilusuoritus on monen asian summa ja psyykkisi\u00e4 taitoja voidaan harjoitella ja kehitt\u00e4\u00e4 kuten muitakin taitoja. N\u00e4iden\u00a0lukion valmennusopin kurssille suunnattujen videoiden ja niihin liittyvien teht\u00e4vien tavoitteena on her\u00e4tt\u00e4\u00e4 mielenkiintoa ja motivaatiota itsetuntemuksen lis\u00e4\u00e4miseen sek\u00e4 psyykkisten taitojen harjoittelemiseen.\u00a0 Avainsanat: valmennusoppi, psyykkinen valmennus, itsetuntemus, mielikuvat, tavoitteet, itsepuhe, rutiinit, keskittyminenSis\u00e4llys:\ud83d\udd17 Johdanto \ud83d\udd17 Teht\u00e4v\u00e4 [&hellip;]<\/p>\n","protected":false},"author":7367,"featured_media":0,"parent":0,"menu_order":0,"comment_status":"closed","ping_status":"closed","template":"","meta":{"_et_pb_use_builder":"on","_et_pb_old_content":"","_et_gb_content_width":"","footnotes":""},"class_list":["post-211","page","type-page","status-publish","hentry"],"_links":{"self":[{"href":"https:\/\/blogi.eoppimispalvelut.fi\/latu\/wp-json\/wp\/v2\/pages\/211","targetHints":{"allow":["GET"]}}],"collection":[{"href":"https:\/\/blogi.eoppimispalvelut.fi\/latu\/wp-json\/wp\/v2\/pages"}],"about":[{"href":"https:\/\/blogi.eoppimispalvelut.fi\/latu\/wp-json\/wp\/v2\/types\/page"}],"author":[{"embeddable":true,"href":"https:\/\/blogi.eoppimispalvelut.fi\/latu\/wp-json\/wp\/v2\/users\/7367"}],"replies":[{"embeddable":true,"href":"https:\/\/blogi.eoppimispalvelut.fi\/latu\/wp-json\/wp\/v2\/comments?post=211"}],"version-history":[{"count":37,"href":"https:\/\/blogi.eoppimispalvelut.fi\/latu\/wp-json\/wp\/v2\/pages\/211\/revisions"}],"predecessor-version":[{"id":2436,"href":"https:\/\/blogi.eoppimispalvelut.fi\/latu\/wp-json\/wp\/v2\/pages\/211\/revisions\/2436"}],"wp:attachment":[{"href":"https:\/\/blogi.eoppimispalvelut.fi\/latu\/wp-json\/wp\/v2\/media?parent=211"}],"curies":[{"name":"wp","href":"https:\/\/api.w.org\/{rel}","templated":true}]}}