{"id":2262,"date":"2022-02-01T14:00:25","date_gmt":"2022-02-01T12:00:25","guid":{"rendered":"https:\/\/blogi.eoppimispalvelut.fi\/latu\/?page_id=2262"},"modified":"2022-04-14T18:10:29","modified_gmt":"2022-04-14T15:10:29","slug":"selkeakielisia-sanastoja-eri-oppiaineisiin","status":"publish","type":"page","link":"https:\/\/blogi.eoppimispalvelut.fi\/latu\/selkeakielisia-sanastoja-eri-oppiaineisiin\/","title":{"rendered":"Selke\u00e4kielisi\u00e4 sanastoja eri oppiaineisiin"},"content":{"rendered":"<p>[et_pb_section fb_built=&#8221;1&#8243; admin_label=&#8221;Valikko osio&#8221; _builder_version=&#8221;4.8.2&#8243; _module_preset=&#8221;default&#8221; background_enable_image=&#8221;off&#8221; background_size=&#8221;contain&#8221; custom_margin=&#8221;-1px|30px|-1px|30px|true|true&#8221;][et_pb_row column_structure=&#8221;1_2,1_2&#8243; admin_label=&#8221;Row&#8221; _builder_version=&#8221;4.8.2&#8243; _module_preset=&#8221;default&#8221; background_enable_image=&#8221;off&#8221; background_size=&#8221;contain&#8221; background_position=&#8221;center_right&#8221; background_last_edited=&#8221;off|desktop&#8221; background_enable_image_tablet=&#8221;off&#8221; background_enable_image_phone=&#8221;off&#8221;][et_pb_column type=&#8221;1_2&#8243; _builder_version=&#8221;4.8.2&#8243; _module_preset=&#8221;default&#8221; custom_padding=&#8221;|0px|||false|false&#8221;][et_pb_text _builder_version=&#8221;4.8.2&#8243; _module_preset=&#8221;default&#8221;]<\/p>\n<h1>Selke\u00e4kielisi\u00e4 sanastoja eri oppiaineisiin<\/h1>\n<p>[\/et_pb_text][et_pb_divider color=&#8221;#e20d18&#8243; divider_weight=&#8221;6px&#8221; admin_label=&#8221;Otsikon alusviiva&#8221; _builder_version=&#8221;4.8.2&#8243; _module_preset=&#8221;default&#8221; width=&#8221;40px&#8221; module_alignment=&#8221;left&#8221; custom_margin=&#8221;-25px|0px||0px|false|false&#8221; custom_padding=&#8221;0px|||0px|false|false&#8221; global_module=&#8221;662&#8243; saved_tabs=&#8221;all&#8221;][\/et_pb_divider][et_pb_text admin_label=&#8221;Johdanto materiaaliin&#8221; _builder_version=&#8221;4.8.2&#8243; _module_preset=&#8221;default&#8221; background_enable_color=&#8221;off&#8221; custom_padding=&#8221;||0px|||&#8221;]T\u00e4lle sivulle on koottu selke\u00e4kielisi\u00e4 sanastoja helpottamaan lukion eri oppiaineiden opiskelua. Ottamalla perusk\u00e4sitteet haltuun osaat jo paljon! Sanastot on laadittu yhteisty\u00f6ss\u00e4 aineen- ja kieltenopettajien kanssa. Sanastoja voivat hy\u00f6dynt\u00e4\u00e4 kaikki opiskelijat ja opettajat.[\/et_pb_text][et_pb_text _builder_version=&#8221;4.8.2&#8243; _module_preset=&#8221;default&#8221;]<\/p>\n<p><strong>Aiheet:<\/strong> Yhteiskuntaoppi, filosofia, terveystieto, matematiikka, biologia ja maantiede<\/p>\n<p>[\/et_pb_text][\/et_pb_column][et_pb_column type=&#8221;1_2&#8243; _builder_version=&#8221;4.8.2&#8243; _module_preset=&#8221;default&#8221; background_image=&#8221;https:\/\/blogi.eoppimispalvelut.fi\/latu\/files\/2022\/01\/Kuukkeli.png&#8221; background_size=&#8221;contain&#8221;][et_pb_image src=&#8221;https:\/\/blogi.eoppimispalvelut.fi\/latu\/files\/2022\/02\/Kuukkeli-2.png&#8221; alt=&#8221;Kuukkelit lumisessa mets\u00e4ss\u00e4 tyylireunuksin, Posio 2010, Kuva Jorma Luhta leuku_jl_2307&#8243; title_text=&#8221;Kuukkeli 2&#8243; _builder_version=&#8221;4.8.2&#8243; _module_preset=&#8221;default&#8221;][\/et_pb_image][\/et_pb_column][\/et_pb_row][\/et_pb_section][et_pb_section fb_built=&#8221;1&#8243; admin_label=&#8221;Valikko&#8221; module_id=&#8221;sisallys&#8221; _builder_version=&#8221;4.8.2&#8243; _module_preset=&#8221;default&#8221; custom_margin=&#8221;-1px|30px|-1px|30px|true|true&#8221; box_shadow_style=&#8221;preset1&#8243;][et_pb_row column_structure=&#8221;1_2,1_2&#8243; admin_label=&#8221;Row&#8221; _builder_version=&#8221;4.8.2&#8243; _module_preset=&#8221;default&#8221;][et_pb_column type=&#8221;1_2&#8243; _builder_version=&#8221;4.8.2&#8243; _module_preset=&#8221;default&#8221;][et_pb_text admin_label=&#8221;otsikko&#8221; _builder_version=&#8221;4.8.2&#8243; _module_preset=&#8221;default&#8221;]<\/p>\n<h2><strong>Ladattavat sanastot:<\/strong><\/h2>\n<p>[\/et_pb_text][et_pb_divider color=&#8221;#e20d18&#8243; divider_weight=&#8221;6px&#8221; admin_label=&#8221;Otsikon alusviiva&#8221; _builder_version=&#8221;4.8.2&#8243; _module_preset=&#8221;default&#8221; width=&#8221;40px&#8221; module_alignment=&#8221;left&#8221; custom_margin=&#8221;-25px|0px||0px|false|false&#8221; custom_padding=&#8221;0px|||0px|false|false&#8221; global_module=&#8221;662&#8243; saved_tabs=&#8221;all&#8221;][\/et_pb_divider][et_pb_text admin_label=&#8221;Sis\u00e4llysluettelo&#8221; _builder_version=&#8221;4.8.2&#8243; _module_preset=&#8221;default&#8221;]<\/p>\n<p><a href=\"https:\/\/blogi.eoppimispalvelut.fi\/latu\/files\/2022\/03\/FI1-moduulin-kasitteet-1.pdf\" rel=\"attachment wp-att-2586\">&gt; FI1-moduulin k\u00e4sitteet (pdf)<\/a><\/p>\n<p><a href=\"https:\/\/blogi.eoppimispalvelut.fi\/latu\/files\/2022\/03\/FI2-moduulin-kasitteet.pdf\" rel=\"attachment wp-att-2589\">&gt; FI2-moduulin k\u00e4sitteet (pdf)<\/a><\/p>\n<p><a title=\"Lataa TE k\u00e4sitteet -tiedosto (pdf)\" href=\"https:\/\/blogi.eoppimispalvelut.fi\/latu\/files\/2022\/02\/Sanasto-terveystieto.pdf\">&gt; TE k\u00e4sitteet (pdf)<\/a><\/p>\n<p><a href=\"https:\/\/blogi.eoppimispalvelut.fi\/latu\/files\/2022\/03\/YH-2-moduulin-kasitteet.pdf\" rel=\"attachment wp-att-2590\">&gt; YH 2 -moduulin k\u00e4sitteet (pdf)<\/a><\/p>\n<p><a href=\"https:\/\/blogi.eoppimispalvelut.fi\/latu\/files\/2022\/03\/YH3-moduulin-kasitteet.pdf\" rel=\"attachment wp-att-2591\">&gt; YH3-moduulin k\u00e4sitteet (pdf)<\/a><\/p>\n<p><a title=\"Lataa BI 1 -moduulin k\u00e4sitteet -tiedosto (pdf)\" href=\"https:\/\/blogi.eoppimispalvelut.fi\/latu\/files\/2022\/02\/BI-1-moduulin-kasitteita.pdf\">&gt; BI 1 -moduulin k\u00e4sitteet (pdf)<\/a><\/p>\n<p><a title=\"Lataa Ge 1 -moduulin k\u00e4sitteet -tiedosto (pdf)\" href=\"https:\/\/blogi.eoppimispalvelut.fi\/latu\/files\/2022\/02\/Ge1-kasitteet.pdf\">&gt; Ge 1 -moduulin k\u00e4sitteet (pdf)<\/a><\/p>\n<p><a title=\"Lataa MAY 1 -kurssin k\u00e4sitteet -tiedosto (pdf)\" href=\"https:\/\/blogi.eoppimispalvelut.fi\/latu\/files\/2022\/02\/MAY-1-kurssi.pdf\">&gt; MAY 1 -kurssin k\u00e4sitteet (pdf)<\/a><\/p>\n<p><a title=\"Lataa MAB 2 -moduulin k\u00e4sitteet -tiedosto (pdf)\" href=\"https:\/\/blogi.eoppimispalvelut.fi\/latu\/files\/2022\/02\/MAB-2.pdf\">&gt; MAB 2 -moduulin k\u00e4sitteet (pdf)<\/a><\/p>\n<p><a title=\"Lataa MAA 2 -moduulin k\u00e4sitteet -tiedosto (pdf)\" href=\"https:\/\/blogi.eoppimispalvelut.fi\/latu\/files\/2022\/02\/MAA-2.pdf\">&gt; MAA 2 -moduulin k\u00e4sitteet (pdf)<\/a><\/p>\n<p><a href=\"https:\/\/blogi.eoppimispalvelut.fi\/latu\/files\/2022\/04\/MAB-3-ja-MAA-3.pdf\" rel=\"attachment wp-att-2755\">&gt; MAB 3 ja MAA 3 -moduulien k\u00e4sitteet (pdf)<\/a><\/p>\n<p>&nbsp;<\/p>\n<p>[\/et_pb_text][\/et_pb_column][et_pb_column type=&#8221;1_2&#8243; _builder_version=&#8221;4.8.2&#8243; _module_preset=&#8221;default&#8221;][et_pb_image src=&#8221;https:\/\/blogi.eoppimispalvelut.fi\/latu\/files\/2022\/02\/Kuukkeli-kampan-hyva-haltia-Sodankyla-1987-Kuva-Jorma-Luhta-leuku_jl_0131.jpg&#8221; alt=&#8221;Kuukkeli, k\u00e4mp\u00e4n hyv\u00e4 haltia, Sodankyl\u00e4 1987 Kuva Jorma Luhta leuku_jl_0131&#8243; title_text=&#8221;Kuukkeli, k\u00e4mp\u00e4n hyv\u00e4 haltia, Sodankyl\u00e4 1987 Kuva Jorma Luhta leuku_jl_0131&#8243; align=&#8221;center&#8221; _builder_version=&#8221;4.8.2&#8243; _module_preset=&#8221;default&#8221; custom_padding=&#8221;63px||||false|false&#8221; custom_padding_tablet=&#8221;&#8221; custom_padding_phone=&#8221;&#8221; custom_padding_last_edited=&#8221;on|tablet&#8221;][\/et_pb_image][\/et_pb_column][\/et_pb_row][\/et_pb_section][et_pb_section fb_built=&#8221;1&#8243; _builder_version=&#8221;4.8.2&#8243; _module_preset=&#8221;default&#8221; custom_padding=&#8221;0px|||||&#8221;][et_pb_row _builder_version=&#8221;4.8.2&#8243; _module_preset=&#8221;default&#8221;][et_pb_column type=&#8221;4_4&#8243; _builder_version=&#8221;4.8.2&#8243; _module_preset=&#8221;default&#8221;][et_pb_text _builder_version=&#8221;4.8.2&#8243; _module_preset=&#8221;default&#8221;]<\/p>\n<h2><strong>Yhteisty\u00f6ss\u00e4<\/strong><\/h2>\n<p>[\/et_pb_text][et_pb_divider color=&#8221;#e20d18&#8243; divider_weight=&#8221;6px&#8221; admin_label=&#8221;Otsikon alusviiva&#8221; _builder_version=&#8221;4.8.2&#8243; _module_preset=&#8221;default&#8221; width=&#8221;40px&#8221; module_alignment=&#8221;left&#8221; custom_margin=&#8221;-25px|0px||0px|false|false&#8221; custom_padding=&#8221;0px|||0px|false|false&#8221; global_module=&#8221;662&#8243; saved_tabs=&#8221;all&#8221;][\/et_pb_divider][et_pb_text _builder_version=&#8221;4.8.2&#8243; _module_preset=&#8221;default&#8221; hover_enabled=&#8221;0&#8243; sticky_enabled=&#8221;0&#8243;]<\/p>\n<p>Jutta Kemppainen-Nousiainen<br \/> Ulla Lauhava<br \/> Terhi Pernu<br \/> Anna-Sofia Konttaniemi<br \/> Adela Ratiu<\/p>\n<p>Minttu Rahkola<\/p>\n<p>&nbsp;<\/p>\n<p>[\/et_pb_text][\/et_pb_column][\/et_pb_row][\/et_pb_section]<\/p>\n","protected":false},"excerpt":{"rendered":"<p>Selke\u00e4kielisi\u00e4 sanastoja eri oppiaineisiinT\u00e4lle sivulle on koottu selke\u00e4kielisi\u00e4 sanastoja helpottamaan lukion eri oppiaineiden opiskelua. Ottamalla perusk\u00e4sitteet haltuun osaat jo paljon! Sanastot on laadittu yhteisty\u00f6ss\u00e4 aineen- ja kieltenopettajien kanssa. Sanastoja voivat hy\u00f6dynt\u00e4\u00e4 kaikki opiskelijat ja opettajat.Aiheet: Yhteiskuntaoppi, filosofia, terveystieto, matematiikka, biologia ja maantiedeLadattavat sanastot:&gt; FI1-moduulin k\u00e4sitteet (pdf) &gt; FI2-moduulin k\u00e4sitteet (pdf) &gt; TE k\u00e4sitteet (pdf) &gt; [&hellip;]<\/p>\n","protected":false},"author":7367,"featured_media":0,"parent":0,"menu_order":0,"comment_status":"closed","ping_status":"closed","template":"","meta":{"_et_pb_use_builder":"on","_et_pb_old_content":"","_et_gb_content_width":"","footnotes":""},"class_list":["post-2262","page","type-page","status-publish","hentry"],"_links":{"self":[{"href":"https:\/\/blogi.eoppimispalvelut.fi\/latu\/wp-json\/wp\/v2\/pages\/2262","targetHints":{"allow":["GET"]}}],"collection":[{"href":"https:\/\/blogi.eoppimispalvelut.fi\/latu\/wp-json\/wp\/v2\/pages"}],"about":[{"href":"https:\/\/blogi.eoppimispalvelut.fi\/latu\/wp-json\/wp\/v2\/types\/page"}],"author":[{"embeddable":true,"href":"https:\/\/blogi.eoppimispalvelut.fi\/latu\/wp-json\/wp\/v2\/users\/7367"}],"replies":[{"embeddable":true,"href":"https:\/\/blogi.eoppimispalvelut.fi\/latu\/wp-json\/wp\/v2\/comments?post=2262"}],"version-history":[{"count":16,"href":"https:\/\/blogi.eoppimispalvelut.fi\/latu\/wp-json\/wp\/v2\/pages\/2262\/revisions"}],"predecessor-version":[{"id":2761,"href":"https:\/\/blogi.eoppimispalvelut.fi\/latu\/wp-json\/wp\/v2\/pages\/2262\/revisions\/2761"}],"wp:attachment":[{"href":"https:\/\/blogi.eoppimispalvelut.fi\/latu\/wp-json\/wp\/v2\/media?parent=2262"}],"curies":[{"name":"wp","href":"https:\/\/api.w.org\/{rel}","templated":true}]}}