{"id":2453,"date":"2022-02-15T11:54:46","date_gmt":"2022-02-15T09:54:46","guid":{"rendered":"https:\/\/blogi.eoppimispalvelut.fi\/latu\/?page_id=2453"},"modified":"2022-02-15T11:57:39","modified_gmt":"2022-02-15T09:57:39","slug":"ohjeita-opettajalle","status":"publish","type":"page","link":"https:\/\/blogi.eoppimispalvelut.fi\/latu\/ohjeita-opettajalle\/","title":{"rendered":"Ohjeita opettajalle"},"content":{"rendered":"<p>[et_pb_section fb_built=&#8221;1&#8243; admin_label=&#8221;section&#8221; _builder_version=&#8221;3.22&#8243;][et_pb_row column_structure=&#8221;1_2,1_2&#8243; admin_label=&#8221;row&#8221; _builder_version=&#8221;3.25&#8243; background_size=&#8221;initial&#8221; background_position=&#8221;top_left&#8221; background_repeat=&#8221;repeat&#8221;][et_pb_column type=&#8221;1_2&#8243; _builder_version=&#8221;3.25&#8243; custom_padding=&#8221;|||&#8221; custom_padding__hover=&#8221;|||&#8221;][et_pb_text admin_label=&#8221;otsikko&#8221; _builder_version=&#8221;4.8.2&#8243; _module_preset=&#8221;default&#8221;]<\/p>\n<h1>Ohjeita opettajalle<\/h1>\n<p>[\/et_pb_text][et_pb_divider color=&#8221;#e20d18&#8243; divider_weight=&#8221;6px&#8221; admin_label=&#8221;Otsikon alusviiva&#8221; _builder_version=&#8221;4.8.2&#8243; _module_preset=&#8221;default&#8221; width=&#8221;40px&#8221; module_alignment=&#8221;left&#8221; custom_margin=&#8221;-25px|0px||0px|false|false&#8221; custom_padding=&#8221;0px|||0px|false|false&#8221; global_module=&#8221;662&#8243; saved_tabs=&#8221;all&#8221;][\/et_pb_divider][et_pb_text admin_label=&#8221;Text&#8221; _builder_version=&#8221;4.8.2&#8243; background_size=&#8221;initial&#8221; background_position=&#8221;top_left&#8221; background_repeat=&#8221;repeat&#8221;]<\/p>\n<p>Sivusto sis\u00e4lt\u00e4\u00e4 opetusmateriaalia lukion opetussuunnitelman sis\u00e4lt\u00f6ihin. Navigoidaksesi sivulla l\u00f6yd\u00e4t valikon yl\u00e4palkista ja sivukartan sivujen alaosasta.<\/p>\n<p>Sivusto sis\u00e4lt\u00e4\u00e4 siihen upotettuja sis\u00e4lt\u00f6j\u00e4, joita ovat mm. H5P-materiaalit sek\u00e4 YouTube-videot. Jos jokin upotetuista materiaaleista ei n\u00e4y, tarkista ovathan ev\u00e4steet sallittu selaimessasi.<\/p>\n<p>Materiaalit ovat tarkoitettu opetusk\u00e4ytt\u00f6\u00f6n ja voit jakaa linkkej\u00e4 sivustoihin tai niiden osiin.<\/p>\n<p>[\/et_pb_text][\/et_pb_column][et_pb_column type=&#8221;1_2&#8243; _builder_version=&#8221;3.25&#8243; custom_padding=&#8221;|||&#8221; custom_padding__hover=&#8221;|||&#8221;][\/et_pb_column][\/et_pb_row][\/et_pb_section]<\/p>\n","protected":false},"excerpt":{"rendered":"<p>Ohjeita opettajalleSivusto sis\u00e4lt\u00e4\u00e4 opetusmateriaalia lukion opetussuunnitelman sis\u00e4lt\u00f6ihin. Navigoidaksesi sivulla l\u00f6yd\u00e4t valikon yl\u00e4palkista ja sivukartan sivujen alaosasta. Sivusto sis\u00e4lt\u00e4\u00e4 siihen upotettuja sis\u00e4lt\u00f6j\u00e4, joita ovat mm. H5P-materiaalit sek\u00e4 YouTube-videot. Jos jokin upotetuista materiaaleista ei n\u00e4y, tarkista ovathan ev\u00e4steet sallittu selaimessasi. Materiaalit ovat tarkoitettu opetusk\u00e4ytt\u00f6\u00f6n ja voit jakaa linkkej\u00e4 sivustoihin tai niiden osiin.<\/p>\n","protected":false},"author":7367,"featured_media":0,"parent":0,"menu_order":0,"comment_status":"closed","ping_status":"closed","template":"","meta":{"_et_pb_use_builder":"on","_et_pb_old_content":"","_et_gb_content_width":"","footnotes":""},"class_list":["post-2453","page","type-page","status-publish","hentry"],"_links":{"self":[{"href":"https:\/\/blogi.eoppimispalvelut.fi\/latu\/wp-json\/wp\/v2\/pages\/2453","targetHints":{"allow":["GET"]}}],"collection":[{"href":"https:\/\/blogi.eoppimispalvelut.fi\/latu\/wp-json\/wp\/v2\/pages"}],"about":[{"href":"https:\/\/blogi.eoppimispalvelut.fi\/latu\/wp-json\/wp\/v2\/types\/page"}],"author":[{"embeddable":true,"href":"https:\/\/blogi.eoppimispalvelut.fi\/latu\/wp-json\/wp\/v2\/users\/7367"}],"replies":[{"embeddable":true,"href":"https:\/\/blogi.eoppimispalvelut.fi\/latu\/wp-json\/wp\/v2\/comments?post=2453"}],"version-history":[{"count":6,"href":"https:\/\/blogi.eoppimispalvelut.fi\/latu\/wp-json\/wp\/v2\/pages\/2453\/revisions"}],"predecessor-version":[{"id":2462,"href":"https:\/\/blogi.eoppimispalvelut.fi\/latu\/wp-json\/wp\/v2\/pages\/2453\/revisions\/2462"}],"wp:attachment":[{"href":"https:\/\/blogi.eoppimispalvelut.fi\/latu\/wp-json\/wp\/v2\/media?parent=2453"}],"curies":[{"name":"wp","href":"https:\/\/api.w.org\/{rel}","templated":true}]}}