{"id":2480,"date":"2022-02-15T15:26:17","date_gmt":"2022-02-15T13:26:17","guid":{"rendered":"https:\/\/blogi.eoppimispalvelut.fi\/latu\/?page_id=2480"},"modified":"2023-01-05T15:59:07","modified_gmt":"2023-01-05T13:59:07","slug":"latu-hanke","status":"publish","type":"page","link":"https:\/\/blogi.eoppimispalvelut.fi\/latu\/latu-hanke\/","title":{"rendered":"LaTu-hanke"},"content":{"rendered":"<p>[et_pb_section fb_built=&#8221;1&#8243; fullwidth=&#8221;on&#8221; _builder_version=&#8221;4.16&#8243; _module_preset=&#8221;default&#8221; global_colors_info=&#8221;{}&#8221;][et_pb_fullwidth_header title=&#8221;LaTu-hanke&#8221; button_one_url=&#8221;https:\/\/blogi.eoppimispalvelut.fi\/latu\/oppimateriaalit\/&#8221; button_two_url=&#8221;https:\/\/blogi.eoppimispalvelut.fi\/latu\/korkeakoulu-ja-tyoelamayhteistyo\/&#8221; background_overlay_color=&#8221;rgba(255,255,255,0.75)&#8221; admin_label=&#8221;Fullwidth Header&#8221; _builder_version=&#8221;4.16&#8243; _module_preset=&#8221;default&#8221; title_font=&#8221;|800|||||||&#8221; title_font_size=&#8221;60px&#8221; background_image=&#8221;https:\/\/blogi.eoppimispalvelut.fi\/latu\/files\/2021\/06\/IMG_2521-scaled.jpg&#8221; parallax=&#8221;on&#8221; custom_button_one=&#8221;on&#8221; button_one_bg_color=&#8221;#e20d18&#8243; button_one_border_color=&#8221;#e20d18&#8243; button_one_font=&#8221;|700|||||||&#8221; button_one_on_hover=&#8221;off&#8221; custom_button_two=&#8221;on&#8221; button_two_bg_color=&#8221;#e20d18&#8243; button_two_border_color=&#8221;#e20d18&#8243; button_two_font=&#8221;|700|||||||&#8221; button_two_on_hover=&#8221;off&#8221; background_layout=&#8221;light&#8221; title_font_size_tablet=&#8221;&#8221; title_font_size_phone=&#8221;34px&#8221; title_font_size_last_edited=&#8221;on|phone&#8221; global_colors_info=&#8221;{}&#8221;][\/et_pb_fullwidth_header][\/et_pb_section][et_pb_section fb_built=&#8221;1&#8243; _builder_version=&#8221;4.16&#8243; background_color=&#8221;rgba(0,0,0,0.01)&#8221; custom_margin=&#8221;1px|||||&#8221; custom_padding=&#8221;||0px|||&#8221; top_divider_style=&#8221;wave2&#8243; top_divider_color=&#8221;RGBA(0,0,0,0)&#8221; top_divider_height=&#8221;0px&#8221; top_divider_height_last_edited=&#8221;off|desktop&#8221; animation_style=&#8221;slide&#8221; animation_direction=&#8221;left&#8221; animation_intensity_slide=&#8221;1%&#8221; global_colors_info=&#8221;{}&#8221;][et_pb_row column_structure=&#8221;1_2,1_2&#8243; _builder_version=&#8221;4.16&#8243; background_size=&#8221;initial&#8221; background_position=&#8221;top_left&#8221; background_repeat=&#8221;repeat&#8221; custom_margin=&#8221;0px|auto||auto||&#8221; custom_padding=&#8221;0px||30px|||&#8221; global_colors_info=&#8221;{}&#8221;][et_pb_column type=&#8221;1_2&#8243; _builder_version=&#8221;4.16&#8243; custom_padding=&#8221;|||&#8221; global_colors_info=&#8221;{}&#8221; custom_padding__hover=&#8221;|||&#8221;][et_pb_text _builder_version=&#8221;4.16&#8243; background_size=&#8221;initial&#8221; background_position=&#8221;top_left&#8221; background_repeat=&#8221;repeat&#8221; custom_margin=&#8221;||2px|||&#8221; global_colors_info=&#8221;{}&#8221;]<\/p>\n<p>Rovaniemen kaupunki on saanut opetushallitukselta valtionavustusta lukion oppimateriaalihankkeeseen ajalle 1.2.2021 \u2013 31.12.2021. Hankkeessa edistet\u00e4\u00e4n laaja-alaista osaamista ja vahvistetaan tulevaisuustaitoja sek\u00e4 kehitet\u00e4\u00e4n korkeakoulu- ja ty\u00f6el\u00e4m\u00e4yhteisty\u00f6t\u00e4 lukion uuden opetussuunnitelman mukaisesti. Hanketta on jatkettu 31.3.2022 asti.<\/p>\n<p>Hankkeen keskeisen\u00e4 tuotoksena syntyi digitaalista oppimateriaalia, joka jaettiin avoimesti k\u00e4ytt\u00f6\u00f6n. Materiaalia eri oppiaineisiin tuotettiin yhteisty\u00f6ss\u00e4 Lyseonpuiston- ja Ounasvaaran lukion opettajien, opiskelijoiden sek\u00e4 ty\u00f6el\u00e4m\u00e4n ja korkeakoulujen edustajien kanssa. Materiaalin keskeisen\u00e4 ajatuksena on vahvistaa yhteytt\u00e4 lukio-opintojen sek\u00e4 ty\u00f6el\u00e4m\u00e4ss\u00e4 tarvittavan osaamisen v\u00e4lill\u00e4.<\/p>\n<p>[\/et_pb_text][\/et_pb_column][et_pb_column type=&#8221;1_2&#8243; _builder_version=&#8221;4.16&#8243; custom_padding=&#8221;|||&#8221; global_colors_info=&#8221;{}&#8221; custom_padding__hover=&#8221;|||&#8221;][et_pb_image src=&#8221;https:\/\/blogi.eoppimispalvelut.fi\/latu\/files\/2021\/04\/cropped-LaTu-mini-ikoni.png&#8221; alt=&#8221;Lyhenne &#8221;LaTu&#8221; sanoista &#8221;laaja-alainen&#8221; ja &#8221;tulevaisuustaidot&#8221; tumman sinisell\u00e4 pohjalla.&#8221; title_text=&#8221;LaTu -logo&#8221; align=&#8221;center&#8221; src_tablet=&#8221;&#8221; src_phone=&#8221;&#8221; src_last_edited=&#8221;on|phone&#8221; _builder_version=&#8221;4.16&#8243; _module_preset=&#8221;default&#8221; width=&#8221;20%&#8221; width_tablet=&#8221;&#8221; width_phone=&#8221;&#8221; width_last_edited=&#8221;on|phone&#8221; global_colors_info=&#8221;{}&#8221;][\/et_pb_image][et_pb_text _builder_version=&#8221;4.16&#8243; background_size=&#8221;initial&#8221; background_position=&#8221;top_left&#8221; background_repeat=&#8221;repeat&#8221; custom_margin=&#8221;||2px|||&#8221; global_colors_info=&#8221;{}&#8221;]<\/p>\n<p>Tuotettu oppimateriaali sis\u00e4lt\u00e4\u00e4 podcasteja, teksti\u00e4, kuvia, teht\u00e4vi\u00e4, taiteiden tiedekunnan kanssa tuotettavia videoita sek\u00e4 opettajien materiaalia.<\/p>\n<p>Hankekoordinaattoreina toimivat Katri Kykyri ja Pekka Muotka. Hanke toteutettiin yhteisty\u00f6ss\u00e4 Lapin ammattikorkeakoulun ja Lapin yliopiston kanssa.<\/p>\n<p>[\/et_pb_text][\/et_pb_column][\/et_pb_row][\/et_pb_section][et_pb_section fb_built=&#8221;1&#8243; _builder_version=&#8221;4.16&#8243; _module_preset=&#8221;default&#8221; custom_margin=&#8221;-1px|30px|-1px|30px|true|true&#8221; custom_padding=&#8221;15px||3px|||&#8221; global_colors_info=&#8221;{}&#8221;][et_pb_row _builder_version=&#8221;4.16&#8243; _module_preset=&#8221;default&#8221; global_colors_info=&#8221;{}&#8221;][et_pb_column type=&#8221;4_4&#8243; _builder_version=&#8221;4.16&#8243; _module_preset=&#8221;default&#8221; global_colors_info=&#8221;{}&#8221;][et_pb_social_media_follow _builder_version=&#8221;4.16&#8243; _module_preset=&#8221;default&#8221; global_colors_info=&#8221;{}&#8221;][et_pb_social_media_follow_network social_network=&#8221;facebook&#8221; url=&#8221;https:\/\/www.facebook.com\/latuhanke2021\/&#8221; _builder_version=&#8221;4.16&#8243; _module_preset=&#8221;default&#8221; background_color=&#8221;#3b5998&#8243; global_colors_info=&#8221;{}&#8221; follow_button=&#8221;off&#8221; url_new_window=&#8221;on&#8221;]facebook[\/et_pb_social_media_follow_network][et_pb_social_media_follow_network social_network=&#8221;youtube&#8221; url=&#8221;https:\/\/www.youtube.com\/channel\/UCyQkmA1Qm2aoWxMe0YjvRlg\/featured&#8221; _builder_version=&#8221;4.16&#8243; _module_preset=&#8221;default&#8221; background_color=&#8221;#a82400&#8243; global_colors_info=&#8221;{}&#8221; follow_button=&#8221;off&#8221; url_new_window=&#8221;on&#8221;]youtube[\/et_pb_social_media_follow_network][et_pb_social_media_follow_network social_network=&#8221;rss&#8221; url=&#8221;https:\/\/soundcloud.com\/lukiomateriaali&#8221; _builder_version=&#8221;4.16&#8243; _module_preset=&#8221;default&#8221; background_color=&#8221;#ff8a3c&#8221; global_colors_info=&#8221;{}&#8221; follow_button=&#8221;off&#8221; url_new_window=&#8221;on&#8221;]rss[\/et_pb_social_media_follow_network][et_pb_social_media_follow_network social_network=&#8221;instagram&#8221; url=&#8221;https:\/\/www.instagram.com\/latuhanke2021\/&#8221; _builder_version=&#8221;4.16&#8243; _module_preset=&#8221;default&#8221; background_color=&#8221;#ea2c59&#8243; global_colors_info=&#8221;{}&#8221; follow_button=&#8221;off&#8221; url_new_window=&#8221;on&#8221;]instagram[\/et_pb_social_media_follow_network][\/et_pb_social_media_follow][\/et_pb_column][\/et_pb_row][\/et_pb_section]<\/p>\n","protected":false},"excerpt":{"rendered":"<p>Rovaniemen kaupunki on saanut opetushallitukselta valtionavustusta lukion oppimateriaalihankkeeseen ajalle 1.2.2021 \u2013 31.12.2021. Hankkeessa edistet\u00e4\u00e4n laaja-alaista osaamista ja vahvistetaan tulevaisuustaitoja sek\u00e4 kehitet\u00e4\u00e4n korkeakoulu- ja ty\u00f6el\u00e4m\u00e4yhteisty\u00f6t\u00e4 lukion uuden opetussuunnitelman mukaisesti. Hanketta on jatkettu 31.3.2022 asti. Hankkeen keskeisen\u00e4 tuotoksena syntyi digitaalista oppimateriaalia, joka jaettiin avoimesti k\u00e4ytt\u00f6\u00f6n. Materiaalia eri oppiaineisiin tuotettiin yhteisty\u00f6ss\u00e4 Lyseonpuiston- ja Ounasvaaran lukion opettajien, opiskelijoiden sek\u00e4 [&hellip;]<\/p>\n","protected":false},"author":7367,"featured_media":0,"parent":0,"menu_order":0,"comment_status":"closed","ping_status":"closed","template":"","meta":{"_et_pb_use_builder":"on","_et_pb_old_content":"","_et_gb_content_width":"","footnotes":""},"class_list":["post-2480","page","type-page","status-publish","hentry"],"_links":{"self":[{"href":"https:\/\/blogi.eoppimispalvelut.fi\/latu\/wp-json\/wp\/v2\/pages\/2480","targetHints":{"allow":["GET"]}}],"collection":[{"href":"https:\/\/blogi.eoppimispalvelut.fi\/latu\/wp-json\/wp\/v2\/pages"}],"about":[{"href":"https:\/\/blogi.eoppimispalvelut.fi\/latu\/wp-json\/wp\/v2\/types\/page"}],"author":[{"embeddable":true,"href":"https:\/\/blogi.eoppimispalvelut.fi\/latu\/wp-json\/wp\/v2\/users\/7367"}],"replies":[{"embeddable":true,"href":"https:\/\/blogi.eoppimispalvelut.fi\/latu\/wp-json\/wp\/v2\/comments?post=2480"}],"version-history":[{"count":13,"href":"https:\/\/blogi.eoppimispalvelut.fi\/latu\/wp-json\/wp\/v2\/pages\/2480\/revisions"}],"predecessor-version":[{"id":4556,"href":"https:\/\/blogi.eoppimispalvelut.fi\/latu\/wp-json\/wp\/v2\/pages\/2480\/revisions\/4556"}],"wp:attachment":[{"href":"https:\/\/blogi.eoppimispalvelut.fi\/latu\/wp-json\/wp\/v2\/media?parent=2480"}],"curies":[{"name":"wp","href":"https:\/\/api.w.org\/{rel}","templated":true}]}}