{"id":2992,"date":"2022-10-20T08:05:38","date_gmt":"2022-10-20T05:05:38","guid":{"rendered":"https:\/\/blogi.eoppimispalvelut.fi\/latu\/?page_id=2992"},"modified":"2022-12-12T12:32:26","modified_gmt":"2022-12-12T10:32:26","slug":"kemia-tulevaisuustaajuus","status":"publish","type":"page","link":"https:\/\/blogi.eoppimispalvelut.fi\/latu\/kemia-tulevaisuustaajuus\/","title":{"rendered":"Kemia, Tulevaisuustaajuus"},"content":{"rendered":"<p>[et_pb_section fb_built=&#8221;1&#8243; admin_label=&#8221;Opetuskokonaisuus&#8221; module_id=&#8221;tiivistelma&#8221; _builder_version=&#8221;4.16&#8243; _module_preset=&#8221;default&#8221; custom_margin=&#8221;-5px|30px|-5px|30px|true|true&#8221; box_shadow_style=&#8221;preset1&#8243; global_colors_info=&#8221;{}&#8221;][et_pb_row custom_padding_last_edited=&#8221;on|phone&#8221; admin_label=&#8221;Ylioppilaskirjoitus esimerkki&#8221; _builder_version=&#8221;4.16&#8243; _module_preset=&#8221;default&#8221; custom_margin=&#8221;||||false|false&#8221; custom_padding=&#8221;|300px|||false|false&#8221; custom_padding_tablet=&#8221;|0px|||false|false&#8221; custom_padding_phone=&#8221;&#8221; global_colors_info=&#8221;{}&#8221;][et_pb_column type=&#8221;4_4&#8243; _builder_version=&#8221;4.16&#8243; _module_preset=&#8221;default&#8221; global_colors_info=&#8221;{}&#8221;][et_pb_text admin_label=&#8221;Teht\u00e4v\u00e4n otsikko&#8221; _builder_version=&#8221;4.18.0&#8243; _module_preset=&#8221;default&#8221; global_colors_info=&#8221;{}&#8221;]<\/p>\n<h2><strong>TULEVAISUUSTAAJUUS KIERTOTALOUDEN N\u00c4K\u00d6KULMASTA<\/strong><\/h2>\n<p>[\/et_pb_text][et_pb_divider color=&#8221;#e20d18&#8243; divider_weight=&#8221;6px&#8221; admin_label=&#8221;Otsikon alusviiva&#8221; _builder_version=&#8221;4.18.0&#8243; _module_preset=&#8221;default&#8221; width=&#8221;40px&#8221; module_alignment=&#8221;left&#8221; custom_margin=&#8221;-25px|0px||0px|false|false&#8221; custom_padding=&#8221;0px|||0px|false|false&#8221; global_module=&#8221;662&#8243; saved_tabs=&#8221;all&#8221; global_colors_info=&#8221;{}&#8221;][\/et_pb_divider][et_pb_text admin_label=&#8221;Teht\u00e4v\u00e4n tekstit&#8221; _builder_version=&#8221;4.18.0&#8243; _module_preset=&#8221;default&#8221; ol_font=&#8221;|700|||||||&#8221; ol_font_size=&#8221;18px&#8221; global_colors_info=&#8221;{}&#8221;]<\/p>\n<h3><strong>Tavoitteet toteutukselle<\/strong><\/h3>\n<p>&nbsp;<\/p>\n<p>Tulevaisuustaajuus-ty\u00f6pajassa visioidaan toivottavaa tulevaisuutta kolmen vuosikymmenen p\u00e4\u00e4h\u00e4n vuoteen 2050.<br \/>Tarkoituksena on pohtia omia ja suuremman mittakaavan tavoitteita sek\u00e4 konkreettisia tekoja ekologisuuden edist\u00e4miseksi. Muovit ovat valikoituneet t\u00e4ss\u00e4 ajatushautomon esimerkkikohteeksi niiden innovatiivisuuden ja ekologisen haasteellisuuden vuoksi. Tavoitteena saada viri\u00e4m\u00e4\u00e4n ajatuksia siit\u00e4, miten itse voi olla toimijana ekologisemman tulevaisuuden puolesta.<\/p>\n<p>T\u00e4ss\u00e4 toteutuksessa tutustutaan muovien innovatiivisuuteen ja haasteisiin muutamista valikoiduista n\u00e4k\u00f6kulmista erillisill\u00e4, itsen\u00e4isesti suoritettavilla teht\u00e4vill\u00e4. T\u00e4m\u00e4n j\u00e4lkeen toteutetaan Sitran Tulevaisuustaajuus-ty\u00f6paja koskien laajasti ekologista ajattelua ja kiertotaloutta.<\/p>\n<p>Lukion opetussuunnitelman (LOPS21) mukaisesti laaja-alaisen oppimisen kokonaisuuksista opintojaksolla toteutuvat eettisyys ja ymp\u00e4rist\u00f6osaaminen. T\u00e4m\u00e4n lis\u00e4ksi harjoitellaan monitieteist\u00e4, yhteiskunnallista, globaalia ja vuorovaikutusosaamista<\/p>\n<p>&nbsp;<\/p>\n<p>[\/et_pb_text][et_pb_text admin_label=&#8221;Teht\u00e4v\u00e4n tekstit&#8221; _builder_version=&#8221;4.18.0&#8243; _module_preset=&#8221;default&#8221; ol_font=&#8221;|700|||||||&#8221; ol_font_size=&#8221;18px&#8221; global_colors_info=&#8221;{}&#8221;]<\/p>\n<h3><strong>AINEISTOTEHT\u00c4V\u00c4T ORIENTOIVAT TEEMAAN ENNEN TY\u00d6PAJAA<\/strong><\/h3>\n<p>&nbsp;<\/p>\n<p>Nelj\u00e4nnell\u00e4 opintojaksolla kemian oppiainesis\u00e4ll\u00f6iss\u00e4 k\u00e4sitell\u00e4\u00e4n polymeerej\u00e4 ja muoveja. Opintojakson alussa opiskelijat tekev\u00e4t itsen\u00e4isesti <a href=\"https:\/\/blogi.eoppimispalvelut.fi\/latu\/kemia-aineistotehtavat\/\">aineistoteht\u00e4vi\u00e4<\/a>, joissa k\u00e4sitell\u00e4\u00e4n muovien kulutusta, haasteita ja kierr\u00e4tyst\u00e4. Teht\u00e4viss\u00e4 hy\u00f6dynnet\u00e4\u00e4n nettiartikkeleita teht\u00e4vien aineistoina. Muoveja koskevien aineistoteht\u00e4vien avulla tuodaan esille erilaisia n\u00e4k\u00f6kulmia ja tasoja yksil\u00f6llisest\u00e4 globaaliin, joita kiertotalouden ja ekologisuuden n\u00e4k\u00f6kulmasta on hyv\u00e4 ottaa huomioon. Aineistoteht\u00e4vien tekeminen ja aktiivinen osallistuminen tulevaisuustaajuus-ty\u00f6pajaan voidaan huomioida arvioinnissa esimerkiksi siten, ett\u00e4 opiskelijat ker\u00e4\u00e4v\u00e4t teht\u00e4vist\u00e4 pisteit\u00e4 hyvitett\u00e4v\u00e4ksi opintojakson kokeessa.<\/p>\n<p>&nbsp;<\/p>\n<p>[\/et_pb_text][\/et_pb_column][\/et_pb_row][et_pb_row custom_padding_last_edited=&#8221;on|phone&#8221; admin_label=&#8221;TULEVAISUUSTY\u00d6PAJA -toteutus&#8221; _builder_version=&#8221;4.18.0&#8243; _module_preset=&#8221;default&#8221; custom_margin=&#8221;||||false|false&#8221; custom_padding=&#8221;|300px|||false|false&#8221; custom_padding_tablet=&#8221;|0px|||false|false&#8221; custom_padding_phone=&#8221;&#8221; global_colors_info=&#8221;{}&#8221;][et_pb_column type=&#8221;4_4&#8243; _builder_version=&#8221;4.16&#8243; _module_preset=&#8221;default&#8221; global_colors_info=&#8221;{}&#8221;][et_pb_text admin_label=&#8221;TY\u00d6PAJAN otsikko&#8221; _builder_version=&#8221;4.18.0&#8243; _module_preset=&#8221;default&#8221; global_colors_info=&#8221;{}&#8221;]<\/p>\n<h2><strong>TULEVAISUUSTAAJUUS TY\u00d6PAJA\u00a0<\/strong><\/h2>\n<p>[\/et_pb_text][et_pb_divider color=&#8221;#e20d18&#8243; divider_weight=&#8221;6px&#8221; admin_label=&#8221;Otsikon alusviiva&#8221; _builder_version=&#8221;4.18.0&#8243; _module_preset=&#8221;default&#8221; width=&#8221;40px&#8221; module_alignment=&#8221;left&#8221; custom_margin=&#8221;-25px|0px||0px|false|false&#8221; custom_padding=&#8221;0px|||0px|false|false&#8221; global_module=&#8221;662&#8243; saved_tabs=&#8221;all&#8221; global_colors_info=&#8221;{}&#8221;][\/et_pb_divider][et_pb_text admin_label=&#8221;Teht\u00e4v\u00e4n tekstit&#8221; _builder_version=&#8221;4.18.0&#8243; _module_preset=&#8221;default&#8221; ol_font=&#8221;|700|||||||&#8221; ol_font_size=&#8221;18px&#8221; global_colors_info=&#8221;{}&#8221;]<\/p>\n<h3><\/h3>\n<p><a href=\"https:\/\/www.sitra.fi\/hankkeet\/tulevaisuustaajuus\/\">Tulevaisuustaajuus<\/a> \u2013ty\u00f6paja toteutetaan oppituntien puitteissa. Keskusteluun k\u00e4ytet\u00e4\u00e4n kaksi 75 minuutin oppituntia. Ty\u00f6pajamenetelm\u00e4 yhdistet\u00e4\u00e4n muovien kulutukseen ja ekologisuuteen.<\/p>\n<p>&nbsp;<\/p>\n<p>[\/et_pb_text][et_pb_text admin_label=&#8221;OPPITUNTI 1 otsikko&#8221; _builder_version=&#8221;4.18.0&#8243; _module_preset=&#8221;default&#8221; ol_font=&#8221;|700|||||||&#8221; ol_font_size=&#8221;18px&#8221; global_colors_info=&#8221;{}&#8221;]<\/p>\n<h3><strong>INTRO &#8211; VIRITT\u00c4YDYT\u00c4\u00c4N TULEVAISUUSTAAJUUKSILLE<\/strong><\/h3>\n<p>[\/et_pb_text][et_pb_divider color=&#8221;#26224E&#8221; divider_weight=&#8221;6px&#8221; admin_label=&#8221;Oppitunnin otsikon alusviiva&#8221; _builder_version=&#8221;4.18.0&#8243; _module_preset=&#8221;default&#8221; width=&#8221;5%&#8221; custom_margin=&#8221;-20px||||false|false&#8221; global_colors_info=&#8221;{}&#8221;][\/et_pb_divider][et_pb_text admin_label=&#8221;OPPITUNTI 2&#8243; _builder_version=&#8221;4.18.0&#8243; _module_preset=&#8221;default&#8221; ol_font=&#8221;|700|||||||&#8221; ol_font_size=&#8221;18px&#8221; global_colors_info=&#8221;{}&#8221;]<\/p>\n<p><strong><\/strong><\/p>\n<h4><strong>Intro: Katso video (7:14)<\/strong><\/h4>\n<p><a href=\"https:\/\/www.sitra.fi\/app\/uploads\/2020\/12\/sitratulevaisuustaajuusvideo1onlinesubs03122020.mp4\">T\u00e4m\u00e4 video<\/a> Sitran sivuilla johdattaa sinut tulevaisuustaajuudelle.<strong><\/strong><\/p>\n<h4><strong><\/strong><\/h4>\n<h4><strong><\/strong><\/h4>\n<h4><strong>L\u00e4mmittelyteht\u00e4v\u00e4t<\/strong><\/h4>\n<p><strong><\/strong><\/p>\n<p>a) Mist\u00e4 esineest\u00e4 et koskaan voisi luopua? Pohtikaa ensin itsen\u00e4isesti ja keskustelkaa sitten pienryhm\u00e4ss\u00e4.\u00a0<\/p>\n<p>b) Keksik\u00e4\u00e4 yksi tai useampi Mit\u00e4 jos -kysymys, joka johdattelee kohti toivottavaa tulevaisuutta. Mit\u00e4 jos kysymysten tulee liitty\u00e4 ekologisuuteen yleens\u00e4, muovien kulutukseen ja niiden teknologiseen kehitykseen, minuun kuluttajana ja kierr\u00e4tt\u00e4j\u00e4n\u00e4 tai globaaliin kest\u00e4vyyteen. Pohtikaa mit\u00e4 ajatuksia kysymykset her\u00e4tt\u00e4v\u00e4t.<\/p>\n<h4><strong><\/strong><\/h4>\n<h4><strong>1. Haasta<\/strong><\/h4>\n<p><strong><\/strong><\/p>\n<p>a) Katso Sitran sivuilla <a href=\"https:\/\/www.sitra.fi\/hankkeet\/tulevaisuustaajuus\/#\">Haasta -video<\/a> (5:54)<\/p>\n<p>b) KuunteleSitran sivuilta <a href=\"https:\/\/www.sitra.fi\/artikkelit\/teknologia-ratkaisee-viheliaiset-ongelmat\/\">Teknologia ratkaisee viheli\u00e4iset ongelmat<\/a> -kuunnelma ja keskustelkaa sen j\u00e4lkeen ryhmiss\u00e4: Tunnistatteko t\u00e4m\u00e4nkaltaisen oletuksen tulevaisuudesta? Ajatteletko itse n\u00e4in?<br \/>c) Haastakaa: millaisiin oletuksiin kuunnelma perustuu?<\/p>\n<h4><strong>2. Kuvittele<\/strong><\/h4>\n<p><strong><\/strong><\/p>\n<p>a) Katso Sitran sivuilta <a href=\"https:\/\/www.sitra.fi\/app\/uploads\/2020\/12\/sitratulevaisuustaajuusvideo3onlinesubs03122020.mp4\">Kuvittele -video<\/a> (2:00min)<\/p>\n<p>b) Lue Uusio-uutiset lehden sivuilta artikkeli <a href=\"https:\/\/www.uusiouutiset.fi\/millaista-oli-jatehuolto-suomessa-100-vuotta-sitten\/\">Uusio-uutiset; J\u00e4tehuolto 100 vuotta sitten<\/a><\/p>\n<p>c) Sitten katsotaan menneeseen ja tulevaan. Piirt\u00e4k\u00e4\u00e4 ryhm\u00e4ss\u00e4 kierr\u00e4tysaikajana, johon kirjaatte ensin tapahtumia ja k\u00e4yt\u00e4nt\u00f6j\u00e4, miten kiertotaloutta on hy\u00f6dynnetty ennen t\u00e4t\u00e4 p\u00e4iv\u00e4\u00e4. T\u00e4m\u00e4n j\u00e4lkeen merkatkaa aikajanan loppuun, mitk\u00e4 ilmi\u00f6t ja tapahtumat t\u00e4ss\u00e4 hetkess\u00e4 vaikuttavat ekologisuuden ja kiertotalouden kehittymiseen tulevaisuudessa.<\/p>\n<p>d) Nyt p\u00e4\u00e4sette kuvittelemaan itsen\u00e4isesti (7min yksil\u00f6llist\u00e4 ty\u00f6skentely\u00e4). Valitse teema, jota k\u00e4sittelet visiossasi. Mieti, mit\u00e4 sellaista hyv\u00e4\u00e4 on nykyhetkess\u00e4 mit\u00e4 haluat vahvistaa, jotta tulevaisuus olisi parempi. Kirjoita mill\u00e4 tavoin tulevaisuus olisi parempi ja kenelle? Yrit\u00e4 olla mahdollisimman konkreettinen: Haluan vahvistaa mit\u00e4, jotta vuonna 2050&#8230;<\/p>\n<p>&nbsp;<\/p>\n<h4><strong>3. TOIMI (pienryhmiss\u00e4)<\/strong><\/h4>\n<p><strong><\/strong><\/p>\n<p>a) Jakakaa ajatuksianne toivottavista tulevaisuuksista pienryhmiss\u00e4<\/p>\n<p>b) Valitkaa ryhm\u00e4lle yhteinen tiivis ja konkreettinen visio toivottavasta tulevaisuudesta.\u00a0<\/p>\n<p>c) Katsotaan Sitran sivuilta <a href=\"https:\/\/www.sitra.fi\/app\/uploads\/2020\/12\/sitratulevaisuustaajuusvideo4onlinesubs03122020.mp4\">Toimi video<\/a> (4:09)<\/p>\n<p>d) Miten valitsemanne visio voitaisiin saavuttaa? Ideoikaa pienryhm\u00e4ss\u00e4nne teko\/tekoja vastauksena n\u00e4ihin kuhunkin kysymyksiin: 1. Miten ajattelumme ja uskomustemme pit\u00e4isi muuttua 2. Mit\u00e4 rakenteissa pit\u00e4isi muuttua ja 3. Miten k\u00e4ytt\u00e4ytymisemme pit\u00e4isi muuttua?<\/p>\n<p>e) Ty\u00f6st\u00e4k\u00e4\u00e4 ryhm\u00e4ss\u00e4nne lopputuotos, jossa kuvaatte milt\u00e4 matka toivomaanne visioon n\u00e4ytt\u00e4isi ja kuulostaisi. Lopputuotos voi olla jokin seuraavista:\u00a0 Tulevaisuuden sanomat lehden p\u00e4\u00e4sivu vuonna 2048, Tulevaisuuden Insta-stoori, Tulevaisuuden radio-ohjelma, Tulevaisuuden ekologinen tuote ja\/tai sen mainos vuonna 2048.<\/p>\n<p>f) Esitelk\u00e4\u00e4 ryhm\u00e4n lopputuotos opettajan ohjeistamalla tavalla.<\/p>\n<h4><strong><\/strong><\/h4>\n<h4><strong>Lopuksi<\/strong><strong><\/strong><\/h4>\n<p>&nbsp;<\/p>\n<p>Katsokaa Sitran sivuilta lopetus <a href=\"https:\/\/www.sitra.fi\/app\/uploads\/2020\/12\/sitratulevaisuustaajuusvideo5onlinesubs03122020.mp4\">video<\/a> (3:01)<\/p>\n<p>Onneksi olkoon, olet p\u00e4\u00e4ssyt Tulevaisuustaajuus -ty\u00f6pajan loppuun!<strong><\/strong><\/p>\n<p>&nbsp;<\/p>\n<p>[\/et_pb_text][\/et_pb_column][\/et_pb_row][\/et_pb_section][et_pb_section fb_built=&#8221;1&#8243; _builder_version=&#8221;4.16&#8243; _module_preset=&#8221;default&#8221; custom_margin=&#8221;0px|30px|0px|30px|true|true&#8221; custom_padding=&#8221;||3px|||&#8221; global_colors_info=&#8221;{}&#8221;][et_pb_row _builder_version=&#8221;4.16&#8243; _module_preset=&#8221;default&#8221; global_colors_info=&#8221;{}&#8221;][et_pb_column type=&#8221;4_4&#8243; _builder_version=&#8221;4.16&#8243; _module_preset=&#8221;default&#8221; global_colors_info=&#8221;{}&#8221;][et_pb_text _builder_version=&#8221;4.16&#8243; _module_preset=&#8221;default&#8221; global_colors_info=&#8221;{}&#8221;]<\/p>\n<h2><strong>Yhteisty\u00f6ss\u00e4<\/strong><\/h2>\n<p>[\/et_pb_text][et_pb_divider color=&#8221;#e20d18&#8243; divider_weight=&#8221;6px&#8221; admin_label=&#8221;Otsikon alusviiva&#8221; _builder_version=&#8221;4.18.0&#8243; _module_preset=&#8221;default&#8221; width=&#8221;40px&#8221; module_alignment=&#8221;left&#8221; custom_margin=&#8221;-25px|0px||0px|false|false&#8221; custom_padding=&#8221;0px|||0px|false|false&#8221; global_module=&#8221;662&#8243; saved_tabs=&#8221;all&#8221; global_colors_info=&#8221;{}&#8221;][\/et_pb_divider][\/et_pb_column][\/et_pb_row][\/et_pb_section][et_pb_section fb_built=&#8221;1&#8243; _builder_version=&#8221;4.16&#8243; _module_preset=&#8221;default&#8221; custom_margin=&#8221;2px|30px|2px|30px|true|true&#8221; global_colors_info=&#8221;{}&#8221;][et_pb_row column_structure=&#8221;1_3,1_3,1_3&#8243; _builder_version=&#8221;4.16&#8243; _module_preset=&#8221;default&#8221; global_colors_info=&#8221;{}&#8221;][et_pb_column type=&#8221;1_3&#8243; _builder_version=&#8221;4.16&#8243; _module_preset=&#8221;default&#8221; global_colors_info=&#8221;{}&#8221;][et_pb_image src=&#8221;https:\/\/blogi.eoppimispalvelut.fi\/latu\/files\/2022\/08\/small_SITRA_BLACK.jpg&#8221; alt=&#8221;Lapin yliopisto -logo&#8221; title_text=&#8221;small_SITRA_BLACK&#8221; align=&#8221;center&#8221; _builder_version=&#8221;4.18.0&#8243; _module_preset=&#8221;default&#8221; global_colors_info=&#8221;{}&#8221;][\/et_pb_image][\/et_pb_column][et_pb_column type=&#8221;1_3&#8243; _builder_version=&#8221;4.16&#8243; _module_preset=&#8221;default&#8221; global_colors_info=&#8221;{}&#8221;][et_pb_image src=&#8221;https:\/\/blogi.eoppimispalvelut.fi\/latu\/files\/2021\/04\/Ulapland_RGB_vaaka.png&#8221; alt=&#8221;Lapin yliopisto -logo&#8221; title_text=&#8221;Lapin yliopisto -logo&#8221; align=&#8221;center&#8221; _builder_version=&#8221;4.16&#8243; _module_preset=&#8221;default&#8221; global_colors_info=&#8221;{}&#8221;][\/et_pb_image][\/et_pb_column][et_pb_column type=&#8221;1_3&#8243; _builder_version=&#8221;4.16&#8243; _module_preset=&#8221;default&#8221; global_colors_info=&#8221;{}&#8221;][\/et_pb_column][\/et_pb_row][\/et_pb_section]<\/p>\n","protected":false},"excerpt":{"rendered":"<p>TULEVAISUUSTAAJUUS KIERTOTALOUDEN N\u00c4K\u00d6KULMASTATavoitteet toteutukselle &nbsp; Tulevaisuustaajuus-ty\u00f6pajassa visioidaan toivottavaa tulevaisuutta kolmen vuosikymmenen p\u00e4\u00e4h\u00e4n vuoteen 2050.Tarkoituksena on pohtia omia ja suuremman mittakaavan tavoitteita sek\u00e4 konkreettisia tekoja ekologisuuden edist\u00e4miseksi. Muovit ovat valikoituneet t\u00e4ss\u00e4 ajatushautomon esimerkkikohteeksi niiden innovatiivisuuden ja ekologisen haasteellisuuden vuoksi. Tavoitteena saada viri\u00e4m\u00e4\u00e4n ajatuksia siit\u00e4, miten itse voi olla toimijana ekologisemman tulevaisuuden puolesta. T\u00e4ss\u00e4 toteutuksessa tutustutaan muovien [&hellip;]<\/p>\n","protected":false},"author":7199,"featured_media":0,"parent":0,"menu_order":0,"comment_status":"closed","ping_status":"closed","template":"","meta":{"_et_pb_use_builder":"on","_et_pb_old_content":"","_et_gb_content_width":"","footnotes":""},"class_list":["post-2992","page","type-page","status-publish","hentry"],"_links":{"self":[{"href":"https:\/\/blogi.eoppimispalvelut.fi\/latu\/wp-json\/wp\/v2\/pages\/2992","targetHints":{"allow":["GET"]}}],"collection":[{"href":"https:\/\/blogi.eoppimispalvelut.fi\/latu\/wp-json\/wp\/v2\/pages"}],"about":[{"href":"https:\/\/blogi.eoppimispalvelut.fi\/latu\/wp-json\/wp\/v2\/types\/page"}],"author":[{"embeddable":true,"href":"https:\/\/blogi.eoppimispalvelut.fi\/latu\/wp-json\/wp\/v2\/users\/7199"}],"replies":[{"embeddable":true,"href":"https:\/\/blogi.eoppimispalvelut.fi\/latu\/wp-json\/wp\/v2\/comments?post=2992"}],"version-history":[{"count":36,"href":"https:\/\/blogi.eoppimispalvelut.fi\/latu\/wp-json\/wp\/v2\/pages\/2992\/revisions"}],"predecessor-version":[{"id":3371,"href":"https:\/\/blogi.eoppimispalvelut.fi\/latu\/wp-json\/wp\/v2\/pages\/2992\/revisions\/3371"}],"wp:attachment":[{"href":"https:\/\/blogi.eoppimispalvelut.fi\/latu\/wp-json\/wp\/v2\/media?parent=2992"}],"curies":[{"name":"wp","href":"https:\/\/api.w.org\/{rel}","templated":true}]}}