{"id":3002,"date":"2022-10-20T09:03:39","date_gmt":"2022-10-20T06:03:39","guid":{"rendered":"https:\/\/blogi.eoppimispalvelut.fi\/latu\/?page_id=3002"},"modified":"2022-12-12T12:31:55","modified_gmt":"2022-12-12T10:31:55","slug":"kemia-aineistotehtavat","status":"publish","type":"page","link":"https:\/\/blogi.eoppimispalvelut.fi\/latu\/kemia-aineistotehtavat\/","title":{"rendered":"Kemia, aineistoteht\u00e4v\u00e4t"},"content":{"rendered":"<p>[et_pb_section fb_built=&#8221;1&#8243; _builder_version=&#8221;4.16&#8243; _module_preset=&#8221;default&#8221; custom_margin=&#8221;2px|30px|2px|30px|true|true&#8221; global_colors_info=&#8221;{}&#8221;][et_pb_row _builder_version=&#8221;4.16&#8243; _module_preset=&#8221;default&#8221; global_colors_info=&#8221;{}&#8221;][et_pb_column type=&#8221;4_4&#8243; _builder_version=&#8221;4.16&#8243; _module_preset=&#8221;default&#8221; global_colors_info=&#8221;{}&#8221;][et_pb_text _builder_version=&#8221;4.18.0&#8243; _module_preset=&#8221;default&#8221; global_colors_info=&#8221;{}&#8221;]<\/p>\n<p><a href=\"https:\/\/blogi.eoppimispalvelut.fi\/latu\/kemia-tulevaisuustaajuus\/\">&lt; Takaisin Kemia, Tulevaisuustaajuus sivulle<\/a><\/p>\n<p>[\/et_pb_text][\/et_pb_column][\/et_pb_row][\/et_pb_section][et_pb_section fb_built=&#8221;1&#8243; admin_label=&#8221;2. Tiivistelma&#8221; module_id=&#8221;tiivistelma&#8221; _builder_version=&#8221;4.16&#8243; _module_preset=&#8221;default&#8221; custom_margin=&#8221;-5px|30px|-5px|30px|true|true&#8221; box_shadow_style=&#8221;preset1&#8243; global_colors_info=&#8221;{}&#8221;][et_pb_row custom_padding_last_edited=&#8221;on|phone&#8221; _builder_version=&#8221;4.16&#8243; _module_preset=&#8221;default&#8221; custom_margin=&#8221;||||false|false&#8221; custom_padding=&#8221;|300px|||false|false&#8221; custom_padding_tablet=&#8221;|0px|||false|false&#8221; custom_padding_phone=&#8221;&#8221; global_colors_info=&#8221;{}&#8221;][et_pb_column type=&#8221;4_4&#8243; _builder_version=&#8221;4.16&#8243; _module_preset=&#8221;default&#8221; global_colors_info=&#8221;{}&#8221;][et_pb_text admin_label=&#8221;otsikko&#8221; _builder_version=&#8221;4.16&#8243; _module_preset=&#8221;default&#8221; global_colors_info=&#8221;{}&#8221;]<\/p>\n<h2><strong>Aineistoteht\u00e4v\u00e4t Kemia 4<\/strong><\/h2>\n<p>&nbsp;<\/p>\n<p>[\/et_pb_text][et_pb_divider color=&#8221;#e20d18&#8243; divider_weight=&#8221;6px&#8221; admin_label=&#8221;Otsikon alusviiva&#8221; _builder_version=&#8221;4.18.0&#8243; _module_preset=&#8221;default&#8221; width=&#8221;40px&#8221; module_alignment=&#8221;left&#8221; custom_margin=&#8221;-25px|0px||0px|false|false&#8221; custom_padding=&#8221;0px|||0px|false|false&#8221; global_module=&#8221;662&#8243; saved_tabs=&#8221;all&#8221; global_colors_info=&#8221;{}&#8221;][\/et_pb_divider][et_pb_text _builder_version=&#8221;4.18.0&#8243; _module_preset=&#8221;default&#8221; ol_font=&#8221;|700|||||||&#8221; ol_font_size=&#8221;18px&#8221; global_colors_info=&#8221;{}&#8221;]<\/p>\n<ol>\n<li>Muovien kierr\u00e4tyksen haasteita, 3p<\/li>\n<\/ol>\n<p>&nbsp;<\/p>\n<p>1. Tutustu docplayerissa muovien mekaanisen kierr\u00e4tyksen haasteisiin Ossi Juntusen kandidaattity\u00f6n avulla (Tampereen yliopisto 2020). P\u00e4\u00e4set tutustumaan ty\u00f6h\u00f6n t\u00e4st\u00e4 linkist\u00e4: <a href=\"http:\/\/docplayer.fi\/190157050-Muovien-mekaanisen-kierratyksen-haasteet.html\">http:\/\/docplayer.fi\/190157050-Muovien-mekaanisen-kierratyksen-haasteet.html<\/a>.<\/p>\n<p>Kirjoita sen j\u00e4lkeen lyhyt vastaus kysymykseen: Millaisia ongelmia muovien mekaaniseen ja kemialliseen kierr\u00e4tykseen liittyen on havaittu?<\/p>\n<p>2. Syvenny muovien kierr\u00e4tyksen haasteisiin tutustumalla Ylen artikkeliin: Muovi mietitytt\u00e4\u00e4, mutta sen kierr\u00e4tt\u00e4minen takkuaa &#8211; Yksi syy on liian kaukana olevat kierr\u00e4tyspisteet osoitteessa: <a href=\"https:\/\/yle.fi\/uutiset\/3-10606963\">https:\/\/yle.fi\/uutiset\/3-10606963<\/a>\u00a0 <a href=\"https:\/\/yle.fi\/aihe\/artikkeli\/2019\/01\/23\/lajittelemme-heikoiten-jatteita-joita-tuotamme-eniten\"><\/a>ja kyselytutkimukseen Vain joka kolmas kilo muovia kiert\u00e4\u00e4 \u2013 Kierr\u00e4tysinto hiipuu k\u00e4yt\u00e4nn\u00f6n ongelmiin osoitteessa: <a href=\"https:\/\/yle.fi\/aihe\/artikkeli\/2019\/01\/23\/lajittelemme-heikoiten-jatteita-joita-tuotamme-eniten\">https:\/\/yle.fi\/aihe\/artikkeli\/2019\/01\/23\/lajittelemme-heikoiten-jatteita-joita-tuotamme-eniten<\/a><\/p>\n<p>Vastaa sitten lyhyesti kysymykseen: Mitk\u00e4 ovat artikkeleiden ja kyselytutkimuksen mukaan muovin kierr\u00e4tyst\u00e4 eniten hankaloittavat syyt kotitalouksissa ja mitk\u00e4 tekij\u00e4t edist\u00e4isiv\u00e4t muovien kierr\u00e4tyst\u00e4?<\/p>\n<p>3. Perehdy mustan muovin haasteisiin tutustumalla Lassila&amp;Tikanojan sivuilla olevaan julkaisuun Muovin kierr\u00e4tys &#8211; kysymyksi\u00e4 ja vastauksia osoitteessa: <a href=\"https:\/\/tietopankki.lt.fi\/muovimuuvi-kysymyksia-ja-va\">https:\/\/tietopankki.lt.fi\/muovimuuvi-kysymyksia-ja-va<\/a> sek\u00e4 Suomen Pakkausyhdistysken julkaisuun v\u00e4\u00e4rinymm\u00e4rretty musta muovi sivulla:\u00a0<a href=\"https:\/\/tietopankki.lt.fi\/muovimuuvi-kysymyksia-ja-vah\">\u00a0<\/a><a href=\"https:\/\/www.pakkaus.com\/vaarinymmarretty-musta-muovi\/\">https:\/\/www.pakkaus.com\/vaarinymmarretty-musta-muovi\/ <\/a><\/p>\n<p>Vastaa sen j\u00e4lkeen kysymykseen: Mik\u00e4 mustan muovin kierr\u00e4tyksess\u00e4 haastaa?<\/p>\n<p>&nbsp;<\/p>\n<ol start=\"2\">\n<li>Muovien aiheuttamia ymp\u00e4rist\u00f6ongelmia, 3p<\/li>\n<\/ol>\n<p>&nbsp;<\/p>\n<p>1. Perehdy mikromuovien ymp\u00e4rist\u00f6- ja terveysvaikutuksiin tutustumalla Ylen P\u00e4\u00e4tyyk\u00f6 mikromuovi juomaveteesi artikkeliin osoitteessa: <a href=\"https:\/\/yle.fi\/aihe\/artikkeli\/2016\/10\/11\/paatyyko-mikromuovi-juomaveteesi\">https:\/\/yle.fi\/aihe\/artikkeli\/2016\/10\/11\/paatyyko-mikromuovi-juomaveteesi<\/a> ja tutkimalla Helsingin yliopiston kirjaston sivulla Materiaalit kiertoon -raportin sivulla 6 olevaa taulukkoa osoitteessa: <a href=\"https:\/\/helda.helsinki.fi\/handle\/10138\/313542\">https:\/\/helda.helsinki.fi\/handle\/10138\/313542 <\/a><\/p>\n<p>Vastaa sitten kysymyksiin. a) Mitk\u00e4 ovat merkitt\u00e4vimpi\u00e4 muovien l\u00e4hteit\u00e4 vesist\u00f6iss\u00e4 Suomessa? b) Miten muovia p\u00e4\u00e4tyy meriin? c) Millaisia vaikutuksia mikromuoveilla on vesien eli\u00f6st\u00f6lle ja ihmiselle?<\/p>\n<p>2. Tutustu merten roskaamisesta kertoviin artikkeleihin: Yle: Tyynenmeren j\u00e4tepy\u00f6rre jopa 16 kertaa isompi kuin on luultu &#8211; Suursiivous alkaa ensi kes\u00e4n\u00e4 osoitteessa: <a href=\"https:\/\/yle.fi\/uutiset\/3-10131304\">https:\/\/yle.fi\/uutiset\/3-10131304 <\/a>\u00a0ja Tekniikan maailma: Historian suurin siivousoperaatio on alkanut &#8211; Ocean Cleanupin uusi nuottaj\u00e4rjestelm\u00e4 ker\u00e4si Tyynenmeren j\u00e4tepy\u00f6rteest\u00e4 9000 kiloa muoviroskaa yhdell\u00e4 vedolla osoitteessa: <a href=\"https:\/\/tekniikanmaailma.fi\/historian-suurin-siivousoperaatio-on-alkanut-ocean-cleanupin-uusi-nuottajarjestelma-kerasi-tyynenmeren-jatepyorteesta-9-000-kiloa-muoviroskaa-yhdella-vedolla\/\">https:\/\/tekniikanmaailma.fi\/historian-suurin-siivousoperaatio-on-alkanut-ocean-cleanupin-uusi-nuottajarjestelma-kerasi-tyynenmeren-jatepyorteesta-9-000-kiloa-muoviroskaa-yhdella-vedolla\/<\/a><\/p>\n<p>Vastaa sen j\u00e4lkeen kysymykseen: Mit\u00e4 artikkeleissa kerrotaan merien j\u00e4tepy\u00f6rteist\u00e4 ja menetelmist\u00e4 ongelman korjaamiseksi?<\/p>\n<p>&nbsp;<\/p>\n<ol start=\"3\">\n<li>Muovin tuotannon ja kierr\u00e4tyksen n\u00e4k\u00f6kulmia, 3p<\/li>\n<\/ol>\n<p>&nbsp;<\/p>\n<p>1. Tutustu teknologiainfon julkaisuun Kierr\u00e4tysmuovi on uusi musta osoitteessa: <a href=\"https:\/\/www.teknologiainfo.com\/pakkaus-materiaalit\/kierratysmuovi-on-uusi-musta\/\">https:\/\/www.teknologiainfo.com\/pakkaus-materiaalit\/kierratysmuovi-on-uusi-musta\/<\/a><\/p>\n<p>Vastaa sen j\u00e4lkeen kysymykseen:\u00a0 Mit\u00e4 ovat \u00e4lykk\u00e4\u00e4t muovituotteet ja millaisia k\u00e4ytt\u00f6mahdollisuuksia niill\u00e4 voisi olla?<\/p>\n<p>2. Tutustu Ekokumppanen muovi-oppaan osioon Muovien kierr\u00e4tys osoitteessa: <a href=\"https:\/\/oppaat.ekokumppanit.fi\/muoviopas\/\">https:\/\/oppaat.ekokumppanit.fi\/muoviopas\/ <\/a><\/p>\n<p>Vastaa sen j\u00e4lkeen kysymykseen: Mit\u00e4 tarkoittaa tuottajavastuu?<\/p>\n<p>3. Tutustu MTV uutisten artikkeliin J\u00e4temuovit hy\u00f6tyk\u00e4ytt\u00f6\u00f6n \u2013 VTT:n kehitt\u00e4m\u00e4 uusi teknologia mullistaa muovin kierr\u00e4tyksen osoitteessa: <a href=\"https:\/\/www.mtvuutiset.fi\/artikkeli\/tv-kytky-jatemuovit-hyotykayttoon-vtt-n-kehittama-uusi-teknologia-mullistaa-muovin-kierratyksen\/8496396#gs.g174lg\">https:\/\/www.mtvuutiset.fi\/artikkeli\/tv-kytky-jatemuovit-hyotykayttoon-vtt-n-kehittama-uusi-teknologia-mullistaa-muovin-kierratyksen\/8496396#gs.g174lg<\/a><\/p>\n<p>Vastaa sen j\u00e4lkeen kysymykseen: Millaista innovaatiota uutinen muoveihin liittyen koskee?<\/p>\n<p>&nbsp;<\/p>\n<ol start=\"4\">\n<li>P\u00e4iv\u00e4kirja muovien kulutuksesta<\/li>\n<\/ol>\n<p>&nbsp;<\/p>\n<p>1. Lataa taulukko ja kirjaa siihen yhden p\u00e4iv\u00e4n ajalta mit\u00e4 muovista valmistettuja tuotteita k\u00e4ytit (v\u00e4hint\u00e4\u00e4n 10 tuotetta) ja vastaa lyhyesti taulukon kysymyksiin sek\u00e4 j\u00e4ljemp\u00e4n\u00e4 oleviin kysymyksiin 1-3.<\/p>\n<p>Kierr\u00e4tykseen apua saat esimerkiksi seuraavista linkeist\u00e4:<br \/>\u25cf Ekokumppanien Muoviopas osoitteessa: https:\/\/oppaat.ekokumppanit.fi\/muoviopas\/<br \/>\u25cf Uusiomuovin Muovien pakkausmateriaalit osoitteessa: https:\/\/uusiomuovi.fi\/pakkaus-kiertaa\/muovien-kierratys\/muovien-materiaalimerkit\/<br \/>\u25cf Kierr\u00e4tyskaaren Kierr\u00e4tys &#8211; Haku tuotteen nimell\u00e4 toiminto osoitteessa: https:\/\/kiertokaari.fi\/lajittelu-ja-kierratys\/<\/p>\n<p>a) Mitk\u00e4 asiat tekisiv\u00e4t kierr\u00e4tt\u00e4misest\u00e4 helpompaa omassa kotitaloudessasi? Mainitse 3 asiaa.<\/p>\n<p>b) Mist\u00e4 l\u00f6ytyv\u00e4t l\u00e4himm\u00e4t kierr\u00e4tyspisteet kotisi l\u00e4hialueella? Voit selvitt\u00e4\u00e4 sen Kierr\u00e4tys infosta osoitteessa: https:\/\/www.kierratys.info\/<\/p>\n<p>c) Tee Sitran el\u00e4m\u00e4ntapatesti osoitteessa <a href=\"https:\/\/elamantapatesti.sitra.fi\/\">https:\/\/elamantapatesti.sitra.fi\/<\/a><\/p>\n<p>Kirjaa tuloksesi yl\u00f6s ja pohdi, millaisia muutoksia voisit tai haluaisit tehd\u00e4 el\u00e4m\u00e4ntapoihisi.<\/p>\n<ol start=\"5\"><\/ol>\n<p>&nbsp;<\/p>\n<p>&nbsp;<\/p>\n<p>[\/et_pb_text][\/et_pb_column][\/et_pb_row][\/et_pb_section][et_pb_section fb_built=&#8221;1&#8243; _builder_version=&#8221;4.16&#8243; _module_preset=&#8221;default&#8221; custom_margin=&#8221;2px|30px|2px|30px|true|true&#8221; global_colors_info=&#8221;{}&#8221;][et_pb_row _builder_version=&#8221;4.16&#8243; _module_preset=&#8221;default&#8221; global_colors_info=&#8221;{}&#8221;][et_pb_column type=&#8221;4_4&#8243; _builder_version=&#8221;4.16&#8243; _module_preset=&#8221;default&#8221; global_colors_info=&#8221;{}&#8221;][et_pb_text _builder_version=&#8221;4.18.0&#8243; _module_preset=&#8221;default&#8221; global_colors_info=&#8221;{}&#8221;]<\/p>\n<p><a href=\"https:\/\/blogi.eoppimispalvelut.fi\/latu\/kemia-tulevaisuustaajuus\/\">&lt; Takaisin Kemia, Tulevaisuustaajuus -materiaaliin<\/a><\/p>\n<p>[\/et_pb_text][\/et_pb_column][\/et_pb_row][\/et_pb_section]<\/p>\n","protected":false},"excerpt":{"rendered":"<p>&lt; Takaisin Kemia, Tulevaisuustaajuus sivulleAineistoteht\u00e4v\u00e4t Kemia 4 &nbsp; Muovien kierr\u00e4tyksen haasteita, 3p &nbsp; 1. Tutustu docplayerissa muovien mekaanisen kierr\u00e4tyksen haasteisiin Ossi Juntusen kandidaattity\u00f6n avulla (Tampereen yliopisto 2020). P\u00e4\u00e4set tutustumaan ty\u00f6h\u00f6n t\u00e4st\u00e4 linkist\u00e4: http:\/\/docplayer.fi\/190157050-Muovien-mekaanisen-kierratyksen-haasteet.html. Kirjoita sen j\u00e4lkeen lyhyt vastaus kysymykseen: Millaisia ongelmia muovien mekaaniseen ja kemialliseen kierr\u00e4tykseen liittyen on havaittu? 2. Syvenny muovien kierr\u00e4tyksen haasteisiin tutustumalla [&hellip;]<\/p>\n","protected":false},"author":7199,"featured_media":0,"parent":0,"menu_order":0,"comment_status":"closed","ping_status":"closed","template":"","meta":{"_et_pb_use_builder":"on","_et_pb_old_content":"","_et_gb_content_width":"","footnotes":""},"class_list":["post-3002","page","type-page","status-publish","hentry"],"_links":{"self":[{"href":"https:\/\/blogi.eoppimispalvelut.fi\/latu\/wp-json\/wp\/v2\/pages\/3002","targetHints":{"allow":["GET"]}}],"collection":[{"href":"https:\/\/blogi.eoppimispalvelut.fi\/latu\/wp-json\/wp\/v2\/pages"}],"about":[{"href":"https:\/\/blogi.eoppimispalvelut.fi\/latu\/wp-json\/wp\/v2\/types\/page"}],"author":[{"embeddable":true,"href":"https:\/\/blogi.eoppimispalvelut.fi\/latu\/wp-json\/wp\/v2\/users\/7199"}],"replies":[{"embeddable":true,"href":"https:\/\/blogi.eoppimispalvelut.fi\/latu\/wp-json\/wp\/v2\/comments?post=3002"}],"version-history":[{"count":31,"href":"https:\/\/blogi.eoppimispalvelut.fi\/latu\/wp-json\/wp\/v2\/pages\/3002\/revisions"}],"predecessor-version":[{"id":3331,"href":"https:\/\/blogi.eoppimispalvelut.fi\/latu\/wp-json\/wp\/v2\/pages\/3002\/revisions\/3331"}],"wp:attachment":[{"href":"https:\/\/blogi.eoppimispalvelut.fi\/latu\/wp-json\/wp\/v2\/media?parent=3002"}],"curies":[{"name":"wp","href":"https:\/\/api.w.org\/{rel}","templated":true}]}}