{"id":3093,"date":"2022-10-31T12:32:34","date_gmt":"2022-10-31T10:32:34","guid":{"rendered":"https:\/\/blogi.eoppimispalvelut.fi\/latu\/?page_id=3093"},"modified":"2023-04-13T09:32:28","modified_gmt":"2023-04-13T06:32:28","slug":"historia-tulevaisuustaajuus","status":"publish","type":"page","link":"https:\/\/blogi.eoppimispalvelut.fi\/latu\/historia-tulevaisuustaajuus\/","title":{"rendered":"Historia, Tulevaisuustaajuus"},"content":{"rendered":"<p>[et_pb_section fb_built=&#8221;1&#8243; admin_label=&#8221;Opetuskokonaisuus&#8221; module_id=&#8221;tiivistelma&#8221; _builder_version=&#8221;4.16&#8243; _module_preset=&#8221;default&#8221; custom_margin=&#8221;-5px|30px|-5px|30px|true|true&#8221; box_shadow_style=&#8221;preset1&#8243; global_colors_info=&#8221;{}&#8221;][et_pb_row custom_padding_last_edited=&#8221;on|phone&#8221; admin_label=&#8221;TULEVAISUUSTY\u00d6PAJA -toteutus&#8221; _builder_version=&#8221;4.18.0&#8243; _module_preset=&#8221;default&#8221; custom_margin=&#8221;|auto|-99px|auto|false|false&#8221; custom_padding=&#8221;|300px|||false|false&#8221; custom_padding_tablet=&#8221;|0px|||false|false&#8221; custom_padding_phone=&#8221;&#8221; global_colors_info=&#8221;{}&#8221;][et_pb_column type=&#8221;4_4&#8243; _builder_version=&#8221;4.16&#8243; _module_preset=&#8221;default&#8221; global_colors_info=&#8221;{}&#8221;][et_pb_text admin_label=&#8221;TY\u00d6PAJAN otsikko&#8221; _builder_version=&#8221;4.18.0&#8243; _module_preset=&#8221;default&#8221; global_colors_info=&#8221;{}&#8221;]<\/p>\n<h2><strong>TULEVAISUUSTAAJUUS TY\u00d6PAJA\u00a0<\/strong><\/h2>\n<p>[\/et_pb_text][et_pb_divider color=&#8221;#e20d18&#8243; divider_weight=&#8221;6px&#8221; admin_label=&#8221;Otsikon alusviiva&#8221; _builder_version=&#8221;4.18.0&#8243; _module_preset=&#8221;default&#8221; width=&#8221;40px&#8221; module_alignment=&#8221;left&#8221; custom_margin=&#8221;-25px|0px||0px|false|false&#8221; custom_padding=&#8221;0px|||0px|false|false&#8221; global_module=&#8221;662&#8243; saved_tabs=&#8221;all&#8221; global_colors_info=&#8221;{}&#8221;][\/et_pb_divider][et_pb_text admin_label=&#8221;Teht\u00e4v\u00e4n tekstit&#8221; _builder_version=&#8221;4.18.0&#8243; _module_preset=&#8221;default&#8221; ol_font=&#8221;|700|||||||&#8221; ol_font_size=&#8221;18px&#8221; global_colors_info=&#8221;{}&#8221;]<\/p>\n<h3><\/h3>\n<p><a href=\"https:\/\/www.sitra.fi\/hankkeet\/tulevaisuustaajuus\/\">Tulevaisuustaajuus<\/a> \u2013ty\u00f6paja toteutetaan lukion historian kolmannella opintojaksolla oppituntien aikana. Ty\u00f6pajassa harjoitellaan tulevaisuuden kuvittelun taitoja itsen\u00e4isen Suomen tulevaisuuden n\u00e4k\u00f6kulmasta.<\/p>\n<p>&nbsp;<\/p>\n<p>[\/et_pb_text][et_pb_text admin_label=&#8221;INTRO + HAASTA&#8221; _builder_version=&#8221;4.18.0&#8243; _module_preset=&#8221;default&#8221; ol_font=&#8221;|700|||||||&#8221; ol_font_size=&#8221;18px&#8221; width=&#8221;100%&#8221; custom_margin=&#8221;-39px|||||&#8221; global_colors_info=&#8221;{}&#8221;]<\/p>\n<p><strong><\/strong><\/p>\n<h4><strong>Intro: Katso video (7:14)<\/strong><\/h4>\n<p><a href=\"https:\/\/www.sitra.fi\/app\/uploads\/2020\/12\/sitratulevaisuustaajuusvideo1onlinesubs03122020.mp4\">T\u00e4m\u00e4 video<\/a> Sitran tulevaisuustaajuus -sivulla johdattelee tulevaisuustaajuudelle.<strong><\/strong><\/p>\n<h4><strong><\/strong><\/h4>\n<h4><strong><\/strong><\/h4>\n<h4><strong>L\u00e4mmittelyteht\u00e4v\u00e4: Mit\u00e4 jos \u2026?<\/strong><\/h4>\n<p>Keksik\u00e4\u00e4 yksi tai useampi Mit\u00e4 jos -kysymys, joka johdattelee kohti kuvittelemaan itsen\u00e4isen Suomen toivottavaa tulevaisuutta.<\/p>\n<h4><strong><\/strong><\/h4>\n<h4><strong>1. Haasta<\/strong><\/h4>\n<p><strong><\/strong><\/p>\n<p>a) Katsokaa <a href=\"https:\/\/www.sitra.fi\/hankkeet\/tulevaisuustaajuus\/#\">Haasta -video<\/a> Sitran sivuilla (5:54)<\/p>\n<p>b) Kuunnelkaa tai lukekaa P\u00e4\u00e4ministerin puhe vuonna 2200 -kuunnelma (alla) ja keskustelkaa sen j\u00e4lkeen ryhmiss\u00e4: Tunnistatteko t\u00e4m\u00e4nkaltaisen oletuksen tulevaisuudesta? Ajatteletteko itse n\u00e4in?<br \/>Haastakaa: millaisiin oletuksiin kuunnelma perustuu?<\/p>\n<p>[\/et_pb_text][et_pb_audio audio=&#8221;https:\/\/blogi.eoppimispalvelut.fi\/latu\/files\/2023\/03\/Paaministerin-puhe-200223-final.mp3&#8243; title=&#8221;Kuuntele p\u00e4\u00e4ministerin puhe&#8221; admin_label=&#8221;P\u00e4\u00e4ministerin puhe&#8221; _builder_version=&#8221;4.20.0&#8243; _module_preset=&#8221;default&#8221; title_font=&#8221;|800|||||||&#8221; title_text_align=&#8221;left&#8221; title_text_color=&#8221;#e20d18&#8243; background_enable_color=&#8221;off&#8221; background_layout=&#8221;light&#8221; width=&#8221;90%&#8221; module_alignment=&#8221;center&#8221; min_height=&#8221;182px&#8221; custom_padding=&#8221;||0px|||&#8221; global_colors_info=&#8221;{}&#8221;][\/et_pb_audio][et_pb_toggle title=&#8221;Lue p\u00e4\u00e4ministerin puhe&#8221; open_toggle_text_color=&#8221;#e20d18&#8243; open_toggle_background_color=&#8221;RGBA(0,0,0,0)&#8221; closed_toggle_background_color=&#8221;RGBA(0,0,0,0)&#8221; icon_color=&#8221;#e20d18&#8243; use_icon_font_size=&#8221;on&#8221; icon_font_size=&#8221;41px&#8221; open_icon_color=&#8221;#e20d18&#8243; open_use_icon_font_size=&#8221;on&#8221; open_icon_font_size=&#8221;41px&#8221; admin_label=&#8221;littera&#8221; _builder_version=&#8221;4.18.0&#8243; _module_preset=&#8221;default&#8221; title_text_color=&#8221;#e20d18&#8243; title_level=&#8221;h3&#8243; title_font=&#8221;|700|||||||&#8221; width=&#8221;90%&#8221; module_alignment=&#8221;center&#8221; custom_margin=&#8221;|-90px||||&#8221; border_width_all=&#8221;4px&#8221; border_color_all=&#8221;#26224e&#8221; global_colors_info=&#8221;{}&#8221;]<\/p>\n<p>Hyv\u00e4t kuulijat,<\/p>\n<p>Ilokseni voin todeta, ett\u00e4 meille menee hyvin. T\u00e4st\u00e4 syyst\u00e4 onkin iloni ja kunniani olla puhumassa teille t\u00e4ss\u00e4 suorassa l\u00e4hetyksess\u00e4.<\/p>\n<p>Suomalainen osaaminen kelpaa maailmalla ja tietysti my\u00f6s t\u00e4\u00e4ll\u00e4 kotimaassa. Suomi ja meid\u00e4t suomalaiset tunnetaan diplomaattisena kumppanina, jonka sanaan voi luottaa. Me olemme omalta osaltamme rakentamassa oikeudenmukaisempaa maailmaa. Se on moraalisesti oikein ja samalla se on my\u00f6s omien etujemme mukaista toimintaa. Me emme voi olla maailman asioiden suhteen sivustaseuraaja, vaan olemme osaamisellamme viem\u00e4ss\u00e4 ja edist\u00e4m\u00e4ss\u00e4 oikeudenmukaisuutta, yhteisi\u00e4 arvoja ja globaalia etiikkaa maailmanlaajuisesti.<\/p>\n<p>Suomi on monessa asiassa kehityksen k\u00e4rjess\u00e4. Tasa-arvo, ihmisoikeudet, oikeudenmukainen ty\u00f6el\u00e4m\u00e4 ja yksil\u00f6n vapaus ovat maassamme huippuluokkaa, mutta on kuitenkin edelleen paljon parannettavaa. Olemme tehneet demokratiasta ja konfliktien ratkaisusta vientivalttimme, kuten suomalaisesta koulutuksesta jo aikanaan. Olemme paremmin pystyneet osallistamaan lapset, nuoret, vanhukset, jopa el\u00e4in- ja kasvikunnankin osaksi demokraattista prosessia. Emme silti saa tuudittautua liialliseen itsetyytyv\u00e4isyyteen, vaan on jatkettava ty\u00f6t\u00e4 oikeudenmukaisemman maapallon kehitt\u00e4misen hyv\u00e4ksi.<\/p>\n<p>Erityisen iloinen olen siit\u00e4, ett\u00e4 me ihmiskuntana pystyimme ratkaisemaan ilmastokriisin ja pystyimme pys\u00e4ytt\u00e4m\u00e4\u00e4n maapallon l\u00e4mpenemisen, josta kiitos teknologiselle kehitykselle sek\u00e4 kaikille niille keksij\u00f6ille, unelmoijille, sek\u00e4 niille jotka eiv\u00e4t vallitsevan tilanteen edess\u00e4 vain tyytyneet olemaan hiljaa, vaan toimivat. On kuitenkin muistettava, ett\u00e4 suurimman muutoksen voi tehd\u00e4 meist\u00e4 jokainen omassa el\u00e4m\u00e4ss\u00e4mme ja omissa valinnoissamme aivan itse. T\u00e4m\u00e4 on ollut totta jo vuosisatojen ajan ja on yh\u00e4 edelleen.<\/p>\n<p>Jos haluamme muutosta ja parempaa tulevaisuutta, se ei tapahdu &#8211; se tehd\u00e4\u00e4n. Kiitos teille kaikille, jotka olette rakentamassa nykyp\u00e4iv\u00e4n Suomea, parempaa el\u00e4m\u00e4\u00e4 ja universumia itse kullekin.<\/p>\n<p>[\/et_pb_toggle][et_pb_text admin_label=&#8221;KUVITTELE&#8221; _builder_version=&#8221;4.18.0&#8243; _module_preset=&#8221;default&#8221; ol_font=&#8221;|700|||||||&#8221; ol_font_size=&#8221;18px&#8221; global_colors_info=&#8221;{}&#8221;]<\/p>\n<h4><strong><\/strong><\/h4>\n<h4><strong><\/strong><\/h4>\n<h4><strong>2. Kuvittele<\/strong><\/h4>\n<p><strong><\/strong><\/p>\n<p>a) Katsokaa <a href=\"https:\/\/www.sitra.fi\/app\/uploads\/2020\/12\/sitratulevaisuustaajuusvideo3onlinesubs03122020.mp4\">Kuvittele -video<\/a> Sitran sivuilla (2:00min)<\/p>\n<p>b) Sitten muistellaan hetki historian menneit\u00e4 tapahtumia kurssin sis\u00e4lt\u00f6ihin keskittyen. Raahatkaa alla olevissa teht\u00e4viss\u00e4 oikea vuosiluku tapahtuman p\u00e4\u00e4lle.<\/p>\n<p>&nbsp;<\/p>\n<p>[\/et_pb_text][et_pb_text admin_label=&#8221;Teht\u00e4v\u00e4: historian tapahtumat aikajanalla 1\/2&#8243; _builder_version=&#8221;4.18.0&#8243; _module_preset=&#8221;default&#8221; global_colors_info=&#8221;{}&#8221;]<\/p>\n<div class=\"h5p-iframe-wrapper\"><iframe id=\"h5p-iframe-99\" class=\"h5p-iframe\" data-content-id=\"99\" style=\"height:1px\" src=\"about:blank\" frameBorder=\"0\" scrolling=\"no\" title=\"HI Tulevaisuustaajuus teht\u00e4v\u00e4 1\/2\"><\/iframe><\/div>\n<p>[\/et_pb_text][et_pb_text admin_label=&#8221;Teht\u00e4v\u00e4: historian tapahtumat aikajanalla 2\/2&#8243; _builder_version=&#8221;4.18.0&#8243; _module_preset=&#8221;default&#8221; global_colors_info=&#8221;{}&#8221;]<\/p>\n<div class=\"h5p-iframe-wrapper\"><iframe id=\"h5p-iframe-100\" class=\"h5p-iframe\" data-content-id=\"100\" style=\"height:1px\" src=\"about:blank\" frameBorder=\"0\" scrolling=\"no\" title=\"HI Tulevaisuustaajuus teht\u00e4v\u00e4 osa 2\/2\"><\/iframe><\/div>\n<p>[\/et_pb_text][et_pb_text admin_label=&#8221;KUVITTELE&#8221; _builder_version=&#8221;4.20.2&#8243; _module_preset=&#8221;default&#8221; ol_font=&#8221;|700|||||||&#8221; ol_font_size=&#8221;18px&#8221; hover_enabled=&#8221;0&#8243; global_colors_info=&#8221;{}&#8221; sticky_enabled=&#8221;0&#8243;]&nbsp;<\/p>\n<p>c) Pohtikaa pienryhm\u00e4ss\u00e4 Suomen tulevaisuutta suhteessa kolmeen seuraavista valtioista: Ven\u00e4j\u00e4, Yhdysvallat, Iso-Britannia, Saksa, Pohjoismaat, Baltian maat. Pohdittavat kysymykset ovat: 1) Miten Suomi n\u00e4hd\u00e4\u00e4n maailmalla muiden silmiss\u00e4? 2) Vakauttaako Naton j\u00e4senyys turvallisuutta Pohjois-Euroopassa vai lis\u00e4\u00e4k\u00f6 se mahdollisten konfliktien riski\u00e4? 3) Millaisena taloudellisena toiminta-alueena Suomi n\u00e4hd\u00e4\u00e4n tulevaisuudessa?<\/p>\n<p>d) Katsokaa Sitaatteja historian henkil\u00f6ilt\u00e4 -video (alla):<\/p>\n<p><iframe loading=\"lazy\" title=\"Sitaatteja historian henkil\u00f6ilt\u00e4\" width=\"1080\" height=\"608\" src=\"https:\/\/www.youtube.com\/embed\/n24uCt31Oqg?feature=oembed\"  allow=\"accelerometer; autoplay; clipboard-write; encrypted-media; gyroscope; picture-in-picture; web-share\" allowfullscreen><\/iframe><\/p>\n<p>e) Nyt p\u00e4\u00e4sette kuvittelemaan itsen\u00e4isesti <strong>toivottavaa tulevaisuutta Suomen n\u00e4k\u00f6kulmasta<\/strong> (7min yksil\u00f6llist\u00e4 ty\u00f6skentely\u00e4). Valitse teema, jota k\u00e4sittelet visiossasi. Mieti, mit\u00e4 sellaista hyv\u00e4\u00e4 on nykyhetkess\u00e4 mit\u00e4 haluat vahvistaa, jotta tulevaisuus olisi parempi. Kirjoita mill\u00e4 tavoin tulevaisuus olisi parempi ja kenelle? Yrit\u00e4 olla mahdollisimman konkreettinen: Haluan vahvistaa mit\u00e4, jotta vuonna 2050&#8230;<\/p>\n<p>&nbsp;<\/p>\n<h4><strong>3. TOIMI (pienryhmiss\u00e4)<\/strong><\/h4>\n<p><strong><\/strong><\/p>\n<p>a) Jakakaa ajatuksianne toivottavista tulevaisuuksista pienryhmiss\u00e4<\/p>\n<p>b) Katsokaa video: Urho Kekkosen ajatuksia tulevaisuuden kuvittelusta (Suomen presidentti vuosina 1956-1982):<\/p>\n<div style=\"width: 1024px;\" class=\"wp-video\"><video class=\"wp-video-shortcode\" id=\"video-3093-1\" width=\"1024\" height=\"576\" preload=\"metadata\" controls=\"controls\"><source type=\"video\/mp4\" src=\"https:\/\/blogi.eoppimispalvelut.fi\/latu\/files\/2022\/11\/UKK_INSERTTI.mp4?_=1\" \/><a href=\"https:\/\/blogi.eoppimispalvelut.fi\/latu\/files\/2022\/11\/UKK_INSERTTI.mp4\">https:\/\/blogi.eoppimispalvelut.fi\/latu\/files\/2022\/11\/UKK_INSERTTI.mp4<\/a><\/video><\/div>\n<p>&nbsp;<\/p>\n<p>c) Valitkaa ryhm\u00e4lle yhteinen tiivis ja konkreettinen visio toivottavasta tulevaisuudesta.<\/p>\n<p>d) Katsokaa <a href=\"https:\/\/www.sitra.fi\/app\/uploads\/2020\/12\/sitratulevaisuustaajuusvideo4onlinesubs03122020.mp4\">Toimi video<\/a> Sitran sivuilla (4:09)<\/p>\n<p>e) Miten valitsemanne visio voitaisiin saavuttaa? Ideoikaa pienryhm\u00e4ss\u00e4nne teko\/tekoja vastauksena n\u00e4ihin kuhunkin kysymyksiin: 1. Miten ajattelumme ja uskomustemme pit\u00e4isi muuttua 2. Mit\u00e4 rakenteissa pit\u00e4isi muuttua ja 3. Miten k\u00e4ytt\u00e4ytymisemme pit\u00e4isi muuttua?<\/p>\n<p>f) Ty\u00f6st\u00e4k\u00e4\u00e4 ryhm\u00e4ss\u00e4nne lopputuotos, jossa kuvaatte milt\u00e4 matka toivomaanne visioon n\u00e4ytt\u00e4isi ja kuulostaisi. Lopputuotos voi olla jokin seuraavista:\u00a0 Tulevaisuuden sanomat -lehden etusivu vuonna 2048, Tulevaisuuden Insta-stoori, Tulevaisuuden radio-ohjelma, Tulevaisuuden ekologinen tuote ja\/tai sen mainos vuonna 2048.<\/p>\n<p>g) Esitelk\u00e4\u00e4 ryhm\u00e4n lopputuotos opettajan ohjeistamalla tavalla.<strong><\/strong><\/p>\n<p>&nbsp;<\/p>\n<h4><strong>Lopuksi<\/strong><strong><\/strong><\/h4>\n<p>&nbsp;<\/p>\n<p>Katsokaa lopetus<a href=\"https:\/\/www.sitra.fi\/app\/uploads\/2020\/12\/sitratulevaisuustaajuusvideo5onlinesubs03122020.mp4\">video<\/a> Sitran sivuilla(3:01)<\/p>\n<p>Onneksi olkoon, olet p\u00e4\u00e4ssyt Tulevaisuustaajuus -ty\u00f6pajan loppuun!<strong><\/strong><\/p>\n<p>&nbsp;<\/p>\n<h4><strong>Yhteisty\u00f6ss\u00e4:<\/strong><\/h4>\n<p>&nbsp;<\/p>\n<p>&nbsp;[\/et_pb_text][\/et_pb_column][\/et_pb_row][\/et_pb_section][et_pb_section fb_built=&#8221;1&#8243; _builder_version=&#8221;4.16&#8243; _module_preset=&#8221;default&#8221; custom_margin=&#8221;2px|30px|2px|30px|true|true&#8221; global_colors_info=&#8221;{}&#8221;][et_pb_row column_structure=&#8221;1_3,1_3,1_3&#8243; admin_label=&#8221;Rivi&#8221; _builder_version=&#8221;4.18.0&#8243; _module_preset=&#8221;default&#8221; global_colors_info=&#8221;{}&#8221;][et_pb_column type=&#8221;1_3&#8243; _builder_version=&#8221;4.16&#8243; _module_preset=&#8221;default&#8221; global_colors_info=&#8221;{}&#8221;][et_pb_image src=&#8221;https:\/\/blogi.eoppimispalvelut.fi\/latu\/files\/2022\/08\/small_SITRA_BLACK.jpg&#8221; alt=&#8221;Lapin ammattikorkeakoulu -logo&#8221; title_text=&#8221;small_SITRA_BLACK&#8221; align=&#8221;center&#8221; _builder_version=&#8221;4.18.0&#8243; _module_preset=&#8221;default&#8221; global_colors_info=&#8221;{}&#8221;][\/et_pb_image][\/et_pb_column][et_pb_column type=&#8221;1_3&#8243; _builder_version=&#8221;4.16&#8243; _module_preset=&#8221;default&#8221; global_colors_info=&#8221;{}&#8221;][\/et_pb_column][et_pb_column type=&#8221;1_3&#8243; _builder_version=&#8221;4.16&#8243; _module_preset=&#8221;default&#8221; global_colors_info=&#8221;{}&#8221;][\/et_pb_column][\/et_pb_row][\/et_pb_section]<\/p>\n","protected":false},"excerpt":{"rendered":"<p>TULEVAISUUSTAAJUUS TY\u00d6PAJA\u00a0 Tulevaisuustaajuus \u2013ty\u00f6paja toteutetaan lukion historian kolmannella opintojaksolla oppituntien aikana. Ty\u00f6pajassa harjoitellaan tulevaisuuden kuvittelun taitoja itsen\u00e4isen Suomen tulevaisuuden n\u00e4k\u00f6kulmasta. &nbsp; Intro: Katso video (7:14) T\u00e4m\u00e4 video Sitran tulevaisuustaajuus -sivulla johdattelee tulevaisuustaajuudelle. L\u00e4mmittelyteht\u00e4v\u00e4: Mit\u00e4 jos \u2026? Keksik\u00e4\u00e4 yksi tai useampi Mit\u00e4 jos -kysymys, joka johdattelee kohti kuvittelemaan itsen\u00e4isen Suomen toivottavaa tulevaisuutta. 1. Haasta a) Katsokaa [&hellip;]<\/p>\n","protected":false},"author":7199,"featured_media":0,"parent":0,"menu_order":0,"comment_status":"closed","ping_status":"closed","template":"","meta":{"_et_pb_use_builder":"on","_et_pb_old_content":"","_et_gb_content_width":"","footnotes":""},"class_list":["post-3093","page","type-page","status-publish","hentry"],"_links":{"self":[{"href":"https:\/\/blogi.eoppimispalvelut.fi\/latu\/wp-json\/wp\/v2\/pages\/3093","targetHints":{"allow":["GET"]}}],"collection":[{"href":"https:\/\/blogi.eoppimispalvelut.fi\/latu\/wp-json\/wp\/v2\/pages"}],"about":[{"href":"https:\/\/blogi.eoppimispalvelut.fi\/latu\/wp-json\/wp\/v2\/types\/page"}],"author":[{"embeddable":true,"href":"https:\/\/blogi.eoppimispalvelut.fi\/latu\/wp-json\/wp\/v2\/users\/7199"}],"replies":[{"embeddable":true,"href":"https:\/\/blogi.eoppimispalvelut.fi\/latu\/wp-json\/wp\/v2\/comments?post=3093"}],"version-history":[{"count":57,"href":"https:\/\/blogi.eoppimispalvelut.fi\/latu\/wp-json\/wp\/v2\/pages\/3093\/revisions"}],"predecessor-version":[{"id":4699,"href":"https:\/\/blogi.eoppimispalvelut.fi\/latu\/wp-json\/wp\/v2\/pages\/3093\/revisions\/4699"}],"wp:attachment":[{"href":"https:\/\/blogi.eoppimispalvelut.fi\/latu\/wp-json\/wp\/v2\/media?parent=3093"}],"curies":[{"name":"wp","href":"https:\/\/api.w.org\/{rel}","templated":true}]}}