{"id":3187,"date":"2022-11-03T12:48:02","date_gmt":"2022-11-03T10:48:02","guid":{"rendered":"https:\/\/blogi.eoppimispalvelut.fi\/latu\/?page_id=3187"},"modified":"2022-12-12T12:29:20","modified_gmt":"2022-12-12T10:29:20","slug":"yhteiskuntaoppi-tulevaisuustaajuus","status":"publish","type":"page","link":"https:\/\/blogi.eoppimispalvelut.fi\/latu\/yhteiskuntaoppi-tulevaisuustaajuus\/","title":{"rendered":"Yhteiskuntaoppi, tulevaisuustaajuus"},"content":{"rendered":"<p>[et_pb_section fb_built=&#8221;1&#8243; admin_label=&#8221;Opetuskokonaisuus&#8221; module_id=&#8221;tiivistelma&#8221; _builder_version=&#8221;4.16&#8243; _module_preset=&#8221;default&#8221; min_height=&#8221;2314.2px&#8221; custom_margin=&#8221;-5px|30px|-5px|30px|true|true&#8221; custom_padding=&#8221;||0px|||&#8221; box_shadow_style=&#8221;preset1&#8243; global_colors_info=&#8221;{}&#8221;][et_pb_row custom_padding_last_edited=&#8221;on|phone&#8221; admin_label=&#8221;TULEVAISUUSTY\u00d6PAJA -taustoitus&#8221; _builder_version=&#8221;4.16&#8243; _module_preset=&#8221;default&#8221; custom_margin=&#8221;||||false|false&#8221; custom_padding=&#8221;|300px|||false|false&#8221; custom_padding_tablet=&#8221;|0px|||false|false&#8221; custom_padding_phone=&#8221;&#8221; global_colors_info=&#8221;{}&#8221;][et_pb_column type=&#8221;4_4&#8243; _builder_version=&#8221;4.16&#8243; _module_preset=&#8221;default&#8221; global_colors_info=&#8221;{}&#8221;][et_pb_text admin_label=&#8221;Teht\u00e4v\u00e4n otsikko&#8221; _builder_version=&#8221;4.18.0&#8243; _module_preset=&#8221;default&#8221; global_colors_info=&#8221;{}&#8221;]<\/p>\n<h2><strong>TULEVAISUUSTAAJUUS TY\u00d6PAJA, YHTEISKUNTAOPPI\u00a0<\/strong><\/h2>\n<p>[\/et_pb_text][et_pb_divider color=&#8221;#e20d18&#8243; divider_weight=&#8221;6px&#8221; admin_label=&#8221;Otsikon alusviiva&#8221; _builder_version=&#8221;4.18.0&#8243; _module_preset=&#8221;default&#8221; width=&#8221;40px&#8221; module_alignment=&#8221;left&#8221; custom_margin=&#8221;-25px|0px||0px|false|false&#8221; custom_padding=&#8221;0px|||0px|false|false&#8221; global_module=&#8221;662&#8243; saved_tabs=&#8221;all&#8221; global_colors_info=&#8221;{}&#8221;][\/et_pb_divider][\/et_pb_column][\/et_pb_row][et_pb_row custom_padding_last_edited=&#8221;on|phone&#8221; admin_label=&#8221;TULEVAISUUSTY\u00d6PAJA -toteutus&#8221; _builder_version=&#8221;4.18.0&#8243; _module_preset=&#8221;default&#8221; custom_margin=&#8221;||||false|false&#8221; custom_padding=&#8221;|300px|||false|false&#8221; custom_padding_tablet=&#8221;|0px|||false|false&#8221; custom_padding_phone=&#8221;&#8221; global_colors_info=&#8221;{}&#8221;][et_pb_column type=&#8221;4_4&#8243; _builder_version=&#8221;4.16&#8243; _module_preset=&#8221;default&#8221; global_colors_info=&#8221;{}&#8221;][et_pb_text admin_label=&#8221;OPPITUNTI 1 otsikko&#8221; _builder_version=&#8221;4.18.0&#8243; _module_preset=&#8221;default&#8221; ol_font=&#8221;|700|||||||&#8221; ol_font_size=&#8221;18px&#8221; global_colors_info=&#8221;{}&#8221;]<\/p>\n<h3><strong>Ensimm\u00e4inen oppitunti (75min)<\/strong><\/h3>\n<p>[\/et_pb_text][et_pb_divider color=&#8221;#26224E&#8221; divider_weight=&#8221;6px&#8221; admin_label=&#8221;Oppitunnin otsikon alusviiva&#8221; _builder_version=&#8221;4.18.0&#8243; _module_preset=&#8221;default&#8221; width=&#8221;5%&#8221; custom_margin=&#8221;-20px||||false|false&#8221; global_colors_info=&#8221;{}&#8221;][\/et_pb_divider][et_pb_text admin_label=&#8221;OPPITUNTI 1&#8243; _builder_version=&#8221;4.18.0&#8243; _module_preset=&#8221;default&#8221; ol_font=&#8221;|700|||||||&#8221; ol_font_size=&#8221;18px&#8221; global_colors_info=&#8221;{}&#8221;]<\/p>\n<p><span style=\"font-size: 14px\">T\u00e4ss\u00e4 toteutuksessa Tulevaisuustaajuus ty\u00f6paja k\u00e4yd\u00e4\u00e4n l\u00e4pi yhteiskuntaopin oppiaineessa kahden oppitunnin aikana. Aluksi tutustutaan opettajan johdolla YH 3 moduulin sis\u00e4lt\u00f6\u00f6n ja tavoitteisiin, sek\u00e4 arviointiperusteisiin. Moduulin keskeiset sis\u00e4ll\u00f6t ovat globaalit haasteet, globalisaatio ja verkottuminen, eurooppalaisuus ja Euroopan yhdentyminen sek\u00e4 turvallisuus muuttuvassa toimintaymp\u00e4rist\u00f6ss\u00e4.\u00a0<\/span><\/p>\n<p><strong>Orientaatio<\/strong><span style=\"font-size: 14px\"><\/span><\/p>\n<p><span style=\"font-size: 14px\"><\/span><\/p>\n<p>1) Katsokaa Unescon video <a title=\"https:\/\/www.youtube.com\/watch?v=7865y7hbehY\" href=\"https:\/\/www.youtube.com\/watch?v=7865y7hbehY\" target=\"_blank\" rel=\"noopener\">Futures of Education: Learning to Become<\/a> youtubessa (1:47min)<\/p>\n<p>2) Tutustukaa <a href=\"https:\/\/kestavakehitys.fi\/agenda-2030\">Agenda 2030<\/a> kest\u00e4v\u00e4n kehityksen tavoitteisiin YK:n sivuilla<\/p>\n<p>3) Jakautukaa kolmen\/nelj\u00e4n hengen ryhmiin ja esitt\u00e4ytyk\u00e4\u00e4 omalle ryhm\u00e4lle.<\/p>\n<p>&nbsp;<\/p>\n<p><strong>Keskustelua ja pohdintaa tulevaisuudesta:<\/strong><\/p>\n<p>&nbsp;<\/p>\n<p>4) Keskustelkaa pienryhmiss\u00e4:<\/p>\n<p>a) Millaisia ajatuksia Agenda 2030 tavoitteet ja niiden toteuttamisen aikataulu her\u00e4tti?<br \/>b) Mit\u00e4 odotat tulevaisuudelta (opiskelu lukiossa, lukion j\u00e4lkeen, opiskelu)?<br \/>c) Jos voisit antaa maapallollemme jonkin lahjan, mik\u00e4 se olisi?<\/p>\n<p>3) Pohtikaa ryhm\u00e4ss\u00e4 seuraavia kysymyksi\u00e4:<\/p>\n<p>a) Kuvaile muutamalla lauseella (2-4 lausetta) tai esimerkiksi kuvien avulla, millaisena n\u00e4et maailman vuonna 2050?<br \/>b) Mink\u00e4 asioiden toivot s\u00e4ilyv\u00e4n ennallaan?<\/p>\n<p>4) Valitkaa \u00e4\u00e4nest\u00e4m\u00e4ll\u00e4 kolme asiaa, joiden toivotte s\u00e4ilyv\u00e4n ennallaan ja kolme, joiden toivotte muuttuvan tai ratkeavan vuoteen 2050 menness\u00e4.<\/p>\n<p>5) Miten jokin esiin noussut ilmi\u00f6 tai ongelma vaikuttaa:<\/p>\n<p>a) omassa el\u00e4m\u00e4ss\u00e4si?<br \/>b) koulussa?<br \/>c) l\u00e4hiymp\u00e4rist\u00f6ss\u00e4?<br \/>d) Suomessa?<br \/>e) globaalisti tai jossain muualla maailmassa?<\/p>\n<h3><strong><\/strong><\/h3>\n<h3><strong>Kotiteht\u00e4v\u00e4: Tulevaisuuskuunnelmat<\/strong><\/h3>\n<p><strong><\/strong><\/p>\n<p>a) Valitse ja kuuntele Sitran sivuilta yksi <a title=\"https:\/\/www.sitra.fi\/caset\/tulevaisuuskuunnelmat\/\" href=\"https:\/\/www.sitra.fi\/caset\/tulevaisuuskuunnelmat\/\" target=\"_blank\" rel=\"noopener\">Tulevaisuuskuunnelma<\/a>.<br \/>b) Kirjoita millaisia ajatuksia kuunnelma her\u00e4tti ja millaisia tulevaisuusoletuksia tunnistat kuunnelmasta?<\/p>\n<p>&nbsp;<\/p>\n<p>[\/et_pb_text][et_pb_text admin_label=&#8221;OPPITUNTI 2 otsikko&#8221; _builder_version=&#8221;4.18.0&#8243; _module_preset=&#8221;default&#8221; ol_font=&#8221;|700|||||||&#8221; ol_font_size=&#8221;18px&#8221; global_colors_info=&#8221;{}&#8221;]<\/p>\n<h3><strong>TOINEN OPPITUNTI<\/strong><\/h3>\n<p>[\/et_pb_text][et_pb_text admin_label=&#8221;OPPITUNTI 2&#8243; _builder_version=&#8221;4.18.0&#8243; _module_preset=&#8221;default&#8221; ol_font=&#8221;|700|||||||&#8221; ol_font_size=&#8221;18px&#8221; min_height=&#8221;1022.1px&#8221; global_colors_info=&#8221;{}&#8221;]<\/p>\n<p>\u00a0Katsotaan yhdess\u00e4 video (5:25): <a title=\"https:\/\/www.sitra.fi\/hankkeet\/tulevaisuuden-tekijan-tyokalupakki\/#mika-ihmeen-tulevaisuus\" href=\"https:\/\/www.sitra.fi\/hankkeet\/tulevaisuuden-tekijan-tyokalupakki\/#mika-ihmeen-tulevaisuus\" target=\"_blank\" rel=\"noopener\">Mik\u00e4 ihmeen tulevaisuus?<\/a><\/p>\n<h4><strong>1. Mit\u00e4 jos \u2026?<\/strong><\/h4>\n<p>a) Keksik\u00e4\u00e4 jokainen yksi tai useampi tulevaisuuteen liittyv\u00e4 \u201cMit\u00e4 jos\u2026?\u201d -kysymys ja kirjoittakaa ne yl\u00f6s opettajan ohjeistamaan paikkaan.<br \/>c) Pohtikaa yhdess\u00e4 millaisia ajatuksia Mit\u00e4, jos -kysymykset her\u00e4tt\u00e4v\u00e4t.<\/p>\n<p>&nbsp;<\/p>\n<h4><strong>2. HAASTA<\/strong><\/h4>\n<p>a) Katsokaa Sitran sivuilta Haasta &#8211;<a href=\"https:\/\/www.sitra.fi\/hankkeet\/tulevaisuustaajuus\/#\">video<\/a> (5:54):\u00a0<\/p>\n<p>b) Kuunnelkaa pienryhm\u00e4nne kanssa yksi tulevaisuuskuunnelma, jota ette viel\u00e4 ole kuunnelleet.<\/p>\n<p>c) Pohtikaa ja keskustelkaa ryhm\u00e4ss\u00e4: Tunnistatteko t\u00e4m\u00e4nkaltaisen oletuksen tulevaisuudesta? Ajatteletko itse n\u00e4in? Haastakaa: millaisiin oletuksiin tulevaisuudesta kuunnelma perustuu?<\/p>\n<p>&nbsp;<\/p>\n<h4><strong>3. KUVITTELE<\/strong><\/h4>\n<p><strong><\/strong><\/p>\n<p>1) Merkitse opettajan ohjeistamaan paikkaan, aikajanalle ensin tapahtumia\/asioita, jotka ovat vaikuttaneet siihen mink\u00e4lainen nykyhetki on?<\/p>\n<p>2) T\u00e4m\u00e4n j\u00e4lkeen k\u00e4\u00e4nt\u00e4k\u00e4\u00e4 katse tulevaan ja merkitk\u00e4\u00e4 aikajanan loppuun mitk\u00e4 t\u00e4m\u00e4n hetken asiat vaikuttavat tulevaisuuteen?<\/p>\n<p>3. Nyt p\u00e4\u00e4sette kuvittelemaan, ensin yksin ja sitten yhdess\u00e4.<\/p>\n<p>a) Ensin yksin (7min itsen\u00e4inen ty\u00f6skentely\u00e4):<\/p>\n<p>Kuvittele toivottava tulevaisuus. Valitse teema, jota k\u00e4sittelet visiossasi. Mieti, mit\u00e4 sellaista hyv\u00e4\u00e4 on nykyhetkess\u00e4 mit\u00e4 haluat vahvistaa, jotta tulevaisuus olisi parempi. Kirjoita mill\u00e4 tavoin tulevaisuus olisi parempi ja kenelle? Yrit\u00e4 olla mahdollisimman konkreettinen: Haluan vahvistaa mit\u00e4, jotta vuonna 2050.<\/p>\n<p>b) Ja sitten yhdess\u00e4: Jakakaa ajatuksianne toivottavista tulevaisuuksista pienryhmiss\u00e4 ja muodostakaa ryhm\u00e4n keskuudessa yhteinen visio toivottavasta tulevaisuudesta.<\/p>\n<p>&nbsp;<\/p>\n<h4><strong>4. TOIMI<\/strong><\/h4>\n<p><strong><\/strong><\/p>\n<p>1. Katsotaan <a href=\"https:\/\/www.sitra.fi\/hankkeet\/tulevaisuustaajuus\/#\">Toimi -video<\/a> Sitran sivuilta (4:09min)<\/p>\n<p>2. Miten visioimaanne tulevaisuuteen voitaisiin p\u00e4\u00e4st\u00e4? Ideoikaa pienryhm\u00e4ss\u00e4nne teko\/tekoja vastauksena seuraaviin kysymyksiin: a) Miten k\u00e4ytt\u00e4ytymisemme pit\u00e4isi muuttua? b) Mit\u00e4 rakenteissa pit\u00e4isi muuttua? c) Miten ajattelumme ja uskomustemme pit\u00e4isi muuttua?\u00a0\u00a0<\/p>\n<p>&nbsp;<\/p>\n<p>[\/et_pb_text][\/et_pb_column][\/et_pb_row][\/et_pb_section][et_pb_section fb_built=&#8221;1&#8243; _builder_version=&#8221;4.16&#8243; _module_preset=&#8221;default&#8221; custom_margin=&#8221;0px|30px|0px|30px|true|true&#8221; custom_padding=&#8221;||3px|||&#8221; global_colors_info=&#8221;{}&#8221;][et_pb_row _builder_version=&#8221;4.16&#8243; _module_preset=&#8221;default&#8221; global_colors_info=&#8221;{}&#8221;][et_pb_column type=&#8221;4_4&#8243; _builder_version=&#8221;4.16&#8243; _module_preset=&#8221;default&#8221; global_colors_info=&#8221;{}&#8221;][et_pb_text _builder_version=&#8221;4.16&#8243; _module_preset=&#8221;default&#8221; global_colors_info=&#8221;{}&#8221;]<\/p>\n<h2><strong>Yhteisty\u00f6ss\u00e4<\/strong><\/h2>\n<p>[\/et_pb_text][et_pb_divider color=&#8221;#e20d18&#8243; divider_weight=&#8221;6px&#8221; admin_label=&#8221;Otsikon alusviiva&#8221; _builder_version=&#8221;4.18.0&#8243; _module_preset=&#8221;default&#8221; width=&#8221;40px&#8221; module_alignment=&#8221;left&#8221; custom_margin=&#8221;-25px|0px||0px|false|false&#8221; custom_padding=&#8221;0px|||0px|false|false&#8221; global_module=&#8221;662&#8243; saved_tabs=&#8221;all&#8221; global_colors_info=&#8221;{}&#8221;][\/et_pb_divider][\/et_pb_column][\/et_pb_row][\/et_pb_section][et_pb_section fb_built=&#8221;1&#8243; _builder_version=&#8221;4.16&#8243; _module_preset=&#8221;default&#8221; custom_margin=&#8221;2px|30px|2px|30px|true|true&#8221; global_colors_info=&#8221;{}&#8221;][et_pb_row column_structure=&#8221;1_3,1_3,1_3&#8243; _builder_version=&#8221;4.16&#8243; _module_preset=&#8221;default&#8221; global_colors_info=&#8221;{}&#8221;][et_pb_column type=&#8221;1_3&#8243; _builder_version=&#8221;4.16&#8243; _module_preset=&#8221;default&#8221; global_colors_info=&#8221;{}&#8221;][et_pb_image src=&#8221;https:\/\/blogi.eoppimispalvelut.fi\/latu\/files\/2022\/08\/small_SITRA_BLACK.jpg&#8221; alt=&#8221;Lapin ammattikorkeakoulu -logo&#8221; title_text=&#8221;small_SITRA_BLACK&#8221; align=&#8221;center&#8221; _builder_version=&#8221;4.18.0&#8243; _module_preset=&#8221;default&#8221; global_colors_info=&#8221;{}&#8221;][\/et_pb_image][\/et_pb_column][et_pb_column type=&#8221;1_3&#8243; _builder_version=&#8221;4.16&#8243; _module_preset=&#8221;default&#8221; global_colors_info=&#8221;{}&#8221;][\/et_pb_column][et_pb_column type=&#8221;1_3&#8243; _builder_version=&#8221;4.16&#8243; _module_preset=&#8221;default&#8221; global_colors_info=&#8221;{}&#8221;][\/et_pb_column][\/et_pb_row][\/et_pb_section]<\/p>\n","protected":false},"excerpt":{"rendered":"<p>TULEVAISUUSTAAJUUS TY\u00d6PAJA, YHTEISKUNTAOPPI\u00a0Ensimm\u00e4inen oppitunti (75min)T\u00e4ss\u00e4 toteutuksessa Tulevaisuustaajuus ty\u00f6paja k\u00e4yd\u00e4\u00e4n l\u00e4pi yhteiskuntaopin oppiaineessa kahden oppitunnin aikana. Aluksi tutustutaan opettajan johdolla YH 3 moduulin sis\u00e4lt\u00f6\u00f6n ja tavoitteisiin, sek\u00e4 arviointiperusteisiin. Moduulin keskeiset sis\u00e4ll\u00f6t ovat globaalit haasteet, globalisaatio ja verkottuminen, eurooppalaisuus ja Euroopan yhdentyminen sek\u00e4 turvallisuus muuttuvassa toimintaymp\u00e4rist\u00f6ss\u00e4.\u00a0 Orientaatio 1) Katsokaa Unescon video Futures of Education: Learning to Become [&hellip;]<\/p>\n","protected":false},"author":7199,"featured_media":0,"parent":0,"menu_order":0,"comment_status":"closed","ping_status":"closed","template":"","meta":{"_et_pb_use_builder":"on","_et_pb_old_content":"","_et_gb_content_width":"","footnotes":""},"class_list":["post-3187","page","type-page","status-publish","hentry"],"_links":{"self":[{"href":"https:\/\/blogi.eoppimispalvelut.fi\/latu\/wp-json\/wp\/v2\/pages\/3187","targetHints":{"allow":["GET"]}}],"collection":[{"href":"https:\/\/blogi.eoppimispalvelut.fi\/latu\/wp-json\/wp\/v2\/pages"}],"about":[{"href":"https:\/\/blogi.eoppimispalvelut.fi\/latu\/wp-json\/wp\/v2\/types\/page"}],"author":[{"embeddable":true,"href":"https:\/\/blogi.eoppimispalvelut.fi\/latu\/wp-json\/wp\/v2\/users\/7199"}],"replies":[{"embeddable":true,"href":"https:\/\/blogi.eoppimispalvelut.fi\/latu\/wp-json\/wp\/v2\/comments?post=3187"}],"version-history":[{"count":46,"href":"https:\/\/blogi.eoppimispalvelut.fi\/latu\/wp-json\/wp\/v2\/pages\/3187\/revisions"}],"predecessor-version":[{"id":3381,"href":"https:\/\/blogi.eoppimispalvelut.fi\/latu\/wp-json\/wp\/v2\/pages\/3187\/revisions\/3381"}],"wp:attachment":[{"href":"https:\/\/blogi.eoppimispalvelut.fi\/latu\/wp-json\/wp\/v2\/media?parent=3187"}],"curies":[{"name":"wp","href":"https:\/\/api.w.org\/{rel}","templated":true}]}}