{"id":3273,"date":"2022-11-04T08:09:23","date_gmt":"2022-11-04T06:09:23","guid":{"rendered":"https:\/\/blogi.eoppimispalvelut.fi\/latu\/?page_id=3273"},"modified":"2022-12-12T12:30:45","modified_gmt":"2022-12-12T10:30:45","slug":"filosofia-tulevaisuustaajuus","status":"publish","type":"page","link":"https:\/\/blogi.eoppimispalvelut.fi\/latu\/filosofia-tulevaisuustaajuus\/","title":{"rendered":"Filosofia, Tulevaisuustaajuus"},"content":{"rendered":"<p>[et_pb_section fb_built=&#8221;1&#8243; admin_label=&#8221;Opetuskokonaisuus&#8221; module_id=&#8221;tiivistelma&#8221; _builder_version=&#8221;4.16&#8243; _module_preset=&#8221;default&#8221; min_height=&#8221;2314.2px&#8221; custom_margin=&#8221;-5px|30px|-5px|30px|true|true&#8221; custom_padding=&#8221;||0px|||&#8221; box_shadow_style=&#8221;preset1&#8243; global_colors_info=&#8221;{}&#8221;][et_pb_row custom_padding_last_edited=&#8221;on|phone&#8221; admin_label=&#8221;TULEVAISUUSTY\u00d6PAJA -taustoitus&#8221; _builder_version=&#8221;4.16&#8243; _module_preset=&#8221;default&#8221; custom_margin=&#8221;||||false|false&#8221; custom_padding=&#8221;|300px|||false|false&#8221; custom_padding_tablet=&#8221;|0px|||false|false&#8221; custom_padding_phone=&#8221;&#8221; global_colors_info=&#8221;{}&#8221;][et_pb_column type=&#8221;4_4&#8243; _builder_version=&#8221;4.16&#8243; _module_preset=&#8221;default&#8221; global_colors_info=&#8221;{}&#8221;][et_pb_text admin_label=&#8221;Teht\u00e4v\u00e4n otsikko&#8221; _builder_version=&#8221;4.18.0&#8243; _module_preset=&#8221;default&#8221; global_colors_info=&#8221;{}&#8221;]<\/p>\n<h2><strong>TULEVAISUUSTAAJUUS TY\u00d6PAJA, FILOSOFIA\u00a0<\/strong><\/h2>\n<p>[\/et_pb_text][et_pb_divider color=&#8221;#e20d18&#8243; divider_weight=&#8221;6px&#8221; admin_label=&#8221;Otsikon alusviiva&#8221; _builder_version=&#8221;4.18.0&#8243; _module_preset=&#8221;default&#8221; width=&#8221;40px&#8221; module_alignment=&#8221;left&#8221; custom_margin=&#8221;-25px|0px||0px|false|false&#8221; custom_padding=&#8221;0px|||0px|false|false&#8221; global_module=&#8221;662&#8243; saved_tabs=&#8221;all&#8221; global_colors_info=&#8221;{}&#8221;][\/et_pb_divider][\/et_pb_column][\/et_pb_row][et_pb_row custom_padding_last_edited=&#8221;on|phone&#8221; admin_label=&#8221;TULEVAISUUSTY\u00d6PAJA -toteutus&#8221; _builder_version=&#8221;4.18.0&#8243; _module_preset=&#8221;default&#8221; custom_margin=&#8221;||||false|false&#8221; custom_padding=&#8221;0px|300px|||false|false&#8221; custom_padding_tablet=&#8221;|0px|||false|false&#8221; custom_padding_phone=&#8221;&#8221; global_colors_info=&#8221;{}&#8221;][et_pb_column type=&#8221;4_4&#8243; _builder_version=&#8221;4.16&#8243; _module_preset=&#8221;default&#8221; global_colors_info=&#8221;{}&#8221;][et_pb_text admin_label=&#8221;OPPITUNTI 2&#8243; _builder_version=&#8221;4.18.0&#8243; _module_preset=&#8221;default&#8221; ol_font=&#8221;|700|||||||&#8221; ol_font_size=&#8221;18px&#8221; min_height=&#8221;957.1px&#8221; global_colors_info=&#8221;{}&#8221;]<\/p>\n<p>&nbsp;<\/p>\n<p>T\u00e4ss\u00e4 toteutuksessa viritt\u00e4ydyt\u00e4\u00e4n tulevaisuustaajuudelle filosofian toisen tai kolmannen opintojakson kolmannella tai nelj\u00e4nnell\u00e4 kokoontumiskerralla, jolloin opiskelijat ovat jo tutumpia toisillensa. Opiskelijat jaetaan pienryhmiin, joista k\u00e4sin tulevaisuustaajuutta opiskellaan ja tulevaisuustaajuuteen harjaannutaan. Toteutus keskittyy ihmisen ja el\u00e4imen v\u00e4liseen suhteeseen sukupuolentutkimuksen professori Leena-Maija Rossin artikkeliin nojaten.<\/p>\n<p><strong><\/strong><\/p>\n<p><strong><\/strong><\/p>\n<h4><strong>HAASTA<\/strong><\/h4>\n<p>&nbsp;<\/p>\n<p>T\u00e4h\u00e4n osioon tarvitset Sitran Hyvi\u00e4 kortteja. Voit tutustua kortteihin ja tilata koulullesi omat <a href=\"https:\/\/www.sitra.fi\/julkaisut\/hyvat-kortit-peli\/\">Sitran sivustolta<\/a>. Hyv\u00e4t kortit -peli auttaa kehitt\u00e4m\u00e4\u00e4n kyky\u00e4 kuvitella erilaisia tulevaisuuksia ja sit\u00e4 kautta harjaantumaan tulevaisuuden kuvittelun taidoissa.<\/p>\n<p><strong>Teht\u00e4v\u00e4 1:<\/strong> Laaditaan kolme toiveikasta tulevaisuusvisiota Sitran Hyvi\u00e4 kortteja k\u00e4ytt\u00e4en. \u00a0Visiot laaditaan alla esitelt\u00e4vill\u00e4 reunaehdoilla, opettaja jakaa jokaiselle ryhm\u00e4lle korttipakasta n\u00e4k\u00f6kulmakortin, jonka pohjalta opiskelijat visiota tarkastelevat.<\/p>\n<p>Visio 1) teema: kaupunki, aika: 1000 vuoden p\u00e4\u00e4st\u00e4, tilanne: kaupassa<br \/>Visio 2) teema: terveys, aika: 30 vuoden p\u00e4\u00e4st\u00e4, tilanne: vaaleissa<br \/>Visio 3) teema: teko\u00e4ly, aika: 100 vuotta, tilanne: L\u00e4\u00e4k\u00e4riss\u00e4<\/p>\n<p><strong>Teht\u00e4v\u00e4 2:<\/strong> Tutkitaan tarkemmin visiota, jonka laaditte kolmantena. Keskustellaan pienryhmiss\u00e4:<\/p>\n<p>a) Tunnistatteko t\u00e4m\u00e4nkaltaisen oletuksen tulevaisuudesta?<br \/>b) Ajatteletteko itse n\u00e4in?<br \/>c) Haastakaa: millaisiin oletuksiin tulevaisuudesta visionne perustuu?<\/p>\n<p><strong>Teht\u00e4v\u00e4 3:<\/strong> Luetaan sukupuolentutkimuksen professorin Leena-Maija Rossin artikkeli <a href=\"https:\/\/blogi.eoppimispalvelut.fi\/latu\/files\/2022\/11\/Rossi_Kuvassa_kumppanilajin_kanssa_rinnakkais_1.pdf\" rel=\"attachment wp-att-3296\">\u201cKuvassa kumppanilajin kanssa. Kissuus, queeriys ja samansuuntaiset katseet\u201d<\/a><\/p>\n<p><strong>Teht\u00e4v\u00e4 4:<\/strong> Vastaa seuraaviin kysymyksiin:<\/p>\n<p>1. Mit\u00e4 queeriys tarkoittaa Leena-Maija Rossin artikkelin mukaan?<\/p>\n<p>2. a) Miksi kumppanilajin k\u00e4site on Rossin mukaan k\u00e4ytt\u00f6kelpoinen? Mit\u00e4 keskeist\u00e4 kumppanilajin k\u00e4site tuo ihmisen ja el\u00e4imen suhteen tarkasteluun? <br \/>b) Miten Rossin esille tuoma kumppanilajin k\u00e4site yhdistyy mielest\u00e4si Peter Singerin ymp\u00e4rist\u00f6etiikkaan ja el\u00e4inetiikkaan, jotka esitell\u00e4\u00e4n FI2-Idea-oppikirjan kappaleessa 12 \u201cYmp\u00e4rist\u00f6 ja el\u00e4imet\u201d? <br \/>c) Miten Rossin esille tuoma kumppanilajin k\u00e4site yhdistyy mielest\u00e4si Garrett Hardinin cowboy-etiikkaan ja avaruusetiikkaan, jotka esitell\u00e4\u00e4n FI2-Idea-oppikirjan kappaleessa 12 \u201cYmp\u00e4rist\u00f6 ja el\u00e4imet\u201d?<br \/>d) Leena-Maija Rossi k\u00e4ytt\u00e4\u00e4 artikkelissaan termi\u00e4 antroposeeni. Selvit\u00e4 mit\u00e4 antroposeeni ja antroposentrismi tarkoittavat?<\/p>\n<p>3. a) Mit\u00e4 intersektionaalisuus Rossin mukaan tarkoittaa?<br \/>b) Miten intersektionaalisuus eroaa essentialismista ja polarismista (polariteeteist\u00e4), jotka esitell\u00e4\u00e4n FI3-Idea-oppikirjan kappaleessa 17 \u201cSukupuolen ja feminismin filosofia\u201d?<\/p>\n<p>4. a) Millainen on Kari Soinion \u201cSankarin koti\u201d -valokuvateoksessa kuvaama lajien v\u00e4linen suhde Rossin mukaan? <br \/>b) Miten Kari Soinion \u201cSankarin koti\u201d -valokuvateoksessa kuvaama lajien v\u00e4linen suhde eroaa Rossin mukaan Jacques Derridan \u201cEl\u00e4in joka siis olen\u201d -tutkielmassaan esitt\u00e4mist\u00e4 pohdinnoista? <br \/>c) Kun olet tutustunut Leena-Maija Rossin pohdintaan Kari Soinion valokuvateoksesta, miten itse tulkitsisit Vesa Tynin \u201cSukupuolena ihminen\u201d -valokuvan\u00e4yttelyn teosta, joka on kuvattuna FI3-Idea-oppikirjan kappaleessa 17 \u201cSukupuolen ja feminismin filosofia\u201d?<\/p>\n<p>5. Miten Kari Soinion \u201cSankarin paluu\u201d -valokuvateoksissa mielest\u00e4si n\u00e4kyy lajien v\u00e4lisen rajan visuaalinen h\u00e4m\u00e4rtyminen?<\/p>\n<p>&nbsp;<\/p>\n<h4><strong>KUVITTELE<\/strong><\/h4>\n<p><strong><\/strong><\/p>\n<p><strong>Teht\u00e4v\u00e4 1:<\/strong> Visioidaan pienryhm\u00e4ss\u00e4 toivottava tulevaisuus, jossa lajien v\u00e4linen suhde on tasapainoinen ja eettisesti kest\u00e4v\u00e4. Voitte p\u00e4\u00e4tt\u00e4\u00e4 vuoden, johon visionne t\u00e4ht\u00e4\u00e4 &#8211; se voi olla esim. 30, 50 tai vaikka sadan vuoden p\u00e4\u00e4ss\u00e4.\u00a0 Miettik\u00e4\u00e4, mit\u00e4 sellaista hyv\u00e4\u00e4 on nykyhetkess\u00e4 mit\u00e4 haluatte vahvistaa, jotta tulevaisuus eri lajien kesken olisi parempi? Mink\u00e4 asioiden taas tulisi muuttua, jotta asiat olisivat tulevaisuudessa paremmin? Yritt\u00e4k\u00e4\u00e4 olla mahdollisimman konkreettisia.<\/p>\n<p>&nbsp;<\/p>\n<h4><strong>TOIMI<\/strong><\/h4>\n<p><strong><\/strong><\/p>\n<p><strong>Teht\u00e4v\u00e4 1:<\/strong> Tulevaisuuteen voi vaikuttaa, mutta siihen tarvitaan tekoja ja toimintaa. Miten te voisitte olla muutoksentekij\u00f6it\u00e4? Katsotaan <a href=\"https:\/\/www.sitra.fi\/hankkeet\/tulevaisuustaajuus\/#\">Toimi -video<\/a> Sitran sivuilta (4:09min). Videolla k\u00e4sitell\u00e4\u00e4n sit\u00e4, miten tulevaisuusajattelusta p\u00e4\u00e4see kohti toimintaa ja saadaan ev\u00e4styst\u00e4 seuraavaan teht\u00e4v\u00e4\u00e4n.<\/p>\n<p><strong>Teht\u00e4v\u00e4 2:<\/strong> T\u00e4ss\u00e4 ty\u00f6pajan viimeisess\u00e4 vaiheessa palataan taas tiukasti kiinni nykyhetkeen. Ja nyt hyp\u00e4t\u00e4\u00e4n muutoksentekij\u00e4n saappaisiin. Mit\u00e4 nyt pit\u00e4isi tehd\u00e4, jotta edell\u00e4 kuviteltu visionne voisi toteutua? Ideoikaa pienryhm\u00e4ss\u00e4nne teko vastauksena alla oleviin kysymyksiin. Kirjatkaa teot opettajan ohjeistamalle alustalle, esim. Google slide -pohjalle. Teht\u00e4v\u00e4 on haastava, joten t\u00e4ss\u00e4 vaiheessa heitt\u00e4ytyk\u00e4\u00e4 rohkeasti ideoimaan.\u00a0<\/p>\n<p>a) Miten k\u00e4ytt\u00e4ytymisemme pit\u00e4isi muuttua?<br \/>b) Mit\u00e4 rakenteissa pit\u00e4isi muuttua? <br \/>c) Miten ajattelumme ja uskomustemme pit\u00e4isi muuttua?<\/p>\n<p><strong>Teht\u00e4v\u00e4 3:<\/strong> Seuraavaksi ty\u00f6skentelette Tulevaisuuden Sanomien ajankohtaistoimituksessa ja teht\u00e4v\u00e4n\u00e4nne on luoda lehden etusivu valitsemaltanne vuosikymmenelt\u00e4\/sadalta\/tuhannelta. Kirjoittakaa sellainen p\u00e4\u00e4uutinen, joka kuvaisi maailmaa matkalla kohti luomaanne visiota. Jos haluatte, voitte kirjata my\u00f6s pienempi\u00e4 uutisia. Voitte toteuttaa lehden etusivun s\u00e4hk\u00f6isen\u00e4 esityksen\u00e4 tai paperisena posterina.<\/p>\n<p><strong>Teht\u00e4v\u00e4 5:<\/strong> Lopuksi esitelk\u00e4\u00e4 lehtenne etusivu valitsemaltanne vuosikymmenelt\u00e4\/sadalta\/tuhannelta muulle ryhm\u00e4lle. <br \/>Lis\u00e4teht\u00e4v\u00e4. Pohtikaa rooleja ja vallank\u00e4ytt\u00f6\u00e4 pienryhm\u00e4ss\u00e4nne. K\u00e4ytt\u00e4k\u00e4\u00e4 apunanne mm. seuraavia kysymyksi\u00e4: kuka\/ketk\u00e4 k\u00e4yttiv\u00e4t valtaa, kun teitte tulevaisuusvisiointia, miten valtaa pienryhm\u00e4ss\u00e4nne k\u00e4ytettiin ja miksi toivottavimmiksi tulevaisuuksiksi valittiin juuri tietyt visiot?<\/p>\n<p><strong>Teht\u00e4v\u00e4 6:<\/strong> Katsotaan Sitran sivustolta viimeinen <a href=\"https:\/\/www.sitra.fi\/app\/uploads\/2020\/12\/sitratulevaisuustaajuusvideo5onlinesubs03122020.mp4\">video,<\/a>\u00a0joka p\u00e4\u00e4tt\u00e4\u00e4 ty\u00f6pajan.\u00a0<\/p>\n<p>&nbsp;<\/p>\n<p>[\/et_pb_text][\/et_pb_column][\/et_pb_row][\/et_pb_section][et_pb_section fb_built=&#8221;1&#8243; _builder_version=&#8221;4.16&#8243; _module_preset=&#8221;default&#8221; custom_margin=&#8221;0px|30px|0px|30px|true|true&#8221; custom_padding=&#8221;||3px|||&#8221; global_colors_info=&#8221;{}&#8221;][et_pb_row _builder_version=&#8221;4.16&#8243; _module_preset=&#8221;default&#8221; global_colors_info=&#8221;{}&#8221;][et_pb_column type=&#8221;4_4&#8243; _builder_version=&#8221;4.16&#8243; _module_preset=&#8221;default&#8221; global_colors_info=&#8221;{}&#8221;][et_pb_text _builder_version=&#8221;4.16&#8243; _module_preset=&#8221;default&#8221; global_colors_info=&#8221;{}&#8221;]<\/p>\n<h2><strong>Yhteisty\u00f6ss\u00e4<\/strong><\/h2>\n<p>[\/et_pb_text][et_pb_divider color=&#8221;#e20d18&#8243; divider_weight=&#8221;6px&#8221; admin_label=&#8221;Otsikon alusviiva&#8221; _builder_version=&#8221;4.18.0&#8243; _module_preset=&#8221;default&#8221; width=&#8221;40px&#8221; module_alignment=&#8221;left&#8221; custom_margin=&#8221;-25px|0px||0px|false|false&#8221; custom_padding=&#8221;0px|||0px|false|false&#8221; global_module=&#8221;662&#8243; saved_tabs=&#8221;all&#8221; global_colors_info=&#8221;{}&#8221;][\/et_pb_divider][\/et_pb_column][\/et_pb_row][\/et_pb_section][et_pb_section fb_built=&#8221;1&#8243; _builder_version=&#8221;4.16&#8243; _module_preset=&#8221;default&#8221; custom_margin=&#8221;2px|30px|2px|30px|true|true&#8221; global_colors_info=&#8221;{}&#8221;][et_pb_row column_structure=&#8221;1_3,1_3,1_3&#8243; _builder_version=&#8221;4.16&#8243; _module_preset=&#8221;default&#8221; global_colors_info=&#8221;{}&#8221;][et_pb_column type=&#8221;1_3&#8243; _builder_version=&#8221;4.16&#8243; _module_preset=&#8221;default&#8221; global_colors_info=&#8221;{}&#8221;][et_pb_image src=&#8221;https:\/\/blogi.eoppimispalvelut.fi\/latu\/files\/2022\/08\/small_SITRA_BLACK.jpg&#8221; alt=&#8221;Lapin ammattikorkeakoulu -logo&#8221; title_text=&#8221;small_SITRA_BLACK&#8221; align=&#8221;center&#8221; _builder_version=&#8221;4.18.0&#8243; _module_preset=&#8221;default&#8221; global_colors_info=&#8221;{}&#8221;][\/et_pb_image][\/et_pb_column][et_pb_column type=&#8221;1_3&#8243; _builder_version=&#8221;4.16&#8243; _module_preset=&#8221;default&#8221; global_colors_info=&#8221;{}&#8221;][et_pb_image src=&#8221;https:\/\/blogi.eoppimispalvelut.fi\/latu\/files\/2021\/04\/Ulapland_RGB_vaaka.png&#8221; alt=&#8221;Lapin yliopisto -logo, teksti &#8221;Lapin yliopisto University of Lapland&#8221;.&#8221; title_text=&#8221;Lapin yliopisto -logo&#8221; align=&#8221;center&#8221; _builder_version=&#8221;4.18.0&#8243; _module_preset=&#8221;default&#8221; global_colors_info=&#8221;{}&#8221;][\/et_pb_image][\/et_pb_column][et_pb_column type=&#8221;1_3&#8243; _builder_version=&#8221;4.16&#8243; _module_preset=&#8221;default&#8221; global_colors_info=&#8221;{}&#8221;][\/et_pb_column][\/et_pb_row][\/et_pb_section]<\/p>\n","protected":false},"excerpt":{"rendered":"<p>TULEVAISUUSTAAJUUS TY\u00d6PAJA, FILOSOFIA\u00a0&nbsp; T\u00e4ss\u00e4 toteutuksessa viritt\u00e4ydyt\u00e4\u00e4n tulevaisuustaajuudelle filosofian toisen tai kolmannen opintojakson kolmannella tai nelj\u00e4nnell\u00e4 kokoontumiskerralla, jolloin opiskelijat ovat jo tutumpia toisillensa. Opiskelijat jaetaan pienryhmiin, joista k\u00e4sin tulevaisuustaajuutta opiskellaan ja tulevaisuustaajuuteen harjaannutaan. Toteutus keskittyy ihmisen ja el\u00e4imen v\u00e4liseen suhteeseen sukupuolentutkimuksen professori Leena-Maija Rossin artikkeliin nojaten. HAASTA &nbsp; T\u00e4h\u00e4n osioon tarvitset Sitran Hyvi\u00e4 kortteja. Voit tutustua [&hellip;]<\/p>\n","protected":false},"author":7199,"featured_media":0,"parent":0,"menu_order":0,"comment_status":"closed","ping_status":"closed","template":"","meta":{"_et_pb_use_builder":"on","_et_pb_old_content":"","_et_gb_content_width":"","footnotes":""},"class_list":["post-3273","page","type-page","status-publish","hentry"],"_links":{"self":[{"href":"https:\/\/blogi.eoppimispalvelut.fi\/latu\/wp-json\/wp\/v2\/pages\/3273","targetHints":{"allow":["GET"]}}],"collection":[{"href":"https:\/\/blogi.eoppimispalvelut.fi\/latu\/wp-json\/wp\/v2\/pages"}],"about":[{"href":"https:\/\/blogi.eoppimispalvelut.fi\/latu\/wp-json\/wp\/v2\/types\/page"}],"author":[{"embeddable":true,"href":"https:\/\/blogi.eoppimispalvelut.fi\/latu\/wp-json\/wp\/v2\/users\/7199"}],"replies":[{"embeddable":true,"href":"https:\/\/blogi.eoppimispalvelut.fi\/latu\/wp-json\/wp\/v2\/comments?post=3273"}],"version-history":[{"count":34,"href":"https:\/\/blogi.eoppimispalvelut.fi\/latu\/wp-json\/wp\/v2\/pages\/3273\/revisions"}],"predecessor-version":[{"id":3378,"href":"https:\/\/blogi.eoppimispalvelut.fi\/latu\/wp-json\/wp\/v2\/pages\/3273\/revisions\/3378"}],"wp:attachment":[{"href":"https:\/\/blogi.eoppimispalvelut.fi\/latu\/wp-json\/wp\/v2\/media?parent=3273"}],"curies":[{"name":"wp","href":"https:\/\/api.w.org\/{rel}","templated":true}]}}