{"id":3332,"date":"2022-11-04T10:11:58","date_gmt":"2022-11-04T08:11:58","guid":{"rendered":"https:\/\/blogi.eoppimispalvelut.fi\/latu\/?page_id=3332"},"modified":"2022-12-12T12:34:50","modified_gmt":"2022-12-12T10:34:50","slug":"talousmatematiikka-tulevaisuustaajuus","status":"publish","type":"page","link":"https:\/\/blogi.eoppimispalvelut.fi\/latu\/talousmatematiikka-tulevaisuustaajuus\/","title":{"rendered":"Talousmatematiikka, tulevaisuustaajuus"},"content":{"rendered":"<p>[et_pb_section fb_built=&#8221;1&#8243; admin_label=&#8221;Opetuskokonaisuus&#8221; module_id=&#8221;tiivistelma&#8221; _builder_version=&#8221;4.16&#8243; _module_preset=&#8221;default&#8221; min_height=&#8221;2314.2px&#8221; custom_margin=&#8221;-5px|30px|-5px|30px|true|true&#8221; custom_padding=&#8221;||0px|||&#8221; box_shadow_style=&#8221;preset1&#8243; global_colors_info=&#8221;{}&#8221;][et_pb_row custom_padding_last_edited=&#8221;on|phone&#8221; admin_label=&#8221;TULEVAISUUSTY\u00d6PAJA -taustoitus&#8221; _builder_version=&#8221;4.16&#8243; _module_preset=&#8221;default&#8221; custom_margin=&#8221;||||false|false&#8221; custom_padding=&#8221;|300px|||false|false&#8221; custom_padding_tablet=&#8221;|0px|||false|false&#8221; custom_padding_phone=&#8221;&#8221; global_colors_info=&#8221;{}&#8221;][et_pb_column type=&#8221;4_4&#8243; _builder_version=&#8221;4.16&#8243; _module_preset=&#8221;default&#8221; global_colors_info=&#8221;{}&#8221;][et_pb_text admin_label=&#8221;Teht\u00e4v\u00e4n otsikko&#8221; _builder_version=&#8221;4.18.0&#8243; _module_preset=&#8221;default&#8221; global_colors_info=&#8221;{}&#8221;]<\/p>\n<h2><strong>TULEVAISUUSTAAJUUS TY\u00d6PAJA, TALOUSMATEMATIIKKA\u00a0<\/strong><\/h2>\n<p>[\/et_pb_text][et_pb_divider color=&#8221;#e20d18&#8243; divider_weight=&#8221;6px&#8221; admin_label=&#8221;Otsikon alusviiva&#8221; _builder_version=&#8221;4.18.0&#8243; _module_preset=&#8221;default&#8221; width=&#8221;40px&#8221; module_alignment=&#8221;left&#8221; custom_margin=&#8221;-25px|0px||0px|false|false&#8221; custom_padding=&#8221;0px|||0px|false|false&#8221; global_module=&#8221;662&#8243; saved_tabs=&#8221;all&#8221; global_colors_info=&#8221;{}&#8221;][\/et_pb_divider][\/et_pb_column][\/et_pb_row][et_pb_row custom_padding_last_edited=&#8221;on|phone&#8221; admin_label=&#8221;TULEVAISUUSTY\u00d6PAJA -toteutus&#8221; _builder_version=&#8221;4.18.0&#8243; _module_preset=&#8221;default&#8221; custom_margin=&#8221;||||false|false&#8221; custom_padding=&#8221;0px|300px|||false|false&#8221; custom_padding_tablet=&#8221;|0px|||false|false&#8221; custom_padding_phone=&#8221;&#8221; global_colors_info=&#8221;{}&#8221;][et_pb_column type=&#8221;4_4&#8243; _builder_version=&#8221;4.16&#8243; _module_preset=&#8221;default&#8221; global_colors_info=&#8221;{}&#8221;][et_pb_text admin_label=&#8221;OPPITUNTI 2&#8243; _builder_version=&#8221;4.18.0&#8243; _module_preset=&#8221;default&#8221; ol_font=&#8221;|700|||||||&#8221; ol_font_size=&#8221;18px&#8221; min_height=&#8221;957.1px&#8221; global_colors_info=&#8221;{}&#8221;]<\/p>\n<p>T\u00e4ss\u00e4 toteutuksessa ty\u00f6paja tehd\u00e4\u00e4n kolmella oppitunnilla. Keskusteluun ja teht\u00e4vien tekemiseen kannattaa varata oppitunneilta aikaa seuraavasti: 75min + 45min + 30min.<\/p>\n<p>Lukion opetussuunnitelman 2021 mukaan laaja-alainen osaaminen matematiikassa -opintojakso toteutetaan tutkimalla arkiel\u00e4m\u00e4n ja matematiikan v\u00e4lisi\u00e4 yhteyksi\u00e4, vahvistamalla opiskelijan kiinnostusta, itsetuntoa ja tiedonhankintaprosesseja, jotka tukevat omien tavoitteiden asettamisessa ja p\u00e4\u00e4t\u00f6ksenteossa.<\/p>\n<p>Tavoitteet: Opiskelija oppii suunnittelemaan ja seuraamaan omaa talouttaan. Lis\u00e4ksi opiskelija pohtii erilaisia s\u00e4\u00e4st\u00e4misen keinoja ja tulon l\u00e4hteit\u00e4 omien tarpeiden ja mahdollisuuksien mukaan.<\/p>\n<h4><strong><\/strong><\/h4>\n<h4><strong>ORIENTAATIO<\/strong><\/h4>\n<p><strong><\/strong><\/p>\n<p><strong>Teht\u00e4v\u00e4 1:<\/strong><\/p>\n<p>a) Rahaa, joka s\u00e4\u00e4nn\u00f6llisesti tulee tilillesi voidaan kutsua tuloksi (esimerkiksi vanhemmilta saatava raha, opintotuki, palkka jne.) Laadi oma taulukko mihin laitat kaikki kuukauden tulot. Voit ladata pohjan taulukolle <a href=\"https:\/\/blogi.eoppimispalvelut.fi\/latu\/files\/2022\/11\/Final-budjetti.xlsx\" rel=\"attachment wp-att-4011\">T\u00c4ST\u00c4.<\/a><\/p>\n<p>b) Haluat kasvattaa tulojasi. Mihin kohtaan haluaisit\/pystyisit tekem\u00e4\u00e4n muutoksia niin, ett\u00e4 tulojen summa kasvaa? Mill\u00e4 tavalla \/ keinoilla saadaan enemm\u00e4n rahaa tilille? Kirjoita ainakin kolme esimerkki\u00e4.<\/p>\n<p><strong>Teht\u00e4v\u00e4 2: <\/strong>Seuraa omaa talouttasi talousmatematiikan kurssin aikana. Sinulla on 200 euroa ja haluat sijoittaa rahastoon. Valitse kolme erilaista rahastoa &#8211; voit etsi\u00e4 sopivia rahastoja omasta pankistasi tai verkkosivuilta. Laadi taulukko, jonka avulla voit seurata kuukauden aikana jokaisen viikon p\u00f6rssikursseja ja laske joka kerta kuinka paljon rahaa olisit saanut jos olisit myynyt rahastosi.<\/p>\n<p>Opintojakson aikana palaamme t\u00e4h\u00e4n kaksi kertaa: kappaleessa S\u00e4\u00e4st\u00e4minen ja sijoittaminen sek\u00e4 viimeisell\u00e4 tunnilla.<\/p>\n<p><strong><\/strong><\/p>\n<p><strong><\/strong><\/p>\n<h4><strong>INTRO<\/strong><\/h4>\n<p>&nbsp;<\/p>\n<p><strong>Teht\u00e4v\u00e4 1:<\/strong> Katsotaan Sitran sivuilta <a href=\"https:\/\/www.sitra.fi\/app\/uploads\/2020\/12\/sitratulevaisuustaajuusvideo1onlinesubs03122020.mp4\">Intro -video<\/a> (7:14min)<\/p>\n<p><strong>Teht\u00e4v\u00e4 2:<\/strong> <span style=\"font-weight: 400\">Pohdi mitk\u00e4 ovat t\u00e4rkeimm\u00e4t l\u00e4hteet omista tuloistasi. Mit\u00e4 ilman tulisit toimeen ja mit\u00e4 et? Pohdi my\u00f6s m<\/span><span style=\"font-weight: 400\">ist\u00e4 et voisi koskaan luopua?<\/span><\/p>\n<p><strong>Teht\u00e4v\u00e4 3:<\/strong> Esitt\u00e4k\u00e4\u00e4 Mit\u00e4 jos&#8230;? -kysymyksi\u00e4, jotka johdattelevat kuvittelemaan toiveikkaita tulevaisuuksia oman taloutesi tulevaisuuden suhteen? Esim. Mit\u00e4, jos saisin 10 000\u20ac? Mit\u00e4, jos oppisin sijoittamaan taitavasti?<\/p>\n<p>&nbsp;<\/p>\n<h4><strong>HAASTA<\/strong><\/h4>\n<p><strong><\/strong><\/p>\n<p><strong>Teht\u00e4v\u00e4 1:<\/strong> Katsotaan <a href=\"https:\/\/www.sitra.fi\/app\/uploads\/2020\/12\/sitratulevaisuustaajuusvideo2onlinesubs0\">Haasta -video<\/a> (5:54min) Sitran sivuilta.<\/p>\n<p><strong>Teht\u00e4v\u00e4 2:<\/strong> Kuunnellaan <a href=\"https:\/\/www.sitra.fi\/artikkelit\/paluu-onnellisten-yhteisoon\/\">Paluu onnellisten yhteis\u00f6\u00f6n<\/a> -kuunnelma (2:17min) Sitran sivuilta. Kuunnelman j\u00e4lkeen pohditaan pieniss\u00e4 ryhmiss\u00e4:<\/p>\n<p>a) Tunnistatteko t\u00e4m\u00e4nkaltaisen oletuksen tulevaisuudesta? Ajatteletteko itse n\u00e4in?<br \/>b) Haastakaa: Millaisiin oletuksiin tulevaisuudesta kuunnelma perustuu?<\/p>\n<p>&nbsp;<\/p>\n<h4><strong><\/strong><\/h4>\n<h4><strong>KUVITTELE<\/strong><\/h4>\n<p><strong><\/strong><\/p>\n<p><strong><\/strong><\/p>\n<p><strong>Teht\u00e4v\u00e4 1:<\/strong> Katsotaan <a href=\"https:\/\/www.sitra.fi\/app\/uploads\/2020\/12\/sitratulevaisuustaajuusvideo3onlinesubs03122020.mp4\">Kuvittele -video<\/a> (2:00min) Sitran sivuilta.<strong><\/strong><\/p>\n<p><strong>Teht\u00e4v\u00e4 2:<\/strong> Sitten katsotaan menneeseen ja tulevaan. Piirr\u00e4 aikajana ja kirjaa sille:<\/p>\n<p>a) Millaiset asiat ovat vaikuttaneet siihen mink\u00e4lainen nykyhetki on?<br \/>b) Mitk\u00e4 t\u00e4m\u00e4n hetken asiat vaikuttavat tulevaisuuteen?<\/p>\n<p><strong>Teht\u00e4v\u00e4 3:<\/strong> Kuvittele<span style=\"font-weight: 400\"> toivottavaa tulevaisuutta oman taloutesi n\u00e4k\u00f6kulmasta. Millaista el\u00e4m\u00e4\u00e4 haluaisit viett\u00e4\u00e4 vuonna 2050? Mik\u00e4 ammatti voisi kiinnostaa sinua? Miss\u00e4 maassa tai kaupungissa haluaisit asua aikuisena? Tee taulukko, jossa voit vertailla kuinka isoja tulot ovat eri ammateissa, kuinka iso vuokra on eri maissa\/ kaupungeissa ja kuinka paljon veroa maksetaan eri maissa \/ kaupungeissa.\u00a0<\/span><\/p>\n<p>&nbsp;<\/p>\n<h4><strong>TOIMI<\/strong><\/h4>\n<p><strong><\/strong><\/p>\n<p><strong>Teht\u00e4v\u00e4 1:<\/strong> Katsotaan <a href=\"https:\/\/www.sitra.fi\/hankkeet\/tulevaisuustaajuus\/#\">Toimi -video<\/a> Sitran sivuilta (4:09min). Videolla k\u00e4sitell\u00e4\u00e4n sit\u00e4, miten tulevaisuusajattelusta p\u00e4\u00e4see kohti toimintaa ja saadaan ev\u00e4styst\u00e4 seuraavaan teht\u00e4v\u00e4\u00e4n.<\/p>\n<p><strong>Teht\u00e4v\u00e4 2:<\/strong> (T\u00e4m\u00e4n voi tehd\u00e4 kotiteht\u00e4v\u00e4n\u00e4.) <span style=\"font-weight: 400\">Mit\u00e4 sinun pit\u00e4isi tehd\u00e4, ett\u00e4 p\u00e4\u00e4sisit toivomaasi ammattiin ja el\u00e4m\u00e4\u00e4n? <\/span>Ideoikaa teko vastauksena alla oleviin kysymyksiin. Kirjaa teot opettajan ohjeistamalle alustalle, esim. Google slide -pohjalle. Teht\u00e4v\u00e4 on haastava, joten t\u00e4ss\u00e4 vaiheessa heitt\u00e4ytyk\u00e4\u00e4 rohkeasti ideoimaan.<\/p>\n<p>a) Miten k\u00e4ytt\u00e4ytymisesi pit\u00e4isi muuttua?<br \/>b) Mit\u00e4 rakenteissa pit\u00e4isi muuttua? (esim. lait, verot, korot tms.)<br \/>c) Miten ajattelusi ja uskomustesi pit\u00e4isi muuttua?<\/p>\n<p><strong>Teht\u00e4v\u00e4 3:<\/strong> Visioikaa pienryhmiss\u00e4 tulevaisuuden raha, -pankki, -sijoituskohde tai -ammatti. Lopuksi esitelk\u00e4\u00e4 visionne ja\/tai matka siihen tekem\u00e4ll\u00e4 jokin seuraavista lopputuotoksista:<\/p>\n<p>a) Etusivu Tulevaisuuden sanomat lehteen vuodelle 2050<br \/>b) Tulevaisuuden mainos, joka kuvailee visionne toteutumista<\/p>\n<p><strong>Teht\u00e4v\u00e4 4:<\/strong> Katsotaan Sitran sivustolta viimeinen <a href=\"https:\/\/www.sitra.fi\/app\/uploads\/2020\/12\/sitratulevaisuustaajuusvideo5onlinesubs03122020.mp4\">video,<\/a>\u00a0joka p\u00e4\u00e4tt\u00e4\u00e4 ty\u00f6pajan.<\/p>\n<p>&nbsp;<\/p>\n<p>[\/et_pb_text][\/et_pb_column][\/et_pb_row][\/et_pb_section][et_pb_section fb_built=&#8221;1&#8243; _builder_version=&#8221;4.16&#8243; _module_preset=&#8221;default&#8221; custom_margin=&#8221;0px|30px|0px|30px|true|true&#8221; custom_padding=&#8221;||3px|||&#8221; global_colors_info=&#8221;{}&#8221;][et_pb_row _builder_version=&#8221;4.16&#8243; _module_preset=&#8221;default&#8221; global_colors_info=&#8221;{}&#8221;][et_pb_column type=&#8221;4_4&#8243; _builder_version=&#8221;4.16&#8243; _module_preset=&#8221;default&#8221; global_colors_info=&#8221;{}&#8221;][et_pb_text _builder_version=&#8221;4.16&#8243; _module_preset=&#8221;default&#8221; global_colors_info=&#8221;{}&#8221;]<\/p>\n<h2><strong>Yhteisty\u00f6ss\u00e4<\/strong><\/h2>\n<p>[\/et_pb_text][et_pb_divider color=&#8221;#e20d18&#8243; divider_weight=&#8221;6px&#8221; admin_label=&#8221;Otsikon alusviiva&#8221; _builder_version=&#8221;4.18.0&#8243; _module_preset=&#8221;default&#8221; width=&#8221;40px&#8221; module_alignment=&#8221;left&#8221; custom_margin=&#8221;-25px|0px||0px|false|false&#8221; custom_padding=&#8221;0px|||0px|false|false&#8221; global_module=&#8221;662&#8243; saved_tabs=&#8221;all&#8221; global_colors_info=&#8221;{}&#8221;][\/et_pb_divider][\/et_pb_column][\/et_pb_row][\/et_pb_section][et_pb_section fb_built=&#8221;1&#8243; _builder_version=&#8221;4.16&#8243; _module_preset=&#8221;default&#8221; custom_margin=&#8221;2px|30px|2px|30px|true|true&#8221; global_colors_info=&#8221;{}&#8221;][et_pb_row column_structure=&#8221;1_3,1_3,1_3&#8243; _builder_version=&#8221;4.16&#8243; _module_preset=&#8221;default&#8221; global_colors_info=&#8221;{}&#8221;][et_pb_column type=&#8221;1_3&#8243; _builder_version=&#8221;4.16&#8243; _module_preset=&#8221;default&#8221; global_colors_info=&#8221;{}&#8221;][et_pb_image src=&#8221;https:\/\/blogi.eoppimispalvelut.fi\/latu\/files\/2022\/08\/small_SITRA_BLACK.jpg&#8221; alt=&#8221;Lapin ammattikorkeakoulu -logo&#8221; title_text=&#8221;small_SITRA_BLACK&#8221; align=&#8221;center&#8221; _builder_version=&#8221;4.18.0&#8243; _module_preset=&#8221;default&#8221; global_colors_info=&#8221;{}&#8221;][\/et_pb_image][\/et_pb_column][et_pb_column type=&#8221;1_3&#8243; _builder_version=&#8221;4.16&#8243; _module_preset=&#8221;default&#8221; global_colors_info=&#8221;{}&#8221;][et_pb_image src=&#8221;https:\/\/blogi.eoppimispalvelut.fi\/latu\/files\/2021\/04\/Ulapland_RGB_vaaka.png&#8221; alt=&#8221;Lapin yliopisto -logo, teksti &#8221;Lapin yliopisto University of Lapland&#8221;.&#8221; title_text=&#8221;Lapin yliopisto -logo&#8221; align=&#8221;center&#8221; _builder_version=&#8221;4.18.0&#8243; _module_preset=&#8221;default&#8221; global_colors_info=&#8221;{}&#8221;][\/et_pb_image][\/et_pb_column][et_pb_column type=&#8221;1_3&#8243; _builder_version=&#8221;4.16&#8243; _module_preset=&#8221;default&#8221; global_colors_info=&#8221;{}&#8221;][\/et_pb_column][\/et_pb_row][\/et_pb_section]<\/p>\n","protected":false},"excerpt":{"rendered":"<p>TULEVAISUUSTAAJUUS TY\u00d6PAJA, TALOUSMATEMATIIKKA\u00a0T\u00e4ss\u00e4 toteutuksessa ty\u00f6paja tehd\u00e4\u00e4n kolmella oppitunnilla. Keskusteluun ja teht\u00e4vien tekemiseen kannattaa varata oppitunneilta aikaa seuraavasti: 75min + 45min + 30min. Lukion opetussuunnitelman 2021 mukaan laaja-alainen osaaminen matematiikassa -opintojakso toteutetaan tutkimalla arkiel\u00e4m\u00e4n ja matematiikan v\u00e4lisi\u00e4 yhteyksi\u00e4, vahvistamalla opiskelijan kiinnostusta, itsetuntoa ja tiedonhankintaprosesseja, jotka tukevat omien tavoitteiden asettamisessa ja p\u00e4\u00e4t\u00f6ksenteossa. Tavoitteet: Opiskelija oppii suunnittelemaan ja [&hellip;]<\/p>\n","protected":false},"author":7199,"featured_media":0,"parent":0,"menu_order":0,"comment_status":"closed","ping_status":"closed","template":"","meta":{"_et_pb_use_builder":"on","_et_pb_old_content":"","_et_gb_content_width":"","footnotes":""},"class_list":["post-3332","page","type-page","status-publish","hentry"],"_links":{"self":[{"href":"https:\/\/blogi.eoppimispalvelut.fi\/latu\/wp-json\/wp\/v2\/pages\/3332","targetHints":{"allow":["GET"]}}],"collection":[{"href":"https:\/\/blogi.eoppimispalvelut.fi\/latu\/wp-json\/wp\/v2\/pages"}],"about":[{"href":"https:\/\/blogi.eoppimispalvelut.fi\/latu\/wp-json\/wp\/v2\/types\/page"}],"author":[{"embeddable":true,"href":"https:\/\/blogi.eoppimispalvelut.fi\/latu\/wp-json\/wp\/v2\/users\/7199"}],"replies":[{"embeddable":true,"href":"https:\/\/blogi.eoppimispalvelut.fi\/latu\/wp-json\/wp\/v2\/comments?post=3332"}],"version-history":[{"count":82,"href":"https:\/\/blogi.eoppimispalvelut.fi\/latu\/wp-json\/wp\/v2\/pages\/3332\/revisions"}],"predecessor-version":[{"id":4018,"href":"https:\/\/blogi.eoppimispalvelut.fi\/latu\/wp-json\/wp\/v2\/pages\/3332\/revisions\/4018"}],"wp:attachment":[{"href":"https:\/\/blogi.eoppimispalvelut.fi\/latu\/wp-json\/wp\/v2\/media?parent=3332"}],"curies":[{"name":"wp","href":"https:\/\/api.w.org\/{rel}","templated":true}]}}