{"id":3463,"date":"2022-11-15T10:35:28","date_gmt":"2022-11-15T08:35:28","guid":{"rendered":"https:\/\/blogi.eoppimispalvelut.fi\/latu\/?page_id=3463"},"modified":"2022-11-18T11:33:26","modified_gmt":"2022-11-18T09:33:26","slug":"ai-kasitteisto","status":"publish","type":"page","link":"https:\/\/blogi.eoppimispalvelut.fi\/latu\/ai-kasitteisto\/","title":{"rendered":"AI k\u00e4sitteist\u00f6"},"content":{"rendered":"<p>[et_pb_section fb_built=&#8221;1&#8243; _builder_version=&#8221;4.16&#8243; _module_preset=&#8221;default&#8221; custom_margin=&#8221;2px|30px|2px|30px|true|true&#8221; global_colors_info=&#8221;{}&#8221;][et_pb_row _builder_version=&#8221;4.16&#8243; _module_preset=&#8221;default&#8221; global_colors_info=&#8221;{}&#8221;][et_pb_column type=&#8221;4_4&#8243; _builder_version=&#8221;4.16&#8243; _module_preset=&#8221;default&#8221; global_colors_info=&#8221;{}&#8221;][et_pb_text _builder_version=&#8221;4.18.0&#8243; _module_preset=&#8221;default&#8221; global_colors_info=&#8221;{}&#8221;]<\/p>\n<p><a href=\"https:\/\/blogi.eoppimispalvelut.fi\/latu\/tulevaisuustaajuus-englanti-ja-aidinkieli\/\">&lt; Takaisin Tulevaisuustaajuus\/Futures frequency sivulle<\/a><\/p>\n<p>[\/et_pb_text][\/et_pb_column][\/et_pb_row][\/et_pb_section][et_pb_section fb_built=&#8221;1&#8243; admin_label=&#8221;2. Tiivistelma&#8221; module_id=&#8221;tiivistelma&#8221; _builder_version=&#8221;4.16&#8243; _module_preset=&#8221;default&#8221; custom_margin=&#8221;-5px|30px|-5px|30px|true|true&#8221; box_shadow_style=&#8221;preset1&#8243; global_colors_info=&#8221;{}&#8221;][et_pb_row custom_padding_last_edited=&#8221;on|phone&#8221; _builder_version=&#8221;4.16&#8243; _module_preset=&#8221;default&#8221; custom_margin=&#8221;||||false|false&#8221; custom_padding=&#8221;|300px|||false|false&#8221; custom_padding_tablet=&#8221;|0px|||false|false&#8221; custom_padding_phone=&#8221;&#8221; global_colors_info=&#8221;{}&#8221;][et_pb_column type=&#8221;4_4&#8243; _builder_version=&#8221;4.16&#8243; _module_preset=&#8221;default&#8221; global_colors_info=&#8221;{}&#8221;][et_pb_text admin_label=&#8221;otsikko&#8221; _builder_version=&#8221;4.18.0&#8243; _module_preset=&#8221;default&#8221; global_colors_info=&#8221;{}&#8221;]<\/p>\n<h2><strong>Tulevaisuustaajuus: dystopiaan ja utopiaan liittyvi\u00e4 k\u00e4sitteit\u00e4<\/strong><\/h2>\n<p>&nbsp;<\/p>\n<p>[\/et_pb_text][et_pb_divider color=&#8221;#e20d18&#8243; divider_weight=&#8221;6px&#8221; admin_label=&#8221;Otsikon alusviiva&#8221; _builder_version=&#8221;4.18.0&#8243; _module_preset=&#8221;default&#8221; width=&#8221;40px&#8221; module_alignment=&#8221;left&#8221; custom_margin=&#8221;-25px|0px||0px|false|false&#8221; custom_padding=&#8221;0px|||0px|false|false&#8221; global_module=&#8221;662&#8243; saved_tabs=&#8221;all&#8221; global_colors_info=&#8221;{}&#8221;][\/et_pb_divider][et_pb_text _builder_version=&#8221;4.18.0&#8243; _module_preset=&#8221;default&#8221; ol_font=&#8221;|700|||||||&#8221; ol_font_size=&#8221;18px&#8221; global_colors_info=&#8221;{}&#8221;]<\/p>\n<ol>&#8211;<\/ol>\n<p><em>\u201cViime vuosisatojen tieteen ja teknologian kehitys on johtanut siihen, ett\u00e4 ihmisell\u00e4 on k\u00e4yt\u00f6ss\u00e4\u00e4n teknologia, kuten ydinaseet, joiden avulla se pystyy tuhoamaan kaiken el\u00e4m\u00e4n maapallolta.\u201d<\/em> (Helena M\u00e4ntyniemi)<\/p>\n<p>&nbsp;<\/p>\n<p><strong>Dystopia<\/strong> = negatiivinen tulevaisuudenkuva, kauhukuva tulevaisuudesta, usein fiktiivinen <strong>&gt; dystooppinen<\/strong><\/p>\n<p><strong>Utopia<\/strong> = ihanneyhteiskunta tai ihanteellinen paikka, jota ei ole olemassa, haaveellinen suunnitelma, dystopian vastakohta\/vastavoima <strong>&gt; utopistinen, utooppinen<\/strong><\/p>\n<p><strong>Utopia-ajattelu<\/strong> = (tulevaisuudentutkimuksen n\u00e4kemys) tulevaisuudesta pyrit\u00e4\u00e4n tietoisesti rakentamaan erilaista ja parempaa kuin nykyisyys<\/p>\n<p><strong>Visio<\/strong> = (tulevaisuuden)kuva, n\u00e4kym\u00e4, hahmotelma, kuvitelma, n\u00e4kemys \/ n\u00e4ky, harhan\u00e4ky<\/p>\n<p>Voidaan puhua yleisesti kulttuurisesta mielikuvituksesta, yhteis\u00f6jen tuottamista tulevaisuuskuvista ja esimerkiksi niille tyypillisist\u00e4 odotuksista ja peloista.<\/p>\n<p><strong>L\u00e4hik\u00e4sitteit\u00e4:<\/strong><\/p>\n<p>&#8211; apokalypsi(s) = maailmanloppu &gt; apokalyptinen = maailman tuhoa kuvaava<br \/>&#8211; postapokalyptinen = maailmanlopun j\u00e4lkeinen \/ j\u00e4lkeiseen aikaan sijoittuva<br \/>&#8211; scifi (lyh. science fiction) = tieteisfiktio, kuvaa tyypillisesti tieteen ja teknologian vaikutusta maailmaan, usein dystooppisesti<br \/>&#8211; historiallinen empatia = kyky asettua menneisyyden ihmisten rooliin ja asemaan, ymm\u00e4rt\u00e4\u00e4 ihmisi\u00e4 heid\u00e4n el\u00e4m\u00e4ss\u00e4\u00e4n historiallisessa kontekstissa<br \/>&#8211; empaattinen mielikuvitus (ei vakiintunut k\u00e4site) = kyky asettua toisen ihmisen asemaan, voi olla hy\u00f6dyksi tulevaisuuden kuvittelussa<br \/>&#8211; antroposeeni = (joidenkin tutkijoiden mukaan) k\u00e4ynniss\u00e4 oleva geologinen epookki eli ajanjakso, jolle on ominaista ihmisen merkitt\u00e4v\u00e4 vaikutus maapallon geologiaan ja ekosysteemiin<\/p>\n<p><strong>Dystopian alalajeja:<\/strong><\/p>\n<p>&#8211; ekodystopia = dystopia maailmasta, jossa elinolot ovat heikentyneet erilaisten ymp\u00e4rist\u00f6ongelmien vuoksi <br \/>&#8211; kyberpunk = tieteiskirjallisuuden laji, jonka juonet sijoittuvat dystooppiseen l\u00e4hitulevaisuuteen, jossa ihminen ja kone ovat yhdistyneet, sekoittuneet &gt; kyborgi = fiktiivinen hahmo, joka on ihmisen ja koneen\/robotin yhdistelm\u00e4<br \/>&#8211; feministinen dystopia = dystopia, joka kuvaa yhteiskuntaa, jossa sukupuolten valtasuhteet ovat k\u00e4rjistyneet \u00e4\u00e4rimmilleen<br \/>&#8211; dystopiat autorit\u00e4\u00e4risesti johdetuista, totalitaristisista yhteiskunnista<\/p>\n<p><strong>Utopian alalajeja:<\/strong><\/p>\n<p>&#8211; poliittinen utopia<br \/>&#8211; paikallinen utopia<br \/>&#8211; ajallinen utopia<\/p>\n<ul><\/ul>\n<p>[\/et_pb_text][\/et_pb_column][\/et_pb_row][\/et_pb_section][et_pb_section fb_built=&#8221;1&#8243; _builder_version=&#8221;4.16&#8243; _module_preset=&#8221;default&#8221; custom_margin=&#8221;2px|30px|2px|30px|true|true&#8221; global_colors_info=&#8221;{}&#8221;][et_pb_row _builder_version=&#8221;4.16&#8243; _module_preset=&#8221;default&#8221; global_colors_info=&#8221;{}&#8221;][et_pb_column type=&#8221;4_4&#8243; _builder_version=&#8221;4.16&#8243; _module_preset=&#8221;default&#8221; global_colors_info=&#8221;{}&#8221;][et_pb_text _builder_version=&#8221;4.18.0&#8243; _module_preset=&#8221;default&#8221; global_colors_info=&#8221;{}&#8221;]<\/p>\n<p><a href=\"https:\/\/blogi.eoppimispalvelut.fi\/latu\/tulevaisuustaajuus-englanti-ja-aidinkieli\/\">&lt; Takaisin Tulevaisuustaajuus\/Futures frequency sivulle<\/a><\/p>\n<p>[\/et_pb_text][\/et_pb_column][\/et_pb_row][\/et_pb_section]<\/p>\n","protected":false},"excerpt":{"rendered":"<p>&lt; Takaisin Tulevaisuustaajuus\/Futures frequency sivulleTulevaisuustaajuus: dystopiaan ja utopiaan liittyvi\u00e4 k\u00e4sitteit\u00e4 &nbsp;&#8211; \u201cViime vuosisatojen tieteen ja teknologian kehitys on johtanut siihen, ett\u00e4 ihmisell\u00e4 on k\u00e4yt\u00f6ss\u00e4\u00e4n teknologia, kuten ydinaseet, joiden avulla se pystyy tuhoamaan kaiken el\u00e4m\u00e4n maapallolta.\u201d (Helena M\u00e4ntyniemi) &nbsp; Dystopia = negatiivinen tulevaisuudenkuva, kauhukuva tulevaisuudesta, usein fiktiivinen &gt; dystooppinen Utopia = ihanneyhteiskunta tai ihanteellinen paikka, jota [&hellip;]<\/p>\n","protected":false},"author":7199,"featured_media":0,"parent":0,"menu_order":0,"comment_status":"closed","ping_status":"closed","template":"","meta":{"_et_pb_use_builder":"on","_et_pb_old_content":"","_et_gb_content_width":"","footnotes":""},"class_list":["post-3463","page","type-page","status-publish","hentry"],"_links":{"self":[{"href":"https:\/\/blogi.eoppimispalvelut.fi\/latu\/wp-json\/wp\/v2\/pages\/3463","targetHints":{"allow":["GET"]}}],"collection":[{"href":"https:\/\/blogi.eoppimispalvelut.fi\/latu\/wp-json\/wp\/v2\/pages"}],"about":[{"href":"https:\/\/blogi.eoppimispalvelut.fi\/latu\/wp-json\/wp\/v2\/types\/page"}],"author":[{"embeddable":true,"href":"https:\/\/blogi.eoppimispalvelut.fi\/latu\/wp-json\/wp\/v2\/users\/7199"}],"replies":[{"embeddable":true,"href":"https:\/\/blogi.eoppimispalvelut.fi\/latu\/wp-json\/wp\/v2\/comments?post=3463"}],"version-history":[{"count":12,"href":"https:\/\/blogi.eoppimispalvelut.fi\/latu\/wp-json\/wp\/v2\/pages\/3463\/revisions"}],"predecessor-version":[{"id":3519,"href":"https:\/\/blogi.eoppimispalvelut.fi\/latu\/wp-json\/wp\/v2\/pages\/3463\/revisions\/3519"}],"wp:attachment":[{"href":"https:\/\/blogi.eoppimispalvelut.fi\/latu\/wp-json\/wp\/v2\/media?parent=3463"}],"curies":[{"name":"wp","href":"https:\/\/api.w.org\/{rel}","templated":true}]}}