{"id":3484,"date":"2022-11-15T11:11:38","date_gmt":"2022-11-15T09:11:38","guid":{"rendered":"https:\/\/blogi.eoppimispalvelut.fi\/latu\/?page_id=3484"},"modified":"2022-11-15T11:53:19","modified_gmt":"2022-11-15T09:53:19","slug":"tulevaisuustaajuus-utopian-ja-dystopian-piirteet","status":"publish","type":"page","link":"https:\/\/blogi.eoppimispalvelut.fi\/latu\/tulevaisuustaajuus-utopian-ja-dystopian-piirteet\/","title":{"rendered":"AI &#8211; utopian ja dystopian piirteet"},"content":{"rendered":"<p>[et_pb_section fb_built=&#8221;1&#8243; _builder_version=&#8221;4.16&#8243; _module_preset=&#8221;default&#8221; custom_margin=&#8221;2px|30px|2px|30px|true|true&#8221; global_colors_info=&#8221;{}&#8221;][et_pb_row _builder_version=&#8221;4.16&#8243; _module_preset=&#8221;default&#8221; global_colors_info=&#8221;{}&#8221;][et_pb_column type=&#8221;4_4&#8243; _builder_version=&#8221;4.16&#8243; _module_preset=&#8221;default&#8221; global_colors_info=&#8221;{}&#8221;][et_pb_text _builder_version=&#8221;4.18.0&#8243; _module_preset=&#8221;default&#8221; global_colors_info=&#8221;{}&#8221;]<\/p>\n<p><a href=\"https:\/\/blogi.eoppimispalvelut.fi\/latu\/tulevaisuustaajuus-englanti-ja-aidinkieli\/\">&lt; Takaisin Tulevaisuustaajuus\/Futures frequency sivulle<\/a><\/p>\n<p>[\/et_pb_text][\/et_pb_column][\/et_pb_row][\/et_pb_section][et_pb_section fb_built=&#8221;1&#8243; admin_label=&#8221;2. Tiivistelma&#8221; module_id=&#8221;tiivistelma&#8221; _builder_version=&#8221;4.16&#8243; _module_preset=&#8221;default&#8221; custom_margin=&#8221;-5px|30px|-5px|30px|true|true&#8221; box_shadow_style=&#8221;preset1&#8243; global_colors_info=&#8221;{}&#8221;][et_pb_row custom_padding_last_edited=&#8221;on|phone&#8221; _builder_version=&#8221;4.16&#8243; _module_preset=&#8221;default&#8221; custom_margin=&#8221;||||false|false&#8221; custom_padding=&#8221;|300px|||false|false&#8221; custom_padding_tablet=&#8221;|0px|||false|false&#8221; custom_padding_phone=&#8221;&#8221; global_colors_info=&#8221;{}&#8221;][et_pb_column type=&#8221;4_4&#8243; _builder_version=&#8221;4.16&#8243; _module_preset=&#8221;default&#8221; global_colors_info=&#8221;{}&#8221;][et_pb_text admin_label=&#8221;otsikko&#8221; _builder_version=&#8221;4.18.0&#8243; _module_preset=&#8221;default&#8221; global_colors_info=&#8221;{}&#8221;]<\/p>\n<h2><strong>Tulevaisuustaajuus: utopian ja dystopian piirteet<\/strong><\/h2>\n<p>&nbsp;<\/p>\n<p>[\/et_pb_text][et_pb_divider color=&#8221;#e20d18&#8243; divider_weight=&#8221;6px&#8221; admin_label=&#8221;Otsikon alusviiva&#8221; _builder_version=&#8221;4.18.0&#8243; _module_preset=&#8221;default&#8221; width=&#8221;40px&#8221; module_alignment=&#8221;left&#8221; custom_margin=&#8221;-25px|0px||0px|false|false&#8221; custom_padding=&#8221;0px|||0px|false|false&#8221; global_module=&#8221;662&#8243; saved_tabs=&#8221;all&#8221; global_colors_info=&#8221;{}&#8221;][\/et_pb_divider][et_pb_text _builder_version=&#8221;4.18.0&#8243; _module_preset=&#8221;default&#8221; ol_font=&#8221;|700|||||||&#8221; ol_font_size=&#8221;18px&#8221; global_colors_info=&#8221;{}&#8221;]<\/p>\n<ol><\/ol>\n<p><em><\/em><\/p>\n<p><em>\u201cToisaalta dystopioihin kuuluu usein my\u00f6s h\u00e4iv\u00e4hdys toivoa &#8211; &#8211; dystopia sis\u00e4lt\u00e4\u00e4 siis my\u00f6s utopian siemenen.\u201d<\/em> (Anni Hyypi\u00f6)<\/p>\n<p>Utopia ja dystopia ovat toisaalta vastakohtia toisilleen, toisaalta joskus l\u00e4hell\u00e4 toisiaan. Utopioita on kirjoitettu 1500-luvulta asti, ja ensimm\u00e4iset visiot tulevasta kultakaudesta kirjoitettiin jo antiikissa. Dystopia on paljon nuorempi laji. Sit\u00e4 on kirjoitettu 1890-luvulta alkaen. Nyky\u00e4\u00e4n dystopiat ovat suosittuja, mik\u00e4 heijastaa nykymaailman tilaa.<\/p>\n<p>Jo Raamattu tarinoineen tarjoaa myyttisi\u00e4 esimerkkej\u00e4 utopioista ja dystopioista: Vanhan Testamentin Paratiisi on menetetty utopia. Tarina vedenpaisumuksesta ja Nooan arkista taas sis\u00e4lt\u00e4\u00e4 paitsi luonnonkatastrofiin ja Jumalan rangaistukseen perustuvan dystopian my\u00f6s utopian siit\u00e4, ett\u00e4 ihminen aloittaa alusta, synnitt\u00f6m\u00e4n\u00e4.<\/p>\n<p>Jo antiikissa tunnettiin myytti Atlantiksen saarivaltiosta, jossa vallitsi onni ja ylt\u00e4kyll\u00e4isyys. Atlantiksen ajatellaan uponneen, ja siit\u00e4 onkin tullut loputtomien etsint\u00f6jen kohde. Etel\u00e4amerikkalaisessa kulttuurissa vastaava kadonnut paratiisimainen paikka on kultainen kaupunki Eldorado.<\/p>\n<p>&nbsp;<\/p>\n<p><strong>Dystopia genren\u00e4<\/strong><\/p>\n<p><strong><\/strong><\/p>\n<p>&#8211; Dystopiagenre\u00e4 edustavat teokset osoittavat, mihin t\u00e4m\u00e4n p\u00e4iv\u00e4n ongelmat tai kehitys voivat pahimmillaan johtaa. Ne kuvaavat tulevaisuutta, jossa nykyiset kehityslinjat ovat k\u00e4rjistyneet.<\/p>\n<p>&#8211; Dystopiat ovat usein satiirisia, kriittisi\u00e4 teoksia: iva ja kritiikki voi kohdistua esimerkiksi yhteiskuntaan ja vallan jakautumiseen.<\/p>\n<p>&#8211; Viime vuosisadalla kirjoitettiin paljon sittemmin klassikoiksi muodostuneita dystopioita. Ne ilmensiv\u00e4t esimerkiksi II maailmansodan tuottamaa k\u00e4sityst\u00e4 maailmasta ja ihmisest\u00e4. Klassikkodystopiat puhuttelevat ihmisi\u00e4 ajasta toiseen.<\/p>\n<p>&#8211; Nykydystopioissa uhat liittyv\u00e4t esimerkiksi ihmisen ja luonnon suhteeseen, viruksiin,\u00a0 \u00a0 \u00a0 \u00a0 kilpailuyhteiskuntaan, totalitarismiin, teknologiaan ja geenitutkimukseen.<\/p>\n<p>&nbsp;<\/p>\n<p><strong>Dystopialle tyypillisi\u00e4 piirteit\u00e4:<\/strong><\/p>\n<p><strong><\/strong><\/p>\n<p>&#8211; Tunteisiin vetoavuus: ep\u00e4oikeudenmukaiset asetelmat tai tuhokuvat voivat her\u00e4tt\u00e4\u00e4 lukijassa esimerkiksi my\u00f6t\u00e4tuntoa, vihaa tai ahdistusta.<\/p>\n<p>&#8211; Milj\u00f6\u00f6n korostuminen: Tapahtuma-aika on tulevaisuudessa, usein t\u00e4smentym\u00e4tt\u00f6m\u00e4ss\u00e4. Elet\u00e4\u00e4n perustavanlaatuisen muutoksen j\u00e4lkeist\u00e4 aikaa. Yhteiskuntaa sellaisena kuin sen tunnemme, ei en\u00e4\u00e4 ole. Yksityiskohdat kuvaavat muutoksia esimerkiksi luonnossa, ihmisiss\u00e4, elintavoissa ja arvoissa.<\/p>\n<p>&#8211; P\u00e4\u00e4henkil\u00f6n\u00e4 sankarityyppi, selviytyj\u00e4, kapinallinen: Protagonistin harteilla on usein yhteis\u00f6n pelastaminen. P\u00e4\u00e4henkil\u00f6t tai -henkil\u00f6t eiv\u00e4t v\u00e4ltt\u00e4m\u00e4tt\u00e4 ole psykologisesti kovin syv\u00e4llisesti kuvattuja. Nykydystopiassa p\u00e4\u00e4henkil\u00f6 on usein lapsi tai nuori, mik\u00e4 voi heijastella my\u00f6s nuoreen sukupolveen ladattuja toiveita maailman pelastamisesta.<\/p>\n<p>&#8211; Tyypillist\u00e4 vastakkainasettelut ja vihollisasetelmat: hyv\u00e4 ja paha ovat vastakkain, usein mustavalkoisesti.<\/p>\n<p>&#8211; Keskeist\u00e4 on maailmassa tapahtunut muutos, sen aiheuttama usein vaikea, ristiriitainen tai ep\u00e4oikeudenmukainen tilanne. Mist\u00e4 muutos johtuu, ja mihin se on johtanut?<\/p>\n<p>&#8211; Dramaattiset elementit ja juonen rakentuminen draaman kaaren avulla ovat tyypillisi\u00e4 piirteit\u00e4.<\/p>\n<p>&#8211; Konflikti ja sen aiheuttamat j\u00e4nnitteet n\u00e4kyv\u00e4t vahvasti.<\/p>\n<p>&#8211; Vapaus on usein t\u00e4rke\u00e4 teema.<\/p>\n<p>&#8211; Usein selviytymistarina tai sankaritarina.<\/p>\n<p>&#8211; Tarinan lopetuksella on erityisen suuri paino, koska se voi ennustaa tulevaisuutta. Lopetus voi olla synkk\u00e4 tai j\u00e4tt\u00e4\u00e4 lukijalle toivoa.<\/p>\n<p>&#8211; Kantaaottavuus: teokset nostavat usein esille jonkin maailmaan, yhteiskuntaan tai ihmiseen liittyv\u00e4n ongelman.<\/p>\n<p>&nbsp;<\/p>\n<p><strong>Utopia genren\u00e4<\/strong><\/p>\n<p><strong><\/strong><\/p>\n<p>&#8211; Utopia luo haavekuvan, mahdottoman p\u00e4\u00e4m\u00e4\u00e4r\u00e4n, unelman ihanneyhteiskunnasta.<\/p>\n<p>&#8211; Utopia ei kuitenkaan v\u00e4ltt\u00e4m\u00e4tt\u00e4 edusta t\u00e4ydellisyytt\u00e4, vaan radikaaleja vaihtoehtoja.<\/p>\n<p>&#8211; Utopian avulla voi kyseenalaistaa vallitsevat olosuhteet ja suhtautua kriittisesti yhteiskuntaan. Siten utopian voi n\u00e4hd\u00e4 yhteiskuntaa eteenp\u00e4in viev\u00e4n\u00e4 voimana.<\/p>\n<p>&nbsp;<\/p>\n<p><strong>Utopialle tyypillisi\u00e4 piirteit\u00e4:<\/strong><\/p>\n<p><strong><\/strong><\/p>\n<p>&#8211; Milj\u00f6\u00f6 korostuu my\u00f6s utopiassa. Elet\u00e4\u00e4n tulevaisuudessa tai menneisyydess\u00e4, jossakin tietyss\u00e4 paikassa. Maailma on jollakin tavalla parempi kuin nykyisin.<\/p>\n<p>&#8211; Utopiat ovat staattisia ja pysyvi\u00e4: haaveelliseen ja harmoniseen olotilaan ei liity suurta dramatiikkaa tai konflikteja.<\/p>\n<p>&#8211; P\u00e4\u00e4henkil\u00f6 usein eksynyt matkalainen, joka l\u00f6yt\u00e4\u00e4 utopistisen yhteis\u00f6n tai yhteiskunnan.<\/p>\n<p><em>\u201cLis\u00e4ksi utopian avulla on mahdollista luoda vastak\u00e4yt\u00e4nteit\u00e4, joiden avulla on tarkoitus k\u00e4\u00e4nt\u00e4\u00e4 yhteiskunnalliset k\u00e4yt\u00e4nteet ja logiikka eri asentoon tai suuntaan &#8211; &#8211; esimerkki nykyajan vastak\u00e4yt\u00e4nteist\u00e4 ovat ekokyl\u00e4t, joiden asukkaat ovat vet\u00e4ytyneet pois kapitalistisesta modernistisesta yhteiskunnasta.\u201d<\/em> (Helena M\u00e4ntyniemi)<\/p>\n<p>[\/et_pb_text][\/et_pb_column][\/et_pb_row][\/et_pb_section][et_pb_section fb_built=&#8221;1&#8243; _builder_version=&#8221;4.16&#8243; _module_preset=&#8221;default&#8221; custom_margin=&#8221;2px|30px|2px|30px|true|true&#8221; global_colors_info=&#8221;{}&#8221;][et_pb_row _builder_version=&#8221;4.16&#8243; _module_preset=&#8221;default&#8221; global_colors_info=&#8221;{}&#8221;][et_pb_column type=&#8221;4_4&#8243; _builder_version=&#8221;4.16&#8243; _module_preset=&#8221;default&#8221; global_colors_info=&#8221;{}&#8221;][et_pb_text _builder_version=&#8221;4.18.0&#8243; _module_preset=&#8221;default&#8221; global_colors_info=&#8221;{}&#8221;]<\/p>\n<p><a href=\"https:\/\/blogi.eoppimispalvelut.fi\/latu\/tulevaisuustaajuus-englanti-ja-aidinkieli\/\">&lt; Takaisin Tulevaisuustaajuus\/Futures frequency sivulle<\/a><\/p>\n<p>[\/et_pb_text][\/et_pb_column][\/et_pb_row][\/et_pb_section]<\/p>\n","protected":false},"excerpt":{"rendered":"<p>&lt; Takaisin Tulevaisuustaajuus\/Futures frequency sivulleTulevaisuustaajuus: utopian ja dystopian piirteet &nbsp; \u201cToisaalta dystopioihin kuuluu usein my\u00f6s h\u00e4iv\u00e4hdys toivoa &#8211; &#8211; dystopia sis\u00e4lt\u00e4\u00e4 siis my\u00f6s utopian siemenen.\u201d (Anni Hyypi\u00f6) Utopia ja dystopia ovat toisaalta vastakohtia toisilleen, toisaalta joskus l\u00e4hell\u00e4 toisiaan. Utopioita on kirjoitettu 1500-luvulta asti, ja ensimm\u00e4iset visiot tulevasta kultakaudesta kirjoitettiin jo antiikissa. Dystopia on paljon nuorempi [&hellip;]<\/p>\n","protected":false},"author":7199,"featured_media":0,"parent":0,"menu_order":0,"comment_status":"closed","ping_status":"closed","template":"","meta":{"_et_pb_use_builder":"on","_et_pb_old_content":"","_et_gb_content_width":"","footnotes":""},"class_list":["post-3484","page","type-page","status-publish","hentry"],"_links":{"self":[{"href":"https:\/\/blogi.eoppimispalvelut.fi\/latu\/wp-json\/wp\/v2\/pages\/3484","targetHints":{"allow":["GET"]}}],"collection":[{"href":"https:\/\/blogi.eoppimispalvelut.fi\/latu\/wp-json\/wp\/v2\/pages"}],"about":[{"href":"https:\/\/blogi.eoppimispalvelut.fi\/latu\/wp-json\/wp\/v2\/types\/page"}],"author":[{"embeddable":true,"href":"https:\/\/blogi.eoppimispalvelut.fi\/latu\/wp-json\/wp\/v2\/users\/7199"}],"replies":[{"embeddable":true,"href":"https:\/\/blogi.eoppimispalvelut.fi\/latu\/wp-json\/wp\/v2\/comments?post=3484"}],"version-history":[{"count":10,"href":"https:\/\/blogi.eoppimispalvelut.fi\/latu\/wp-json\/wp\/v2\/pages\/3484\/revisions"}],"predecessor-version":[{"id":3501,"href":"https:\/\/blogi.eoppimispalvelut.fi\/latu\/wp-json\/wp\/v2\/pages\/3484\/revisions\/3501"}],"wp:attachment":[{"href":"https:\/\/blogi.eoppimispalvelut.fi\/latu\/wp-json\/wp\/v2\/media?parent=3484"}],"curies":[{"name":"wp","href":"https:\/\/api.w.org\/{rel}","templated":true}]}}